{"id":2402,"date":"2021-02-25T16:20:44","date_gmt":"2021-02-25T16:20:44","guid":{"rendered":"https:\/\/itistimefor.mk\/?page_id=2402"},"modified":"2021-03-29T18:20:20","modified_gmt":"2021-03-29T18:20:20","slug":"digitalni-zbirki","status":"publish","type":"page","link":"https:\/\/arhiv.mk\/sq\/digitalni-zbirki\/","title":{"rendered":"P\u00cbRMBLEDHJE DIGJITALE"},"content":{"rendered":"<div data-elementor-type=\"wp-page\" data-elementor-id=\"2402\" class=\"elementor elementor-2402\" data-elementor-post-type=\"page\">\n\t\t\t\t\t\t<section class=\"elementor-section elementor-top-section elementor-element elementor-element-755ec60 elementor-section-boxed elementor-section-height-default elementor-section-height-default\" data-id=\"755ec60\" data-element_type=\"section\">\n\t\t\t\t\t\t<div class=\"elementor-container elementor-column-gap-default\">\n\t\t\t\t\t<div class=\"elementor-column elementor-col-100 elementor-top-column elementor-element elementor-element-fc3e76d\" data-id=\"fc3e76d\" data-element_type=\"column\">\n\t\t\t<div class=\"elementor-widget-wrap elementor-element-populated\">\n\t\t\t\t\t\t<div class=\"elementor-element elementor-element-8f0023a elementor-widget elementor-widget-heading\" data-id=\"8f0023a\" data-element_type=\"widget\" data-widget_type=\"heading.default\">\n\t\t\t\t<div class=\"elementor-widget-container\">\n\t\t\t\t\t<h1 class=\"elementor-heading-title elementor-size-default\">P\u00cbRMBLEDHJE DIGJITALE<\/h1>\t\t\t\t<\/div>\n\t\t\t\t<\/div>\n\t\t\t\t<section class=\"elementor-section elementor-inner-section elementor-element elementor-element-8ba3c8c elementor-section-full_width elementor-section-height-default elementor-section-height-default\" data-id=\"8ba3c8c\" data-element_type=\"section\">\n\t\t\t\t\t\t<div class=\"elementor-container elementor-column-gap-default\">\n\t\t\t\t\t<div class=\"elementor-column elementor-col-100 elementor-inner-column elementor-element elementor-element-0d78b5f\" data-id=\"0d78b5f\" data-element_type=\"column\">\n\t\t\t<div class=\"elementor-widget-wrap elementor-element-populated\">\n\t\t\t\t\t\t<div class=\"elementor-element elementor-element-7dd6263 elementor-widget elementor-widget-heading\" data-id=\"7dd6263\" data-element_type=\"widget\" data-widget_type=\"heading.default\">\n\t\t\t\t<div class=\"elementor-widget-container\">\n\t\t\t\t\t<h2 class=\"elementor-heading-title elementor-size-default\">Fermane<\/h2>\t\t\t\t<\/div>\n\t\t\t\t<\/div>\n\t\t\t\t<div class=\"elementor-element elementor-element-a76e195 elementor-widget elementor-widget-text-editor\" data-id=\"a76e195\" data-element_type=\"widget\" data-widget_type=\"text-editor.default\">\n\t\t\t\t<div class=\"elementor-widget-container\">\n\t\t\t\t\t\t\t\t\t<p>Periudha Osmane ishte nj\u00eb pro\u00e7es i vazhduesh\u00ebm dhe kompleks p\u00ebr t\u00eb gjith\u00eb Gadishullin Ballkanik, i cili filloi n\u00eb fund t\u00eb shekullit XIV dhe p\u00ebrfundoi n\u00eb fillim t\u00eb shekullit XX. Udh\u00ebheqja e gjat\u00eb osmane diktoi dhe formoi historin\u00eb e rajonit gjat\u00eb disa shekujve. N\u00eb t\u00eb nj\u00ebjt\u00ebn koh\u00eb, tradita osmane ka l\u00ebn\u00eb nj\u00eb trash\u00ebgimi t\u00eb madhe dhe t\u00eb pasur n\u00eb shum\u00eb fusha t\u00eb jet\u00ebs, ve\u00e7an\u00ebrisht n\u00eb sfer\u00ebn kulturore, socio-ekonomike dhe demografike. Gjeneratat e historian\u00ebve, arkitekt\u00ebve, historian\u00ebt e artit, shkrimtar\u00ebt dhe intelektual\u00ebt t\u00eb tjer\u00eb e studiojn\u00eb k\u00ebt\u00eb trash\u00ebgimi si nj\u00eb vazhdim\u00ebsi historike e s\u00eb kaluar\u00ebs. Nj\u00eb nga segmentet m\u00eb t\u00eb r\u00ebnd\u00ebsishme t\u00eb trash\u00ebgimis\u00eb osmane n\u00eb Maqedoni \u00ebsht\u00eb trash\u00ebgimia n\u00eb fush\u00ebn e materialit arkivor.  Arkivi Shtet\u00ebror i Republik\u00ebs s\u00eb Maqedonis\u00eb s\u00eb Veriut ka nj\u00eb nga p\u00ebrmbledhjet m\u00eb t\u00eb pasura t\u00eb dokumenteve origjinale osmane n\u00eb Ballkan, me r\u00ebnd\u00ebsi par\u00ebsore.<\/p><p>P\u00ebrmbledhja p\u00ebrfshin 80 fermane - urdh\u00ebrat e Sulltanit n\u00eb periudh\u00ebn nga 1056 deri n\u00eb vitin 1332 (1646\/1859).<\/p><p><a href=\"https:\/\/arhiv.mk\/sq\/fermani\/\"><strong>Linku deri tek p\u00ebrmbledhja.<\/strong><\/a><\/p>\t\t\t\t\t\t\t\t<\/div>\n\t\t\t\t<\/div>\n\t\t\t\t\t<\/div>\n\t\t<\/div>\n\t\t\t\t\t<\/div>\n\t\t<\/section>\n\t\t\t\t<section class=\"elementor-section elementor-inner-section elementor-element elementor-element-b1cc5ff elementor-section-full_width elementor-section-height-default elementor-section-height-default\" data-id=\"b1cc5ff\" data-element_type=\"section\">\n\t\t\t\t\t\t<div class=\"elementor-container elementor-column-gap-default\">\n\t\t\t\t\t<div class=\"elementor-column elementor-col-100 elementor-inner-column elementor-element elementor-element-f52d3ec\" data-id=\"f52d3ec\" data-element_type=\"column\">\n\t\t\t<div class=\"elementor-widget-wrap elementor-element-populated\">\n\t\t\t\t\t\t<div class=\"elementor-element elementor-element-5d518cc elementor-widget elementor-widget-heading\" data-id=\"5d518cc\" data-element_type=\"widget\" data-widget_type=\"heading.default\">\n\t\t\t\t<div class=\"elementor-widget-container\">\n\t\t\t\t\t<h2 class=\"elementor-heading-title elementor-size-default\">P\u00ebrmb\u00ebledhje apokrifesh<\/h2>\t\t\t\t<\/div>\n\t\t\t\t<\/div>\n\t\t\t\t<div class=\"elementor-element elementor-element-3e0d4bc elementor-widget elementor-widget-text-editor\" data-id=\"3e0d4bc\" data-element_type=\"widget\" data-widget_type=\"text-editor.default\">\n\t\t\t\t<div class=\"elementor-widget-container\">\n\t\t\t\t\t\t\t\t\t<p>N\u00eb Arkivin Shtet\u00ebror t\u00eb Republik\u00ebs s\u00eb Maqedonsi\u00eb s\u00eb Veriut ekziston nj\u00eb dor\u00ebshkrim shum\u00eb interesant dhe i vjet\u00ebr i pabotuar -  p\u00ebrmb\u00ebledhje apokrifesh, n\u00eb t\u00eb cilin p\u00ebrfaq\u00ebsohet p\u00ebrb\u00ebrja apokrfie e Afrodit\u00ebs Persiane.<\/p><p>Teksti jep historin\u00eb apokrifike t\u00eb mrekullis\u00eb n\u00eb Persi dhe t\u00eb lindjes s\u00eb Jezu Krishtit, baza e s\u00eb cil\u00ebs \u00ebsht\u00eb tregimi biblik i lindjes s\u00eb Shpetimtarit.<\/p><p>Apokrifit\u00eb e lindjes s\u00eb Krishtit me t\u00eb gjitha momentet shoq\u00ebruese ka qen\u00eb lart\u00ebsia e preferuar e njer\u00ebzve p\u00ebr shum\u00eb shekuj, deri n\u00eb shekullin XIX. P\u00ebr t\u00eb flasin shum\u00eb epizode dhe motive q\u00eb kan\u00eb kaluar nga apokrif\u00ebt n\u00eb artin popullor t\u00eb t\u00eb gjith\u00eb popujve sllav\u00eb.<\/p><p><a href=\"https:\/\/arhiv.mk\/sq\/listovi\/\" rel=\"noopener\"><strong>Linku deri tek p\u00ebrmbledhja<\/strong><\/a><\/p>\t\t\t\t\t\t\t\t<\/div>\n\t\t\t\t<\/div>\n\t\t\t\t\t<\/div>\n\t\t<\/div>\n\t\t\t\t\t<\/div>\n\t\t<\/section>\n\t\t\t\t<section class=\"elementor-section elementor-inner-section elementor-element elementor-element-454cdc6 elementor-section-full_width elementor-section-height-default elementor-section-height-default\" data-id=\"454cdc6\" data-element_type=\"section\">\n\t\t\t\t\t\t<div class=\"elementor-container elementor-column-gap-default\">\n\t\t\t\t\t<div class=\"elementor-column elementor-col-100 elementor-inner-column elementor-element elementor-element-1f4cfa2\" data-id=\"1f4cfa2\" data-element_type=\"column\">\n\t\t\t<div class=\"elementor-widget-wrap elementor-element-populated\">\n\t\t\t\t\t\t<div class=\"elementor-element elementor-element-667b543 elementor-widget elementor-widget-heading\" data-id=\"667b543\" data-element_type=\"widget\" data-widget_type=\"heading.default\">\n\t\t\t\t<div class=\"elementor-widget-container\">\n\t\t\t\t\t<h2 class=\"elementor-heading-title elementor-size-default\">E drejta e p\u00ebrdorimit<\/h2>\t\t\t\t<\/div>\n\t\t\t\t<\/div>\n\t\t\t\t<div class=\"elementor-element elementor-element-5577c97 elementor-widget elementor-widget-text-editor\" data-id=\"5577c97\" data-element_type=\"widget\" data-widget_type=\"text-editor.default\">\n\t\t\t\t<div class=\"elementor-widget-container\">\n\t\t\t\t\t\t\t\t\t<p><em>Riprodhimi i materialeve arkivore nuk lejohet pa leje nga Arkivi Shtet\u00ebror i Republik\u00ebs s\u00eb Maqedonis\u00eb, p\u00ebrve\u00e7 n\u00eb rast t\u00eb p\u00ebrdorimit personal.<\/em><\/p>\t\t\t\t\t\t\t\t<\/div>\n\t\t\t\t<\/div>\n\t\t\t\t<div class=\"elementor-element elementor-element-6a6b267 elementor-widget elementor-widget-image\" data-id=\"6a6b267\" data-element_type=\"widget\" data-widget_type=\"image.default\">\n\t\t\t\t<div class=\"elementor-widget-container\">\n\t\t\t\t\t\t\t\t\t\t\t\t\t\t\t<img decoding=\"async\" width=\"149\" height=\"211\" src=\"https:\/\/arhiv.mk\/wp-content\/uploads\/2021\/02\/voden_zig1.png\" class=\"attachment-large size-large wp-image-2451\" alt=\"\" srcset=\"https:\/\/arhiv.mk\/wp-content\/uploads\/2021\/02\/voden_zig1.png 149w, https:\/\/arhiv.mk\/wp-content\/uploads\/2021\/02\/voden_zig1-8x12.png 8w\" sizes=\"(max-width: 149px) 100vw, 149px\">\t\t\t\t\t\t\t\t\t\t\t\t\t\t\t<\/div>\n\t\t\t\t<\/div>\n\t\t\t\t\t<\/div>\n\t\t<\/div>\n\t\t\t\t\t<\/div>\n\t\t<\/section>\n\t\t\t\t\t<\/div>\n\t\t<\/div>\n\t\t\t\t\t<\/div>\n\t\t<\/section>\n\t\t\t\t<\/div>","protected":false},"excerpt":{"rendered":"<p>\u0414\u0438\u0433\u0438\u0442\u0430\u043b\u043d\u0438 \u0417\u0431\u0438\u0440\u043a\u0438 \u0424\u0435\u0440\u043c\u0430\u043d\u0438 \u041e\u0441\u043c\u0430\u043d\u043b\u0438\u0441\u043a\u0438\u043e\u0442 \u043f\u0435\u0440\u0438\u043e\u0434 \u0431\u0435\u0448\u0435 \u043a\u043e\u043d\u0442\u0438\u043d\u0443\u0438\u0440\u0430\u043d \u0438 \u043a\u043e\u043c\u043f\u043b\u0435\u043a\u0441\u0435\u043d \u043f\u0440\u043e\u0446\u0435\u0441 \u0437\u0430 \u0446\u0435\u043b\u0438\u043e\u0442 \u0411\u0430\u043b\u043a\u0430\u043d\u0441\u043a\u0438 \u041f\u043e\u043b\u0443\u043e\u0441\u0442\u0440\u043e\u0432, \u043a\u043e\u0458 \u043f\u043e\u0447\u043d\u0430 \u043a\u043e\u043d \u043a\u0440\u0430\u0458\u043e\u0442 \u043d\u0430 XIV, \u0430 \u0437\u0430\u0432\u0440\u0448\u0438 \u0432\u043e \u043f\u043e\u0447\u0435\u0442\u043e\u043a\u043e\u0442 \u043d\u0430 XX \u0432\u0435\u043a. \u0414\u043e\u043b\u0433\u043e\u0432\u0435\u043a\u043e\u0432\u043d\u043e\u0442\u043e \u043e\u0441\u043c\u0430\u043d\u043b\u0438\u0441\u043a\u043e \u0432\u043b\u0430\u0434\u0435\u0435\u045a\u0435 \u0458\u0430 \u0434\u0438\u043a\u0442\u0438\u0440\u0430\u0448\u0435 \u0438 \u0458\u0430 \u043e\u0444\u043e\u0440\u043c\u0443\u0432\u0430\u0448\u0435 \u0438\u0441\u0442\u043e\u0440\u0438\u0458\u0430\u0442\u0430 \u043d\u0430 \u0440\u0435\u0433\u0438\u043e\u043d\u043e\u0442 \u0432\u043e \u0442\u0435\u043a\u043e\u0442 \u043d\u0430 \u043d\u0435\u043a\u043e\u043b\u043a\u0443 \u0432\u0435\u043a\u043e\u0432\u0438. \u041f\u0440\u0438\u0442\u043e\u0430, \u043e\u0441\u043c\u0430\u043d\u043b\u0438\u0441\u043a\u0430\u0442\u0430 \u0442\u0440\u0430\u0434\u0438\u0446\u0438\u0458\u0430 \u043e\u0441\u0442\u0430\u0432\u0438 \u043e\u0433\u0440\u043e\u043c\u043d\u043e \u0438 \u0431\u043e\u0433\u0430\u0442\u043e \u043d\u0430\u0441\u043b\u0435\u0434\u0441\u0442\u0432\u043e \u0432\u043e \u043f\u043e\u0432\u0435\u045c\u0435 \u0441\u0444\u0435\u0440\u0438 \u043e\u0434 [&hellip;]<\/p>","protected":false},"author":2,"featured_media":0,"parent":0,"menu_order":0,"comment_status":"closed","ping_status":"closed","template":"","meta":{"site-sidebar-layout":"no-sidebar","site-content-layout":"page-builder","ast-site-content-layout":"","site-content-style":"default","site-sidebar-style":"default","ast-global-header-display":"","ast-banner-title-visibility":"","ast-main-header-display":"","ast-hfb-above-header-display":"","ast-hfb-below-header-display":"","ast-hfb-mobile-header-display":"","site-post-title":"disabled","ast-breadcrumbs-content":"","ast-featured-img":"disabled","footer-sml-layout":"","theme-transparent-header-meta":"default","adv-header-id-meta":"","stick-header-meta":"","header-above-stick-meta":"","header-main-stick-meta":"","header-below-stick-meta":"","astra-migrate-meta-layouts":"default","ast-page-background-enabled":"default","ast-page-background-meta":{"desktop":{"background-color":"","background-image":"","background-repeat":"repeat","background-position":"center center","background-size":"auto","background-attachment":"scroll","background-type":"","background-media":"","overlay-type":"","overlay-color":"","overlay-opacity":"","overlay-gradient":""},"tablet":{"background-color":"","background-image":"","background-repeat":"repeat","background-position":"center center","background-size":"auto","background-attachment":"scroll","background-type":"","background-media":"","overlay-type":"","overlay-color":"","overlay-opacity":"","overlay-gradient":""},"mobile":{"background-color":"","background-image":"","background-repeat":"repeat","background-position":"center center","background-size":"auto","background-attachment":"scroll","background-type":"","background-media":"","overlay-type":"","overlay-color":"","overlay-opacity":"","overlay-gradient":""}},"ast-content-background-meta":{"desktop":{"background-color":"var(--ast-global-color-5)","background-image":"","background-repeat":"repeat","background-position":"center center","background-size":"auto","background-attachment":"scroll","background-type":"","background-media":"","overlay-type":"","overlay-color":"","overlay-opacity":"","overlay-gradient":""},"tablet":{"background-color":"var(--ast-global-color-5)","background-image":"","background-repeat":"repeat","background-position":"center center","background-size":"auto","background-attachment":"scroll","background-type":"","background-media":"","overlay-type":"","overlay-color":"","overlay-opacity":"","overlay-gradient":""},"mobile":{"background-color":"var(--ast-global-color-5)","background-image":"","background-repeat":"repeat","background-position":"center center","background-size":"auto","background-attachment":"scroll","background-type":"","background-media":"","overlay-type":"","overlay-color":"","overlay-opacity":"","overlay-gradient":""}},"footnotes":""},"class_list":["post-2402","page","type-page","status-publish","hentry"],"_links":{"self":[{"href":"https:\/\/arhiv.mk\/sq\/wp-json\/wp\/v2\/pages\/2402","targetHints":{"allow":["GET"]}}],"collection":[{"href":"https:\/\/arhiv.mk\/sq\/wp-json\/wp\/v2\/pages"}],"about":[{"href":"https:\/\/arhiv.mk\/sq\/wp-json\/wp\/v2\/types\/page"}],"author":[{"embeddable":true,"href":"https:\/\/arhiv.mk\/sq\/wp-json\/wp\/v2\/users\/2"}],"replies":[{"embeddable":true,"href":"https:\/\/arhiv.mk\/sq\/wp-json\/wp\/v2\/comments?post=2402"}],"version-history":[{"count":77,"href":"https:\/\/arhiv.mk\/sq\/wp-json\/wp\/v2\/pages\/2402\/revisions"}],"predecessor-version":[{"id":5099,"href":"https:\/\/arhiv.mk\/sq\/wp-json\/wp\/v2\/pages\/2402\/revisions\/5099"}],"wp:attachment":[{"href":"https:\/\/arhiv.mk\/sq\/wp-json\/wp\/v2\/media?parent=2402"}],"curies":[{"name":"wp","href":"https:\/\/api.w.org\/{rel}","templated":true}]}}