{"id":27,"date":"2020-12-02T21:46:15","date_gmt":"2020-12-02T21:46:15","guid":{"rendered":"http:\/\/darm.vremeeza.mk\/?page_id=27"},"modified":"2021-03-26T22:10:34","modified_gmt":"2021-03-26T22:10:34","slug":"za-nas","status":"publish","type":"page","link":"https:\/\/arhiv.mk\/sq\/za-nas\/","title":{"rendered":"P\u00ebr ne"},"content":{"rendered":"<div data-elementor-type=\"wp-page\" data-elementor-id=\"27\" class=\"elementor elementor-27\" data-elementor-post-type=\"page\">\n\t\t\t\t\t\t<section class=\"elementor-section elementor-top-section elementor-element elementor-element-e57050a elementor-section-content-middle elementor-section-boxed elementor-section-height-default elementor-section-height-default\" data-id=\"e57050a\" data-element_type=\"section\">\n\t\t\t\t\t\t<div class=\"elementor-container elementor-column-gap-default\">\n\t\t\t\t\t<div class=\"elementor-column elementor-col-100 elementor-top-column elementor-element elementor-element-bd13367\" data-id=\"bd13367\" data-element_type=\"column\">\n\t\t\t<div class=\"elementor-widget-wrap elementor-element-populated\">\n\t\t\t\t\t\t<div class=\"elementor-element elementor-element-9410cce elementor-widget elementor-widget-heading\" data-id=\"9410cce\" data-element_type=\"widget\" data-widget_type=\"heading.default\">\n\t\t\t\t<div class=\"elementor-widget-container\">\n\t\t\t\t\t<h1 class=\"elementor-heading-title elementor-size-default\">Veprimtaria E ARKIVIT SHTET\u00cbROR T\u00cb REPUBLIK\u00cbS S\u00cb MAQEDONIS\u00cb S\u00cb VERIUT<\/h1>\t\t\t\t<\/div>\n\t\t\t\t<\/div>\n\t\t\t\t<div class=\"elementor-element elementor-element-d7d3f65 elementor-widget elementor-widget-text-editor\" data-id=\"d7d3f65\" data-element_type=\"widget\" data-widget_type=\"text-editor.default\">\n\t\t\t\t<div class=\"elementor-widget-container\">\n\t\t\t\t\t\t\t\t\t<p>Veprimtaria e Arkivit shtet\u00ebror t\u00eb Republik\u00ebs s\u00eb Maqedonis\u00eb, t\u00eb ashtuquajturit aktivitetet dhe detyrat q\u00eb kryen dhe ekzekuton, jan\u00eb t\u00eb p\u00ebrcaktuara me Rregulloren p\u00ebr pun\u00ebn dhe organizim t\u00eb brendsh\u00ebm. Dispozitat e k\u00ebsaj rregullore jan\u00eb miratuar sipas standardeve bot\u00ebrore (ISAD dhe ISAAR) dhe sipas p\u00ebrvojave arkivore bot\u00ebrore.<\/p><p>Me k\u00ebt\u00eb standard jane t\u00eb p\u00ebrcaktuara veprimtarit\u00eb e m\u00ebposhtme:<\/p><ul><li>Mbikqyrje t\u00eb materialit arkivor jasht\u00eb ASHRMV, gjegj\u00ebsisht tek poseduesit e materialit dokumentar dhe arkivor.<\/li><li>Mbrojtja e materialit arkivor tek poseduesit<\/li><li>Inspektim dhe mbikqyrje profesionale p\u00ebr gjendjen e materialit dokumentar dhe arkivor tek poseduesit<\/li><li>Dh\u00ebnie t\u00eb ndihm\u00ebs profesionale n\u00eb lidhje me t\u00eb punuarit n\u00eb zyr\u00eb dhe pun\u00ebn arkivore<\/li><li>Pranim, akomodim dhe ruajtje t\u00eb materialit arkivor<\/li><li>Rregullim dhe p\u00ebrpunim t\u00eb materialit arkivor<\/li><li>Valorizim, rregullim dhe p\u00ebrpunim t\u00eb fondeve dhe p\u00ebrmbledhjeve<\/li><li>Dh\u00ebnie t\u00eb materialit arkivor p\u00ebr rregullim dhe p\u00ebrpunim apo shfryt\u00ebzim p\u00ebr q\u00ebllime shkencore<\/li><li>Sigurim t\u00eb mbrojtjes fiziko\u2013teknike dhe mikroklimatike t\u00eb materialit arkivor<\/li><li>Mbrojtja e materialit arkivor p\u00ebrmes mikrofilmimit<\/li><li>Hulumtim dhe regjistrim t\u00eb materialit arkivor n\u00eb vend dhe jasht\u00eb vendit p\u00ebr t\u00eb kompletuar fondet e ASHRMV<\/li><li>Prezantim t\u00eb materialit arkivor, organizim t\u00eb ligjeratave dhe formave tjera t\u00eb aktiviteteve kulturoro \u2013 informative<\/li><li>Botim i p\u00ebrmbledhjeve t\u00eb dokumenteve, monografive, mjeteve shkencore dhe informative dhe prezantimeve digjitale t\u00eb multimedias;<\/li><li>Hulumtim, projektim dhe realizim t\u00eb softuer\u00ebve aplikativ n\u00eb fush\u00ebn e veprimit t\u00eb ASHRMV<\/li><li>Digjitalizimin e materialit arkivor i cili ruhet n\u00eb ASHRMV<\/li><li>T\u00eb punuarit n\u00eb bibliotek\u00eb, gjegj\u00ebsisht hulumtim, pranim, ruajtje dhe dh\u00ebnie t\u00eb gazetave, revistave dhe librave si dhe mbrojtje t\u00eb tyre p\u00ebrmes restaurimit dhe lidhjes.<\/li><\/ul>\t\t\t\t\t\t\t\t<\/div>\n\t\t\t\t<\/div>\n\t\t\t\t\t<\/div>\n\t\t<\/div>\n\t\t\t\t\t<\/div>\n\t\t<\/section>\n\t\t\t\t<\/div>","protected":false},"excerpt":{"rendered":"<p>\u0414\u0415\u0408\u041d\u041e\u0421\u0422 \u041d\u0410 \u0414\u0420\u0416\u0410\u0412\u041d\u0418\u041e\u0422 \u0410\u0420\u0425\u0418\u0412 \u041d\u0410 \u0420\u0415\u041f\u0423\u0411\u041b\u0418\u041a\u0410 \u0421\u0415\u0412\u0415\u0420\u041d\u0410 \u041c\u0410\u041a\u0415\u0414\u041e\u041d\u0418\u0408\u0410 \u0414\u0435\u0458\u043d\u043e\u0441\u0442\u0430 \u043d\u0430 \u0414\u0440\u0436\u0430\u0432\u043d\u0438\u043e\u0442 \u0430\u0440\u0445\u0438\u0432 \u043d\u0430 \u0420\u0435\u043f\u0443\u0431\u043b\u0438\u043a\u0430 \u0421\u0435\u0432\u0435\u0440\u043d\u0430 \u041c\u0430\u043a\u0435\u0434\u043e\u043d\u0438\u0458\u0430, \u0442.\u0435. \u0430\u043a\u0442\u0438\u0432\u043d\u043e\u0441\u0442\u0438\u0442\u0435 \u0438 \u0437\u0430\u0434\u0430\u0447\u0438\u0442\u0435 \u043f\u0440\u0435\u043a\u0443 \u043a\u043e\u0438 \u0441\u0435 \u0432\u0440\u0448\u0438 \u0438 \u0438\u0437\u0432\u0440\u0448\u0443\u0432\u0430, \u0441\u0435 \u0434\u0435\u0444\u0438\u043d\u0438\u0440\u0430\u043d\u0438 \u0441\u043e \u041f\u0440\u0430\u0432\u0438\u043b\u043d\u0438\u043a\u043e\u0442 \u0437\u0430 \u0432\u043d\u0430\u0442\u0440\u0435\u0448\u043d\u0430 \u043e\u0440\u0433\u0430\u043d\u0438\u0437\u0430\u0446\u0438\u0458\u0430 \u0438 \u0440\u0430\u0431\u043e\u0442\u0430. \u041e\u0434\u0440\u0435\u0434\u0431\u0438\u0442\u0435 \u043e\u0434 \u043e\u0432\u043e\u0458 \u043f\u0440\u0430\u0432\u0438\u043b\u043d\u0438\u043a \u0441\u0435 \u0434\u043e\u043d\u0435\u0441\u0435\u043d\u0438 \u043f\u0440\u0435\u043c\u0430 \u0441\u0432\u0435\u0442\u0441\u043a\u0438\u0442\u0435 \u0441\u0442\u0430\u043d\u0434\u0430\u0440\u0434\u0438 (ISAD \u0438 ISAAR ) \u0438 \u043f\u0440\u0435\u043c\u0430 \u0441\u0432\u0435\u0442\u0441\u043a\u0438\u0442\u0435 \u0430\u0440\u0445\u0438\u0432\u0441\u043a\u0438 \u0438\u0441\u043a\u0443\u0441\u0442\u0432\u0430. \u0421\u043e \u043e\u0432\u043e\u0458 [&hellip;]<\/p>","protected":false},"author":1,"featured_media":0,"parent":0,"menu_order":2,"comment_status":"closed","ping_status":"closed","template":"","meta":{"site-sidebar-layout":"no-sidebar","site-content-layout":"page-builder","ast-site-content-layout":"","site-content-style":"default","site-sidebar-style":"default","ast-global-header-display":"","ast-banner-title-visibility":"","ast-main-header-display":"","ast-hfb-above-header-display":"","ast-hfb-below-header-display":"","ast-hfb-mobile-header-display":"","site-post-title":"disabled","ast-breadcrumbs-content":"disabled","ast-featured-img":"disabled","footer-sml-layout":"","theme-transparent-header-meta":"disabled","adv-header-id-meta":"","stick-header-meta":"","header-above-stick-meta":"","header-main-stick-meta":"","header-below-stick-meta":"","astra-migrate-meta-layouts":"default","ast-page-background-enabled":"default","ast-page-background-meta":{"desktop":{"background-color":"","background-image":"","background-repeat":"repeat","background-position":"center center","background-size":"auto","background-attachment":"scroll","background-type":"","background-media":"","overlay-type":"","overlay-color":"","overlay-opacity":"","overlay-gradient":""},"tablet":{"background-color":"","background-image":"","background-repeat":"repeat","background-position":"center center","background-size":"auto","background-attachment":"scroll","background-type":"","background-media":"","overlay-type":"","overlay-color":"","overlay-opacity":"","overlay-gradient":""},"mobile":{"background-color":"","background-image":"","background-repeat":"repeat","background-position":"center center","background-size":"auto","background-attachment":"scroll","background-type":"","background-media":"","overlay-type":"","overlay-color":"","overlay-opacity":"","overlay-gradient":""}},"ast-content-background-meta":{"desktop":{"background-color":"var(--ast-global-color-5)","background-image":"","background-repeat":"repeat","background-position":"center center","background-size":"auto","background-attachment":"scroll","background-type":"","background-media":"","overlay-type":"","overlay-color":"","overlay-opacity":"","overlay-gradient":""},"tablet":{"background-color":"var(--ast-global-color-5)","background-image":"","background-repeat":"repeat","background-position":"center center","background-size":"auto","background-attachment":"scroll","background-type":"","background-media":"","overlay-type":"","overlay-color":"","overlay-opacity":"","overlay-gradient":""},"mobile":{"background-color":"var(--ast-global-color-5)","background-image":"","background-repeat":"repeat","background-position":"center center","background-size":"auto","background-attachment":"scroll","background-type":"","background-media":"","overlay-type":"","overlay-color":"","overlay-opacity":"","overlay-gradient":""}},"footnotes":""},"class_list":["post-27","page","type-page","status-publish","hentry"],"_links":{"self":[{"href":"https:\/\/arhiv.mk\/sq\/wp-json\/wp\/v2\/pages\/27","targetHints":{"allow":["GET"]}}],"collection":[{"href":"https:\/\/arhiv.mk\/sq\/wp-json\/wp\/v2\/pages"}],"about":[{"href":"https:\/\/arhiv.mk\/sq\/wp-json\/wp\/v2\/types\/page"}],"author":[{"embeddable":true,"href":"https:\/\/arhiv.mk\/sq\/wp-json\/wp\/v2\/users\/1"}],"replies":[{"embeddable":true,"href":"https:\/\/arhiv.mk\/sq\/wp-json\/wp\/v2\/comments?post=27"}],"version-history":[{"count":11,"href":"https:\/\/arhiv.mk\/sq\/wp-json\/wp\/v2\/pages\/27\/revisions"}],"predecessor-version":[{"id":4488,"href":"https:\/\/arhiv.mk\/sq\/wp-json\/wp\/v2\/pages\/27\/revisions\/4488"}],"wp:attachment":[{"href":"https:\/\/arhiv.mk\/sq\/wp-json\/wp\/v2\/media?parent=27"}],"curies":[{"name":"wp","href":"https:\/\/api.w.org\/{rel}","templated":true}]}}