{"id":2862,"date":"2021-03-02T18:20:19","date_gmt":"2021-03-02T18:20:19","guid":{"rendered":"https:\/\/itistimefor.mk\/?page_id=2862"},"modified":"2021-03-26T22:11:09","modified_gmt":"2021-03-26T22:11:09","slug":"fermani","status":"publish","type":"page","link":"https:\/\/arhiv.mk\/sq\/fermani\/","title":{"rendered":"Fermane"},"content":{"rendered":"<div data-elementor-type=\"wp-page\" data-elementor-id=\"2862\" class=\"elementor elementor-2862\" data-elementor-post-type=\"page\">\n\t\t\t\t\t\t<section class=\"elementor-section elementor-top-section elementor-element elementor-element-d8c7f74 elementor-section-boxed elementor-section-height-default elementor-section-height-default\" data-id=\"d8c7f74\" data-element_type=\"section\">\n\t\t\t\t\t\t<div class=\"elementor-container elementor-column-gap-default\">\n\t\t\t\t\t<div class=\"elementor-column elementor-col-100 elementor-top-column elementor-element elementor-element-3adb73d\" data-id=\"3adb73d\" data-element_type=\"column\">\n\t\t\t<div class=\"elementor-widget-wrap elementor-element-populated\">\n\t\t\t\t\t\t<div class=\"elementor-element elementor-element-fda41a6 elementor-widget elementor-widget-heading\" data-id=\"fda41a6\" data-element_type=\"widget\" data-widget_type=\"heading.default\">\n\t\t\t\t<div class=\"elementor-widget-container\">\n\t\t\t\t\t<h1 class=\"elementor-heading-title elementor-size-default\">Fermane<\/h1>\t\t\t\t<\/div>\n\t\t\t\t<\/div>\n\t\t\t\t<div class=\"elementor-element elementor-element-9d95bde elementor-widget elementor-widget-text-editor\" data-id=\"9d95bde\" data-element_type=\"widget\" data-widget_type=\"text-editor.default\">\n\t\t\t\t<div class=\"elementor-widget-container\">\n\t\t\t\t\t\t\t\t\t<p>Periudha Osmane ishte nj\u00eb pro\u00e7es i vazhduesh\u00ebm dhe kompleks p\u00ebr t\u00eb gjith\u00eb Gadishullin Ballkanik, i cili filloi n\u00eb fund t\u00eb shekullit XIV dhe p\u00ebrfundoi n\u00eb fillim t\u00eb shekullit XX. Udh\u00ebheqja e gjat\u00eb osmane diktoi dhe formoi historin\u00eb e rajonit gjat\u00eb disa shekujve. N\u00eb t\u00eb nj\u00ebjt\u00ebn koh\u00eb, tradita osmane ka l\u00ebn\u00eb nj\u00eb trash\u00ebgimi t\u00eb madhe dhe t\u00eb pasur n\u00eb shum\u00eb fusha t\u00eb jet\u00ebs, ve\u00e7an\u00ebrisht n\u00eb sfer\u00ebn kulturore, socio-ekonomike dhe demografike. Gjeneratat e historian\u00ebve, arkitekt\u00ebve, historian\u00ebt e artit, shkrimtar\u00ebt dhe intelektual\u00ebt t\u00eb tjer\u00eb e studiojn\u00eb k\u00ebt\u00eb trash\u00ebgimi si nj\u00eb vazhdim\u00ebsi historike e s\u00eb kaluar\u00ebs. Nj\u00eb nga segmentet m\u00eb t\u00eb r\u00ebnd\u00ebsishme t\u00eb trash\u00ebgimis\u00eb osmane n\u00eb Maqedoni \u00ebsht\u00eb trash\u00ebgimia n\u00eb fush\u00ebn e materialit arkivor.  Arkivi Shtet\u00ebror i Republik\u00ebs s\u00eb Maqedonis\u00eb s\u00eb Veriut ka nj\u00eb nga p\u00ebrmbledhjet m\u00eb t\u00eb pasura t\u00eb dokumenteve origjinale osmane n\u00eb Ballkan, me r\u00ebnd\u00ebsi par\u00ebsore.<\/p><p>P\u00ebrmbledhja p\u00ebrfshin 80 fermane - urdh\u00ebrat e Sulltanit n\u00eb periudh\u00ebn nga 1056 deri n\u00eb vitin 1332 (1646\/1859).<\/p>\t\t\t\t\t\t\t\t<\/div>\n\t\t\t\t<\/div>\n\t\t\t\t<div class=\"elementor-element elementor-element-18a670c elementor-grid-6 elementor-grid-tablet-2 elementor-grid-mobile-1 elementor-posts--thumbnail-top elementor-widget elementor-widget-posts\" data-id=\"18a670c\" data-element_type=\"widget\" data-settings=\"{&quot;classic_columns&quot;:&quot;6&quot;,&quot;pagination_type&quot;:&quot;numbers_and_prev_next&quot;,&quot;classic_columns_tablet&quot;:&quot;2&quot;,&quot;classic_columns_mobile&quot;:&quot;1&quot;,&quot;classic_row_gap&quot;:{&quot;unit&quot;:&quot;px&quot;,&quot;size&quot;:35,&quot;sizes&quot;:[]},&quot;classic_row_gap_tablet&quot;:{&quot;unit&quot;:&quot;px&quot;,&quot;size&quot;:&quot;&quot;,&quot;sizes&quot;:[]},&quot;classic_row_gap_mobile&quot;:{&quot;unit&quot;:&quot;px&quot;,&quot;size&quot;:&quot;&quot;,&quot;sizes&quot;:[]}}\" data-widget_type=\"posts.classic\">\n\t\t\t\t<div class=\"elementor-widget-container\">\n\t\t\t\t\t\t\t<div class=\"elementor-posts-container elementor-posts elementor-posts--skin-classic elementor-grid\">\n\t\t\t\t<article class=\"elementor-post elementor-grid-item post-2491 post type-post status-publish format-standard hentry category-7\">\n\t\t\t\t<div class=\"elementor-post__text\">\n\t\t\t\t<h3 class=\"elementor-post__title\">\n\t\t\t<a href=\"https:\/\/arhiv.mk\/sq\/2021\/02\/26\/%d1%84%d0%b5%d1%80%d0%bc%d0%b0%d0%bd-1\/\" >\n\t\t\t\tFerman 1\t\t\t<\/a>\n\t\t<\/h3>\n\t\t\t\t<div class=\"elementor-post__excerpt\">\n\t\t\t<p>P\u00ebrmbledhje: Fermani Signatura: 1,862 Lloji: Materiali i arkivit Forma: elektronike Formati: imazh \/ TIFF Ferman nr: 1 P\u00ebrmasat: 50x70. Dat\u00eb: 1056 muharem 26<\/p>\n\t\t<\/div>\n\t\t\n\t\t<a class=\"elementor-post__read-more\" href=\"https:\/\/arhiv.mk\/sq\/2021\/02\/26\/%d1%84%d0%b5%d1%80%d0%bc%d0%b0%d0%bd-1\/\" aria-label=\"Read more about \u0424\u0435\u0440\u043c\u0430\u043d 1\" tabindex=\"-1\" >\n\t\t\tZbulo me shume &quot;\t\t<\/a>\n\n\t\t\t\t<\/div>\n\t\t\t\t<\/article>\n\t\t\t\t<article class=\"elementor-post elementor-grid-item post-2501 post type-post status-publish format-standard hentry category-7\">\n\t\t\t\t<div class=\"elementor-post__text\">\n\t\t\t\t<h3 class=\"elementor-post__title\">\n\t\t\t<a href=\"https:\/\/arhiv.mk\/sq\/2021\/02\/27\/%d1%84%d0%b5%d1%80%d0%bc%d0%b0%d0%bd-2\/\" >\n\t\t\t\tFerman 2\t\t\t<\/a>\n\t\t<\/h3>\n\t\t\t\t<div class=\"elementor-post__excerpt\">\n\t\t\t<p>P\u00ebrmbledhje: Fermani Signatura: 1,862 Lloji: Material arkivor Forma: elektronike Formati: imazh \/ TIFF Ferman nr: 2 P\u00ebrmasat: 16,5 x 58,2 cm. Data: 1108 fillimi i xhemadal ule<\/p>\n\t\t<\/div>\n\t\t\n\t\t<a class=\"elementor-post__read-more\" href=\"https:\/\/arhiv.mk\/sq\/2021\/02\/27\/%d1%84%d0%b5%d1%80%d0%bc%d0%b0%d0%bd-2\/\" aria-label=\"Read more about \u0424\u0435\u0440\u043c\u0430\u043d 2\" tabindex=\"-1\" >\n\t\t\tZbulo me shume &quot;\t\t<\/a>\n\n\t\t\t\t<\/div>\n\t\t\t\t<\/article>\n\t\t\t\t<article class=\"elementor-post elementor-grid-item post-2509 post type-post status-publish format-standard hentry category-7\">\n\t\t\t\t<div class=\"elementor-post__text\">\n\t\t\t\t<h3 class=\"elementor-post__title\">\n\t\t\t<a href=\"https:\/\/arhiv.mk\/sq\/2021\/02\/27\/%d1%84%d0%b5%d1%80%d0%bc%d0%b0%d0%bd-3\/\" >\n\t\t\t\tFerman 3\t\t\t<\/a>\n\t\t<\/h3>\n\t\t\t\t<div class=\"elementor-post__excerpt\">\n\t\t\t<p>P\u00ebrmbledhje: Fermani Signatura: 1,862 Lloji: Material arkivor Forma: elektronike Formati: imazh \/ TIFF Ferman nr: 3 P\u00ebrmasat: 52 x 73 cm. Data: 1174 Rexheb \u2013<\/p>\n\t\t<\/div>\n\t\t\n\t\t<a class=\"elementor-post__read-more\" href=\"https:\/\/arhiv.mk\/sq\/2021\/02\/27\/%d1%84%d0%b5%d1%80%d0%bc%d0%b0%d0%bd-3\/\" aria-label=\"Read more about \u0424\u0435\u0440\u043c\u0430\u043d 3\" tabindex=\"-1\" >\n\t\t\tZbulo me shume &quot;\t\t<\/a>\n\n\t\t\t\t<\/div>\n\t\t\t\t<\/article>\n\t\t\t\t<article class=\"elementor-post elementor-grid-item post-2513 post type-post status-publish format-standard hentry category-7\">\n\t\t\t\t<div class=\"elementor-post__text\">\n\t\t\t\t<h3 class=\"elementor-post__title\">\n\t\t\t<a href=\"https:\/\/arhiv.mk\/sq\/2021\/02\/27\/%d1%84%d0%b5%d1%80%d0%bc%d0%b0%d0%bd-4\/\" >\n\t\t\t\tFerman 4\t\t\t<\/a>\n\t\t<\/h3>\n\t\t\t\t<div class=\"elementor-post__excerpt\">\n\t\t\t<p>P\u00ebrmbledhje: Fermani Signatura: 1,862 Lloji: Material arkivor Forma: elektronike Formati: imazh \/ TIFF Ferman nr: 4 P\u00ebrmasat: 50 x 73,5 cm. Data: 1174 mesi i Rexheb \u2013<\/p>\n\t\t<\/div>\n\t\t\n\t\t<a class=\"elementor-post__read-more\" href=\"https:\/\/arhiv.mk\/sq\/2021\/02\/27\/%d1%84%d0%b5%d1%80%d0%bc%d0%b0%d0%bd-4\/\" aria-label=\"Read more about \u0424\u0435\u0440\u043c\u0430\u043d 4\" tabindex=\"-1\" >\n\t\t\tZbulo me shume &quot;\t\t<\/a>\n\n\t\t\t\t<\/div>\n\t\t\t\t<\/article>\n\t\t\t\t<article class=\"elementor-post elementor-grid-item post-2517 post type-post status-publish format-standard hentry category-7\">\n\t\t\t\t<div class=\"elementor-post__text\">\n\t\t\t\t<h3 class=\"elementor-post__title\">\n\t\t\t<a href=\"https:\/\/arhiv.mk\/sq\/2021\/02\/27\/%d1%84%d0%b5%d1%80%d0%bc%d0%b0%d0%bd-5\/\" >\n\t\t\t\tFerman 5\t\t\t<\/a>\n\t\t<\/h3>\n\t\t\t\t<div class=\"elementor-post__excerpt\">\n\t\t\t<p>P\u00ebrmbledhje: Fermani Signatura: 1,862 Lloji: Materiali i arkivit Forma: elektronike Formati: imazh \/ TIFF Ferman nr: 1 P\u00ebrmasat: 51,5x75 cm. Dat\u00eb: 1196 (1781) vendi:<\/p>\n\t\t<\/div>\n\t\t\n\t\t<a class=\"elementor-post__read-more\" href=\"https:\/\/arhiv.mk\/sq\/2021\/02\/27\/%d1%84%d0%b5%d1%80%d0%bc%d0%b0%d0%bd-5\/\" aria-label=\"Read more about \u0424\u0435\u0440\u043c\u0430\u043d 5\" tabindex=\"-1\" >\n\t\t\tZbulo me shume &quot;\t\t<\/a>\n\n\t\t\t\t<\/div>\n\t\t\t\t<\/article>\n\t\t\t\t<article class=\"elementor-post elementor-grid-item post-2521 post type-post status-publish format-standard hentry category-7\">\n\t\t\t\t<div class=\"elementor-post__text\">\n\t\t\t\t<h3 class=\"elementor-post__title\">\n\t\t\t<a href=\"https:\/\/arhiv.mk\/sq\/2021\/02\/27\/%d1%84%d0%b5%d1%80%d0%bc%d0%b0%d0%bd-6\/\" >\n\t\t\t\tFerman 6\t\t\t<\/a>\n\t\t<\/h3>\n\t\t\t\t<div class=\"elementor-post__excerpt\">\n\t\t\t<p>P\u00ebrmbledhje: Fermani Signatura: 1,862 Lloji: Material arkivor Forma: elektronike Formati: imazh \/ TIFF Ferman nr: 6 P\u00ebrmasat: 53,5 x 78 cm. Data: 1212 mesi i Rebi ul ahire \u2013<\/p>\n\t\t<\/div>\n\t\t\n\t\t<a class=\"elementor-post__read-more\" href=\"https:\/\/arhiv.mk\/sq\/2021\/02\/27\/%d1%84%d0%b5%d1%80%d0%bc%d0%b0%d0%bd-6\/\" aria-label=\"Read more about \u0424\u0435\u0440\u043c\u0430\u043d 6\" tabindex=\"-1\" >\n\t\t\tZbulo me shume &quot;\t\t<\/a>\n\n\t\t\t\t<\/div>\n\t\t\t\t<\/article>\n\t\t\t\t<article class=\"elementor-post elementor-grid-item post-2525 post type-post status-publish format-standard hentry category-7\">\n\t\t\t\t<div class=\"elementor-post__text\">\n\t\t\t\t<h3 class=\"elementor-post__title\">\n\t\t\t<a href=\"https:\/\/arhiv.mk\/sq\/2021\/02\/27\/%d1%84%d0%b5%d1%80%d0%bc%d0%b0%d0%bd-7\/\" >\n\t\t\t\tFerman 7\t\t\t<\/a>\n\t\t<\/h3>\n\t\t\t\t<div class=\"elementor-post__excerpt\">\n\t\t\t<p>P\u00ebrmbledhje: Fermani Signatura: 1,862 Lloji: Material arkivor Forma: elektronike Formati: imazh \/ TIFF Ferman nr: 7 P\u00ebrmasat: 55 x 77 cm. Data: 1236 mesi i Rebi ul ahire 18<\/p>\n\t\t<\/div>\n\t\t\n\t\t<a class=\"elementor-post__read-more\" href=\"https:\/\/arhiv.mk\/sq\/2021\/02\/27\/%d1%84%d0%b5%d1%80%d0%bc%d0%b0%d0%bd-7\/\" aria-label=\"Read more about \u0424\u0435\u0440\u043c\u0430\u043d 7\" tabindex=\"-1\" >\n\t\t\tZbulo me shume &quot;\t\t<\/a>\n\n\t\t\t\t<\/div>\n\t\t\t\t<\/article>\n\t\t\t\t<article class=\"elementor-post elementor-grid-item post-2529 post type-post status-publish format-standard hentry category-7\">\n\t\t\t\t<div class=\"elementor-post__text\">\n\t\t\t\t<h3 class=\"elementor-post__title\">\n\t\t\t<a href=\"https:\/\/arhiv.mk\/sq\/2021\/02\/27\/%d1%84%d0%b5%d1%80%d0%bc%d0%b0%d0%bd-8\/\" >\n\t\t\t\tFerman 8\t\t\t<\/a>\n\t\t<\/h3>\n\t\t\t\t<div class=\"elementor-post__excerpt\">\n\t\t\t<p>P\u00ebrmbledhje: Fermani Signatura: 1,862 Lloji: Materiali i arkivit Forma: elektronike Formati: imazh \/ TIFF Ferman nr: 8 P\u00ebrmasat: 54x78. Dat\u00eb: 1237 fund zalhixhe<\/p>\n\t\t<\/div>\n\t\t\n\t\t<a class=\"elementor-post__read-more\" href=\"https:\/\/arhiv.mk\/sq\/2021\/02\/27\/%d1%84%d0%b5%d1%80%d0%bc%d0%b0%d0%bd-8\/\" aria-label=\"Read more about \u0424\u0435\u0440\u043c\u0430\u043d 8\" tabindex=\"-1\" >\n\t\t\tZbulo me shume &quot;\t\t<\/a>\n\n\t\t\t\t<\/div>\n\t\t\t\t<\/article>\n\t\t\t\t<article class=\"elementor-post elementor-grid-item post-2533 post type-post status-publish format-standard hentry category-7\">\n\t\t\t\t<div class=\"elementor-post__text\">\n\t\t\t\t<h3 class=\"elementor-post__title\">\n\t\t\t<a href=\"https:\/\/arhiv.mk\/sq\/2021\/02\/27\/%d1%84%d0%b5%d1%80%d0%bc%d0%b0%d0%bd-9\/\" >\n\t\t\t\tFerman 9\t\t\t<\/a>\n\t\t<\/h3>\n\t\t\t\t<div class=\"elementor-post__excerpt\">\n\t\t\t<p>P\u00ebrmbledhje: Fermani Signatura: 1,862 Lloji: Material arkivor Forma: elektronike Formati: imazh \/ TIFF Ferman nr: 9 P\u00ebrmasat: 55 x 78 cm. Data: 1249 mesi i Rebi ul ahire \u2013<\/p>\n\t\t<\/div>\n\t\t\n\t\t<a class=\"elementor-post__read-more\" href=\"https:\/\/arhiv.mk\/sq\/2021\/02\/27\/%d1%84%d0%b5%d1%80%d0%bc%d0%b0%d0%bd-9\/\" aria-label=\"Read more about \u0424\u0435\u0440\u043c\u0430\u043d 9\" tabindex=\"-1\" >\n\t\t\tZbulo me shume &quot;\t\t<\/a>\n\n\t\t\t\t<\/div>\n\t\t\t\t<\/article>\n\t\t\t\t<article class=\"elementor-post elementor-grid-item post-2537 post type-post status-publish format-standard hentry category-7\">\n\t\t\t\t<div class=\"elementor-post__text\">\n\t\t\t\t<h3 class=\"elementor-post__title\">\n\t\t\t<a href=\"https:\/\/arhiv.mk\/sq\/2021\/02\/27\/%d1%84%d0%b5%d1%80%d0%bc%d0%b0%d0%bd-10\/\" >\n\t\t\t\tFerman 10\t\t\t<\/a>\n\t\t<\/h3>\n\t\t\t\t<div class=\"elementor-post__excerpt\">\n\t\t\t<p>P\u00ebrmbledhje: Fermani Signatura: 1,862 Lloji: Materiali i arkivit Forma: elektronike Formati: imazh \/ TIFF Ferman nr: 10 P\u00ebrmasat: 49x73,5 Dat\u00eb: 1243  zalhixhe 2<\/p>\n\t\t<\/div>\n\t\t\n\t\t<a class=\"elementor-post__read-more\" href=\"https:\/\/arhiv.mk\/sq\/2021\/02\/27\/%d1%84%d0%b5%d1%80%d0%bc%d0%b0%d0%bd-10\/\" aria-label=\"Read more about \u0424\u0435\u0440\u043c\u0430\u043d 10\" tabindex=\"-1\" >\n\t\t\tZbulo me shume &quot;\t\t<\/a>\n\n\t\t\t\t<\/div>\n\t\t\t\t<\/article>\n\t\t\t\t<article class=\"elementor-post elementor-grid-item post-2541 post type-post status-publish format-standard hentry category-7\">\n\t\t\t\t<div class=\"elementor-post__text\">\n\t\t\t\t<h3 class=\"elementor-post__title\">\n\t\t\t<a href=\"https:\/\/arhiv.mk\/sq\/2021\/02\/28\/%d1%84%d0%b5%d1%80%d0%bc%d0%b0%d0%bd-11\/\" >\n\t\t\t\tFerman 11\t\t\t<\/a>\n\t\t<\/h3>\n\t\t\t\t<div class=\"elementor-post__excerpt\">\n\t\t\t<p>P\u00ebrmbledhje: Fermani Signatura: 1,862 Lloji: Materiali i arkivit Forma: elektronike Formati: imazh \/ TIFF Ferman nr: 11 P\u00ebrmasat: 52,5 x77,5 Dat\u00eb: 1244 muharem 28<\/p>\n\t\t<\/div>\n\t\t\n\t\t<a class=\"elementor-post__read-more\" href=\"https:\/\/arhiv.mk\/sq\/2021\/02\/28\/%d1%84%d0%b5%d1%80%d0%bc%d0%b0%d0%bd-11\/\" aria-label=\"Read more about \u0424\u0435\u0440\u043c\u0430\u043d 11\" tabindex=\"-1\" >\n\t\t\tZbulo me shume &quot;\t\t<\/a>\n\n\t\t\t\t<\/div>\n\t\t\t\t<\/article>\n\t\t\t\t<article class=\"elementor-post elementor-grid-item post-2546 post type-post status-publish format-standard hentry category-7\">\n\t\t\t\t<div class=\"elementor-post__text\">\n\t\t\t\t<h3 class=\"elementor-post__title\">\n\t\t\t<a href=\"https:\/\/arhiv.mk\/sq\/2021\/02\/28\/%d1%84%d0%b5%d1%80%d0%bc%d0%b0%d0%bd-12\/\" >\n\t\t\t\tFerman 12\t\t\t<\/a>\n\t\t<\/h3>\n\t\t\t\t<div class=\"elementor-post__excerpt\">\n\t\t\t<p>P\u00ebrmbledhje: Fermani Signatura: 1,862 Lloji: Materiali i arkivit Forma: elektronike Formati: imazh \/ TIFF Ferman nr: 12 P\u00ebrmasat: 54x58. Dat\u00eb: 1248 sefer  27<\/p>\n\t\t<\/div>\n\t\t\n\t\t<a class=\"elementor-post__read-more\" href=\"https:\/\/arhiv.mk\/sq\/2021\/02\/28\/%d1%84%d0%b5%d1%80%d0%bc%d0%b0%d0%bd-12\/\" aria-label=\"Read more about \u0424\u0435\u0440\u043c\u0430\u043d 12\" tabindex=\"-1\" >\n\t\t\tZbulo me shume &quot;\t\t<\/a>\n\n\t\t\t\t<\/div>\n\t\t\t\t<\/article>\n\t\t\t\t<\/div>\n\t\t\n\t\t\t\t<div class=\"e-load-more-anchor\" data-page=\"1\" data-max-page=\"7\" data-next-page=\"https:\/\/arhiv.mk\/sq\/wp-json\/wp\/v2\/pages\/2862\/page\/2\/\"><\/div>\n\t\t\t\t<nav class=\"elementor-pagination\" aria-label=\"Pagination\">\n\t\t\t<span class=\"page-numbers prev\">&quot;I m\u00ebparsh\u00ebm<\/span>\n<span aria-current=\"page\" class=\"page-numbers current\"><span class=\"elementor-screen-only\">Page<\/span>1<\/span>\n<a class=\"page-numbers\" href=\"https:\/\/arhiv.mk\/sq\/wp-json\/wp\/v2\/pages\/2862\/page\/2\/\"><span class=\"elementor-screen-only\">Page<\/span>2<\/a>\n<a class=\"page-numbers\" href=\"https:\/\/arhiv.mk\/sq\/wp-json\/wp\/v2\/pages\/2862\/page\/3\/\"><span class=\"elementor-screen-only\">Page<\/span>3<\/a>\n<a class=\"page-numbers\" href=\"https:\/\/arhiv.mk\/sq\/wp-json\/wp\/v2\/pages\/2862\/page\/4\/\"><span class=\"elementor-screen-only\">Page<\/span>4<\/a>\n<a class=\"page-numbers\" href=\"https:\/\/arhiv.mk\/sq\/wp-json\/wp\/v2\/pages\/2862\/page\/5\/\"><span class=\"elementor-screen-only\">Page<\/span>5<\/a>\n<a class=\"page-numbers\" href=\"https:\/\/arhiv.mk\/sq\/wp-json\/wp\/v2\/pages\/2862\/page\/6\/\"><span class=\"elementor-screen-only\">Page<\/span>6<\/a>\n<a class=\"page-numbers\" href=\"https:\/\/arhiv.mk\/sq\/wp-json\/wp\/v2\/pages\/2862\/page\/7\/\"><span class=\"elementor-screen-only\">Page<\/span>7<\/a>\n<a class=\"page-numbers next\" href=\"https:\/\/arhiv.mk\/sq\/wp-json\/wp\/v2\/pages\/2862\/page\/2\/\">Tjetra \u00bb<\/a>\t\t<\/nav>\n\t\t\t\t\t\t<\/div>\n\t\t\t\t<\/div>\n\t\t\t\t\t<\/div>\n\t\t<\/div>\n\t\t\t\t\t<\/div>\n\t\t<\/section>\n\t\t\t\t<\/div>","protected":false},"excerpt":{"rendered":"<p>\u0424\u0435\u0440\u043c\u0430\u043d\u0438 \u041e\u0441\u043c\u0430\u043d\u043b\u0438\u0441\u043a\u0438\u043e\u0442 \u043f\u0435\u0440\u0438\u043e\u0434 \u0431\u0435\u0448\u0435 \u043a\u043e\u043d\u0442\u0438\u043d\u0443\u0438\u0440\u0430\u043d \u0438 \u043a\u043e\u043c\u043f\u043b\u0435\u043a\u0441\u0435\u043d \u043f\u0440\u043e\u0446\u0435\u0441 \u0437\u0430 \u0446\u0435\u043b\u0438\u043e\u0442 \u0411\u0430\u043b\u043a\u0430\u043d\u0441\u043a\u0438 \u041f\u043e\u043b\u0443\u043e\u0441\u0442\u0440\u043e\u0432, \u043a\u043e\u0458 \u043f\u043e\u0447\u043d\u0430 \u043a\u043e\u043d \u043a\u0440\u0430\u0458\u043e\u0442 \u043d\u0430 XIV, \u0430 \u0437\u0430\u0432\u0440\u0448\u0438 \u0432\u043e \u043f\u043e\u0447\u0435\u0442\u043e\u043a\u043e\u0442 \u043d\u0430 XX \u0432\u0435\u043a. \u0414\u043e\u043b\u0433\u043e\u0432\u0435\u043a\u043e\u0432\u043d\u043e\u0442\u043e \u043e\u0441\u043c\u0430\u043d\u043b\u0438\u0441\u043a\u043e \u0432\u043b\u0430\u0434\u0435\u0435\u045a\u0435 \u0458\u0430 \u0434\u0438\u043a\u0442\u0438\u0440\u0430\u0448\u0435 \u0438 \u0458\u0430 \u043e\u0444\u043e\u0440\u043c\u0443\u0432\u0430\u0448\u0435 \u0438\u0441\u0442\u043e\u0440\u0438\u0458\u0430\u0442\u0430 \u043d\u0430 \u0440\u0435\u0433\u0438\u043e\u043d\u043e\u0442 \u0432\u043e \u0442\u0435\u043a\u043e\u0442 \u043d\u0430 \u043d\u0435\u043a\u043e\u043b\u043a\u0443 \u0432\u0435\u043a\u043e\u0432\u0438. \u041f\u0440\u0438\u0442\u043e\u0430, \u043e\u0441\u043c\u0430\u043d\u043b\u0438\u0441\u043a\u0430\u0442\u0430 \u0442\u0440\u0430\u0434\u0438\u0446\u0438\u0458\u0430 \u043e\u0441\u0442\u0430\u0432\u0438 \u043e\u0433\u0440\u043e\u043c\u043d\u043e \u0438 \u0431\u043e\u0433\u0430\u0442\u043e \u043d\u0430\u0441\u043b\u0435\u0434\u0441\u0442\u0432\u043e \u0432\u043e \u043f\u043e\u0432\u0435\u045c\u0435 \u0441\u0444\u0435\u0440\u0438 \u043e\u0434 \u0436\u0438\u0432\u043e\u0442\u043e\u0442, \u043e\u0441\u043e\u0431\u0435\u043d\u043e [&hellip;]<\/p>","protected":false},"author":1,"featured_media":0,"parent":0,"menu_order":0,"comment_status":"closed","ping_status":"closed","template":"","meta":{"site-sidebar-layout":"no-sidebar","site-content-layout":"page-builder","ast-site-content-layout":"","site-content-style":"default","site-sidebar-style":"default","ast-global-header-display":"","ast-banner-title-visibility":"","ast-main-header-display":"","ast-hfb-above-header-display":"","ast-hfb-below-header-display":"","ast-hfb-mobile-header-display":"","site-post-title":"disabled","ast-breadcrumbs-content":"","ast-featured-img":"disabled","footer-sml-layout":"","theme-transparent-header-meta":"default","adv-header-id-meta":"","stick-header-meta":"","header-above-stick-meta":"","header-main-stick-meta":"","header-below-stick-meta":"","astra-migrate-meta-layouts":"default","ast-page-background-enabled":"default","ast-page-background-meta":{"desktop":{"background-color":"","background-image":"","background-repeat":"repeat","background-position":"center center","background-size":"auto","background-attachment":"scroll","background-type":"","background-media":"","overlay-type":"","overlay-color":"","overlay-opacity":"","overlay-gradient":""},"tablet":{"background-color":"","background-image":"","background-repeat":"repeat","background-position":"center center","background-size":"auto","background-attachment":"scroll","background-type":"","background-media":"","overlay-type":"","overlay-color":"","overlay-opacity":"","overlay-gradient":""},"mobile":{"background-color":"","background-image":"","background-repeat":"repeat","background-position":"center center","background-size":"auto","background-attachment":"scroll","background-type":"","background-media":"","overlay-type":"","overlay-color":"","overlay-opacity":"","overlay-gradient":""}},"ast-content-background-meta":{"desktop":{"background-color":"var(--ast-global-color-5)","background-image":"","background-repeat":"repeat","background-position":"center center","background-size":"auto","background-attachment":"scroll","background-type":"","background-media":"","overlay-type":"","overlay-color":"","overlay-opacity":"","overlay-gradient":""},"tablet":{"background-color":"var(--ast-global-color-5)","background-image":"","background-repeat":"repeat","background-position":"center center","background-size":"auto","background-attachment":"scroll","background-type":"","background-media":"","overlay-type":"","overlay-color":"","overlay-opacity":"","overlay-gradient":""},"mobile":{"background-color":"var(--ast-global-color-5)","background-image":"","background-repeat":"repeat","background-position":"center center","background-size":"auto","background-attachment":"scroll","background-type":"","background-media":"","overlay-type":"","overlay-color":"","overlay-opacity":"","overlay-gradient":""}},"footnotes":""},"class_list":["post-2862","page","type-page","status-publish","hentry"],"_links":{"self":[{"href":"https:\/\/arhiv.mk\/sq\/wp-json\/wp\/v2\/pages\/2862","targetHints":{"allow":["GET"]}}],"collection":[{"href":"https:\/\/arhiv.mk\/sq\/wp-json\/wp\/v2\/pages"}],"about":[{"href":"https:\/\/arhiv.mk\/sq\/wp-json\/wp\/v2\/types\/page"}],"author":[{"embeddable":true,"href":"https:\/\/arhiv.mk\/sq\/wp-json\/wp\/v2\/users\/1"}],"replies":[{"embeddable":true,"href":"https:\/\/arhiv.mk\/sq\/wp-json\/wp\/v2\/comments?post=2862"}],"version-history":[{"count":14,"href":"https:\/\/arhiv.mk\/sq\/wp-json\/wp\/v2\/pages\/2862\/revisions"}],"predecessor-version":[{"id":4490,"href":"https:\/\/arhiv.mk\/sq\/wp-json\/wp\/v2\/pages\/2862\/revisions\/4490"}],"wp:attachment":[{"href":"https:\/\/arhiv.mk\/sq\/wp-json\/wp\/v2\/media?parent=2862"}],"curies":[{"name":"wp","href":"https:\/\/api.w.org\/{rel}","templated":true}]}}