{"id":30,"date":"2020-12-02T21:49:23","date_gmt":"2020-12-02T21:49:23","guid":{"rendered":"http:\/\/darm.vremeeza.mk\/?page_id=30"},"modified":"2021-03-26T22:08:48","modified_gmt":"2021-03-26T22:08:48","slug":"organizacija-i-upravuvanje","status":"publish","type":"page","link":"https:\/\/arhiv.mk\/sq\/organizacija-i-upravuvanje\/","title":{"rendered":"Organizimi dhe udh\u00ebheqja"},"content":{"rendered":"<div data-elementor-type=\"wp-page\" data-elementor-id=\"30\" class=\"elementor elementor-30\" data-elementor-post-type=\"page\">\n\t\t\t\t\t\t<section class=\"elementor-section elementor-top-section elementor-element elementor-element-e57050a elementor-section-content-middle elementor-section-boxed elementor-section-height-default elementor-section-height-default\" data-id=\"e57050a\" data-element_type=\"section\">\n\t\t\t\t\t\t<div class=\"elementor-container elementor-column-gap-default\">\n\t\t\t\t\t<div class=\"elementor-column elementor-col-100 elementor-top-column elementor-element elementor-element-bd13367\" data-id=\"bd13367\" data-element_type=\"column\">\n\t\t\t<div class=\"elementor-widget-wrap elementor-element-populated\">\n\t\t\t\t\t\t<div class=\"elementor-element elementor-element-70878bc elementor-widget elementor-widget-heading\" data-id=\"70878bc\" data-element_type=\"widget\" data-widget_type=\"heading.default\">\n\t\t\t\t<div class=\"elementor-widget-container\">\n\t\t\t\t\t<h1 class=\"elementor-heading-title elementor-size-default\">STRUKTURA ORGANIZATIVE DHE FUNKSIONALE E ARKIVIT SHTET\u00cbROR T\u00cb REPUBLIK\u00cbS S\u00cb MAQEDONIS\u00cb S\u00cb VERIUT<\/h1>\t\t\t\t<\/div>\n\t\t\t\t<\/div>\n\t\t\t\t<div class=\"elementor-element elementor-element-a05e88b elementor-widget elementor-widget-text-editor\" data-id=\"a05e88b\" data-element_type=\"widget\" data-widget_type=\"text-editor.default\">\n\t\t\t\t<div class=\"elementor-widget-container\">\n\t\t\t\t\t\t\t\t\t<p>Arkivi shtet\u00ebror i Republik\u00ebs s\u00eb Maqedonis\u00eb s\u00eb Veriut strukturimin e vet organizativo-funksional e krijon sipas natyr\u00ebs s\u00eb pun\u00ebve dhe funksioneve q\u00eb jan\u00eb t\u00eb standartizuara dhe karakteristike p\u00ebr n\u0458\u00eb arkiv bashk\u00ebkohor. T\u00eb tilla jan\u00eb funksionet n\u00eb vijim:<\/p><ul><li>udh\u00ebheqje dhe menaxhim me Arkivin;<\/li><li>kryerje t\u00eb mbik\u00ebqyrjes inspektuese dhe dh\u00ebnie t\u00eb ndihm\u00ebs profesionale n\u00eb mbrojtje t\u00eb materialit arkivor q\u00eb krijohet tek poseduesit;<\/li><li>mbrojtje t\u00eb materialit arkivor n\u00eb Arkiv;<\/li><li>rregullim dhe p\u00ebrpunim t\u00eb fondeve dhe materialeve arkivore n\u00eb Arkiv;<\/li><li>organizim i nj\u00eb sh\u00ebrbimi p\u00ebr informim, disponueshm\u00ebri dhe shfryt\u00ebzim t\u00eb materialit arkivor n\u00eb sall\u00eb leximi t\u00eb specializuar;<\/li><li>hulumtim t\u00eb materialit arkivor n\u00eb vend the jasht\u00eb vendit;<\/li><li>publikim t\u00eb materialit arkivor dhe mjeteve shkencoro-informative;<\/li><li>prezantim dhe popullarizim t\u00eb materialit arkivor;<\/li><li>nd\u00ebrtim t\u00eb nj\u00eb sistemi t\u00eb vet\u00ebm informativ t\u00eb ASHRMV;<\/li><li>organizim i sh\u00ebrbimit t\u00eb p\u00ebrgjithsh\u00ebm p\u00ebr \u00e7\u00ebshtjet juridike, kadrovike, financiare, t\u00eb pun\u00ebve n\u00eb zyr\u00eb-arkivore dhe t\u00eb siguris\u00eb.<\/li><\/ul><p>Nga aty dhe struktura organizative e Arkivit shtet\u00ebror t\u00eb Republik\u00ebs s\u00eb Maqedonis\u00eb s\u00eb Veriut rrjedh nga grupimi i funksioneve dhe aktiviteteve t\u00eb lartp\u00ebrmendura sipas lidhjeve dhe ngjashm\u00ebrive t\u00eb tyre funksionale.<\/p><p><em>Shkarko:<\/em> <a class=\"ico_pdf16\" href=\"https:\/\/arhiv.mk\/wp-content\/uploads\/2021\/02\/Organogram-maj-2020.pdf\" target=\"_blank\" rel=\"noopener\">Organogram p\u00ebr ogranizim t\u00eb brendsh\u00ebm t\u00eb ASHMRV<\/a><\/p>\t\t\t\t\t\t\t\t<\/div>\n\t\t\t\t<\/div>\n\t\t\t\t<div class=\"elementor-element elementor-element-344b1e9 elementor-widget elementor-widget-heading\" data-id=\"344b1e9\" data-element_type=\"widget\" data-widget_type=\"heading.default\">\n\t\t\t\t<div class=\"elementor-widget-container\">\n\t\t\t\t\t<h2 class=\"elementor-heading-title elementor-size-default\">UDH\u00cbHEQJA DHE MENAXHIMI ME ARKIVIN SHTET\u00cbROR<\/h2>\t\t\t\t<\/div>\n\t\t\t\t<\/div>\n\t\t\t\t<div class=\"elementor-element elementor-element-6eef9f3 elementor-widget elementor-widget-text-editor\" data-id=\"6eef9f3\" data-element_type=\"widget\" data-widget_type=\"text-editor.default\">\n\t\t\t\t<div class=\"elementor-widget-container\">\n\t\t\t\t\t\t\t\t\t<p>Arkivi shtet\u00ebror i Republik\u00ebs s\u00eb Maqedonis\u00eb s\u00eb Veriut ka statusin e nj\u00eb organizate administrative brenda administrat\u00ebs shtet\u00ebrore t\u00eb Republik\u00ebs s\u00eb Maqedonis\u00eb s\u00eb Veriut. N\u00eb vij\u00eb vertikale, Arkivi shtet\u00ebror \u00ebsht\u00eb i lidhur drejtp\u00ebrdrejt me Qeverin\u00eb e Republik\u00ebs s\u00eb Maqedonis\u00eb s\u00eb Veriut dhe asaj i \u00ebsht\u00eb p\u00ebrgjegj\u00ebs. Me Arkivin shtet\u00ebror udh\u00ebheq funksionar shtet\u00ebror \u2013 drejtor.<\/p><p>Drejtori i ASHRMV-s\u00eb disponon me autorizime t\u00eb m\u00ebdha n\u00eb lidhje me p\u00ebrfaq\u00ebsimin dhe funksionimin e p\u00ebrgjithsh\u00ebm t\u00eb ASHRMV-s\u00eb. Ai \u00ebsht\u00eb p\u00ebrgjegj\u00ebs p\u00ebr funksionimin e ASHRMV-s\u00eb. Drejtori ka z\u00ebvend\u00ebsin e tij.<\/p><p>P\u00ebr \u00e7\u00ebshtje t\u00eb caktuara dhe profesionale, drejtorit i ndihmon organi k\u00ebshillues \u2013 kolegiumi profesional. N\u00eb pun\u00ebn e kolegiumit profesional marrin pjes\u00eb udh\u00ebheq\u00ebsit e nj\u00ebsive organizative themelore dhe t\u00eb brendshme.<\/p><p>Me nj\u00ebsit\u00eb themelore udh\u00ebheqin udh\u00ebheq\u00ebs t\u00eb sektor\u00ebve. Me nj\u00ebsit\u00eb e brendshme organizative udh\u00ebheqin udh\u00ebheq\u00ebs t\u00eb nj\u00ebsive. Me nj\u00ebsit\u00eb rajonale t\u00eb ASHRMV udh\u00ebheqin udh\u00ebheq\u00ebs t\u00eb nj\u00ebsive.<\/p><p>P\u00ebr shqyrtim t\u00eb \u00e7\u00ebshtjeve me karakter profesionalo-shkencor, n\u00eb Arkiv ekziston k\u00ebshill profesionalo-shkencor n\u00eb t\u00eb cilin marrin pjes\u00eb dhe punonj\u00ebs profesinal dhe shkencor t\u00eb cil\u00ebt nuk jan\u00eb n\u00eb marr\u00ebdh\u00ebnie pune me Arkivin.<\/p><p>Nj\u00ebsit\u00eb e ASHRMV, me seli n\u00eb k\u00ebto qytete: Manastir, Shkup, Prilep, Kumanov\u00eb, Veles, Strumic\u00eb, Oh\u00ebr, Shtip dhe Tetov\u00eb, nuk kan\u00eb statusin e personit juridik dhe p\u00ebrfaq\u00ebsojn\u00eb nj\u00ebsi organizative t\u00eb dislokuara t\u00eb Arkivit Shtet\u00ebror t\u00eb cil\u00ebt kryejn\u00eb funksione arkivore n\u00eb nj\u00eb zone t\u00eb caktuar territoriale t\u00eb disa komunave.<\/p>\t\t\t\t\t\t\t\t<\/div>\n\t\t\t\t<\/div>\n\t\t\t\t\t<\/div>\n\t\t<\/div>\n\t\t\t\t\t<\/div>\n\t\t<\/section>\n\t\t\t\t<\/div>","protected":false},"excerpt":{"rendered":"<p>\u041e\u0420\u0413\u0410\u041d\u0418\u0417\u0410\u0426\u0418\u0421\u041a\u0410 \u0418 \u0424\u0423\u041d\u041a\u0426\u0418\u041e\u041d\u0410\u041b\u041d\u0410 \u041f\u041e\u0421\u0422\u0410\u0412\u0415\u041d\u041e\u0421\u0422 \u041d\u0410 \u0414\u0420\u0416\u0410\u0412\u041d\u0418\u041e\u0422 \u0410\u0420\u0425\u0418\u0412 \u041d\u0410 \u0420\u0415\u041f\u0423\u0411\u041b\u0418\u041a\u0410 \u0421\u0415\u0412\u0415\u0420\u041d\u0410 \u041c\u0410\u041a\u0415\u0414\u041e\u041d\u0418\u0408\u0410 \u0414\u0440\u0436\u0430\u0432\u043d\u0438\u043e\u0442 \u0430\u0440\u0445\u0438\u0432 \u043d\u0430 \u0420\u0435\u043f\u0443\u0431\u043b\u0438\u043a\u0430 \u0421\u0435\u0432\u0435\u0440\u043d\u0430 \u041c\u0430\u043a\u0435\u0434\u043e\u043d\u0438\u0458\u0430 \u0441\u043e\u043f\u0441\u0442\u0432\u0435\u043d\u0430\u0442\u0430 \u043e\u0440\u0433\u0430\u043d\u0438\u0437\u0430\u0446\u0438\u0441\u043a\u043e-\u0444\u0443\u043d\u043a\u0446\u0438\u043e\u043d\u0430\u043b\u043d\u0430 \u043f\u043e\u0441\u0442\u0430\u0432\u0435\u043d\u043e\u0441\u0442 \u0458\u0430 \u0446\u0440\u043f\u0438 \u0441\u043f\u043e\u0440\u0435\u0434 \u043f\u0440\u0438\u0440\u043e\u0434\u0430\u0442\u0430 \u043d\u0430 \u0440\u0430\u0431\u043e\u0442\u0438\u0442\u0435 \u0438 \u0444\u0443\u043d\u043a\u0446\u0438\u0438\u0442\u0435 \u0448\u0442\u043e \u0441\u0435 \u0441\u0442\u0430\u043d\u0434\u0430\u0440\u0434\u043d\u0438 \u0438 \u043a\u0430\u0440\u0430\u043a\u0442\u0435\u0440\u0438\u0441\u0442\u0438\u0447\u043d\u0438 \u0437\u0430 \u0435\u0434\u0435\u043d \u0441\u043e\u0432\u0440\u0435\u043c\u0435\u043d \u0430\u0440\u0445\u0438\u0432. \u0422\u0430\u043a\u0432\u0438 \u0441\u0435 \u0441\u043b\u0435\u0434\u043d\u0438\u0442\u0435 \u0444\u0443\u043d\u043a\u0446\u0438\u0438: \u0443\u043f\u0440\u0430\u0432\u0443\u0432\u0430\u045a\u0435 \u0438 \u0440\u0430\u043a\u043e\u0432\u043e\u0434\u0435\u045a\u0435 \u0441\u043e \u0410\u0440\u0445\u0438\u0432\u043e\u0442; \u0432\u0440\u0448\u0435\u045a\u0435 \u0438\u043d\u0441\u043f\u0435\u043a\u0446\u0438\u0441\u043a\u0438 \u043d\u0430\u0434\u0437\u043e\u0440 \u0438 \u0434\u0430\u0432\u0430\u045a\u0435 \u0441\u0442\u0440\u0443\u0447\u043d\u0430 \u043f\u043e\u043c\u043e\u0448 \u0432\u043e \u0437\u0430\u0448\u0442\u0438\u0442\u0430\u0442\u0430 [&hellip;]<\/p>","protected":false},"author":1,"featured_media":0,"parent":0,"menu_order":6,"comment_status":"closed","ping_status":"closed","template":"","meta":{"site-sidebar-layout":"no-sidebar","site-content-layout":"page-builder","ast-site-content-layout":"","site-content-style":"default","site-sidebar-style":"default","ast-global-header-display":"","ast-banner-title-visibility":"","ast-main-header-display":"","ast-hfb-above-header-display":"","ast-hfb-below-header-display":"","ast-hfb-mobile-header-display":"","site-post-title":"disabled","ast-breadcrumbs-content":"disabled","ast-featured-img":"disabled","footer-sml-layout":"","theme-transparent-header-meta":"disabled","adv-header-id-meta":"","stick-header-meta":"","header-above-stick-meta":"","header-main-stick-meta":"","header-below-stick-meta":"","astra-migrate-meta-layouts":"default","ast-page-background-enabled":"default","ast-page-background-meta":{"desktop":{"background-color":"","background-image":"","background-repeat":"repeat","background-position":"center center","background-size":"auto","background-attachment":"scroll","background-type":"","background-media":"","overlay-type":"","overlay-color":"","overlay-opacity":"","overlay-gradient":""},"tablet":{"background-color":"","background-image":"","background-repeat":"repeat","background-position":"center center","background-size":"auto","background-attachment":"scroll","background-type":"","background-media":"","overlay-type":"","overlay-color":"","overlay-opacity":"","overlay-gradient":""},"mobile":{"background-color":"","background-image":"","background-repeat":"repeat","background-position":"center center","background-size":"auto","background-attachment":"scroll","background-type":"","background-media":"","overlay-type":"","overlay-color":"","overlay-opacity":"","overlay-gradient":""}},"ast-content-background-meta":{"desktop":{"background-color":"var(--ast-global-color-5)","background-image":"","background-repeat":"repeat","background-position":"center center","background-size":"auto","background-attachment":"scroll","background-type":"","background-media":"","overlay-type":"","overlay-color":"","overlay-opacity":"","overlay-gradient":""},"tablet":{"background-color":"var(--ast-global-color-5)","background-image":"","background-repeat":"repeat","background-position":"center center","background-size":"auto","background-attachment":"scroll","background-type":"","background-media":"","overlay-type":"","overlay-color":"","overlay-opacity":"","overlay-gradient":""},"mobile":{"background-color":"var(--ast-global-color-5)","background-image":"","background-repeat":"repeat","background-position":"center center","background-size":"auto","background-attachment":"scroll","background-type":"","background-media":"","overlay-type":"","overlay-color":"","overlay-opacity":"","overlay-gradient":""}},"footnotes":""},"class_list":["post-30","page","type-page","status-publish","hentry"],"_links":{"self":[{"href":"https:\/\/arhiv.mk\/sq\/wp-json\/wp\/v2\/pages\/30","targetHints":{"allow":["GET"]}}],"collection":[{"href":"https:\/\/arhiv.mk\/sq\/wp-json\/wp\/v2\/pages"}],"about":[{"href":"https:\/\/arhiv.mk\/sq\/wp-json\/wp\/v2\/types\/page"}],"author":[{"embeddable":true,"href":"https:\/\/arhiv.mk\/sq\/wp-json\/wp\/v2\/users\/1"}],"replies":[{"embeddable":true,"href":"https:\/\/arhiv.mk\/sq\/wp-json\/wp\/v2\/comments?post=30"}],"version-history":[{"count":11,"href":"https:\/\/arhiv.mk\/sq\/wp-json\/wp\/v2\/pages\/30\/revisions"}],"predecessor-version":[{"id":4485,"href":"https:\/\/arhiv.mk\/sq\/wp-json\/wp\/v2\/pages\/30\/revisions\/4485"}],"wp:attachment":[{"href":"https:\/\/arhiv.mk\/sq\/wp-json\/wp\/v2\/media?parent=30"}],"curies":[{"name":"wp","href":"https:\/\/api.w.org\/{rel}","templated":true}]}}