{"id":3112,"date":"2021-03-03T15:46:48","date_gmt":"2021-03-03T15:46:48","guid":{"rendered":"https:\/\/itistimefor.mk\/?page_id=3112"},"modified":"2021-03-26T22:11:54","modified_gmt":"2021-03-26T22:11:54","slug":"listovi","status":"publish","type":"page","link":"https:\/\/arhiv.mk\/sq\/listovi\/","title":{"rendered":"\u041b\u0438\u0441\u0442\u043e\u0432\u0438"},"content":{"rendered":"<div data-elementor-type=\"wp-page\" data-elementor-id=\"3112\" class=\"elementor elementor-3112\" data-elementor-post-type=\"page\">\n\t\t\t\t\t\t<section class=\"elementor-section elementor-top-section elementor-element elementor-element-d8c7f74 elementor-section-boxed elementor-section-height-default elementor-section-height-default\" data-id=\"d8c7f74\" data-element_type=\"section\">\n\t\t\t\t\t\t<div class=\"elementor-container elementor-column-gap-default\">\n\t\t\t\t\t<div class=\"elementor-column elementor-col-100 elementor-top-column elementor-element elementor-element-3adb73d\" data-id=\"3adb73d\" data-element_type=\"column\">\n\t\t\t<div class=\"elementor-widget-wrap elementor-element-populated\">\n\t\t\t\t\t\t<div class=\"elementor-element elementor-element-fda41a6 elementor-widget elementor-widget-heading\" data-id=\"fda41a6\" data-element_type=\"widget\" data-widget_type=\"heading.default\">\n\t\t\t\t<div class=\"elementor-widget-container\">\n\t\t\t\t\t<h1 class=\"elementor-heading-title elementor-size-default\">Flet\u00eb nga P\u00ebrmbledhja<\/h1>\t\t\t\t<\/div>\n\t\t\t\t<\/div>\n\t\t\t\t<div class=\"elementor-element elementor-element-9d95bde elementor-widget elementor-widget-text-editor\" data-id=\"9d95bde\" data-element_type=\"widget\" data-widget_type=\"text-editor.default\">\n\t\t\t\t<div class=\"elementor-widget-container\">\n\t\t\t\t\t\t\t\t\t<p>N\u00eb Arkivin Shtet\u00ebror t\u00eb Republik\u00ebs s\u00eb Maqedonsi\u00eb s\u00eb Veriut ekziston nj\u00eb dor\u00ebshkrim shum\u00eb interesant dhe i vjet\u00ebr i papublikuar -  p\u00ebrmbledhje apokrifesh, n\u00eb t\u00eb cilin p\u00ebrfaq\u00ebsohet p\u00ebrb\u00ebrja apokrIfe e Afrodit\u00ebs Persiane.<\/p><p>Teksti jep historin\u00eb apokrifike t\u00eb mrekullis\u00eb n\u00eb Persi dhe t\u00eb lindjes s\u00eb Jezu Krishtit, baza e s\u00eb cil\u00ebs \u00ebsht\u00eb tregimi biblik i lindjes s\u00eb Shpetimtarit.<\/p><p>Apokrifit\u00eb e lindjes s\u00eb Krishtit me t\u00eb gjitha momentet shoq\u00ebruese ka qen\u00eb lart\u00ebsia e preferuar e njer\u00ebzve p\u00ebr shum\u00eb shekuj, deri n\u00eb shekullin XIX. P\u00ebr t\u00eb flasin shum\u00eb epizode dhe motive q\u00eb kan\u00eb kaluar nga apokrif\u00ebt n\u00eb artin popullor t\u00eb t\u00eb gjith\u00eb popujve sllav\u00eb.<\/p>\t\t\t\t\t\t\t\t<\/div>\n\t\t\t\t<\/div>\n\t\t\t\t<div class=\"elementor-element elementor-element-18a670c elementor-grid-6 elementor-grid-tablet-2 elementor-grid-mobile-1 elementor-posts--thumbnail-top elementor-widget elementor-widget-posts\" data-id=\"18a670c\" data-element_type=\"widget\" data-settings=\"{&quot;classic_columns&quot;:&quot;6&quot;,&quot;pagination_type&quot;:&quot;numbers_and_prev_next&quot;,&quot;classic_columns_tablet&quot;:&quot;2&quot;,&quot;classic_columns_mobile&quot;:&quot;1&quot;,&quot;classic_row_gap&quot;:{&quot;unit&quot;:&quot;px&quot;,&quot;size&quot;:35,&quot;sizes&quot;:[]},&quot;classic_row_gap_tablet&quot;:{&quot;unit&quot;:&quot;px&quot;,&quot;size&quot;:&quot;&quot;,&quot;sizes&quot;:[]},&quot;classic_row_gap_mobile&quot;:{&quot;unit&quot;:&quot;px&quot;,&quot;size&quot;:&quot;&quot;,&quot;sizes&quot;:[]}}\" data-widget_type=\"posts.classic\">\n\t\t\t\t<div class=\"elementor-widget-container\">\n\t\t\t\t\t\t\t<div class=\"elementor-posts-container elementor-posts elementor-posts--skin-classic elementor-grid\">\n\t\t\t\t<article class=\"elementor-post elementor-grid-item post-10902 post type-post status-publish format-standard has-post-thumbnail hentry category-3 category-8\">\n\t\t\t\t<a class=\"elementor-post__thumbnail__link\" href=\"https:\/\/arhiv.mk\/sq\/2024\/08\/09\/10902\/\" tabindex=\"-1\" >\n\t\t\t<div class=\"elementor-post__thumbnail\"><img fetchpriority=\"high\" decoding=\"async\" width=\"300\" height=\"200\" src=\"https:\/\/arhiv.mk\/wp-content\/uploads\/2024\/08\/2-300x200.jpg\" class=\"attachment-medium size-medium wp-image-10903\" alt=\"\" srcset=\"https:\/\/arhiv.mk\/wp-content\/uploads\/2024\/08\/2-300x200.jpg 300w, https:\/\/arhiv.mk\/wp-content\/uploads\/2024\/08\/2-18x12.jpg 18w, https:\/\/arhiv.mk\/wp-content\/uploads\/2024\/08\/2.jpg 640w\" sizes=\"(max-width: 300px) 100vw, 300px\" \/><\/div>\n\t\t<\/a>\n\t\t\t\t<div class=\"elementor-post__text\">\n\t\t\t\t<h3 class=\"elementor-post__title\">\n\t\t\t<a href=\"https:\/\/arhiv.mk\/sq\/2024\/08\/09\/10902\/\" >\n\t\t\t\tProf. Dr. Natasha Kotllar Trajkova, Drejtoresh\u00eb e Arkivit Shtet\u00ebror\t\t\t<\/a>\n\t\t<\/h3>\n\t\t\t\t<div class=\"elementor-post__excerpt\">\n\t\t\t<p>\u0414\u0435\u043d\u0435\u0441, \u0432\u043e \u043f\u0440\u043e\u0441\u0442\u043e\u0440\u0438\u0438\u0442\u0435 \u043d\u0430 \u0414\u0440\u0436\u0430\u0432\u043d\u0438\u043e\u0442 \u0430\u0440\u0445\u0438\u0432, \u043f\u0440\u043e\u0444.\u0434-\u0440 \u041d\u0430\u0442\u0430\u0448\u0430 \u041a\u043e\u0442\u043b\u0430\u0440 \u0422\u0440\u0430\u0458\u043a\u043e\u0432\u0430 \u0441\u0432\u0435\u0447\u0435\u043d\u043e \u0458\u0430 \u043f\u0440\u0435\u0437\u0435\u0434\u0435 \u0444\u0443\u043d\u043a\u0446\u0438\u0458\u0430\u0442\u0430 \u0434\u0438\u0440\u0435\u043a\u0442\u043e\u0440 \u043e\u0434 \u043c-\u0440 \u0425\u0440\u0438\u0441\u0442\u0430 \u041d\u0430\u0458\u0434\u0430\u043d\u043e\u0432, \u043a\u043e\u0458 \u0434\u043e\u0441\u0435\u0433\u0430 \u0458\u0430 \u0438\u0437\u0432\u0440\u0448\u0443\u0432\u0430\u0448\u0435 \u0442\u0430\u0430 \u0444\u0443\u043d\u043a\u0446\u0438\u0458\u0430.\u041d\u0430<\/p>\n\t\t<\/div>\n\t\t\n\t\t<a class=\"elementor-post__read-more\" href=\"https:\/\/arhiv.mk\/sq\/2024\/08\/09\/10902\/\" aria-label=\"Read more about \u041f\u0440\u043e\u0444.\u0434-\u0440 \u041d\u0430\u0442\u0430\u0448\u0430 \u041a\u043e\u0442\u043b\u0430\u0440 \u0422\u0440\u0430\u0458\u043a\u043e\u0432a, \u0434\u0438\u0440\u0435\u043a\u0442\u043e\u0440 \u043d\u0430 \u0414\u0440\u0436\u0430\u0432\u043d\u0438\u043e\u0442 \u0430\u0440\u0445\u0438\u0432\" tabindex=\"-1\" >\n\t\t\tZbulo me shume &quot;\t\t<\/a>\n\n\t\t\t\t<\/div>\n\t\t\t\t<\/article>\n\t\t\t\t<article class=\"elementor-post elementor-grid-item post-8265 post type-post status-publish format-standard has-post-thumbnail hentry category-3 category-8\">\n\t\t\t\t<a class=\"elementor-post__thumbnail__link\" href=\"https:\/\/arhiv.mk\/sq\/2022\/09\/19\/%d0%bf%d1%80%d0%be%d0%bc%d0%be%d0%b2%d0%b8%d1%80%d0%b0%d0%bd%d0%be-%d0%b8%d0%b7%d0%b4%d0%b0%d0%bd%d0%b8%d0%b5%d1%82%d0%be-%d0%bd%d0%b8%d0%ba%d0%be-%d0%b7%d1%83%d0%bf%d0%b0%d0%bd%d0%b8%d1%87\/\" tabindex=\"-1\" >\n\t\t\t<div class=\"elementor-post__thumbnail\"><img decoding=\"async\" width=\"300\" height=\"200\" src=\"https:\/\/arhiv.mk\/wp-content\/uploads\/2022\/09\/IMG_5970-300x200.jpg\" class=\"attachment-medium size-medium wp-image-8270\" alt=\"\" srcset=\"https:\/\/arhiv.mk\/wp-content\/uploads\/2022\/09\/IMG_5970-300x200.jpg 300w, https:\/\/arhiv.mk\/wp-content\/uploads\/2022\/09\/IMG_5970-1024x683.jpg 1024w, https:\/\/arhiv.mk\/wp-content\/uploads\/2022\/09\/IMG_5970-768x512.jpg 768w, https:\/\/arhiv.mk\/wp-content\/uploads\/2022\/09\/IMG_5970-1536x1024.jpg 1536w, https:\/\/arhiv.mk\/wp-content\/uploads\/2022\/09\/IMG_5970-2048x1365.jpg 2048w, https:\/\/arhiv.mk\/wp-content\/uploads\/2022\/09\/IMG_5970-16x12.jpg 16w\" sizes=\"(max-width: 300px) 100vw, 300px\" \/><\/div>\n\t\t<\/a>\n\t\t\t\t<div class=\"elementor-post__text\">\n\t\t\t\t<h3 class=\"elementor-post__title\">\n\t\t\t<a href=\"https:\/\/arhiv.mk\/sq\/2022\/09\/19\/%d0%bf%d1%80%d0%be%d0%bc%d0%be%d0%b2%d0%b8%d1%80%d0%b0%d0%bd%d0%be-%d0%b8%d0%b7%d0%b4%d0%b0%d0%bd%d0%b8%d0%b5%d1%82%d0%be-%d0%bd%d0%b8%d0%ba%d0%be-%d0%b7%d1%83%d0%bf%d0%b0%d0%bd%d0%b8%d1%87\/\" >\n\t\t\t\tU PROMOVUA BOTIMI  ,,NIKO ZUPANI\u00c7 DHE MAQEDONIA N\u00cb VITIN 1903\u2019\u2019 NGA M-r VIKTOR GABER\t\t\t<\/a>\n\t\t<\/h3>\n\t\t\t\t<div class=\"elementor-post__excerpt\">\n\t\t\t<p>Arkivi Shtet\u00ebror n\u00eb kuad\u00ebr t\u00eb veprimtaris\u00eb s\u00eb tij botuese botoi s\u00eb fundmi Studimin: \u201cNiko Zhupaniqi dhe Maqedonia n\u00eb vitin 1903\u201d, p\u00ebrgatitur nga ambasadori Viktor Gaber.<\/p>\n\t\t<\/div>\n\t\t\n\t\t<a class=\"elementor-post__read-more\" href=\"https:\/\/arhiv.mk\/sq\/2022\/09\/19\/%d0%bf%d1%80%d0%be%d0%bc%d0%be%d0%b2%d0%b8%d1%80%d0%b0%d0%bd%d0%be-%d0%b8%d0%b7%d0%b4%d0%b0%d0%bd%d0%b8%d0%b5%d1%82%d0%be-%d0%bd%d0%b8%d0%ba%d0%be-%d0%b7%d1%83%d0%bf%d0%b0%d0%bd%d0%b8%d1%87\/\" aria-label=\"Read more about \u041f\u0440\u043e\u043c\u043e\u0432\u0438\u0440\u0430\u043d\u043e \u0438\u0437\u0434\u0430\u043d\u0438\u0435\u0442\u043e \u201e\u041d\u0438\u043a\u043e \u0417\u0443\u043f\u0430\u043d\u0438\u0447 \u0438 \u041c\u0430\u043a\u0435\u0434\u043e\u043d\u0438\u0458\u0430 \u0432\u043e 1903 \u0433\u043e\u0434\u0438\u043d\u0430\u201c \u043e\u0434 \u043c-\u0440 \u0412\u0438\u043a\u0442\u043e\u0440 \u0413\u0430\u0431\u0435\u0440\" tabindex=\"-1\" >\n\t\t\tZbulo me shume &quot;\t\t<\/a>\n\n\t\t\t\t<\/div>\n\t\t\t\t<\/article>\n\t\t\t\t<article class=\"elementor-post elementor-grid-item post-3110 post type-post status-publish format-standard hentry category-8\">\n\t\t\t\t<div class=\"elementor-post__text\">\n\t\t\t\t<h3 class=\"elementor-post__title\">\n\t\t\t<a href=\"https:\/\/arhiv.mk\/sq\/2021\/03\/03\/%d0%bb%d0%b8%d1%81%d1%82-1\/\" >\n\t\t\t\tFleta 1\t\t\t<\/a>\n\t\t<\/h3>\n\t\t\t\t<div class=\"elementor-post__excerpt\">\n\t\t\t<p>P\u00ebrmbledhja: P\u00ebrmbledhja apokrif Signatura: AM M-II-2 Lloji: Material arkivor Periudha: shekulli IV Forma: elektronike Formati: imazhi\/ TIFF Fleta nr: 1 P\u00ebrmasat: 21 x 14<\/p>\n\t\t<\/div>\n\t\t\n\t\t<a class=\"elementor-post__read-more\" href=\"https:\/\/arhiv.mk\/sq\/2021\/03\/03\/%d0%bb%d0%b8%d1%81%d1%82-1\/\" aria-label=\"Read more about \u041b\u0438\u0441\u0442 1\" tabindex=\"-1\" >\n\t\t\tZbulo me shume &quot;\t\t<\/a>\n\n\t\t\t\t<\/div>\n\t\t\t\t<\/article>\n\t\t\t\t<article class=\"elementor-post elementor-grid-item post-3108 post type-post status-publish format-standard hentry category-8\">\n\t\t\t\t<div class=\"elementor-post__text\">\n\t\t\t\t<h3 class=\"elementor-post__title\">\n\t\t\t<a href=\"https:\/\/arhiv.mk\/sq\/2021\/03\/03\/%d0%bb%d0%b8%d1%81%d1%82-2\/\" >\n\t\t\t\tFleta 2\t\t\t<\/a>\n\t\t<\/h3>\n\t\t\t\t<div class=\"elementor-post__excerpt\">\n\t\t\t<p>P\u00ebrmbledhja: P\u00ebrmbledhja apokrif Signatura: AM M-II-2 Lloji: Material arkivor Periudha: shekulli IV Forma: elektronike Formati: imazhi\/ TIFF Fleta nr: 2 P\u00ebrmasat: 21 x 14<\/p>\n\t\t<\/div>\n\t\t\n\t\t<a class=\"elementor-post__read-more\" href=\"https:\/\/arhiv.mk\/sq\/2021\/03\/03\/%d0%bb%d0%b8%d1%81%d1%82-2\/\" aria-label=\"Read more about \u041b\u0438\u0441\u0442 2\" tabindex=\"-1\" >\n\t\t\tZbulo me shume &quot;\t\t<\/a>\n\n\t\t\t\t<\/div>\n\t\t\t\t<\/article>\n\t\t\t\t<article class=\"elementor-post elementor-grid-item post-3106 post type-post status-publish format-standard hentry category-8\">\n\t\t\t\t<div class=\"elementor-post__text\">\n\t\t\t\t<h3 class=\"elementor-post__title\">\n\t\t\t<a href=\"https:\/\/arhiv.mk\/sq\/2021\/03\/03\/%d0%bb%d0%b8%d1%81%d1%82-3\/\" >\n\t\t\t\tFleta 3\t\t\t<\/a>\n\t\t<\/h3>\n\t\t\t\t<div class=\"elementor-post__excerpt\">\n\t\t\t<p>P\u00ebrmbledhja: P\u00ebrmbledhja apokrif Signatura: AM M-II-2 Lloji: Material arkivor Periudha: shekulli IV Forma: elektronike Formati: imazhi\/ TIFF Fleta nr: 3 P\u00ebrmasat: 21 x 14<\/p>\n\t\t<\/div>\n\t\t\n\t\t<a class=\"elementor-post__read-more\" href=\"https:\/\/arhiv.mk\/sq\/2021\/03\/03\/%d0%bb%d0%b8%d1%81%d1%82-3\/\" aria-label=\"Read more about \u041b\u0438\u0441\u0442 3\" tabindex=\"-1\" >\n\t\t\tZbulo me shume &quot;\t\t<\/a>\n\n\t\t\t\t<\/div>\n\t\t\t\t<\/article>\n\t\t\t\t<article class=\"elementor-post elementor-grid-item post-3104 post type-post status-publish format-standard hentry category-8\">\n\t\t\t\t<div class=\"elementor-post__text\">\n\t\t\t\t<h3 class=\"elementor-post__title\">\n\t\t\t<a href=\"https:\/\/arhiv.mk\/sq\/2021\/03\/03\/%d0%bb%d0%b8%d1%81%d1%82-4\/\" >\n\t\t\t\tFleta 4\t\t\t<\/a>\n\t\t<\/h3>\n\t\t\t\t<div class=\"elementor-post__excerpt\">\n\t\t\t<p>P\u00ebrmbledhja: P\u00ebrmbledhja apokrif Signatura: AM M-II-2 Lloji: Material arkivor Periudha: shekulli IV Forma: elektronike Formati: imazhi\/ TIFF Fleta nr: 4 P\u00ebrmasat: 21 x 14<\/p>\n\t\t<\/div>\n\t\t\n\t\t<a class=\"elementor-post__read-more\" href=\"https:\/\/arhiv.mk\/sq\/2021\/03\/03\/%d0%bb%d0%b8%d1%81%d1%82-4\/\" aria-label=\"Read more about \u041b\u0438\u0441\u0442 4\" tabindex=\"-1\" >\n\t\t\tZbulo me shume &quot;\t\t<\/a>\n\n\t\t\t\t<\/div>\n\t\t\t\t<\/article>\n\t\t\t\t<article class=\"elementor-post elementor-grid-item post-3102 post type-post status-publish format-standard hentry category-8\">\n\t\t\t\t<div class=\"elementor-post__text\">\n\t\t\t\t<h3 class=\"elementor-post__title\">\n\t\t\t<a href=\"https:\/\/arhiv.mk\/sq\/2021\/03\/03\/%d0%bb%d0%b8%d1%81%d1%82-5\/\" >\n\t\t\t\tFleta 5\t\t\t<\/a>\n\t\t<\/h3>\n\t\t\t\t<div class=\"elementor-post__excerpt\">\n\t\t\t<p>P\u00ebrmbledhja: P\u00ebrmbledhja apokrif Signatura: AM M-II-2 Lloji: Material arkivor Periudha: shekulli IV Forma: elektronike Formati: imazhi\/ TIFF Fleta nr: 5 P\u00ebrmasat: 21 x 14<\/p>\n\t\t<\/div>\n\t\t\n\t\t<a class=\"elementor-post__read-more\" href=\"https:\/\/arhiv.mk\/sq\/2021\/03\/03\/%d0%bb%d0%b8%d1%81%d1%82-5\/\" aria-label=\"Read more about \u041b\u0438\u0441\u0442 5\" tabindex=\"-1\" >\n\t\t\tZbulo me shume &quot;\t\t<\/a>\n\n\t\t\t\t<\/div>\n\t\t\t\t<\/article>\n\t\t\t\t<article class=\"elementor-post elementor-grid-item post-3100 post type-post status-publish format-standard hentry category-8\">\n\t\t\t\t<div class=\"elementor-post__text\">\n\t\t\t\t<h3 class=\"elementor-post__title\">\n\t\t\t<a href=\"https:\/\/arhiv.mk\/sq\/2021\/03\/03\/%d0%bb%d0%b8%d1%81%d1%82-6\/\" >\n\t\t\t\tFleta 6\t\t\t<\/a>\n\t\t<\/h3>\n\t\t\t\t<div class=\"elementor-post__excerpt\">\n\t\t\t<p>P\u00ebrmbledhje: p\u00ebrmbledhja apokrife N\u00ebnshkrimi: AM M-II-2 Lloji: Materiali arkivor Periudha: shekulli IV Forma: elektronike Formati: imazh \/ TIFF Fleta nr: 6 P\u00ebrmasat: 21 x 14<\/p>\n\t\t<\/div>\n\t\t\n\t\t<a class=\"elementor-post__read-more\" href=\"https:\/\/arhiv.mk\/sq\/2021\/03\/03\/%d0%bb%d0%b8%d1%81%d1%82-6\/\" aria-label=\"Read more about \u041b\u0438\u0441\u0442 6\" tabindex=\"-1\" >\n\t\t\tZbulo me shume &quot;\t\t<\/a>\n\n\t\t\t\t<\/div>\n\t\t\t\t<\/article>\n\t\t\t\t<article class=\"elementor-post elementor-grid-item post-3098 post type-post status-publish format-standard hentry category-8\">\n\t\t\t\t<div class=\"elementor-post__text\">\n\t\t\t\t<h3 class=\"elementor-post__title\">\n\t\t\t<a href=\"https:\/\/arhiv.mk\/sq\/2021\/03\/03\/%d0%bb%d0%b8%d1%81%d1%82-7\/\" >\n\t\t\t\tFleta 7\t\t\t<\/a>\n\t\t<\/h3>\n\t\t\t\t<div class=\"elementor-post__excerpt\">\n\t\t\t<p>P\u00ebrmbledhja: P\u00ebrmbledhja apokrif Signatura: AM M-II-2 Lloji: Material arkivor Periudha: shekulli IV Forma: elektronike Formati: imazhi\/ TIFF Fleta nr: 7 P\u00ebrmasat: 21 x 14<\/p>\n\t\t<\/div>\n\t\t\n\t\t<a class=\"elementor-post__read-more\" href=\"https:\/\/arhiv.mk\/sq\/2021\/03\/03\/%d0%bb%d0%b8%d1%81%d1%82-7\/\" aria-label=\"Read more about \u041b\u0438\u0441\u0442 7\" tabindex=\"-1\" >\n\t\t\tZbulo me shume &quot;\t\t<\/a>\n\n\t\t\t\t<\/div>\n\t\t\t\t<\/article>\n\t\t\t\t<article class=\"elementor-post elementor-grid-item post-3096 post type-post status-publish format-standard hentry category-8\">\n\t\t\t\t<div class=\"elementor-post__text\">\n\t\t\t\t<h3 class=\"elementor-post__title\">\n\t\t\t<a href=\"https:\/\/arhiv.mk\/sq\/2021\/03\/03\/%d0%bb%d0%b8%d1%81%d1%82-8\/\" >\n\t\t\t\tFleta 8\t\t\t<\/a>\n\t\t<\/h3>\n\t\t\t\t<div class=\"elementor-post__excerpt\">\n\t\t\t<p>P\u00ebrmbledhja: P\u00ebrmbledhja apokrif Signatura: AM M-II-2 Lloji: Material arkivor Periudha: shekulli IV Forma: elektronike Formati: imazhi\/ TIFF Fleta nr: 8 P\u00ebrmasat: 21 x 14<\/p>\n\t\t<\/div>\n\t\t\n\t\t<a class=\"elementor-post__read-more\" href=\"https:\/\/arhiv.mk\/sq\/2021\/03\/03\/%d0%bb%d0%b8%d1%81%d1%82-8\/\" aria-label=\"Read more about \u041b\u0438\u0441\u0442 8\" tabindex=\"-1\" >\n\t\t\tZbulo me shume &quot;\t\t<\/a>\n\n\t\t\t\t<\/div>\n\t\t\t\t<\/article>\n\t\t\t\t<article class=\"elementor-post elementor-grid-item post-3094 post type-post status-publish format-standard hentry category-8\">\n\t\t\t\t<div class=\"elementor-post__text\">\n\t\t\t\t<h3 class=\"elementor-post__title\">\n\t\t\t<a href=\"https:\/\/arhiv.mk\/sq\/2021\/03\/03\/%d0%bb%d0%b8%d1%81%d1%82-9\/\" >\n\t\t\t\tFleta 9\t\t\t<\/a>\n\t\t<\/h3>\n\t\t\t\t<div class=\"elementor-post__excerpt\">\n\t\t\t<p>P\u00ebrmbledhja: P\u00ebrmbledhja apokrif Signatura: AM M-II-2 Lloji: Material arkivor Periudha: shekulli IV Forma: elektronike Formati: imazhi\/ TIFF Fleta nr: 9 P\u00ebrmasat: 21 x 14<\/p>\n\t\t<\/div>\n\t\t\n\t\t<a class=\"elementor-post__read-more\" href=\"https:\/\/arhiv.mk\/sq\/2021\/03\/03\/%d0%bb%d0%b8%d1%81%d1%82-9\/\" aria-label=\"Read more about \u041b\u0438\u0441\u0442 9\" tabindex=\"-1\" >\n\t\t\tZbulo me shume &quot;\t\t<\/a>\n\n\t\t\t\t<\/div>\n\t\t\t\t<\/article>\n\t\t\t\t<article class=\"elementor-post elementor-grid-item post-3092 post type-post status-publish format-standard hentry category-8\">\n\t\t\t\t<div class=\"elementor-post__text\">\n\t\t\t\t<h3 class=\"elementor-post__title\">\n\t\t\t<a href=\"https:\/\/arhiv.mk\/sq\/2021\/03\/03\/%d0%bb%d0%b8%d1%81%d1%82-10\/\" >\n\t\t\t\tFleta 10\t\t\t<\/a>\n\t\t<\/h3>\n\t\t\t\t<div class=\"elementor-post__excerpt\">\n\t\t\t<p>P\u00ebrmbledhja: P\u00ebrmbledhja apokrif Signatura: AM M-II-2 Lloji: Material arkivor Periudha: shekulli IV Forma: elektronike Formati: imazhi\/ TIFF Fleta nr: 10 P\u00ebrmasat: 21 x 14<\/p>\n\t\t<\/div>\n\t\t\n\t\t<a class=\"elementor-post__read-more\" href=\"https:\/\/arhiv.mk\/sq\/2021\/03\/03\/%d0%bb%d0%b8%d1%81%d1%82-10\/\" aria-label=\"Read more about \u041b\u0438\u0441\u0442 10\" tabindex=\"-1\" >\n\t\t\tZbulo me shume &quot;\t\t<\/a>\n\n\t\t\t\t<\/div>\n\t\t\t\t<\/article>\n\t\t\t\t<\/div>\n\t\t\n\t\t\t\t<div class=\"e-load-more-anchor\" data-page=\"1\" data-max-page=\"6\" data-next-page=\"https:\/\/arhiv.mk\/sq\/wp-json\/wp\/v2\/pages\/3112\/page\/2\/\"><\/div>\n\t\t\t\t<nav class=\"elementor-pagination\" aria-label=\"Pagination\">\n\t\t\t<span class=\"page-numbers prev\">&quot;I m\u00ebparsh\u00ebm<\/span>\n<span aria-current=\"page\" class=\"page-numbers current\"><span class=\"elementor-screen-only\">Page<\/span>1<\/span>\n<a class=\"page-numbers\" href=\"https:\/\/arhiv.mk\/sq\/wp-json\/wp\/v2\/pages\/3112\/page\/2\/\"><span class=\"elementor-screen-only\">Page<\/span>2<\/a>\n<a class=\"page-numbers\" href=\"https:\/\/arhiv.mk\/sq\/wp-json\/wp\/v2\/pages\/3112\/page\/3\/\"><span class=\"elementor-screen-only\">Page<\/span>3<\/a>\n<a class=\"page-numbers\" href=\"https:\/\/arhiv.mk\/sq\/wp-json\/wp\/v2\/pages\/3112\/page\/4\/\"><span class=\"elementor-screen-only\">Page<\/span>4<\/a>\n<a class=\"page-numbers\" href=\"https:\/\/arhiv.mk\/sq\/wp-json\/wp\/v2\/pages\/3112\/page\/5\/\"><span class=\"elementor-screen-only\">Page<\/span>5<\/a>\n<a class=\"page-numbers\" href=\"https:\/\/arhiv.mk\/sq\/wp-json\/wp\/v2\/pages\/3112\/page\/6\/\"><span class=\"elementor-screen-only\">Page<\/span>6<\/a>\n<a class=\"page-numbers next\" href=\"https:\/\/arhiv.mk\/sq\/wp-json\/wp\/v2\/pages\/3112\/page\/2\/\">Tjetra \u00bb<\/a>\t\t<\/nav>\n\t\t\t\t\t\t<\/div>\n\t\t\t\t<\/div>\n\t\t\t\t\t<\/div>\n\t\t<\/div>\n\t\t\t\t\t<\/div>\n\t\t<\/section>\n\t\t\t\t<\/div>","protected":false},"excerpt":{"rendered":"<p>\u041b\u0438\u0441\u0442\u043e\u0432\u0438 \u043e\u0434 \u0417\u0431\u043e\u0440\u043d\u0438\u043a\u043e\u0442 \u0412\u043e \u0414\u0440\u0436\u0430\u0432\u043d\u0438\u043e\u0442 \u0430\u0440\u0445\u0438\u0432 \u043d\u0430 \u0420\u0435\u043f\u0443\u0431\u043b\u0438\u043a\u0430 \u0421\u0435\u0432\u0435\u0440\u043d\u0430 \u041c\u0430\u043a\u0435\u0434\u043e\u043d\u0438\u0458\u0430 \u0437\u0430\u0447\u0443\u0432\u0430\u043d \u0435 \u0435\u0434\u0435\u043d \u043c\u043e\u0448\u043d\u0435 \u0438\u043d\u0442\u0435\u0440\u0435\u0441\u0435\u043d \u0438 \u0441\u0442\u0430\u0440 \u043d\u0435\u043e\u0431\u0458\u0430\u0432\u0435\u043d \u0440\u0430\u043a\u043e\u043f\u0438\u0441 \u2013 \u0430\u043f\u043e\u043a\u0440\u0438\u0444\u0435\u043d \u0437\u0431\u043e\u0440\u043d\u0438\u043a, \u0432\u043e \u043a\u043e\u0458 \u0435 \u0437\u0430\u0441\u0442\u0430\u043f\u0435\u043d \u0430\u043f\u043e\u043a\u0440\u0438\u0444\u043d\u0438\u043e\u0442 \u0441\u043e\u0441\u0442\u0430\u0432 \u0437\u0430 \u0410\u0444\u0440\u043e\u0434\u0438\u0442\u0438\u0458\u0430\u043d \u041f\u0435\u0440\u0441\u0438\u0458\u0430\u043d\u0435\u0446. \u0422\u0435\u043a\u0441\u0442\u043e\u0442 \u0458\u0430 \u0434\u0430\u0432\u0430 \u0430\u043f\u043e\u043a\u0440\u0438\u0444\u043d\u0430\u0442\u0430 \u0438\u0441\u0442\u043e\u0440\u0438\u0458\u0430 \u0437\u0430 \u043d\u0430\u0441\u0442\u0430\u043d\u0430\u0442\u043e\u0442\u043e \u0447\u0443\u0434\u043e \u0432\u043e \u041f\u0435\u0440\u0441\u0438\u0458\u0430 \u0438 \u0437\u0430 \u0440\u0430\u0453\u0430\u045a\u0435\u0442\u043e \u043d\u0430 \u0418\u0441\u0443\u0441 \u0425\u0440\u0438\u0441\u0442\u043e\u0441, \u0432\u043e \u0447\u0438\u0458\u0430 \u043e\u0441\u043d\u043e\u0432\u0430 \u0432\u043b\u0435\u0433\u0443\u0432\u0430 \u0431\u0438\u0431\u043b\u0438\u0441\u043a\u0438\u043e\u0442 \u0440\u0430\u0441\u043a\u0430\u0437 \u0437\u0430 \u0440\u0430\u0453\u0430\u045a\u0435\u0442\u043e [&hellip;]<\/p>","protected":false},"author":2,"featured_media":0,"parent":0,"menu_order":0,"comment_status":"closed","ping_status":"closed","template":"","meta":{"site-sidebar-layout":"no-sidebar","site-content-layout":"page-builder","ast-site-content-layout":"","site-content-style":"default","site-sidebar-style":"default","ast-global-header-display":"","ast-banner-title-visibility":"","ast-main-header-display":"","ast-hfb-above-header-display":"","ast-hfb-below-header-display":"","ast-hfb-mobile-header-display":"","site-post-title":"disabled","ast-breadcrumbs-content":"","ast-featured-img":"disabled","footer-sml-layout":"","theme-transparent-header-meta":"default","adv-header-id-meta":"","stick-header-meta":"","header-above-stick-meta":"","header-main-stick-meta":"","header-below-stick-meta":"","astra-migrate-meta-layouts":"default","ast-page-background-enabled":"default","ast-page-background-meta":{"desktop":{"background-color":"","background-image":"","background-repeat":"repeat","background-position":"center center","background-size":"auto","background-attachment":"scroll","background-type":"","background-media":"","overlay-type":"","overlay-color":"","overlay-opacity":"","overlay-gradient":""},"tablet":{"background-color":"","background-image":"","background-repeat":"repeat","background-position":"center center","background-size":"auto","background-attachment":"scroll","background-type":"","background-media":"","overlay-type":"","overlay-color":"","overlay-opacity":"","overlay-gradient":""},"mobile":{"background-color":"","background-image":"","background-repeat":"repeat","background-position":"center center","background-size":"auto","background-attachment":"scroll","background-type":"","background-media":"","overlay-type":"","overlay-color":"","overlay-opacity":"","overlay-gradient":""}},"ast-content-background-meta":{"desktop":{"background-color":"var(--ast-global-color-5)","background-image":"","background-repeat":"repeat","background-position":"center center","background-size":"auto","background-attachment":"scroll","background-type":"","background-media":"","overlay-type":"","overlay-color":"","overlay-opacity":"","overlay-gradient":""},"tablet":{"background-color":"var(--ast-global-color-5)","background-image":"","background-repeat":"repeat","background-position":"center center","background-size":"auto","background-attachment":"scroll","background-type":"","background-media":"","overlay-type":"","overlay-color":"","overlay-opacity":"","overlay-gradient":""},"mobile":{"background-color":"var(--ast-global-color-5)","background-image":"","background-repeat":"repeat","background-position":"center center","background-size":"auto","background-attachment":"scroll","background-type":"","background-media":"","overlay-type":"","overlay-color":"","overlay-opacity":"","overlay-gradient":""}},"footnotes":""},"class_list":["post-3112","page","type-page","status-publish","hentry"],"_links":{"self":[{"href":"https:\/\/arhiv.mk\/sq\/wp-json\/wp\/v2\/pages\/3112","targetHints":{"allow":["GET"]}}],"collection":[{"href":"https:\/\/arhiv.mk\/sq\/wp-json\/wp\/v2\/pages"}],"about":[{"href":"https:\/\/arhiv.mk\/sq\/wp-json\/wp\/v2\/types\/page"}],"author":[{"embeddable":true,"href":"https:\/\/arhiv.mk\/sq\/wp-json\/wp\/v2\/users\/2"}],"replies":[{"embeddable":true,"href":"https:\/\/arhiv.mk\/sq\/wp-json\/wp\/v2\/comments?post=3112"}],"version-history":[{"count":11,"href":"https:\/\/arhiv.mk\/sq\/wp-json\/wp\/v2\/pages\/3112\/revisions"}],"predecessor-version":[{"id":4491,"href":"https:\/\/arhiv.mk\/sq\/wp-json\/wp\/v2\/pages\/3112\/revisions\/4491"}],"wp:attachment":[{"href":"https:\/\/arhiv.mk\/sq\/wp-json\/wp\/v2\/media?parent=3112"}],"curies":[{"name":"wp","href":"https:\/\/api.w.org\/{rel}","templated":true}]}}