{"id":3209,"date":"2021-03-07T16:38:31","date_gmt":"2021-03-07T16:38:31","guid":{"rendered":"https:\/\/itistimefor.mk\/?page_id=3209"},"modified":"2021-03-26T06:53:58","modified_gmt":"2021-03-26T06:53:58","slug":"materijali","status":"publish","type":"page","link":"https:\/\/arhiv.mk\/sq\/materijali\/","title":{"rendered":"Materijali"},"content":{"rendered":"<div data-elementor-type=\"wp-page\" data-elementor-id=\"3209\" class=\"elementor elementor-3209\" data-elementor-post-type=\"page\">\n\t\t\t\t\t\t<section class=\"elementor-section elementor-top-section elementor-element elementor-element-e79cf67 elementor-section-boxed elementor-section-height-default elementor-section-height-default\" data-id=\"e79cf67\" data-element_type=\"section\">\n\t\t\t\t\t\t<div class=\"elementor-container elementor-column-gap-default\">\n\t\t\t\t\t<div class=\"elementor-column elementor-col-100 elementor-top-column elementor-element elementor-element-4e5b231\" data-id=\"4e5b231\" data-element_type=\"column\">\n\t\t\t<div class=\"elementor-widget-wrap elementor-element-populated\">\n\t\t\t\t\t\t<div class=\"elementor-element elementor-element-9211d5f elementor-widget elementor-widget-heading\" data-id=\"9211d5f\" data-element_type=\"widget\" data-widget_type=\"heading.default\">\n\t\t\t\t<div class=\"elementor-widget-container\">\n\t\t\t\t\t<h1 class=\"elementor-heading-title elementor-size-default\">SHFRYT\u00cbZIM I MATERIALIT ARKIVOR N\u00cb ARKIVIN SHTET\u00cbROR T\u00cb REPUBLIK\u00cbS S\u00cb MAQEDONIS\u00cb S\u00cb VERIUT<\/h1>\t\t\t\t<\/div>\n\t\t\t\t<\/div>\n\t\t\t\t<div class=\"elementor-element elementor-element-bc2e5a7 elementor-widget elementor-widget-text-editor\" data-id=\"bc2e5a7\" data-element_type=\"widget\" data-widget_type=\"text-editor.default\">\n\t\t\t\t<div class=\"elementor-widget-container\">\n\t\t\t\t\t\t\t\t\t<p>N\u00eb baz\u00eb t\u00eb autorizimit nga Ligji p\u00ebr material arkivor, drejtori i Arkivit shtet\u00ebror t\u00eb Republik\u00ebs s\u00eb Maqedonis\u00eb s\u00eb Veriut miraton <strong>Rregullore p\u00ebr kushtet e p\u00ebrgjithshme dhe t\u00eb ve\u00e7anta p\u00ebr shfryt\u00ebzim t\u00eb materialit arkivor n\u00eb Arkiv.<\/strong><\/p><p>Me Rregulloren, rregullohen kushtet p\u00ebr shfryt\u00ebzim t\u00eb materialit arkivor nga ana e personave (shfryt\u00ebzuesve) shtet\u00ebror, shkencor, organizata profesionale dhe t\u00eb tjera, qytetaro-juridik dhe fizik. N\u00eb pajtim me Ligjin, k\u00ebt\u00eb rregullore dhe rregullore tjera, materiali arkivor n\u00eb Arkiv \u00ebsht\u00eb i disponuesh\u00ebm p\u00ebr q\u00ebllime shtet\u00ebrore, shkencore dhe t\u00eb tjera n\u00ebn kushte t\u00eb barabarta.<\/p><p>N\u00eb Arkivin Shtet\u00ebror mund t\u00eb shfryt\u00ebzohen: kopje dhe dokumente nga fondet dhe p\u00ebrmbledhjet arkivore me t\u00eb cilat disponon Arkivi: mikrofilma dhe kopje t\u00eb materialit arkivor; mjete shkencore-informative p\u00ebr fondet dhe p\u00ebrmbledhjet dhe materialit n\u00eb bibliotek.<\/p><p>Shtetasit e huaj mund t\u00eb shfryt\u00ebzojn\u00eb materialin arkivor n\u00eb pajtim me Ligjin, k\u00ebt\u00eb Rregullore dhe Rregulloren p\u00ebr q\u00ebndrim t\u00eb t\u00eb huajve n\u00eb Arkivin Shtet\u00ebror.<\/p><p>N\u00eb rregulloren konfirmohet afati i p\u00ebrgjithsh\u00ebm p\u00ebr shfryt\u00ebzim t\u00eb materialit arkivor (20 vjet pas krijimit t\u00eb tij), gjegj\u00ebsisht kushtet e dakorduara nd\u00ebrmjet poseduesit dhe arkivit, si dhe afatet m\u00eb t\u00eb gjata p\u00ebr shfryt\u00ebzim t\u00eb p\u00ebrcaktuara nga Qeveria e Republik\u00ebs s\u00eb Maqedonis\u00eb s\u00eb Veriut. N\u00ebse poseduesi i cili ia ka dor\u00ebzuar materialin e tij Arkivit nuk i ka p\u00ebrcaktuar afatet, m\u00ebnyr\u00ebn dhe kushtet p\u00ebr shfryt\u00ebzimin e saj, at\u00eb e p\u00ebrcakton Arkivi.<\/p><p>Arkivi nuk do t\u00eb lejoj\u00eb shfryt\u00ebzimin e materialit arkivor n\u00ebse p\u00ebrdorimi i tij nuk \u00ebsht\u00eb n\u00eb p\u00ebrputhje me rregulloret ekzistuese, n\u00eb qoft\u00eb se me t\u00eb do t\u00eb zbulohet sekret shtet\u00ebror apo zyrtar ose do t\u00eb l\u00ebndoheshin interesat personale dhe t\u00eb drejtat e qytetar\u00ebve. Shfryt\u00ebzimi i materialit mund t\u00eb shtyhet edhe n\u00eb baz\u00eb t\u00eb kriteriumeve p\u00ebr afate m\u00eb t\u00eb gjata p\u00ebr shfryt\u00ebzim, t\u00eb p\u00ebrcaktuara nga Qeveria. P\u00ebrkoh\u00ebsisht nuk mund t\u00eb shfryt\u00ebzohet materiali arkivor, t\u00eb cilit nuk i \u00ebsht\u00eb p\u00ebrcaktuar afati, m\u00ebnyra dhe kushtet p\u00ebr shfryt\u00ebzim nga ana e poseduesit dhe Arkivit, pastaj materiali i arkivor i pa rregulluar dhe fizikisht i d\u00ebmtuar.<\/p><p>Materiali origjinal arkivor dhe disa dokumente me r\u00ebnd\u00ebsi t\u00eb ve\u00e7ant\u00eb historike dhe kulturore nuk jepen p\u00ebr p\u00ebrdorim n\u00eb form\u00eb origjinale, vet\u00ebm me p\u00ebrjashtim kur shfryt\u00ebzimi i tyre k\u00ebrkohet nga institucionet shtet\u00ebrore, shkencore dhe kulturore (p\u00ebr ekspertiz\u00eb n\u00eb gjyq, ekspertiza etj.).<\/p><p>Biblioteka e Arkivit Shtet\u00ebror disponon me rreth 11000 botime, nga t\u00eb cilat 881 jan\u00eb libra t\u00eb rralla. Dor\u00ebshkrime t\u00eb vjetra sllave dhe kishtare jan\u00eb 35, t\u00eb krijuara n\u00eb periudh\u00eb prej shekullit XIII deri n\u00eb shekullin XX.<\/p><h5>Cili \u00ebsht\u00eb vizioni i ASHRMV-s\u00eb?<\/h5><p>Arkivi Shtet\u00ebror n\u00eb p\u00ebrputhje me funksionet e tij t\u00eb dh\u00ebna me ligj \u00ebsht\u00eb p\u00ebrgjegj\u00ebs p\u00ebr ruajtjen dhe mbrojtjen e materialit arkivor t\u00eb krijuara n\u00eb pun\u00ebn e: Parlamentit t\u00eb RMV-s\u00eb, Qeveris\u00eb t\u00eb RMV-s\u00eb, Organet shtet\u00ebrore, nj\u00ebsit\u00eb e vet\u00ebqeverisjes lokale dhe pun\u00ebn e personave tjer\u00eb juridik dhe fizik t\u00eb RMV-s\u00eb. Vizioni i ASHRMV-s\u00eb \u00ebsht\u00eb materialin e depozituar ta rregulloj\u00eb n\u00eb p\u00ebrputhje me standardet arkivore, t\u00eb mbron dhe ruaj\u00eb me q\u00ebllim t\u00eb shfryt\u00ebzimit sa m\u00eb t\u00eb mir\u00eb nga ana e shfryt\u00ebzuesve t\u00eb materialit arkivor (personave juridik dhe fizik) dhe sipas nevoj\u00ebs ta publikoj\u00eb. Gjithashtu vizioni i Arkivit shtet\u00ebror \u00ebsht\u00eb ruajtja dhe mbrojtja e materialit arkivor i cili \u00ebsht\u00eb me interes historik, kulturor dhe t\u00eb ngjajsh\u00ebm p\u00ebr Republik\u00ebn e Maqedonis\u00eb s\u00eb Veriut, p\u00ebrderisa angazhimi i vazhduesh\u00ebm \u00ebsht\u00eb q\u00eb qytetar\u00ebt t\u00eb arrijn\u00eb n\u00eb informacionin e k\u00ebrkuar n\u00eb afat m\u00eb t\u00eb shkurt\u00ebr t\u00eb mundsh\u00ebm.<\/p><h5>Kush jan\u00eb shfryt\u00ebzuesit tan\u00eb?<\/h5><p>Shfryt\u00ebzuesit tan\u00eb jan\u00eb t\u00eb gjith\u00eb personat juridik dhe fizik t\u00eb Republik\u00ebs s\u00eb Maqedonis\u00eb s\u00eb Veriut.<\/p><h5>Cilat jan\u00eb p\u00ebrpjekjet dhe detyrimet tona ndaj qytetar\u00ebve?<\/h5><ul><li>Promovim dhe mbrojtje t\u00eb t\u00eb drejt\u00ebs s\u00eb qytetar\u00ebve p\u00ebr qasje t\u00eb lir\u00eb deri te informacionet me karakter publik.<\/li><li>Rritje t\u00eb besimit mes qytetar\u00ebve dhe Arkivit Shtet\u00ebror si organizat\u00eb administrative dhe sh\u00ebrbim p\u00ebr qytetar\u00ebt.<\/li><li>Promovim dhe mbrojtje t\u00eb t\u00eb drejtave t\u00eb garantuara t\u00eb njeriut dhe forcimin e parimit t\u00eb sundimit t\u00eb s\u00eb drejt\u00ebs n\u00eb RMV.<\/li><li>Implementimin e standardeve nd\u00ebrkomb\u00ebtare dhe evropiane n\u00eb fush\u00ebn e arkivistik\u00ebs.<\/li><\/ul><h5>Ne ofrojm\u00eb sh\u00ebrbimet n\u00eb vijim:<\/h5><p><span style=\"padding-left: 2rem;\">\u0430) K\u00ebrkesa nga qytetar\u00ebt t\u00eb karakterit pron\u00ebsi-ligjore;<\/span><br \/><span style=\"padding-left: 2rem;\">b) K\u00ebrkesa p\u00ebr p\u00ebrvoj\u00eb pune;<\/span><br \/><span style=\"padding-left: 2rem;\">c) K\u00ebrkesa p\u00ebr v\u00ebshtrim n\u00eb materialin arkivor p\u00ebr pun\u00eb shkencoro-hulumtuese;<\/span><br \/><span style=\"padding-left: 2rem;\">d) K\u00ebrkesa \u2013 kontroll n\u00eb dosjet e mbajtura nga sh\u00ebrbimi p\u00ebr siguri shtet\u00ebrore;<\/span><br \/><span style=\"padding-left: 2rem;\">e) K\u00ebrkesa \u2013 kontroll n\u00eb dosjet e Burgut t\u00eb Idrizov\u00ebs;<\/span><br \/><span style=\"padding-left: 2rem;\">f) K\u00ebrkesa p\u00ebr material arkivor (dokumentacion) t\u00eb depozituar n\u00eb Arkivin shtet\u00ebror, n\u00eb p\u00ebrputhje me Ligjin p\u00ebr material arkivor.<\/span><\/p><h5>Standarde p\u00ebr cil\u00ebsi t\u00eb sh\u00ebrbimeve t\u00eb dh\u00ebna:<\/h5><p><span style=\"padding-left: 2rem;\">\u0430) K\u00ebrkesa nga qytetar\u00ebt t\u00eb karakterit pron\u00ebsi-ligjore, Arkivi shtet\u00ebror p\u00ebrgjigjet p\u00ebr 10 dit\u00eb;<\/span><br \/><span style=\"padding-left: 2rem;\">b) K\u00ebrkesa p\u00ebr p\u00ebrvoj\u00eb pune, Arkivi shtet\u00ebror p\u00ebrgjigjet p\u00ebr 10 dit\u00eb;<\/span><br \/><span style=\"padding-left: 2rem;\">c) K\u00ebrkesa p\u00ebr pun\u00eb shkencoro-hulumtuese, Arkivi shtet\u00ebror p\u00ebrgjigjet p\u00ebr 2 dit\u00eb;<\/span><br \/><span style=\"padding-left: 2rem;\">d) K\u00ebrkesa \u2013 kontroll n\u00eb dosjet t\u00eb mbajtura nga sh\u00ebrbimi p\u00ebr siguri shtet\u00ebrore, Arkivi shtet\u00ebror p\u00ebrgjigjet p\u00ebr 3 dit\u00eb;<\/span><br \/><span style=\"padding-left: 2rem;\">e) K\u00ebrkesa \u2013 kontroll n\u00eb dosjet e Burgut t\u00eb Idrizov\u00ebs, Arkivi shtet\u00ebror p\u00ebrgjigjet p\u00ebr 3 dit\u00eb;<\/span><br \/><span style=\"padding-left: 2rem;\">f) K\u00ebrkesa p\u00ebr material arkivor (dokumentacion) t\u00eb depozituar n\u00eb Arkivin shtet\u00ebror, n\u00eb p\u00ebrputhje me Ligjin p\u00ebr material arkivor, (p\u00ebrgjigje var\u00ebsisht nga dokumenti i cili k\u00ebrkohet nga 10 deri 30 dit\u00eb).<\/span><\/p>\t\t\t\t\t\t\t\t<\/div>\n\t\t\t\t<\/div>\n\t\t\t\t<div class=\"elementor-element elementor-element-0404b17 elementor-widget-divider--view-line elementor-widget elementor-widget-divider\" data-id=\"0404b17\" data-element_type=\"widget\" data-widget_type=\"divider.default\">\n\t\t\t\t<div class=\"elementor-widget-container\">\n\t\t\t\t\t\t\t<div class=\"elementor-divider\">\n\t\t\t<span class=\"elementor-divider-separator\">\n\t\t\t\t\t\t<\/span>\n\t\t<\/div>\n\t\t\t\t\t\t<\/div>\n\t\t\t\t<\/div>\n\t\t\t\t<div class=\"elementor-element elementor-element-d5ddaea elementor-widget elementor-widget-text-editor\" data-id=\"d5ddaea\" data-element_type=\"widget\" data-widget_type=\"text-editor.default\">\n\t\t\t\t<div class=\"elementor-widget-container\">\n\t\t\t\t\t\t\t\t\t<p style=\"text-align: center;\"><strong>Informata n\u00eb lidhje me shfryt\u00ebzimin e materialit arkivor:<\/strong><br \/>m-r Irfete Ibraimi, k\u00ebshilltar<br \/>tel: 076\/485180<br \/>mail: <a>irfete.ibraimi@arhiv.gov.mk<\/a><\/p>\t\t\t\t\t\t\t\t<\/div>\n\t\t\t\t<\/div>\n\t\t\t\t<div class=\"elementor-element elementor-element-f12a463 elementor-widget-divider--view-line elementor-widget elementor-widget-divider\" data-id=\"f12a463\" data-element_type=\"widget\" data-widget_type=\"divider.default\">\n\t\t\t\t<div class=\"elementor-widget-container\">\n\t\t\t\t\t\t\t<div class=\"elementor-divider\">\n\t\t\t<span class=\"elementor-divider-separator\">\n\t\t\t\t\t\t<\/span>\n\t\t<\/div>\n\t\t\t\t\t\t<\/div>\n\t\t\t\t<\/div>\n\t\t\t\t\t<\/div>\n\t\t<\/div>\n\t\t\t\t\t<\/div>\n\t\t<\/section>\n\t\t\t\t<\/div>","protected":false},"excerpt":{"rendered":"<p>\u041a\u041e\u0420\u0418\u0421\u0422\u0415\u040a\u0415 \u041d\u0410 \u0410\u0420\u0425\u0418\u0412\u0421\u041a\u0418\u041e\u0422 \u041c\u0410\u0422\u0415\u0420\u0418\u0408\u0410\u041b \u0412\u041e \u0414\u0420\u0416\u0410\u0412\u041d\u0418\u041e\u0422 \u0410\u0420\u0425\u0418\u0412 \u041d\u0410 \u0420\u0415\u041f\u0423\u0411\u041b\u0418\u041a\u0410 \u0421\u0415\u0412\u0415\u0420\u041d\u0410 \u041c\u0410\u041a\u0415\u0414\u041e\u041d\u0418\u0408\u0410 \u0412\u0440\u0437 \u043e\u0441\u043d\u043e\u0432\u0430 \u043d\u0430 \u043e\u0432\u043b\u0430\u0441\u0442\u0443\u0432\u0430\u045a\u0435\u0442\u043e \u043e\u0434 \u0417\u0430\u043a\u043e\u043d\u043e\u0442 \u0437\u0430 \u0430\u0440\u0445\u0438\u0432\u0441\u043a\u0438 \u043c\u0430\u0442\u0435\u0440\u0438\u0458\u0430\u043b, \u0434\u0438\u0440\u0435\u043a\u0442\u043e\u0440\u043e\u0442 \u043d\u0430 \u0414\u0440\u0436\u0430\u0432\u043d\u0438\u043e\u0442 \u0430\u0440\u0445\u0438\u0432 \u043d\u0430 \u0420\u0435\u043f\u0443\u0431\u043b\u0438\u043a\u0430 \u0421\u0435\u0432\u0435\u0440\u043d\u0430 \u041c\u0430\u043a\u0435\u0434\u043e\u043d\u0438\u0458\u0430 \u0434\u043e\u043d\u0435\u0441\u0443\u0432\u0430 \u041f\u0440\u0430\u0432\u0438\u043b\u043d\u0438\u043a \u0437\u0430 \u043e\u043f\u0448\u0442\u0438\u0442\u0435 \u0438 \u043f\u043e\u0441\u0435\u0431\u043d\u0438\u0442\u0435 \u0443\u0441\u043b\u043e\u0432\u0438 \u0437\u0430 \u043a\u043e\u0440\u0438\u0441\u0442\u0435\u045a\u0435 \u043d\u0430 \u0430\u0440\u0445\u0438\u0432\u0441\u043a\u0438 \u043c\u0430\u0442\u0435\u0440\u0438\u0458\u0430\u043b \u0432\u043e \u0410\u0440\u0445\u0438\u0432\u043e\u0442. \u0421\u043e \u041f\u0440\u0430\u0432\u0438\u043b\u043d\u0438\u043a\u043e\u0442 \u0441\u0435 \u0440\u0435\u0433\u0443\u043b\u0438\u0440\u0430\u0430\u0442 \u0443\u0441\u043b\u043e\u0432\u0438\u0442\u0435 \u0437\u0430 \u043a\u043e\u0440\u0438\u0441\u0442\u0435\u045a\u0435 \u0430\u0440\u0445\u0438\u0432\u0441\u043a\u0438\u043e\u0442 \u043c\u0430\u0442\u0435\u0440\u0438\u0458\u0430\u043b \u043e\u0434 \u0441\u0442\u0440\u0430\u043d\u0430 \u043d\u0430 \u0434\u0440\u0436\u0430\u0432\u043d\u0438, [&hellip;]<\/p>","protected":false},"author":1,"featured_media":0,"parent":0,"menu_order":0,"comment_status":"closed","ping_status":"closed","template":"","meta":{"site-sidebar-layout":"no-sidebar","site-content-layout":"page-builder","ast-site-content-layout":"","site-content-style":"default","site-sidebar-style":"default","ast-global-header-display":"","ast-banner-title-visibility":"","ast-main-header-display":"","ast-hfb-above-header-display":"","ast-hfb-below-header-display":"","ast-hfb-mobile-header-display":"","site-post-title":"disabled","ast-breadcrumbs-content":"","ast-featured-img":"disabled","footer-sml-layout":"","theme-transparent-header-meta":"default","adv-header-id-meta":"","stick-header-meta":"","header-above-stick-meta":"","header-main-stick-meta":"","header-below-stick-meta":"","astra-migrate-meta-layouts":"default","ast-page-background-enabled":"default","ast-page-background-meta":{"desktop":{"background-color":"","background-image":"","background-repeat":"repeat","background-position":"center center","background-size":"auto","background-attachment":"scroll","background-type":"","background-media":"","overlay-type":"","overlay-color":"","overlay-opacity":"","overlay-gradient":""},"tablet":{"background-color":"","background-image":"","background-repeat":"repeat","background-position":"center center","background-size":"auto","background-attachment":"scroll","background-type":"","background-media":"","overlay-type":"","overlay-color":"","overlay-opacity":"","overlay-gradient":""},"mobile":{"background-color":"","background-image":"","background-repeat":"repeat","background-position":"center center","background-size":"auto","background-attachment":"scroll","background-type":"","background-media":"","overlay-type":"","overlay-color":"","overlay-opacity":"","overlay-gradient":""}},"ast-content-background-meta":{"desktop":{"background-color":"var(--ast-global-color-5)","background-image":"","background-repeat":"repeat","background-position":"center center","background-size":"auto","background-attachment":"scroll","background-type":"","background-media":"","overlay-type":"","overlay-color":"","overlay-opacity":"","overlay-gradient":""},"tablet":{"background-color":"var(--ast-global-color-5)","background-image":"","background-repeat":"repeat","background-position":"center center","background-size":"auto","background-attachment":"scroll","background-type":"","background-media":"","overlay-type":"","overlay-color":"","overlay-opacity":"","overlay-gradient":""},"mobile":{"background-color":"var(--ast-global-color-5)","background-image":"","background-repeat":"repeat","background-position":"center center","background-size":"auto","background-attachment":"scroll","background-type":"","background-media":"","overlay-type":"","overlay-color":"","overlay-opacity":"","overlay-gradient":""}},"footnotes":""},"class_list":["post-3209","page","type-page","status-publish","hentry"],"_links":{"self":[{"href":"https:\/\/arhiv.mk\/sq\/wp-json\/wp\/v2\/pages\/3209","targetHints":{"allow":["GET"]}}],"collection":[{"href":"https:\/\/arhiv.mk\/sq\/wp-json\/wp\/v2\/pages"}],"about":[{"href":"https:\/\/arhiv.mk\/sq\/wp-json\/wp\/v2\/types\/page"}],"author":[{"embeddable":true,"href":"https:\/\/arhiv.mk\/sq\/wp-json\/wp\/v2\/users\/1"}],"replies":[{"embeddable":true,"href":"https:\/\/arhiv.mk\/sq\/wp-json\/wp\/v2\/comments?post=3209"}],"version-history":[{"count":7,"href":"https:\/\/arhiv.mk\/sq\/wp-json\/wp\/v2\/pages\/3209\/revisions"}],"predecessor-version":[{"id":4101,"href":"https:\/\/arhiv.mk\/sq\/wp-json\/wp\/v2\/pages\/3209\/revisions\/4101"}],"wp:attachment":[{"href":"https:\/\/arhiv.mk\/sq\/wp-json\/wp\/v2\/media?parent=3209"}],"curies":[{"name":"wp","href":"https:\/\/api.w.org\/{rel}","templated":true}]}}