{"id":3212,"date":"2021-03-07T16:38:54","date_gmt":"2021-03-07T16:38:54","guid":{"rendered":"https:\/\/itistimefor.mk\/?page_id=3212"},"modified":"2021-03-26T11:03:12","modified_gmt":"2021-03-26T11:03:12","slug":"zakonodavstvo","status":"publish","type":"page","link":"https:\/\/arhiv.mk\/sq\/zakonodavstvo\/","title":{"rendered":"Zakonodavstvo"},"content":{"rendered":"<div data-elementor-type=\"wp-page\" data-elementor-id=\"3212\" class=\"elementor elementor-3212\" data-elementor-post-type=\"page\">\n\t\t\t\t\t\t<section class=\"elementor-section elementor-top-section elementor-element elementor-element-91a00ac elementor-section-boxed elementor-section-height-default elementor-section-height-default\" data-id=\"91a00ac\" data-element_type=\"section\">\n\t\t\t\t\t\t<div class=\"elementor-container elementor-column-gap-default\">\n\t\t\t\t\t<div class=\"elementor-column elementor-col-100 elementor-top-column elementor-element elementor-element-7f9da57\" data-id=\"7f9da57\" data-element_type=\"column\">\n\t\t\t<div class=\"elementor-widget-wrap elementor-element-populated\">\n\t\t\t\t\t\t<div class=\"elementor-element elementor-element-867ecad elementor-widget elementor-widget-text-editor\" data-id=\"867ecad\" data-element_type=\"widget\" data-widget_type=\"text-editor.default\">\n\t\t\t\t<div class=\"elementor-widget-container\">\n\t\t\t\t\t\t\t\t\t<h1 style=\"text-align: center;\">Rregullore ligjore dhe n\u00ebnligjore p\u00ebr pun\u00ebn n\u00eb zyr\u00eb<\/h1><p>Rregullimi normativ dhe ligjor i pun\u00ebs n\u00eb zyr\u00eb dhe arkivore n\u00eb Republik\u00ebn e Maqedonis\u00eb s\u00eb Veriut b\u00ebhet me:<\/p><ul><li>Ligji p\u00ebr materialin arkivor dhe Ligji p\u00ebr ndryshimin dhe plot\u00ebsimin e Ligjit p\u00ebr material arkivor;<\/li><li>Rregullore p\u00ebr pun\u00ebn n\u00eb zyr\u00eb dhe arkivore;<\/li><li>Rregullore p\u00ebr p\u00ebrcaktimin e kritereve afatgjata p\u00ebr shfryt\u00ebzimin e materialit arkivor.<\/li><\/ul><p>Sipas Ligjit p\u00ebr materialin arkivor ( Gazeta Zyrtare e RMV-s\u00eb, nr.95 prej 26.07.2012) dhe Regullores p\u00ebr pun\u00ebn n\u00eb zyr\u00eb dhe arkivore ( Gazeta Zyrtare e RMV-s\u00eb, nr.1 prej 03.01.2014) t\u00eb gjitha subjektet n\u00eb shtet t\u00eb cil\u00ebt me pun\u00ebn e tyre krijojn\u00eb material arkivor me vler\u00eb t\u00eb p\u00ebrhershme, ata jan\u00eb t\u00eb detyruar t\u00eb e evidentojn\u00eb dhe ta ruajn\u00eb at\u00eb material, n\u00eb p\u00ebrputhje me rregullat ligjore, deri n\u00eb \u00e7astin e dor\u00ebzimit t\u00eb tyre n\u00eb Arkivin shtet\u00ebror t\u00eb Republik\u00ebs s\u00eb Maqedonis\u00eb s\u00eb Veriut.<\/p><p>Me Ligjin p\u00ebr material arkivor rregullohet mbrojtja, rruajtja dhe shfryt\u00ebzimi i materialit arkivor.<\/p><p>Rregullorja p\u00ebr pun\u00ebn n\u00eb zyr\u00eb dhe arkivore \u00ebsht\u00eb e bazuar n\u00eb Ligjin p\u00ebr material arkivor. Sipas saj, m\u00ebnyr\u00ebn e pun\u00ebs dhe rregullat p\u00ebr trajtim t\u00eb materialit dokumentar dhe arkivor n\u00eb pun\u00ebn n\u00eb zyr\u00eb dhe arkivore e rregullon Qeveria e Republik\u00ebs s\u00eb Maqedonis\u00eb s\u00eb Veriut. Me rregulloren, p\u00ebrve\u00e7 pun\u00ebs n\u00eb zyr\u00eb p\u00ebrfshihet edhe puna arkivore. Kjo \u00ebsht\u00eb arsyeja q\u00eb ndarja a materialit arkivor nga materiali dokumentar \u00ebsht\u00eb nj\u00eb segment i r\u00ebnd\u00ebsish\u00ebm i pun\u00ebs arkivore dhe p\u00ebrmban edhe segmente t\u00eb tjera : arkivim, rregullim, evidentim t\u00eb materialit arkivor, rruajtje, mbrojtje dhe shfryt\u00ebzim t\u00eb materialit arkivor dhe dokumentar dhe dor\u00ebzim t\u00eb materialit arkivor n\u00eb Arkiv. Rregullorja rregullon pun\u00ebn n\u00eb zyr\u00eb dhe arkiv n\u00eb t\u00eb gjith\u00eb organet shtet\u00ebrore, nd\u00ebrmarrjet dhe persona t\u00eb tjere juridik me ose pa autorizim (posedues), me \u00e7ka sigurohet zbatimi i detyruesh\u00ebm i rregullave p\u00ebr pun\u00ebn n\u00eb zyr\u00eb dhe arkivore n\u00eb Republik\u00ebn e Maqedonis\u00eb s\u00eb Veriut.<\/p><p>Pro\u00e7esi i pun\u00ebs n\u00eb zyr\u00eb dhe arkivore kusht\u00ebzon dhe plot\u00ebson nj\u00ebri-tjetrin dhe perb\u00ebjn\u00eb nj\u00eb t\u00ebr\u00ebsi t\u00eb vetme. Rregullimi normativ i pun\u00ebs administrative tek t\u00eb gjith\u00eb poseduesit siguron nj\u00eb sistem m\u00eb efikas t\u00eb mbrojtjes, ruajtjes dhe shfryt\u00ebzimit t\u00eb materialit akrivor tek poseduesit. Rregullohen \u00e7\u00ebshtjet t\u00eb cilat dalin nga risit\u00eb q\u00eb p\u00ebrmbahen n\u00eb dispozitat e Ligjit p\u00ebr materialin arkivor, si: pranimi, hapja dhe vendosja e akteve, shtyrja e tyre, klasifikimi, valorizimi etj., m\u00ebnyrat alternative p\u00ebr udh\u00ebheqjen e pun\u00ebs n\u00eb zyr\u00eb, m\u00ebnyr\u00ebs s\u00eb l\u00ebshimit dhe shfryt\u00ebzimit t\u00eb akteve p\u00ebr q\u00ebllime zyrtare, etj. Pro\u00e7eset e pun\u00ebs jan\u00eb t\u00eb p\u00ebrpunuara n\u00eb m\u00ebnyr\u00eb normative si:<\/p><p>- m\u00ebnyra e p\u00ebrpunimit dhe procedura p\u00ebr miratimin e Planit t\u00eb shenjave arkivore dhe listat e materialit arkivor dhe dokumentar , plot\u00ebsim dhe aplikimin e vul\u00ebs me afat, rregullimin, p\u00ebrzgjedhjen, evidentimin dhe kategorizimin e materialit arkivor, m\u00ebnyra dhe procedura e ndarjes dhe shkat\u00ebrimi i materialit dokumentar, sigurimin e masave hap\u00ebsinore, teknike dhe siguris\u00eb p\u00ebr mbrojtjen e materialit arkivor dhe procedur\u00ebn p\u00ebr pranim-dor\u00ebzimin e materialit arkivor p\u00ebr rruajtje t\u00eb p\u00ebrhershme n\u00eb Arkiv.<\/p><p>Udh\u00ebzimi p\u00ebr m\u00ebnyr\u00ebn dhe teknik\u00ebn e trajtimit t\u00eb materialit dokumentar dhe arkivor n\u00eb pun\u00ebn e zyr\u00ebs e miraton Arkivi i Maqedonis\u00eb s\u00eb Veriut n\u00eb baz\u00eb t\u00eb nenit 40, t\u00eb Rregullores p\u00ebr pun\u00ebn e zyr\u00ebs dhe arkivore. N\u00eb udh\u00ebzimin m\u00eb s\u00eb af\u00ebrmi rregullohet pranimi, shqyrtimi dhe shp\u00ebrndarja, regjistrimi, dor\u00ebzimi, p\u00ebrpunimi administrativo-teknik , d\u00ebrgimi, ndarja, klasifikimi dhe shtyrja e akteve t\u00eb p\u00ebrfunduara, si dhe p\u00ebrzgjedhja, rregullim, evidentim dhe kategorizim i materialit arkivor, p\u00ebrshkrimi dhe shkat\u00ebrrim t\u00eb materialit arkivor, rruajtja, mbrojtja dhe sigurimi i materialit dokumentar dhe arkivor n\u00eb hap\u00ebsira t\u00eb p\u00ebrshtatshme, pajisjet, mjete teknike-teknologjike dhe dor\u00ebzim i materialit arkivor n\u00eb rruajtje t\u00eb p\u00ebrhershme n\u00eb Arkiv.<\/p><p>Dispozitat nga Udh\u00ebzimi zbatohen n\u00eb pun\u00ebn n\u00eb zyr\u00eb dhe arkivore n\u00eb organet shtet\u00ebrore, gjykatat, nj\u00ebsit\u00eb t\u00eb vet\u00ebqeverisjes lokale dhe qytetin e Shkupit, nd\u00ebrmarrjet dhe personat t\u00eb tjer\u00eb juridik, partit\u00eb politike, organizatat shoq\u00ebrore dhe shoqatat e qytetar\u00ebve, gjegj\u00ebsisht poseduesit.<\/p><p>Arkivi pranon material arkivor nga poseduesit n\u00eb rastet e m\u00ebposhtme:<\/p><ul><li>pas skadimit t\u00eb afatit t\u00eb ruajtjes t\u00eb materialit;<\/li><li>n\u00eb rast t\u00eb nd\u00ebrprerjes s\u00eb pun\u00ebs t\u00eb poseduesit (falimentim);<\/li><li>me k\u00ebrkes\u00eb t\u00eb poseduesit;<\/li><li>n\u00ebse poseduesi n\u00eb m\u00ebnyr\u00eb objektive nuk ka kushte p\u00ebr ruajtjen e materialit arkivor, ai mund t\u00eb depozitohet dhe t\u00eb dor\u00ebzohet ne Arkiv.<\/li><\/ul>\t\t\t\t\t\t\t\t<\/div>\n\t\t\t\t<\/div>\n\t\t\t\t\t<\/div>\n\t\t<\/div>\n\t\t\t\t\t<\/div>\n\t\t<\/section>\n\t\t\t\t<\/div>","protected":false},"excerpt":{"rendered":"<p>\u0417\u0430\u043a\u043e\u043d\u0441\u043a\u0430 \u0438 \u043f\u043e\u0434\u0437\u0430\u043a\u043e\u043d\u0441\u043a\u0430 \u0440\u0435\u0433\u0443\u043b\u0430\u0442\u0438\u0432\u0430 \u0437\u0430 \u043a\u0430\u043d\u0446\u0435\u043b\u0430\u0440\u0438\u0441\u043a\u043e \u0440\u0430\u0431\u043e\u0442\u0435\u045a\u0435 \u041d\u043e\u0440\u043c\u0430\u0442\u0438\u0432\u043d\u043e\u0442\u043e \u0438 \u043f\u0440\u0430\u0432\u043d\u043e\u0442\u043e \u0440\u0435\u0433\u0443\u043b\u0438\u0440\u0430\u045a\u0435 \u043d\u0430 \u043a\u0430\u043d\u0446\u0435\u043b\u0430\u0440\u0438\u0441\u043a\u043e\u0442\u043e \u0438 \u0430\u0440\u0445\u0438\u0432\u0441\u043a\u043e\u0442\u043e \u0440\u0430\u0431\u043e\u0442\u0435\u045a\u0435 \u0432\u043e \u0420\u0435\u043f\u0443\u0431\u043b\u0438\u043a\u0430 \u041c\u0430\u043a\u0435\u0434\u043e\u043d\u0438\u0458\u0430 \u0435 \u0438\u0437\u0432\u0440\u0448\u0435\u043d\u043e \u0441\u043e: \u0417\u0430\u043a\u043e\u043d\u043e\u0442 \u0437\u0430 \u0430\u0440\u0445\u0438\u0432\u0441\u043a\u0438 \u043c\u0430\u0442\u0435\u0440\u0438\u0458\u0430\u043b \u0438 \u0417\u0430\u043a\u043e\u043d\u043e\u0442 \u0437\u0430 \u0438\u0437\u043c\u0435\u043d\u0443\u0432\u0430\u045a\u0435 \u0438 \u0434\u043e\u043f\u043e\u043b\u043d\u0443\u0432\u0430\u045a\u0435 \u043d\u0430 \u0417\u0430\u043a\u043e\u043d\u043e\u0442 \u0437\u0430 \u0430\u0440\u0445\u0438\u0432\u0441\u043a\u0438 \u043c\u0430\u0442\u0435\u0440\u0438\u0458\u0430\u043b; \u0423\u0440\u0435\u0434\u0431\u0430\u0442\u0430 \u0437\u0430 \u043a\u0430\u043d\u0446\u0435\u043b\u0430\u0440\u0438\u0441\u043a\u043e \u0438 \u0430\u0440\u0445\u0438\u0432\u0441\u043a\u043e \u0440\u0430\u0431\u043e\u0442\u0435\u045a\u0435; \u0423\u0440\u0435\u0434\u0431\u0430\u0442\u0430 \u0437\u0430 \u0443\u0442\u0432\u0440\u0434\u0443\u0432\u0430\u045a\u0435 \u043d\u0430 \u043a\u0440\u0438\u0442\u0435\u0440\u0438\u0443\u043c\u0438\u0442\u0435 \u0437\u0430 \u043f\u043e\u0434\u043e\u043b\u0433\u0438 \u0440\u043e\u043a\u043e\u0432\u0438 \u0437\u0430 \u043a\u043e\u0440\u0438\u0441\u0442\u0435\u045a\u0435 \u043d\u0430 \u0430\u0440\u0445\u0438\u0432\u0441\u043a\u0438\u043e\u0442 [&hellip;]<\/p>","protected":false},"author":1,"featured_media":0,"parent":0,"menu_order":0,"comment_status":"closed","ping_status":"closed","template":"","meta":{"site-sidebar-layout":"no-sidebar","site-content-layout":"page-builder","ast-site-content-layout":"","site-content-style":"default","site-sidebar-style":"default","ast-global-header-display":"","ast-banner-title-visibility":"","ast-main-header-display":"","ast-hfb-above-header-display":"","ast-hfb-below-header-display":"","ast-hfb-mobile-header-display":"","site-post-title":"disabled","ast-breadcrumbs-content":"","ast-featured-img":"disabled","footer-sml-layout":"","theme-transparent-header-meta":"default","adv-header-id-meta":"","stick-header-meta":"","header-above-stick-meta":"","header-main-stick-meta":"","header-below-stick-meta":"","astra-migrate-meta-layouts":"default","ast-page-background-enabled":"default","ast-page-background-meta":{"desktop":{"background-color":"","background-image":"","background-repeat":"repeat","background-position":"center center","background-size":"auto","background-attachment":"scroll","background-type":"","background-media":"","overlay-type":"","overlay-color":"","overlay-opacity":"","overlay-gradient":""},"tablet":{"background-color":"","background-image":"","background-repeat":"repeat","background-position":"center center","background-size":"auto","background-attachment":"scroll","background-type":"","background-media":"","overlay-type":"","overlay-color":"","overlay-opacity":"","overlay-gradient":""},"mobile":{"background-color":"","background-image":"","background-repeat":"repeat","background-position":"center center","background-size":"auto","background-attachment":"scroll","background-type":"","background-media":"","overlay-type":"","overlay-color":"","overlay-opacity":"","overlay-gradient":""}},"ast-content-background-meta":{"desktop":{"background-color":"var(--ast-global-color-5)","background-image":"","background-repeat":"repeat","background-position":"center center","background-size":"auto","background-attachment":"scroll","background-type":"","background-media":"","overlay-type":"","overlay-color":"","overlay-opacity":"","overlay-gradient":""},"tablet":{"background-color":"var(--ast-global-color-5)","background-image":"","background-repeat":"repeat","background-position":"center center","background-size":"auto","background-attachment":"scroll","background-type":"","background-media":"","overlay-type":"","overlay-color":"","overlay-opacity":"","overlay-gradient":""},"mobile":{"background-color":"var(--ast-global-color-5)","background-image":"","background-repeat":"repeat","background-position":"center center","background-size":"auto","background-attachment":"scroll","background-type":"","background-media":"","overlay-type":"","overlay-color":"","overlay-opacity":"","overlay-gradient":""}},"footnotes":""},"class_list":["post-3212","page","type-page","status-publish","hentry"],"_links":{"self":[{"href":"https:\/\/arhiv.mk\/sq\/wp-json\/wp\/v2\/pages\/3212","targetHints":{"allow":["GET"]}}],"collection":[{"href":"https:\/\/arhiv.mk\/sq\/wp-json\/wp\/v2\/pages"}],"about":[{"href":"https:\/\/arhiv.mk\/sq\/wp-json\/wp\/v2\/types\/page"}],"author":[{"embeddable":true,"href":"https:\/\/arhiv.mk\/sq\/wp-json\/wp\/v2\/users\/1"}],"replies":[{"embeddable":true,"href":"https:\/\/arhiv.mk\/sq\/wp-json\/wp\/v2\/comments?post=3212"}],"version-history":[{"count":4,"href":"https:\/\/arhiv.mk\/sq\/wp-json\/wp\/v2\/pages\/3212\/revisions"}],"predecessor-version":[{"id":4116,"href":"https:\/\/arhiv.mk\/sq\/wp-json\/wp\/v2\/pages\/3212\/revisions\/4116"}],"wp:attachment":[{"href":"https:\/\/arhiv.mk\/sq\/wp-json\/wp\/v2\/media?parent=3212"}],"curies":[{"name":"wp","href":"https:\/\/api.w.org\/{rel}","templated":true}]}}