{"id":3234,"date":"2021-03-07T17:06:37","date_gmt":"2021-03-07T17:06:37","guid":{"rendered":"https:\/\/itistimefor.mk\/?page_id=3234"},"modified":"2021-03-26T22:11:39","modified_gmt":"2021-03-26T22:11:39","slug":"mikrofilmovi","status":"publish","type":"page","link":"https:\/\/arhiv.mk\/sq\/mikrofilmovi\/","title":{"rendered":"\u041c\u0438\u043a\u0440\u043e\u0444\u0438\u043b\u043c\u043e\u0432\u0438"},"content":{"rendered":"<div data-elementor-type=\"wp-page\" data-elementor-id=\"3234\" class=\"elementor elementor-3234\" data-elementor-post-type=\"page\">\n\t\t\t\t\t\t<section class=\"elementor-section elementor-top-section elementor-element elementor-element-d160fdc elementor-section-boxed elementor-section-height-default elementor-section-height-default\" data-id=\"d160fdc\" data-element_type=\"section\">\n\t\t\t\t\t\t<div class=\"elementor-container elementor-column-gap-default\">\n\t\t\t\t\t<div class=\"elementor-column elementor-col-100 elementor-top-column elementor-element elementor-element-36d7667\" data-id=\"36d7667\" data-element_type=\"column\">\n\t\t\t<div class=\"elementor-widget-wrap elementor-element-populated\">\n\t\t\t\t\t\t<div class=\"elementor-element elementor-element-39726a8 elementor-widget elementor-widget-heading\" data-id=\"39726a8\" data-element_type=\"widget\" data-widget_type=\"heading.default\">\n\t\t\t\t<div class=\"elementor-widget-container\">\n\t\t\t\t\t<h1 class=\"elementor-heading-title elementor-size-default\">Udh\u00ebrr\u00ebfyes p\u00ebr materialin arkivor t\u00eb mikrofilmuar i hulumtuar n\u00eb arkivat e huaja<\/h1>\t\t\t\t<\/div>\n\t\t\t\t<\/div>\n\t\t\t\t<div class=\"elementor-element elementor-element-49703d6 elementor-widget elementor-widget-text-editor\" data-id=\"49703d6\" data-element_type=\"widget\" data-widget_type=\"text-editor.default\">\n\t\t\t\t<div class=\"elementor-widget-container\">\n\t\t\t\t\t\t\t\t\t<p><a class=\"ico_pdf16\" href=\"https:\/\/arhiv.mk\/wp-content\/uploads\/2025\/05\/1-Mikrofilm-PDF.pdf\" target=\"_blank\" rel=\"noopener\">Udh\u00ebrr\u00ebfyes p\u00ebr p\u00ebrmbajtjen e materialit arkivor mikrofilmuar t\u00eb sjell\u00eb nga arkivat e BRSS<\/a><\/p><p><a class=\"ico_pdf16\" href=\"https:\/\/arhiv.mk\/wp-content\/uploads\/2025\/05\/2-Mikrofilm-PDF.pdf\" target=\"_blank\" rel=\"noopener\">Udh\u00ebrr\u00ebfyes p\u00ebr p\u00ebrmbajtjen e materialit arkivor mikrofilmuar t\u00eb sjell\u00eb nga arkivat ruse<\/a><\/p><p><a class=\"ico_pdf16\" href=\"https:\/\/arhiv.mk\/wp-content\/uploads\/2025\/05\/3-Mikrofilm-PDF.pdf\" target=\"_blank\" rel=\"noopener\">Udh\u00ebrr\u00ebfyes p\u00ebrmes p\u00ebrmbajtjes s\u00eb materialit arkivor t\u00eb mikrofilmuar t\u00eb sjell\u00eb nga SIASHB - Sofje, Bullgari<\/a><\/p><p><a class=\"ico_pdf16\" href=\"https:\/\/arhiv.mk\/wp-content\/uploads\/2025\/05\/4-Mikrofilm-PDF.pdf\" target=\"_blank\" rel=\"noopener\">Udh\u00ebrr\u00ebfyes p\u00ebrmes materialit arkivor t\u00eb mikrofilmuar nga origjina e huaj<\/a><\/p>\t\t\t\t\t\t\t\t<\/div>\n\t\t\t\t<\/div>\n\t\t\t\t<div class=\"elementor-element elementor-element-1ef75b4 elementor-widget elementor-widget-image\" data-id=\"1ef75b4\" data-element_type=\"widget\" data-widget_type=\"image.default\">\n\t\t\t\t<div class=\"elementor-widget-container\">\n\t\t\t\t\t\t\t\t\t\t\t\t\t\t\t<img fetchpriority=\"high\" decoding=\"async\" width=\"300\" height=\"170\" src=\"https:\/\/arhiv.mk\/wp-content\/uploads\/2021\/03\/microfilm3.png\" class=\"attachment-large size-large wp-image-4012\" alt=\"\" srcset=\"https:\/\/arhiv.mk\/wp-content\/uploads\/2021\/03\/microfilm3.png 300w, https:\/\/arhiv.mk\/wp-content\/uploads\/2021\/03\/microfilm3-16x9.png 16w\" sizes=\"(max-width: 300px) 100vw, 300px\">\t\t\t\t\t\t\t\t\t\t\t\t\t\t\t<\/div>\n\t\t\t\t<\/div>\n\t\t\t\t\t<\/div>\n\t\t<\/div>\n\t\t\t\t\t<\/div>\n\t\t<\/section>\n\t\t\t\t<\/div>","protected":false},"excerpt":{"rendered":"<p>\u0412\u043e\u0434\u0438\u0447\u0438 \u0437\u0430 \u043c\u0438\u043a\u0440\u043e\u0444\u0438\u043b\u043c\u0443\u0432\u0430\u043d \u0430\u0440\u0445\u0438\u0432\u0441\u043a\u0438 \u043c\u0430\u0442\u0435\u0440\u0438\u0458\u0430\u043b \u0438\u0441\u0442\u0440\u0430\u0436\u0435\u043d \u0432\u043e \u0441\u0442\u0440\u0430\u043d\u0441\u043a\u0438 \u0430\u0440\u0445\u0438\u0432\u0438 \u0412\u043e\u0434\u0438\u0447 \u043d\u0438\u0437 \u0441\u043e\u0434\u0440\u0436\u0438\u043d\u0430\u0442\u0430 \u043d\u0430 \u043c\u0438\u043a\u0440\u043e\u0444\u0438\u043b\u043c\u0443\u0432\u0430\u043d\u0430\u0442\u0430 \u0430\u0440\u0445\u0438\u0432\u0441\u043a\u0430 \u0433\u0440\u0430\u0453\u0430 \u0434\u043e\u043d\u0435\u0441\u0435\u043d\u0430 \u043e\u0434 \u0430\u0440\u0445\u0438\u0432\u0438\u0442\u0435 \u043d\u0430 \u0421\u0421\u0421\u0420 \u0412\u043e\u0434\u0438\u0447 \u043d\u0438\u0437 \u0441\u043e\u0434\u0440\u0436\u0438\u043d\u0430\u0442\u0430 \u043d\u0430 \u043c\u0438\u043a\u0440\u043e\u0444\u0438\u043b\u043c\u0443\u0432\u0430\u043d\u0430\u0442\u0430 \u0430\u0440\u0445\u0438\u0432\u0441\u043a\u0430 \u0433\u0440\u0430\u0453\u0430 \u0434\u043e\u043d\u0435\u0441\u0435\u043d\u0430 \u043e\u0434 \u0440\u0443\u0441\u043a\u0438\u0442\u0435 \u0430\u0440\u0445\u0438\u0432\u0438 \u0412\u043e\u0434\u0438\u0447 \u043d\u0438\u0437 \u0441\u043e\u0434\u0440\u0436\u0438\u043d\u0430\u0442\u0430 \u043d\u0430 \u043c\u0438\u043a\u0440\u043e\u0444\u0438\u043b\u043c\u0443\u0432\u0430\u043d\u0430\u0442\u0430 \u0430\u0440\u0445\u0438\u0432\u0441\u043a\u0430 \u0433\u0440\u0430\u0453\u0430 \u0434\u043e\u043d\u0435\u0441\u0435\u043d\u0430 \u043e\u0434 \u0426\u0414\u0418\u0410 &#8211; \u0421\u043e\u0444\u0438\u0458\u0430, \u0420.\u0411\u0443\u0433\u0430\u0440\u0438\u0458\u0430 \u0412\u043e\u0434\u0438\u0447 \u043d\u0438\u0437 \u043c\u0438\u043a\u0440\u043e\u0444\u0438\u043b\u043c\u0443\u0432\u0430\u043d\u0430\u0442\u0430 \u0430\u0440\u0445\u0438\u0432\u0441\u043a\u0430 \u0433\u0440\u0430\u0453\u0430 \u043e\u0434 \u0441\u0442\u0440\u0430\u043d\u0441\u043a\u0430 \u043f\u0440\u043e\u0432\u0435\u043d\u0438\u0435\u043d\u0446\u0438\u0458\u0430<\/p>","protected":false},"author":1,"featured_media":0,"parent":0,"menu_order":0,"comment_status":"closed","ping_status":"closed","template":"","meta":{"site-sidebar-layout":"no-sidebar","site-content-layout":"page-builder","ast-site-content-layout":"","site-content-style":"default","site-sidebar-style":"default","ast-global-header-display":"","ast-banner-title-visibility":"","ast-main-header-display":"","ast-hfb-above-header-display":"","ast-hfb-below-header-display":"","ast-hfb-mobile-header-display":"","site-post-title":"disabled","ast-breadcrumbs-content":"","ast-featured-img":"disabled","footer-sml-layout":"","theme-transparent-header-meta":"default","adv-header-id-meta":"","stick-header-meta":"","header-above-stick-meta":"","header-main-stick-meta":"","header-below-stick-meta":"","astra-migrate-meta-layouts":"default","ast-page-background-enabled":"default","ast-page-background-meta":{"desktop":{"background-color":"","background-image":"","background-repeat":"repeat","background-position":"center center","background-size":"auto","background-attachment":"scroll","background-type":"","background-media":"","overlay-type":"","overlay-color":"","overlay-opacity":"","overlay-gradient":""},"tablet":{"background-color":"","background-image":"","background-repeat":"repeat","background-position":"center center","background-size":"auto","background-attachment":"scroll","background-type":"","background-media":"","overlay-type":"","overlay-color":"","overlay-opacity":"","overlay-gradient":""},"mobile":{"background-color":"","background-image":"","background-repeat":"repeat","background-position":"center center","background-size":"auto","background-attachment":"scroll","background-type":"","background-media":"","overlay-type":"","overlay-color":"","overlay-opacity":"","overlay-gradient":""}},"ast-content-background-meta":{"desktop":{"background-color":"var(--ast-global-color-5)","background-image":"","background-repeat":"repeat","background-position":"center center","background-size":"auto","background-attachment":"scroll","background-type":"","background-media":"","overlay-type":"","overlay-color":"","overlay-opacity":"","overlay-gradient":""},"tablet":{"background-color":"var(--ast-global-color-5)","background-image":"","background-repeat":"repeat","background-position":"center center","background-size":"auto","background-attachment":"scroll","background-type":"","background-media":"","overlay-type":"","overlay-color":"","overlay-opacity":"","overlay-gradient":""},"mobile":{"background-color":"var(--ast-global-color-5)","background-image":"","background-repeat":"repeat","background-position":"center center","background-size":"auto","background-attachment":"scroll","background-type":"","background-media":"","overlay-type":"","overlay-color":"","overlay-opacity":"","overlay-gradient":""}},"footnotes":""},"class_list":["post-3234","page","type-page","status-publish","hentry"],"_links":{"self":[{"href":"https:\/\/arhiv.mk\/sq\/wp-json\/wp\/v2\/pages\/3234","targetHints":{"allow":["GET"]}}],"collection":[{"href":"https:\/\/arhiv.mk\/sq\/wp-json\/wp\/v2\/pages"}],"about":[{"href":"https:\/\/arhiv.mk\/sq\/wp-json\/wp\/v2\/types\/page"}],"author":[{"embeddable":true,"href":"https:\/\/arhiv.mk\/sq\/wp-json\/wp\/v2\/users\/1"}],"replies":[{"embeddable":true,"href":"https:\/\/arhiv.mk\/sq\/wp-json\/wp\/v2\/comments?post=3234"}],"version-history":[{"count":9,"href":"https:\/\/arhiv.mk\/sq\/wp-json\/wp\/v2\/pages\/3234\/revisions"}],"predecessor-version":[{"id":4024,"href":"https:\/\/arhiv.mk\/sq\/wp-json\/wp\/v2\/pages\/3234\/revisions\/4024"}],"wp:attachment":[{"href":"https:\/\/arhiv.mk\/sq\/wp-json\/wp\/v2\/media?parent=3234"}],"curies":[{"name":"wp","href":"https:\/\/api.w.org\/{rel}","templated":true}]}}