{"id":3246,"date":"2021-03-07T17:11:47","date_gmt":"2021-03-07T17:11:47","guid":{"rendered":"https:\/\/itistimefor.mk\/?page_id=3246"},"modified":"2021-03-26T13:10:19","modified_gmt":"2021-03-26T13:10:19","slug":"cenovnik","status":"publish","type":"page","link":"https:\/\/arhiv.mk\/sq\/cenovnik\/","title":{"rendered":"Cenovnik"},"content":{"rendered":"<div data-elementor-type=\"wp-page\" data-elementor-id=\"3246\" class=\"elementor elementor-3246\" data-elementor-post-type=\"page\">\n\t\t\t\t\t\t<section class=\"elementor-section elementor-top-section elementor-element elementor-element-d4ba9ac elementor-section-height-min-height elementor-section-items-top elementor-section-boxed elementor-section-height-default\" data-id=\"d4ba9ac\" data-element_type=\"section\">\n\t\t\t\t\t\t<div class=\"elementor-container elementor-column-gap-default\">\n\t\t\t\t\t<div class=\"elementor-column elementor-col-100 elementor-top-column elementor-element elementor-element-36be3a7\" data-id=\"36be3a7\" data-element_type=\"column\">\n\t\t\t<div class=\"elementor-widget-wrap elementor-element-populated\">\n\t\t\t\t\t\t<div class=\"elementor-element elementor-element-0e925eb elementor-widget elementor-widget-heading\" data-id=\"0e925eb\" data-element_type=\"widget\" data-widget_type=\"heading.default\">\n\t\t\t\t<div class=\"elementor-widget-container\">\n\t\t\t\t\t<h1 class=\"elementor-heading-title elementor-size-default\">\n\u00c7mimore e sh\u00ebrbimeve\n<\/h1>\t\t\t\t<\/div>\n\t\t\t\t<\/div>\n\t\t\t\t<div class=\"elementor-element elementor-element-9d294ea elementor-widget elementor-widget-text-editor\" data-id=\"9d294ea\" data-element_type=\"widget\" data-widget_type=\"text-editor.default\">\n\t\t\t\t<div class=\"elementor-widget-container\">\n\t\t\t\t\t\t\t\t\t<div class=\"elementor-element elementor-element-cee6d01 elementor-widget elementor-widget-text-editor\" data-id=\"cee6d01\" data-element_type=\"widget\" data-widget_type=\"text-editor.default\"><div class=\"elementor-widget-container optml-bg-lazyloaded\"><div class=\"elementor-text-editor elementor-clearfix\"><p>N\u00eb linkun e m\u00ebposht\u00ebm mund t\u00eb shkarkoni list\u00ebn e \u00e7mimeve p\u00ebr tarifat dhe tarifat administrative:<\/p><p><a class=\"ico_pdf16\" href=\"https:\/\/arhiv.mk\/wp-content\/uploads\/2021\/03\/Cenovnik-2020.pdf\" target=\"_blank\" rel=\"noopener\">Lista e taks\u00ebs administrative dhe lista e taksave p\u00ebr sh\u00ebrbime q\u00eb kryhen nga Arkivi Shtet\u00ebror i Republik\u00ebs s\u00eb Mqedonis s\u00eb Veriut<\/a><\/p><\/div><\/div><\/div>\t\t\t\t\t\t\t\t<\/div>\n\t\t\t\t<\/div>\n\t\t\t\t\t<\/div>\n\t\t<\/div>\n\t\t\t\t\t<\/div>\n\t\t<\/section>\n\t\t\t\t<\/div>","protected":false},"excerpt":{"rendered":"<p>\u0426\u0435\u043d\u043e\u0432\u043d\u0438\u043a \u043d\u0430 \u0443\u0441\u043b\u0443\u0433\u0438 \u041d\u0430 \u0441\u043b\u0435\u0434\u043d\u0438\u043e\u0442 \u043b\u0438\u043d\u043a \u043c\u043e\u0436\u0435\u0442\u0435 \u0434\u0430 \u0433\u043e \u043f\u0440\u0435\u0432\u0437\u0435\u043c\u0435\u0442\u0435 \u0446\u0435\u043d\u043e\u0432\u043d\u0438\u043a\u043e\u0442 \u0437\u0430 \u0430\u0434\u043c\u0438\u043d\u0438\u0441\u0442\u0440\u0430\u0442\u0438\u0432\u043d\u0430 \u0442\u0430\u043a\u0441\u0430 \u0438 \u043d\u0430\u0434\u043e\u043c\u0435\u0441\u0442\u043e\u0446\u0438: \u0426\u0435\u043d\u043e\u0432\u043d\u0438\u043a \u0437\u0430 \u0430\u0434\u043c\u0438\u043d\u0438\u0441\u0442\u0440\u0430\u0442\u0438\u0432\u043d\u0430 \u0442\u0430\u043a\u0441\u0430 \u0438 \u043d\u0430\u0434\u043e\u043c\u0435\u0441\u0442\u043e\u0446\u0438\u0442\u0435 \u043d\u0430 \u0443\u0441\u043b\u0443\u0433\u0438\u0442\u0435 \u0448\u0442\u043e \u0433\u0438 \u0432\u0440\u0448\u0438 \u0414\u0440\u0436\u0430\u0432\u043d\u0438\u043e\u0442 \u0430\u0440\u0445\u0438\u0432 \u043d\u0430 \u0420\u0435\u043f\u0443\u0431\u043b\u0438\u043a\u0430 \u0421\u0435\u0432\u0435\u0440\u043d\u0430 M\u0430\u043a\u0435\u0434\u043e\u043d\u0438\u0458\u0430<\/p>","protected":false},"author":1,"featured_media":0,"parent":0,"menu_order":0,"comment_status":"closed","ping_status":"closed","template":"","meta":{"site-sidebar-layout":"no-sidebar","site-content-layout":"page-builder","ast-site-content-layout":"","site-content-style":"default","site-sidebar-style":"default","ast-global-header-display":"","ast-banner-title-visibility":"","ast-main-header-display":"","ast-hfb-above-header-display":"","ast-hfb-below-header-display":"","ast-hfb-mobile-header-display":"","site-post-title":"disabled","ast-breadcrumbs-content":"","ast-featured-img":"disabled","footer-sml-layout":"","theme-transparent-header-meta":"default","adv-header-id-meta":"","stick-header-meta":"","header-above-stick-meta":"","header-main-stick-meta":"","header-below-stick-meta":"","astra-migrate-meta-layouts":"default","ast-page-background-enabled":"default","ast-page-background-meta":{"desktop":{"background-color":"","background-image":"","background-repeat":"repeat","background-position":"center center","background-size":"auto","background-attachment":"scroll","background-type":"","background-media":"","overlay-type":"","overlay-color":"","overlay-opacity":"","overlay-gradient":""},"tablet":{"background-color":"","background-image":"","background-repeat":"repeat","background-position":"center center","background-size":"auto","background-attachment":"scroll","background-type":"","background-media":"","overlay-type":"","overlay-color":"","overlay-opacity":"","overlay-gradient":""},"mobile":{"background-color":"","background-image":"","background-repeat":"repeat","background-position":"center center","background-size":"auto","background-attachment":"scroll","background-type":"","background-media":"","overlay-type":"","overlay-color":"","overlay-opacity":"","overlay-gradient":""}},"ast-content-background-meta":{"desktop":{"background-color":"var(--ast-global-color-5)","background-image":"","background-repeat":"repeat","background-position":"center center","background-size":"auto","background-attachment":"scroll","background-type":"","background-media":"","overlay-type":"","overlay-color":"","overlay-opacity":"","overlay-gradient":""},"tablet":{"background-color":"var(--ast-global-color-5)","background-image":"","background-repeat":"repeat","background-position":"center center","background-size":"auto","background-attachment":"scroll","background-type":"","background-media":"","overlay-type":"","overlay-color":"","overlay-opacity":"","overlay-gradient":""},"mobile":{"background-color":"var(--ast-global-color-5)","background-image":"","background-repeat":"repeat","background-position":"center center","background-size":"auto","background-attachment":"scroll","background-type":"","background-media":"","overlay-type":"","overlay-color":"","overlay-opacity":"","overlay-gradient":""}},"footnotes":""},"class_list":["post-3246","page","type-page","status-publish","hentry"],"_links":{"self":[{"href":"https:\/\/arhiv.mk\/sq\/wp-json\/wp\/v2\/pages\/3246","targetHints":{"allow":["GET"]}}],"collection":[{"href":"https:\/\/arhiv.mk\/sq\/wp-json\/wp\/v2\/pages"}],"about":[{"href":"https:\/\/arhiv.mk\/sq\/wp-json\/wp\/v2\/types\/page"}],"author":[{"embeddable":true,"href":"https:\/\/arhiv.mk\/sq\/wp-json\/wp\/v2\/users\/1"}],"replies":[{"embeddable":true,"href":"https:\/\/arhiv.mk\/sq\/wp-json\/wp\/v2\/comments?post=3246"}],"version-history":[{"count":40,"href":"https:\/\/arhiv.mk\/sq\/wp-json\/wp\/v2\/pages\/3246\/revisions"}],"predecessor-version":[{"id":4174,"href":"https:\/\/arhiv.mk\/sq\/wp-json\/wp\/v2\/pages\/3246\/revisions\/4174"}],"wp:attachment":[{"href":"https:\/\/arhiv.mk\/sq\/wp-json\/wp\/v2\/media?parent=3246"}],"curies":[{"name":"wp","href":"https:\/\/api.w.org\/{rel}","templated":true}]}}