{"id":3258,"date":"2021-03-07T17:17:17","date_gmt":"2021-03-07T17:17:17","guid":{"rendered":"https:\/\/itistimefor.mk\/?page_id=3258"},"modified":"2026-01-21T11:56:51","modified_gmt":"2026-01-21T10:56:51","slug":"interni-akti","status":"publish","type":"page","link":"https:\/\/arhiv.mk\/sq\/interni-akti\/","title":{"rendered":"Interni akti"},"content":{"rendered":"<div data-elementor-type=\"wp-page\" data-elementor-id=\"3258\" class=\"elementor elementor-3258\" data-elementor-post-type=\"page\">\n\t\t\t\t\t\t<section class=\"elementor-section elementor-top-section elementor-element elementor-element-3852e42 elementor-section-boxed elementor-section-height-default elementor-section-height-default\" data-id=\"3852e42\" data-element_type=\"section\">\n\t\t\t\t\t\t<div class=\"elementor-container elementor-column-gap-default\">\n\t\t\t\t\t<div class=\"elementor-column elementor-col-100 elementor-top-column elementor-element elementor-element-132cb4e\" data-id=\"132cb4e\" data-element_type=\"column\">\n\t\t\t<div class=\"elementor-widget-wrap elementor-element-populated\">\n\t\t\t\t\t\t<div class=\"elementor-element elementor-element-c0a6284 elementor-widget elementor-widget-text-editor\" data-id=\"c0a6284\" data-element_type=\"widget\" data-widget_type=\"text-editor.default\">\n\t\t\t\t<div class=\"elementor-widget-container\">\n\t\t\t\t\t\t\t\t\t<h1 style=\"text-align: center;\">AKTET NORMATIVE INTERNE T\u00cb ASHRMV-s\u00eb<\/h1><p><em><strong>Shkarko: <\/strong><\/em><a href=\"https:\/\/arhiv.mk\/wp-content\/uploads\/2025\/08\/\u0423\u043f\u0430\u0442\u0441\u0442\u0432\u043e-\u0437\u0430-\u0440\u0430\u0431\u043e\u0442\u043d\u043e-\u043c\u0435\u0441\u0442\u043e-\u043d\u0430-\u0440\u0430\u0431\u043e\u0442\u043d\u0438\u043a\u043e\u0442-\u0437\u0430-\u0444\u0438\u0437\u0438\u0447\u043a\u0430-\u0438-\u0431\u0435\u0437\u0431\u0435\u0434\u043d\u043e\u0441\u043d\u0430-\u0437\u0430\u0448\u0442\u0438\u0442\u0430-\u0410\u043b.pdf\">Udh\u00ebzim p\u00ebr vendin e pun\u00ebs s\u00eb punonj\u00ebsve p\u00ebr mbrojtjen fizike dhe t\u00eb siguris\u00eb<\/a><\/p><p><em><strong>Shkarko: <\/strong><\/em><a href=\"https:\/\/arhiv.mk\/wp-content\/uploads\/2025\/07\/\u041f\u0440\u0430\u0432\u0438\u043b\u043d\u0438\u043a-\u0417\u0410-\u0412\u0418\u0414\u0415\u041e-\u041d\u0410\u0414\u0417\u041e\u0420-\u0417\u0410\u0412\u0420\u0428\u0415\u041d-\u0430\u043b\u0431\u0430\u043d\u0441\u043a\u0438.pdf\">Rregullore p\u00ebr m\u00ebnyr\u00ebn e kryerjes s\u00eb mbik\u00ebqyrjes me video n\u00eb Arkivin Shtet\u00ebror<\/a>\u00a0<\/p><p><em><strong>Shkarko: <\/strong><\/em><a href=\"https:\/\/arhiv.mk\/wp-content\/uploads\/2025\/07\/\u0415\u0422\u0418\u0427\u041a\u0418-\u041a\u041e\u0414\u0415\u041a\u0421-\u0414\u0420\u0416\u0410\u0412\u0415\u041d-\u0410\u0420\u0425\u0418\u0412-\u0410\u043b\u0431\u0430\u043d\u0441\u043a\u0438-\u0458\u0430\u0437\u0438\u043a.pdf\">Kodi i etik\u00ebs p\u00ebr sjelljen e punonj\u00ebsve n\u00eb Arkivin Shtet\u00ebror.<\/a><\/p><p><em><strong>Shkarko: <\/strong><\/em><a href=\"https:\/\/arhiv.mk\/wp-content\/uploads\/2025\/02\/Politika-e-integritetit.pdf\">Politika e integritetit<\/a><\/p><p>\u00a0<em><strong>Shkarko:<\/strong><\/em>\u00a0<a href=\"https:\/\/arhiv.mk\/wp-content\/uploads\/2025\/02\/\u041f\u0440\u0430\u0432\u0438\u043b\u043d\u0438\u043a-\u0437\u0430-\u0442\u0435\u0445\u043d\u0438\u0447\u043a\u0438-\u0443\u0441\u043b\u043e\u0432\u0438-\u0432\u043e-\u0434\u0435\u043f\u043e-\u0410\u041b.pdf\">Rregullore p\u00ebr kushtet e nevojshme p\u00ebr sigurimin e hap\u00ebsir\u00ebs dhe pajisjeve adekuate p\u00ebr vendosjen, ruajtjen dhe mbrojtjen e materialit arkivore n\u00eb depon\u00eb arkivore<\/a><\/p><p><em><strong>Shkarko: <\/strong><\/em><a href=\"https:\/\/arhiv.mk\/wp-content\/uploads\/2023\/02\/2-Upatsvo-interni-akti-AL.pdf\">Udh\u00ebzime p\u00ebr kryerjen e mbik\u00ebqyrjes inspektuese ndaj poseduesve t\u00eb materialit arkivor\u00eb publik dhe privat t\u00eb Departamentit p\u00ebr Mbik\u00ebqyrjen Inspektuese<\/a><\/p><p><em><strong>Shkarko: <\/strong><\/em><a href=\"https:\/\/arhiv.mk\/wp-content\/uploads\/2023\/02\/3-Parvilnik-interni-akti-AL.pdf\">Rregullore p\u00ebr tarifat e d\u00ebrguara nga Arkivi Shtet\u00ebror gjat\u00eb organizimit dhe zhvillimit t\u00eb trajnimeve<\/a><\/p><p><em><strong>Shkarko: <\/strong><\/em><a href=\"https:\/\/arhiv.mk\/wp-content\/uploads\/2023\/02\/19-\u041f\u0440\u0430\u0432\u0438\u043b\u043d\u0438\u043a-\u0438\u043d\u0442\u0435\u0440\u043d\u0438-\u0430\u043a\u0442\u0438.pdf\">Rregullore p\u00ebr kategorizimin t\u00eb poseduesve t\u00eb materialit arkivor, valorizim dhe kategorizim t\u00eb materialit arkivor\u00eb.<\/a><\/p><p><em><strong>Shkarko: <\/strong><\/em><a href=\"https:\/\/arhiv.mk\/wp-content\/uploads\/2023\/02\/5-Pravilnik-interni-akti.pdf\">Rregullore p\u00ebr l\u00ebshimin e v\u00ebrtetimit p\u00ebr pun\u00ebn n\u00eb zyr\u00eb dhe pun\u00ebn arkivistike<\/a><\/p><p><em><strong>Shkarko: <\/strong><\/em><a href=\"https:\/\/arhiv.mk\/wp-content\/uploads\/2023\/02\/6-Protokol-interni-akti.pdf\">Protokolli p\u00ebr pamund\u00ebsin\u00eb p\u00ebr t\u00eb ardhur n\u00eb pun\u00eb dhe munges\u00ebn e punonj\u00ebsve n\u00eb Arkivin Shtet\u00ebror dhe m\u00ebnyra e evidentimit t\u00eb munges\u00ebs<\/a><\/p><p><em><strong>Shkarko: <\/strong><\/em><a href=\"https:\/\/arhiv.mk\/wp-content\/uploads\/2023\/02\/7-Pravilnik-interni-aktiiii.pdf\" target=\"_blank\" rel=\"noopener\">Rregullore p\u00ebr vendosjen e rregullave n\u00eb pajtim me nenin 24 t\u00eb Ligjit p\u00ebr lobim n\u00eb Arkivin shtet\u00ebror<\/a><\/p><p><em><strong>Shkarko:<\/strong> <\/em><a href=\"https:\/\/arhiv.mk\/wp-content\/uploads\/2023\/02\/8-Pravilnik-interni-aktiiii.pdf\" target=\"_blank\" rel=\"noopener\">Rregullore p\u00ebr pun\u00ebn e Komisionit p\u00ebr blerjen dhe dhurimin e materialit arkivor nga poseduesit privat\u00eb<\/a><\/p><p><em><strong>Shkarko:<\/strong> <\/em><a href=\"https:\/\/arhiv.mk\/wp-content\/uploads\/2023\/02\/9-Eticki-kodeks-interni-akti.pdf\" target=\"_blank\" rel=\"noopener\">Kodeksi p\u00ebr n\u00ebnpun\u00ebsit administrativ<\/a><\/p><p><em><strong>Shkarko:<\/strong> <\/em><a href=\"https:\/\/arhiv.mk\/wp-content\/uploads\/2023\/02\/10.-Pravilnik-interni-akti.pdf\" target=\"_blank\" rel=\"noopener\">Rregullore p\u00ebr organizim t\u00eb brendsh\u00ebm n\u00eb ASHRMV, 2020<\/a><\/p><p><em><strong>Shkarko:<\/strong> <\/em><a href=\"https:\/\/arhiv.mk\/wp-content\/uploads\/2023\/02\/11-\u041e\u0420\u0413\u0410\u041d\u041e\u0413\u0420\u0410\u041c-2020.pdf\" target=\"_blank\" rel=\"noopener\">Organorgrami p\u00ebr organizim t\u00eb brendsh\u00ebm t\u00eb ASHRMV, 2020<\/a><\/p><p><em><strong>Shkarko:<\/strong> <\/em><a href=\"https:\/\/arhiv.mk\/wp-content\/uploads\/2023\/03\/12-Pravilnik-za-sistematizacija-interni-akti.pdf\" target=\"_blank\" rel=\"noopener\">Rregullore p\u00ebr sistemim t\u00eb v\u00ebndeve t\u00eb pun\u00ebs n\u00eb ASHRMV, 2020<\/a><\/p><p><em><strong>Shkarko:<\/strong> <\/em><a href=\"https:\/\/arhiv.mk\/wp-content\/uploads\/2023\/03\/13-Pravilnik-interni-akti.pdf\">Rregullore p\u00ebr organizim t\u00eb brendsh\u00ebm n\u00eb ASHRMV-s\u00eb<\/a><\/p><p><em><strong>Shkarko:<\/strong> <\/em><a href=\"https:\/\/arhiv.mk\/wp-content\/uploads\/2021\/03\/OrganogramDARSM.pdf\">Organogram p\u00ebr ogranizim t\u00eb brendsh\u00ebm t\u00eb ASHMRV<\/a><\/p><p><em><strong>Shkarko:<\/strong> <\/em><a href=\"https:\/\/arhiv.mk\/wp-content\/uploads\/2021\/03\/PravilnikSistematizacijaDARM.pdf\">Rregullore p\u00ebr sistemim t\u00eb v\u00ebndeve t\u00eb pun\u00ebs n\u00eb ASHRMV-s\u00eb<\/a><\/p><p><em><strong>Shkarko:<\/strong> <\/em><a href=\"https:\/\/arhiv.mk\/wp-content\/uploads\/2026\/01\/\u041f\u0440\u0430\u0432\u0438\u043b\u043d\u0438\u043a-\u0437\u0430-\u043f\u0443\u0431\u043b\u0438\u043a\u0443\u0432\u0430\u045a\u0435-2025.pdf\">Rregullore p\u00ebr publikim n\u00eb ASHRMV<\/a><\/p><p><em><strong>Shkarko: <\/strong><\/em><a href=\"https:\/\/arhiv.mk\/wp-content\/uploads\/2023\/02\/17-Pravilnik-interni-akti.pdf\">Rregullore p\u00ebr kompensimet n\u00eb veprimtarin\u00eb botuese n\u00eb ASHRMV<\/a><\/p><p><em><strong>Shkarko: <\/strong><\/em><a href=\"https:\/\/arhiv.mk\/wp-content\/uploads\/2023\/02\/18-\u041f\u0440\u0430\u0432\u0438\u043b\u043d\u0438\u043a-\u0438\u043d\u0442\u0435\u0440\u043d\u0438-\u0430\u043a\u0442\u0438.pdf\">Rregullore p\u00ebr pun\u00ebn e revist\u00ebs \u201eArkivisti maqedonas\u201c<\/a><\/p><p><em><strong>Shkarko:<\/strong> <\/em><a href=\"https:\/\/arhiv.mk\/wp-content\/uploads\/2023\/03\/19-\u041f\u0440\u0430\u0432\u0438\u043b\u043d\u0438\u043a-\u0438\u043d\u0442\u0435\u0440\u043d\u0438-\u0430\u043a\u0442\u0438.pdf\" target=\"_blank\" rel=\"noopener\">Rregullore p\u00ebr kategorizimin t\u00eb poseduesve t\u00eb materialit arkivor, valorizim dhe kategorizim t\u00eb materialit arkivor\u00eb.<\/a><\/p><p><em><strong>Shkarko:<\/strong> <\/em><a href=\"https:\/\/arhiv.mk\/wp-content\/uploads\/2023\/02\/20-\u041f\u0440\u0430\u0432\u0438\u043b\u043d\u0438\u043a-\u0438\u043d\u0442\u0435\u0440\u043d\u0438-\u0430\u043a\u0442\u0438.pdf\">Rregullore p\u00ebr kushtet p\u00ebr m\u00ebnyr\u00ebn e p\u00ebrdorimit t\u00eb materialit arkivor dhe dokumentar n\u00eb ASHRMV dhe m\u00ebnyr\u00ebn e manipulimit me material arkivor dhe dokumentar n\u00eb Depot e ASHRMV-s\u00eb<\/a><\/p><p><em><strong>Shkarko:<\/strong> <\/em><a href=\"https:\/\/arhiv.mk\/wp-content\/uploads\/2023\/02\/21-\u041f\u0440\u0430\u0432\u0438\u043b\u043d\u0438\u043a-\u0438\u043d\u0442\u0435\u0440\u043d\u0438-\u0430\u043a\u0442\u0438.pdf\" target=\"_blank\" rel=\"noopener\">Rregullore p\u00ebr ndryshim dhe plot\u00ebsim t\u00eb Rregullores p\u00ebr kushtet p\u00ebr p\u00ebrdorim t\u00eb materialit arkivor dhe dokumentar n\u00eb Arkivin shtet\u00ebror t\u00eb RMV-s\u00eb dhe m\u00ebnyr\u00ebn e manipulimit me materialin arkivor dhe dokumentar n\u00eb Depot e Arkivit shtet\u00ebror, nr. 01-2691\/1 nga viti 25.08.2015.<\/a><\/p><p><em><strong>Shkarko:<\/strong> <\/em><a href=\"https:\/\/arhiv.mk\/wp-content\/uploads\/2023\/02\/22-\u041f\u0440\u0430\u0432\u0438\u043b\u043d\u0438\u043a-\u0438\u043d\u0442\u0435\u0440\u043d\u0438-\u0430\u043a\u0442\u0438.pdf\" target=\"_blank\" rel=\"noopener\">Rregullore p\u00ebr rregullim t\u00eb fondeve arkivore<\/a><\/p><p><em><strong>Shkarko:<\/strong> <\/em><a href=\"https:\/\/arhiv.mk\/wp-content\/uploads\/2023\/02\/23-\u0423\u043f\u0430\u0442\u0441\u0442\u0432\u043e-\u0438\u043d\u0442\u0435\u0440\u043d\u0438-\u0430\u043a\u0442\u0438.pdf\" target=\"_blank\" rel=\"noopener\">Udh\u00ebzim p\u00ebr p\u00ebrpunim t\u00eb materialit arkivor dhe udh\u00ebzim pune p\u00ebr p\u00ebrpunim t\u00eb p\u00ebrmbledhjeve t\u00eb mjeteve shkencoro- informative (PMSHI)<\/a><\/p><p><em><strong>Shkarko:<\/strong> <\/em><a href=\"https:\/\/arhiv.mk\/wp-content\/uploads\/2023\/02\/24-\u0423\u043f\u0430\u0442\u0441\u0442\u0432\u043e-\u0438\u043d\u0442\u0435\u0440\u043d\u0438-\u0430\u043a\u0442\u0438.pdf\" target=\"_blank\" rel=\"noopener\">Udh\u00ebzim p\u00ebr pranim, rregullim, p\u00ebrpunim, mbrojtje dhe shfryt\u00ebzim t\u00eb materialit arkivor t\u00eb fotografuar n\u00eb ASHRMV<\/a><\/p><p><em><strong>Shkarko:<\/strong> <\/em><a href=\"https:\/\/arhiv.mk\/wp-content\/uploads\/2023\/02\/25-\u0423\u043f\u0430\u0442\u0441\u0442\u0432\u043e-\u0438\u043d\u0442\u0435\u0440\u043d\u0438-\u0430\u043a\u0442\u0438.pdf\" target=\"_blank\" rel=\"noopener\">Udh\u00ebzim p\u00ebr p\u00ebrpunim t\u00eb regesteve<\/a><\/p><p><em><strong>Shkarko:<\/strong> <\/em><a href=\"https:\/\/arhiv.mk\/wp-content\/uploads\/2023\/02\/26-\u0423\u043f\u0430\u0442\u0441\u0432\u043e-\u0438\u043d\u0442\u0435\u0440\u043d\u0438-\u0430\u043a\u0442\u0438.pdf\" target=\"_blank\" rel=\"noopener\">Udh\u00ebzim p\u00ebr rregullim dhe p\u00ebrpunim t\u00eb fondeve familjare dhe personale<\/a><\/p><p><em><strong>Shkarko:<\/strong> <\/em><a href=\"https:\/\/arhiv.mk\/wp-content\/uploads\/2023\/02\/27-Pravilnik-interni-akti.pdf\" target=\"_blank\" rel=\"noopener\">Rregullore p\u00ebr vizit\u00eb dhe shfryt\u00ebzim t\u00eb materialit arkivor nga ana e t\u00eb huajve n\u00eb ASHRMV<\/a><\/p><p><em><strong>Shkarko:<\/strong> <\/em><a href=\"https:\/\/arhiv.mk\/wp-content\/uploads\/2023\/02\/28-Upatstvo-interni-akti.pdf\" target=\"_blank\" rel=\"noopener\">Udh\u00ebzim p\u00ebr procedur\u00ebn gjat\u00eb shfryt\u00ebzimit t\u00eb materialit arkivor n\u00eb ASHRMV<\/a><\/p><p><em><strong>Shkarko:<\/strong> <\/em><a href=\"https:\/\/arhiv.mk\/wp-content\/uploads\/2023\/02\/29-Upatstvo-interni-akti.pdf\" target=\"_blank\" rel=\"noopener\">Udh\u00ebzim p\u00ebr valorizim, kategorizim, mikrofilmim, kopjim dhe digjitalizim t\u00eb materialit arkivor<\/a><\/p><p><em><strong>Shkarko:<\/strong> <\/em><a href=\"https:\/\/arhiv.mk\/wp-content\/uploads\/2023\/02\/30-Upatstvo-interni-akti.pdf\" target=\"_blank\" rel=\"noopener\">Udh\u00ebzim p\u00ebr hyrje dhe dalje t\u00eb autorizuar n\u00eb depot e pjes\u00ebs Qendrore dhe Nj\u00ebsit\u00eb e Arkivit shtet\u00ebror t\u00eb RMV-s\u00eb, p\u00ebr personat q\u00eb nuk jan\u00eb t\u00eb pun\u00ebsuar n\u00eb Nj\u00ebsin\u00eb p\u00ebr regjistrim dhe mbrojtje t\u00eb materialit arkivor<\/a><\/p><p><em><strong>Shkarko:<\/strong><\/em> <a href=\"https:\/\/arhiv.mk\/wp-content\/uploads\/2023\/02\/31-\u0423\u043f\u0430\u0442\u0441\u0442\u0432\u043e-\u0438\u043d\u0442\u0435\u0440\u043d\u0438-\u0430\u043a\u0442\u0438.pdf\">Udh\u00ebzim p\u00ebr shitje dhe dhurim t\u00eb botimeve<\/a><\/p><p><em><strong>Shkarko:<\/strong><\/em> <a href=\"https:\/\/arhiv.mk\/wp-content\/uploads\/2023\/02\/32-Pravilnik-interni-aktiiii.pdf\">Udh\u00ebzime p\u00ebr digjitalizimin e materialit arkivor n\u00eb Arkivin  Shtet\u00ebror<\/a><\/p><p><em><strong>Shkarko:<\/strong><\/em> <a href=\"https:\/\/arhiv.mk\/wp-content\/uploads\/2023\/02\/33-Pravilnik-interni-aktiiii.pdf\">Rregullorja p\u00ebr digjitalizimin e materialit arkivor n\u00eb Arkivin Shtet\u00ebror<\/a><\/p><p><em><strong>Shkarko:<\/strong><\/em>\u00a0<a href=\"https:\/\/arhiv.mk\/wp-content\/uploads\/2023\/02\/34-Pravilnik-interni-akti.pdf\">Rregullore p\u00ebr p\u00ebrdorimin e sistemit t\u00eb teknologjis\u00eb s\u00eb informatik\u00ebs dhe komunikimit n\u00eb Arkivin  Shtet\u00ebror<\/a><\/p><p><em><strong>Shkarko:<\/strong><\/em> <a href=\"https:\/\/arhiv.mk\/wp-content\/uploads\/2023\/02\/35-PRAVILNIK-interni-akti.pdf\">Regullore p\u00ebr m\u00ebnyr\u00ebn e shfryt\u00ebzimit, mir\u00ebmbajtjen, ruajtjen dhe evidentimin e veturave zyrtare n\u00eb ASHRMV<\/a><\/p><p class=\"translation-block\"><em><strong>Shkarko:<\/strong><\/em><a href=\"https:\/\/arhiv.mk\/wp-content\/uploads\/2023\/11\/\u041f\u0440\u0430\u0432\u0438\u043b\u043d\u0438\u043a-\u0437\u0430-\u043f\u043e\u0441\u0442\u0430\u043f\u0443\u0432\u0430\u045a\u0435-\u0441\u043e-\u043f\u043e\u0434\u0430\u0440\u043e\u0446\u0438-\u0432\u043e-\u0414\u0410\u0420\u0421\u041c-\u0430\u043b\u0431.pdf\" target=\"_self\">Rregullore p\u00ebr trajtimin e dhuratave, favoreve dhe mikpritjes n\u00eb Arkivin  Shtetit\u00ebror <\/a><\/p>\t\t\t\t\t\t\t\t<\/div>\n\t\t\t\t<\/div>\n\t\t\t\t\t<\/div>\n\t\t<\/div>\n\t\t\t\t\t<\/div>\n\t\t<\/section>\n\t\t\t\t<\/div>","protected":false},"excerpt":{"rendered":"<p>\u0418\u043d\u0442\u0435\u0440\u043d\u0438 \u043d\u043e\u0440\u043c\u0430\u0442\u0438\u0432\u043d\u0438 \u0430\u043a\u0442\u0438 \u043d\u0430 \u0414\u0410\u0420\u0421\u041c \u041f\u0440\u0435\u0432\u0437\u0435\u043c\u0438: \u0423\u043f\u0430\u0442\u0441\u0442\u0432\u043e \u0437\u0430 \u0440\u0430\u0431\u043e\u0442\u043d\u043e \u043c\u0435\u0441\u0442\u043e \u043d\u0430 \u0440\u0430\u0431\u043e\u0442\u043d\u0438\u043a\u043e\u0442 \u0437\u0430 \u0444\u0438\u0437\u0438\u0447\u043a\u0430 \u0438 \u0431\u0435\u0437\u0431\u0435\u0434\u043d\u043e\u0441\u043d\u0430 \u0437\u0430\u0448\u0442\u0438\u0442\u0430 \u041f\u0440\u0435\u0432\u0437\u0435\u043c\u0438: \u041f\u0440\u0430\u0432\u0438\u043b\u043d\u0438\u043a \u0437\u0430 \u043d\u0430\u0447\u0438\u043d\u043e\u0442 \u043d\u0430 \u0432\u0440\u0448\u0435\u045a\u0435 \u0432\u0438\u0434\u0435\u043e\u043d\u0430\u0434\u0437\u043e\u0440 \u0432\u043e \u0414\u0440\u0436\u0430\u0432\u043d\u0438\u043e\u0442 \u0430\u0440\u0445\u0438\u0432\u00a0 \u041f\u0440\u0435\u0432\u0437\u0435\u043c\u0438: \u0415\u0442\u0438\u0447\u043a\u0438 \u043a\u043e\u0434\u0435\u043a\u0441 \u0437\u0430 \u043e\u0434\u043d\u0435\u0441\u0443\u0432\u0430\u045a\u0435 \u043d\u0430 \u0432\u0440\u0430\u0431\u043e\u0442\u0435\u043d\u0438\u0442\u0435 \u0432\u043e \u0414\u0440\u0436\u0430\u0432\u043d\u0438\u043e\u0442 \u0430\u0440\u0445\u0438\u0432 \u041f\u0440\u0435\u0432\u0437\u0435\u043c\u0438: \u041f\u043e\u043b\u0438\u0442\u0438\u043a\u0430 \u043d\u0430 \u0438\u043d\u0442\u0435\u0433\u0440\u0438\u0442\u0435\u0442 \u0432\u043e \u0414\u0440\u0436\u0430\u0432\u0435\u043d \u0430\u0440\u0445\u0438\u0432 \u00a0\u041f\u0440\u0435\u0432\u0437\u0435\u043c\u0438:\u00a0\u041f\u0440\u0430\u0432\u0438\u043b\u043d\u0438\u043a \u0437\u0430 \u043f\u043e\u0442\u0440\u0435\u0431\u043d\u0438\u0442\u0435 \u0443\u0441\u043b\u043e\u0432\u0438 \u0437\u0430 \u043e\u0431\u0435\u0437\u0431\u0435\u0434\u0443\u0432\u0430\u045a\u0435 \u0441\u043e\u043e\u0434\u0432\u0435\u0442\u0435\u043d \u043f\u0440\u043e\u0441\u0442\u043e\u0440 \u0438 \u043e\u043f\u0440\u0435\u043c\u0430 \u0437\u0430 [&hellip;]<\/p>","protected":false},"author":1,"featured_media":0,"parent":0,"menu_order":0,"comment_status":"closed","ping_status":"closed","template":"","meta":{"site-sidebar-layout":"no-sidebar","site-content-layout":"page-builder","ast-site-content-layout":"","site-content-style":"default","site-sidebar-style":"default","ast-global-header-display":"","ast-banner-title-visibility":"","ast-main-header-display":"","ast-hfb-above-header-display":"","ast-hfb-below-header-display":"","ast-hfb-mobile-header-display":"","site-post-title":"disabled","ast-breadcrumbs-content":"","ast-featured-img":"disabled","footer-sml-layout":"","theme-transparent-header-meta":"default","adv-header-id-meta":"","stick-header-meta":"","header-above-stick-meta":"","header-main-stick-meta":"","header-below-stick-meta":"","astra-migrate-meta-layouts":"default","ast-page-background-enabled":"default","ast-page-background-meta":{"desktop":{"background-color":"","background-image":"","background-repeat":"repeat","background-position":"center center","background-size":"auto","background-attachment":"scroll","background-type":"","background-media":"","overlay-type":"","overlay-color":"","overlay-opacity":"","overlay-gradient":""},"tablet":{"background-color":"","background-image":"","background-repeat":"repeat","background-position":"center center","background-size":"auto","background-attachment":"scroll","background-type":"","background-media":"","overlay-type":"","overlay-color":"","overlay-opacity":"","overlay-gradient":""},"mobile":{"background-color":"","background-image":"","background-repeat":"repeat","background-position":"center center","background-size":"auto","background-attachment":"scroll","background-type":"","background-media":"","overlay-type":"","overlay-color":"","overlay-opacity":"","overlay-gradient":""}},"ast-content-background-meta":{"desktop":{"background-color":"var(--ast-global-color-5)","background-image":"","background-repeat":"repeat","background-position":"center center","background-size":"auto","background-attachment":"scroll","background-type":"","background-media":"","overlay-type":"","overlay-color":"","overlay-opacity":"","overlay-gradient":""},"tablet":{"background-color":"var(--ast-global-color-5)","background-image":"","background-repeat":"repeat","background-position":"center center","background-size":"auto","background-attachment":"scroll","background-type":"","background-media":"","overlay-type":"","overlay-color":"","overlay-opacity":"","overlay-gradient":""},"mobile":{"background-color":"var(--ast-global-color-5)","background-image":"","background-repeat":"repeat","background-position":"center center","background-size":"auto","background-attachment":"scroll","background-type":"","background-media":"","overlay-type":"","overlay-color":"","overlay-opacity":"","overlay-gradient":""}},"footnotes":""},"class_list":["post-3258","page","type-page","status-publish","hentry"],"_links":{"self":[{"href":"https:\/\/arhiv.mk\/sq\/wp-json\/wp\/v2\/pages\/3258","targetHints":{"allow":["GET"]}}],"collection":[{"href":"https:\/\/arhiv.mk\/sq\/wp-json\/wp\/v2\/pages"}],"about":[{"href":"https:\/\/arhiv.mk\/sq\/wp-json\/wp\/v2\/types\/page"}],"author":[{"embeddable":true,"href":"https:\/\/arhiv.mk\/sq\/wp-json\/wp\/v2\/users\/1"}],"replies":[{"embeddable":true,"href":"https:\/\/arhiv.mk\/sq\/wp-json\/wp\/v2\/comments?post=3258"}],"version-history":[{"count":127,"href":"https:\/\/arhiv.mk\/sq\/wp-json\/wp\/v2\/pages\/3258\/revisions"}],"predecessor-version":[{"id":12309,"href":"https:\/\/arhiv.mk\/sq\/wp-json\/wp\/v2\/pages\/3258\/revisions\/12309"}],"wp:attachment":[{"href":"https:\/\/arhiv.mk\/sq\/wp-json\/wp\/v2\/media?parent=3258"}],"curies":[{"name":"wp","href":"https:\/\/api.w.org\/{rel}","templated":true}]}}