{"id":3268,"date":"2021-03-07T17:21:44","date_gmt":"2021-03-07T17:21:44","guid":{"rendered":"https:\/\/itistimefor.mk\/?page_id=3268"},"modified":"2021-03-27T06:21:13","modified_gmt":"2021-03-27T06:21:13","slug":"sovetuvanja","status":"publish","type":"page","link":"https:\/\/arhiv.mk\/sq\/sovetuvanja\/","title":{"rendered":"Sovetuvanja"},"content":{"rendered":"<div data-elementor-type=\"wp-page\" data-elementor-id=\"3268\" class=\"elementor elementor-3268\" data-elementor-post-type=\"page\">\n\t\t\t\t\t\t<section class=\"elementor-section elementor-top-section elementor-element elementor-element-5268d27 elementor-section-boxed elementor-section-height-default elementor-section-height-default\" data-id=\"5268d27\" data-element_type=\"section\">\n\t\t\t\t\t\t<div class=\"elementor-container elementor-column-gap-default\">\n\t\t\t\t\t<div class=\"elementor-column elementor-col-100 elementor-top-column elementor-element elementor-element-5ba1d84\" data-id=\"5ba1d84\" data-element_type=\"column\">\n\t\t\t<div class=\"elementor-widget-wrap elementor-element-populated\">\n\t\t\t\t\t\t<div class=\"elementor-element elementor-element-247561b elementor-widget elementor-widget-text-editor\" data-id=\"247561b\" data-element_type=\"widget\" data-widget_type=\"text-editor.default\">\n\t\t\t\t<div class=\"elementor-widget-container\">\n\t\t\t\t\t\t\t\t\t<h1 style=\"text-align: center;\">K\u00cbSHILLa PROFESIONALE - SHKENCORE<\/h1><p>Nj\u00eb nga format e p\u00ebrmir\u00ebsimit t\u00eb vazhduesh\u00ebm profesional dhe shkencor t\u00eb kuadrit t\u00eb arkivist\u00ebve n\u00eb RP\/RS dhe Republik\u00ebn e Maqedonis\u00eb \u00ebsht\u00eb organizimi dhe pjes\u00ebmarrja n\u00eb mbledhje profesionale-shkencor t\u00eb arkivist\u00ebve. K\u00ebshillimet e ekspert\u00ebve u organizuan n\u00eb nivel republikan, nd\u00ebrrepublikan dhe federal. K\u00ebshtu, gjat\u00eb periudh\u00ebs s\u00eb kaluar 50-vje\u00e7are (1954-2004) u mbajt\u00ebn rreth 90 mbledhje profesionale-shkencore t\u00eb arkivist\u00ebve, t\u00eb organizuara nga Arkivi shtet\u00ebror i Republik\u00ebs s\u00eb Maqedonis\u00eb dhe Shoqatat e arkivist\u00ebve t\u00eb Maqedonis\u00eb dhe Jugosllavis\u00eb.<\/p><p>N\u00eb ve\u00e7anti, n\u00eb periudh\u00ebn 1968-1990 u mbajt\u00ebn 20 mbledhje n\u00eb nivel republikan t\u00eb pun\u00ebtor\u00ebve t\u00eb arkivave t\u00eb Maqedonis\u00eb. Aty mor\u00ebn pjes\u00eb arkivist\u00ebt me raporte dhe njoftime nga Arkivi shtet\u00ebror dhe Arkivi historik n\u00eb Republik\u00eb, si dhe an\u00ebtar\u00eb t\u00eb Shoqat\u00ebs s\u00eb shoq\u00ebris\u00eb s\u00eb pun\u00ebtor\u00ebve t\u00eb arkivave t\u00eb Maqedonis\u00eb (SHSHPAM). Shumica e k\u00ebtyre konsultimeve ishin t\u00eb lidhura me zbatimin e rregulloreve arkivore (ligje, rregullore, udh\u00ebzime, etj.), si dhe konsultime t\u00eb ve\u00e7anta tematike-problematike (puna me poseduesit, rregullimi dhe p\u00ebrpunimi i materialit arkivor, mbrojtja e materialit n\u00eb rast lufte, etj.). Materialet e mbledhjeve republikane u botuan n\u00eb revist\u00ebn \u201cMakedonski arhivist\u201d.<\/p><p>N\u00eb periudh\u00ebn 1969-1990 u mbajt\u00ebn edhe 20 mbledhje nd\u00ebrrepublikane t\u00eb punonj\u00ebsve t\u00eb arkivave t\u00eb Maqedonis\u00eb dhe Serbis\u00eb. Pjesa m\u00eb e madhe e k\u00ebtyre k\u00ebshillave jan\u00eb t\u00eb karakterit problematiko-tematik, pastaj p\u00ebr zbatimin e rregulloreve, shk\u00ebmbimin e p\u00ebrvojave etj. Materialet jan\u00eb botuar n\u00eb revist\u00ebn \u201cMakedonski arhivist\u201d dhe \u201cArhivski pregled\u201d.<\/p><p>N\u00eb kuad\u00ebr t\u00eb Shoqat\u00ebs s\u00eb pun\u00ebtor\u00ebve t\u00eb arkivave t\u00eb Jugosllavis\u00eb u mbajt\u00ebn k\u00ebshilla t\u00eb rregullta federale (1968-1990) n\u00eb t\u00eb cilat u mor pjes\u00eb me raporte dhe njoftime. Ato jan\u00eb publikuar n\u00eb revist\u00ebn \u201cArhivist\u201d.<\/p><p>Gjithashtu me referate dhe njoftime u p\u00ebrfshin\u00eb me pun\u00eb n\u00eb 11 Kongrese t\u00eb pun\u00ebtor\u00ebve arkivor n\u00eb Jugosllavi, t\u00eb cilat mbaheshin n\u00eb \u00e7do kat\u00ebr vjet (1954 - 1990). LPARM dhe Arkivi shtet\u00ebror i Maqedonis\u00eb s\u00eb  ishin organizator\u00eb t\u00eb kongresit t\u00eb par\u00eb arkivistik n\u00eb Oh\u00ebr (1954) dhe t\u00eb kongresit t\u00eb IX-t\u00eb n\u00eb Strug\u00eb (1980). Materialet e kongreseve jan\u00eb t\u00eb publikuara n\u00eb botime t\u00eb ve\u00e7anta.<\/p><p>Arkivi shtet\u00ebror i Republik\u00ebs s\u00eb Maqedonis\u00eb ishte organizatori i Tryez\u00ebs s\u00eb rrumbullak\u00ebt nd\u00ebrkomb\u00ebtare \"Arkivat n\u00eb koh\u00ebn e tranzicionit\", e cila u mbajt n\u00eb qershor t\u00eb vitit 1996 n\u00eb Oh\u00ebr. Materialet e tryez\u00ebs s\u00eb rrumbullak\u00ebt jan\u00eb publikuar n\u00eb nj\u00eb botim t\u00eb ve\u00e7ant\u00eb t\u00eb Arkivit shtet\u00ebror.<\/p><p>Nj\u00eb form\u00eb e ve\u00e7ant\u00eb e bashk\u00ebpunimit me poseduesit e materialeve arkivore n\u00eb Republik\u00eb ishin konsultimet e rregullta t\u00eb ekspert\u00ebve p\u00ebr p\u00ebrmir\u00ebsimin e kuadrit q\u00eb punon n\u00eb arkivat e poseduese. N\u00eb periudh\u00ebn 1968-2004 u zhvilluan 20 konsultime me p\u00ebrfaq\u00ebsuesit e poseduesve. Ata kishin t\u00eb organizuar k\u00ebshilla t\u00eb p\u00ebrgjithshme p\u00ebr t\u00eb gjith\u00eb poseduesit (p\u00ebr zbatimin e rregullave t\u00eb reja arkivore, planeve dhe listave etj.) ose sipas poseduesve t\u00eb nj\u00eb deg\u00eb t\u00eb ve\u00e7ant\u00eb t\u00eb aktiviteteve (qeverisja shtet\u00ebrore, vet\u00ebqeverisja lokale, ekonomia, sh\u00ebndeti, arsimi, mbrojtja etj.).<\/p><p><em><strong>Shkarko:<\/strong><\/em> <a href=\"https:\/\/arhiv.mk\/wp-content\/uploads\/2025\/07\/\u0421\u0442\u0440\u0443\u0447\u043d\u043e-\u0441\u043e\u0432\u0435\u0442\u0443\u0432\u0430\u045a\u0435-\u0410\u043b\u0431\u0430\u043d\u0441\u043a\u0430-\u0432\u0435\u0440\u0437\u0438\u0458\u0430.pdf\" target=\"_blank\" rel=\"noopener\">P\u00ebrmbledhje rregullash me shembuj praktik<\/a><\/p>\t\t\t\t\t\t\t\t<\/div>\n\t\t\t\t<\/div>\n\t\t\t\t\t<\/div>\n\t\t<\/div>\n\t\t\t\t\t<\/div>\n\t\t<\/section>\n\t\t\t\t<\/div>","protected":false},"excerpt":{"rendered":"<p>\u0421\u0422\u0420\u0423\u0427\u041d\u041e &#8211; \u041d\u0410\u0423\u0427\u041d\u0418 \u0421\u041e\u0412\u0415\u0422\u0423\u0412\u0410\u040a\u0410 \u0415\u0434\u0435\u043d \u043e\u0434 \u043e\u0431\u043b\u0438\u0446\u0438\u0442\u0435 \u043d\u0430 \u043a\u043e\u043d\u0442\u0438\u043d\u0443\u0438\u0440\u0430\u043d\u043e \u0441\u0442\u0440\u0443\u0447\u043d\u043e \u0438 \u043d\u0430\u0443\u0447\u043d\u043e \u0443\u0441\u043e\u0432\u0440\u0448\u0443\u0432\u0430\u045a\u0435 \u043d\u0430 \u0430\u0440\u0445\u0438\u0432\u0438\u0441\u0442\u0438\u0447\u043a\u0438\u043e\u0442 \u043a\u0430\u0434\u0430\u0440 \u0432\u043e \u041d\u0420\/\u0421\u0420 \u0438 \u0420 \u041c\u0430\u043a\u0435\u0434\u043e\u043d\u0438\u0458\u0430 \u0435 \u043e\u0440\u0433\u0430\u043d\u0438\u0437\u0438\u0440\u0430\u045a\u0435\u0442\u043e \u0438 \u0443\u0447\u0435\u0441\u0442\u0432\u043e\u0442\u043e \u043d\u0430 \u0430\u0440\u0445\u0438\u0432\u0438\u0441\u0442\u0438\u0447\u043a\u0438 \u0441\u0442\u0440\u0443\u0447\u043d\u043e-\u043d\u0430\u0443\u0447\u043d\u0438 \u0441\u043e\u0431\u0438\u0440\u0438. \u0421\u0442\u0440\u0443\u0447\u043d\u0438\u0442\u0435 \u0441\u043e\u0432\u0435\u0442\u0443\u0432\u0430\u045a\u0430 \u0431\u0435\u0430 \u043e\u0440\u0433\u0430\u043d\u0438\u0437\u0438\u0440\u0430\u043d\u0438 \u043d\u0430 \u0440\u0435\u043f\u0443\u0431\u043b\u0438\u0447\u043a\u043e, \u043c\u0435\u0433\u0443\u0440\u0435\u043f\u0443\u0431\u043b\u0438\u0447\u043a\u043e \u0438 \u0441\u043e\u0458\u0443\u0437\u043d\u043e \u043d\u0438\u0432\u043e. \u0422\u0430\u043a\u0430, \u0432\u043e \u0438\u0437\u043c\u0438\u043d\u0430\u0442\u0438\u043e\u0442 50-\u0433\u043e\u0434\u0438\u0448\u0435\u043d \u043f\u0435\u0440\u0438\u043e\u0434 (1954 &#8211; 2004 \u0433\u043e\u0434.) \u0441\u0435 \u043e\u0434\u0440\u0436\u0430\u043d\u0438 \u043e\u043a\u043e\u043b\u0443 90 \u0441\u0442\u0440\u0443\u0447\u043d\u043e-\u043d\u0430\u0443\u0447\u043d\u0438 \u0441\u043e\u0431\u0438\u0440\u0438 \u043d\u0430 [&hellip;]<\/p>","protected":false},"author":1,"featured_media":0,"parent":0,"menu_order":0,"comment_status":"closed","ping_status":"closed","template":"","meta":{"site-sidebar-layout":"no-sidebar","site-content-layout":"page-builder","ast-site-content-layout":"","site-content-style":"default","site-sidebar-style":"default","ast-global-header-display":"","ast-banner-title-visibility":"","ast-main-header-display":"","ast-hfb-above-header-display":"","ast-hfb-below-header-display":"","ast-hfb-mobile-header-display":"","site-post-title":"disabled","ast-breadcrumbs-content":"","ast-featured-img":"disabled","footer-sml-layout":"","theme-transparent-header-meta":"default","adv-header-id-meta":"","stick-header-meta":"","header-above-stick-meta":"","header-main-stick-meta":"","header-below-stick-meta":"","astra-migrate-meta-layouts":"default","ast-page-background-enabled":"default","ast-page-background-meta":{"desktop":{"background-color":"","background-image":"","background-repeat":"repeat","background-position":"center center","background-size":"auto","background-attachment":"scroll","background-type":"","background-media":"","overlay-type":"","overlay-color":"","overlay-opacity":"","overlay-gradient":""},"tablet":{"background-color":"","background-image":"","background-repeat":"repeat","background-position":"center center","background-size":"auto","background-attachment":"scroll","background-type":"","background-media":"","overlay-type":"","overlay-color":"","overlay-opacity":"","overlay-gradient":""},"mobile":{"background-color":"","background-image":"","background-repeat":"repeat","background-position":"center center","background-size":"auto","background-attachment":"scroll","background-type":"","background-media":"","overlay-type":"","overlay-color":"","overlay-opacity":"","overlay-gradient":""}},"ast-content-background-meta":{"desktop":{"background-color":"var(--ast-global-color-5)","background-image":"","background-repeat":"repeat","background-position":"center center","background-size":"auto","background-attachment":"scroll","background-type":"","background-media":"","overlay-type":"","overlay-color":"","overlay-opacity":"","overlay-gradient":""},"tablet":{"background-color":"var(--ast-global-color-5)","background-image":"","background-repeat":"repeat","background-position":"center center","background-size":"auto","background-attachment":"scroll","background-type":"","background-media":"","overlay-type":"","overlay-color":"","overlay-opacity":"","overlay-gradient":""},"mobile":{"background-color":"var(--ast-global-color-5)","background-image":"","background-repeat":"repeat","background-position":"center center","background-size":"auto","background-attachment":"scroll","background-type":"","background-media":"","overlay-type":"","overlay-color":"","overlay-opacity":"","overlay-gradient":""}},"footnotes":""},"class_list":["post-3268","page","type-page","status-publish","hentry"],"_links":{"self":[{"href":"https:\/\/arhiv.mk\/sq\/wp-json\/wp\/v2\/pages\/3268","targetHints":{"allow":["GET"]}}],"collection":[{"href":"https:\/\/arhiv.mk\/sq\/wp-json\/wp\/v2\/pages"}],"about":[{"href":"https:\/\/arhiv.mk\/sq\/wp-json\/wp\/v2\/types\/page"}],"author":[{"embeddable":true,"href":"https:\/\/arhiv.mk\/sq\/wp-json\/wp\/v2\/users\/1"}],"replies":[{"embeddable":true,"href":"https:\/\/arhiv.mk\/sq\/wp-json\/wp\/v2\/comments?post=3268"}],"version-history":[{"count":4,"href":"https:\/\/arhiv.mk\/sq\/wp-json\/wp\/v2\/pages\/3268\/revisions"}],"predecessor-version":[{"id":4623,"href":"https:\/\/arhiv.mk\/sq\/wp-json\/wp\/v2\/pages\/3268\/revisions\/4623"}],"wp:attachment":[{"href":"https:\/\/arhiv.mk\/sq\/wp-json\/wp\/v2\/media?parent=3268"}],"curies":[{"name":"wp","href":"https:\/\/api.w.org\/{rel}","templated":true}]}}