{"id":42,"date":"2020-12-02T21:50:38","date_gmt":"2020-12-02T21:50:38","guid":{"rendered":"http:\/\/darm.vremeeza.mk\/?page_id=42"},"modified":"2026-03-12T13:51:22","modified_gmt":"2026-03-12T12:51:22","slug":"rakovodstvo","status":"publish","type":"page","link":"https:\/\/arhiv.mk\/sq\/rakovodstvo\/","title":{"rendered":"Udh\u00ebheq\u00ebsia"},"content":{"rendered":"<div data-elementor-type=\"wp-page\" data-elementor-id=\"42\" class=\"elementor elementor-42\" data-elementor-post-type=\"page\">\n\t\t\t\t\t\t<section class=\"elementor-section elementor-top-section elementor-element elementor-element-e57050a elementor-section-content-middle elementor-section-boxed elementor-section-height-default elementor-section-height-default\" data-id=\"e57050a\" data-element_type=\"section\">\n\t\t\t\t\t\t<div class=\"elementor-container elementor-column-gap-default\">\n\t\t\t\t\t<div class=\"elementor-column elementor-col-100 elementor-top-column elementor-element elementor-element-bd13367\" data-id=\"bd13367\" data-element_type=\"column\">\n\t\t\t<div class=\"elementor-widget-wrap elementor-element-populated\">\n\t\t\t\t\t\t<div class=\"elementor-element elementor-element-aff4ca6 elementor-widget elementor-widget-heading\" data-id=\"aff4ca6\" data-element_type=\"widget\" data-widget_type=\"heading.default\">\n\t\t\t\t<div class=\"elementor-widget-container\">\n\t\t\t\t\t<h1 class=\"elementor-heading-title elementor-size-default\">Udh\u00ebheq\u00ebsia<\/h1>\t\t\t\t<\/div>\n\t\t\t\t<\/div>\n\t\t\t\t<div class=\"elementor-element elementor-element-c50898b elementor-widget elementor-widget-heading\" data-id=\"c50898b\" data-element_type=\"widget\" data-widget_type=\"heading.default\">\n\t\t\t\t<div class=\"elementor-widget-container\">\n\t\t\t\t\t<h2 class=\"elementor-heading-title elementor-size-default\">DREJTORI<\/h2>\t\t\t\t<\/div>\n\t\t\t\t<\/div>\n\t\t\t\t<div class=\"elementor-element elementor-element-e6cb706 elementor-widget__width-initial elementor-widget elementor-widget-image\" data-id=\"e6cb706\" data-element_type=\"widget\" data-widget_type=\"image.default\">\n\t\t\t\t<div class=\"elementor-widget-container\">\n\t\t\t\t\t\t\t\t\t\t\t\t\t\t\t<img fetchpriority=\"high\" decoding=\"async\" width=\"768\" height=\"512\" src=\"https:\/\/arhiv.mk\/wp-content\/uploads\/2025\/11\/IMG_2373-768x512.jpg\" class=\"attachment-medium_large size-medium_large wp-image-11971\" alt=\"\" srcset=\"https:\/\/arhiv.mk\/wp-content\/uploads\/2025\/11\/IMG_2373-768x512.jpg 768w, https:\/\/arhiv.mk\/wp-content\/uploads\/2025\/11\/IMG_2373-300x200.jpg 300w, https:\/\/arhiv.mk\/wp-content\/uploads\/2025\/11\/IMG_2373-1024x683.jpg 1024w, https:\/\/arhiv.mk\/wp-content\/uploads\/2025\/11\/IMG_2373-1536x1024.jpg 1536w, https:\/\/arhiv.mk\/wp-content\/uploads\/2025\/11\/IMG_2373-2048x1365.jpg 2048w, https:\/\/arhiv.mk\/wp-content\/uploads\/2025\/11\/IMG_2373-18x12.jpg 18w\" sizes=\"(max-width: 768px) 100vw, 768px\">\t\t\t\t\t\t\t\t\t\t\t\t\t\t\t<\/div>\n\t\t\t\t<\/div>\n\t\t\t\t<div class=\"elementor-element elementor-element-0b843d4 elementor-widget elementor-widget-text-editor\" data-id=\"0b843d4\" data-element_type=\"widget\" data-widget_type=\"text-editor.default\">\n\t\t\t\t<div class=\"elementor-widget-container\">\n\t\t\t\t\t\t\t\t\t<p>\u00a0<\/p><p><strong><em>Mr. Dimitar Bogeski<\/em><\/strong> ka lindur m\u00eb 21 prill 1981, n\u00eb Shkup. Studimet universitare dhe pasuniversitare i p\u00ebrfundoi n\u00eb Institutin e Historis\u00eb n\u00eb Fakultetin e Filozofis\u00eb, ku mbrojti tez\u00ebn e masterit \"Aktivitetet e VMRO-s\u00eb n\u00eb Maqedonin\u00eb e Vardarit 1919-1934\".<\/p><p>N\u00eb Arkivin  Shtet\u00ebror filloi me pune n\u00eb vitin 2008 dhe nga viti 2010 deri n\u00eb vitin 2015 ishte udh\u00ebheq\u00ebs i Nj\u00ebsis\u00eb t\u00eb Arkivit Shtet\u00ebror - Shkup, nga viti 2015 deri n\u00eb vitin 2017 ishte u.d. k\u00ebshilltar shtet\u00ebror n\u00eb Arkivin Shtet\u00ebror - pjesa qendrore, dhe q\u00eb nga viti 2017 udh\u00ebheq\u00ebs  i nj\u00ebsis\u00eb n\u00eb Arkivin Shtet\u00ebror - pjesa qendrore .<\/p><p>Mr. Dimitar Bogeski ka qen\u00eb edhe k\u00ebshilltar n\u00eb K\u00ebshillin e Komun\u00ebs Qend\u00ebr n\u00eb periudh\u00ebn prej vitit 2005 deri n\u00eb vitin 2009 dhe kryetar i Komisionit p\u00ebr ngritjen e monumenteve dhe p\u00ebrmendoreve (Luft\u00ebtari mbi kal\u00eb,  Sh\u00ebn Kirili dhe Metodi, Sh\u00ebn Klimenti dhe Naumi, Karposh). Si k\u00ebshilltar ka qen\u00eb edhe kryetar i Komisionit t\u00eb Kultur\u00ebs pran\u00eb K\u00ebshillit.<\/p><p>Ishte pjes\u00ebmarr\u00ebs n\u00eb forume dhe konferenca arkivore nd\u00ebrkomb\u00ebtare, si \u2018\u2019Konferenca e Arkivave n\u00eb vendet sllave\u2019\u2019, mori pjes\u00eb n\u00eb aktivitetet e organizuara nga Fondacioni Nd\u00ebrkomb\u00ebtar \u2018\u2018Forumi i Vendeve Sllave\u2019\u2019,, Instituti Nd\u00ebrkomb\u00ebtar p\u00ebr Shkenc\u00ebn Arkivore\u2019\u2019 IIAS; ,,IIAS Autum Archival School\u2019\u2019.<\/p><p>Ka marr\u00eb pjes\u00eb n\u00eb disa projekte dhe iniciativa t\u00eb organizatave joqeveritare, si trajnime p\u00ebr lidership politik, menaxhim politik dhe drejtimin e fushatave n\u00eb organizimin e IRI-s\u00eb , aktivitete n\u00eb lidhje me shkollat komunale dhe \u00e7erdhet n\u00eb komun\u00ebn e Qendr\u00ebs si projekt i USAID-it. Ka marr\u00eb certifikat\u00eb p\u00ebr marr\u00ebdh\u00ebnie me publikun dhe media nga QDN, ka ndjekur seminare, trajnime dhe ligj\u00ebrata t\u00eb fondacionit \u2018\u2019Konrad Adenauer\u2019\u2019, ka marr\u00eb pjes\u00eb n\u00eb projekte q\u00eb kan\u00eb t\u00eb b\u00ebjn\u00eb me zhvillimin ekonomik lokal p\u00ebrmes BNJVL-s\u00eb, Komun\u00ebs Qend\u00ebr dhe UNPD-s\u00eb.<\/p><p>Flet anglisht dhe gjuh\u00eb sllave nga Ballkani<\/p><p><strong>Punime profesionale -shkencore:<\/strong><\/p><p>-\t,,Arkivi n\u00eb Shkup 1952-2012 - REGJISTRIME\u2019\u2019, P\u00ebrvjetori i arkivit historik Pozharec, viti. 1 nr.1 , 2012.<\/p><p><strong>&#8211;<\/strong> \"Problemi i racionalizimit dhe vler\u00ebsimit n\u00eb disa sfera t\u00eb pun\u00ebs arkivor\" SH\u00cbNIME, Libri Vjetor i Arkivit Historik t\u00eb Pozharevcit, viti 2, nr. 2, 2013<\/p><p class=\"translation-block\">\"Monografi mbi Arkivin e Qytetit t\u00eb Shkupit\" me nj\u00eb ekspozit\u00eb n\u00eb Paris, n\u00ebn patronazhin e UNESCO-s<\/p>\t\t\t\t\t\t\t\t<\/div>\n\t\t\t\t<\/div>\n\t\t\t\t<div class=\"elementor-element elementor-element-7920554 elementor-widget-divider--view-line elementor-widget elementor-widget-divider\" data-id=\"7920554\" data-element_type=\"widget\" data-widget_type=\"divider.default\">\n\t\t\t\t<div class=\"elementor-widget-container\">\n\t\t\t\t\t\t\t<div class=\"elementor-divider\">\n\t\t\t<span class=\"elementor-divider-separator\">\n\t\t\t\t\t\t<\/span>\n\t\t<\/div>\n\t\t\t\t\t\t<\/div>\n\t\t\t\t<\/div>\n\t\t\t\t<div class=\"elementor-element elementor-element-b1c88d3 elementor-widget elementor-widget-heading\" data-id=\"b1c88d3\" data-element_type=\"widget\" data-widget_type=\"heading.default\">\n\t\t\t\t<div class=\"elementor-widget-container\">\n\t\t\t\t\t<h2 class=\"elementor-heading-title elementor-size-default\">Z\u00cbVEND\u00cbS DREJTORI<\/h2>\t\t\t\t<\/div>\n\t\t\t\t<\/div>\n\t\t\t\t<div class=\"elementor-element elementor-element-a73640d elementor-widget__width-initial elementor-widget elementor-widget-image\" data-id=\"a73640d\" data-element_type=\"widget\" data-widget_type=\"image.default\">\n\t\t\t\t<div class=\"elementor-widget-container\">\n\t\t\t\t\t\t\t\t\t\t\t\t\t\t\t<img decoding=\"async\" width=\"768\" height=\"974\" src=\"https:\/\/arhiv.mk\/wp-content\/uploads\/2026\/03\/trendi-1-768x974.jpeg\" class=\"attachment-medium_large size-medium_large wp-image-12432\" alt=\"\" srcset=\"https:\/\/arhiv.mk\/wp-content\/uploads\/2026\/03\/trendi-1-768x974.jpeg 768w, https:\/\/arhiv.mk\/wp-content\/uploads\/2026\/03\/trendi-1-237x300.jpeg 237w, https:\/\/arhiv.mk\/wp-content\/uploads\/2026\/03\/trendi-1-808x1024.jpeg 808w, https:\/\/arhiv.mk\/wp-content\/uploads\/2026\/03\/trendi-1-1211x1536.jpeg 1211w, https:\/\/arhiv.mk\/wp-content\/uploads\/2026\/03\/trendi-1-9x12.jpeg 9w, https:\/\/arhiv.mk\/wp-content\/uploads\/2026\/03\/trendi-1.jpeg 1366w\" sizes=\"(max-width: 768px) 100vw, 768px\">\t\t\t\t\t\t\t\t\t\t\t\t\t\t\t<\/div>\n\t\t\t\t<\/div>\n\t\t\t\t<div class=\"elementor-element elementor-element-5095d86 elementor-widget__width-initial elementor-widget elementor-widget-text-editor\" data-id=\"5095d86\" data-element_type=\"widget\" data-widget_type=\"text-editor.default\">\n\t\t\t\t<div class=\"elementor-widget-container\">\n\t\t\t\t\t\t\t\t\t<p>\u00a0<\/p><p class=\"translation-block\"><span style=\"font-size: 16px;\">&nbsp;<b><i>\u041c-\u0440&nbsp;\u0422<\/i><\/b><\/span><b><i>\u0440\u0435\u043d\u0434\u0435\u043b\u0438\u043d\u0430 \u0414\u0435\u0430\u0440\u0438<\/i><\/b><span style=\"font-size: 16px;\"> \u0435 \u0440\u043e\u0434\u0435\u043d\u0430 \u043d\u0430 10 \u0441\u0435\u043f\u0442\u0435\u043c\u0432\u0440\u0438 1983 \u0433\u043e\u0434\u0438\u043d\u0430 \u0432\u043e \u0413\u043e\u0441\u0442\u0438\u0432\u0430\u0440, \u0420\u0435\u043f\u0443\u0431\u043b\u0438\u043a\u0430 \u0421\u0435\u0432\u0435\u0440\u043d\u0430 \u041c\u0430\u043a\u0435\u0434\u043e\u043d\u0438\u0458\u0430.<\/span><\/p><p>Arsimin fillor e p\u00ebrfundoi n\u00eb SHF \u201eGoce Dell\u00e7ev\u201c n\u00eb Gostivar, nd\u00ebrsa arsimin e mes\u00ebm e vazhdoi n\u00eb Shkoll\u00ebn e Mesme t\u00eb Mjek\u00ebsis\u00eb \u201eNikola Shtejn\u201c n\u00eb Tetov\u00eb, ku fitoi arsim profesional me titull motre medicinale \u2013 teknik.<\/p><p>N\u00eb vitin 2006 diplomoi n\u00eb Fakultetin p\u00ebr trajnim pedagogjik dhe metodologjik \u2013 drejtimi Sociologji n\u00eb Universitetin e Evrop\u00ebs Juglindore n\u00eb Tetov\u00eb, ku fitoi titullin profesional Profesor i sociologjis\u00eb.<\/p><p>N\u00eb vitin 2017 p\u00ebrfundoi studimet pasuniversitare (cikli i dyt\u00eb) n\u00eb Universitetin \u201eSh\u00ebn Kirili dhe Metodi\u201c n\u00eb Shkup, n\u00eb Institutin p\u00ebr hulumtime sociologjike dhe politiko-juridike \u2013 Shkup, n\u00eb programin studimor Sociologji \u2013 menaxhimi i ndryshimeve shoq\u00ebrore, me \u00e7\u2019rast fitoi titullin shkencor Magjist\u00ebr n\u00eb sociologji \u2013 menaxhimi i ndryshimeve shoq\u00ebrore.<\/p><p>Q\u00eb nga viti 2008 \u00ebsht\u00eb e pun\u00ebsuar si profesore e sociologjis\u00eb n\u00eb Shkoll\u00ebn e Mesme t\u00eb P\u00ebrgjithshme (gjimnazin) n\u00eb Gostivar, ku ka fituar p\u00ebrvoj\u00eb t\u00eb r\u00ebnd\u00ebsishme profesionale n\u00eb procesin arsimor, n\u00eb veprimtarin\u00eb m\u00ebsimore dhe n\u00eb pun\u00ebn me t\u00eb rinjt\u00eb.<\/p><p>Gjat\u00eb karrier\u00ebs s\u00eb saj profesionale ka marr\u00eb pjes\u00eb aktive n\u00eb shum\u00eb trajnime, seminare dhe pun\u00ebtori vendore dhe nd\u00ebrkomb\u00ebtare n\u00eb fush\u00ebn e arsimit, dialogut nd\u00ebrkulturor, arsimit inkluziv, edukimit p\u00ebr paqe, si dhe n\u00eb zbatimin e metodave bashk\u00ebkohore t\u00eb m\u00ebsimdh\u00ebnies.\nAjo posedon disa certifikata t\u00eb l\u00ebshuara nga institucione dhe organizata relevante, nd\u00ebr t\u00eb cilat Ministria e Arsimit dhe Shkenc\u00ebs, Byroja p\u00ebr Zhvillimin e Arsimit, Qendra e Dialogut Nansen \u2013 Shkup, Ambasada e Par\u00eb e F\u00ebmij\u00ebve n\u00eb Bot\u00eb \u201eMegjashi\u201c, si dhe organizata t\u00eb tjera q\u00eb veprojn\u00eb n\u00eb fush\u00ebn e arsimit dhe zhvillimit shoq\u00ebror.<\/p><p>Shquhet p\u00ebr aft\u00ebsi t\u00eb zhvilluara komunikimi dhe organizimi, aft\u00ebsi p\u00ebr pun\u00eb n\u00eb ekip dhe bashk\u00ebpunim nd\u00ebrkulturor, si dhe p\u00ebr nivel t\u00eb lart\u00eb tolerance, p\u00ebrgjegj\u00ebsie dhe p\u00ebrkushtimi profesional.<\/p><p>Gjuh\u00ebn shqipe e p\u00ebrdor si gjuh\u00eb amtare, nd\u00ebrsa n\u00eb m\u00ebnyr\u00eb aktive zot\u00ebron gjuh\u00ebn maqedonase, serbe dhe angleze, nd\u00ebrsa gjuh\u00ebn turke e njeh n\u00eb nivel baz\u00eb.<\/p><p>Posedon aft\u00ebsi solide informatike, duke p\u00ebrdorur n\u00eb m\u00ebnyr\u00eb aktive programet kompjuterike Microsoft Word, Excel dhe PowerPoint, si dhe duke punuar me pajisje moderne kompjuterike<\/p><p>\u00a0<\/p><p><em><strong>\u00a0<\/strong><\/em><\/p>\t\t\t\t\t\t\t\t<\/div>\n\t\t\t\t<\/div>\n\t\t\t\t\t<\/div>\n\t\t<\/div>\n\t\t\t\t\t<\/div>\n\t\t<\/section>\n\t\t\t\t<\/div>","protected":false},"excerpt":{"rendered":"<p>\u0420\u0430\u043a\u043e\u0432\u043e\u0434\u0441\u0442\u0432\u043e \u0414\u0418\u0420\u0415\u041a\u0422\u041e\u0420 \u00a0 \u041c-\u0440 \u0414\u0438\u043c\u0438\u0442\u0430\u0440 \u0411\u043e\u0433\u0435\u0441\u043a\u0438 e \u0440\u043e\u0434\u0435\u043d \u043d\u0430 21 \u0430\u043f\u0440\u0438\u043b 1981 \u0433\u043e\u0434\u0438\u043d\u0430, \u0432\u043e \u0421\u043a\u043e\u043f\u0458\u0435. \u0414\u043e\u0434\u0438\u043f\u043b\u043e\u043c\u0441\u043a\u0438 \u0438 \u043f\u043e\u0441\u0442\u0434\u0438\u043f\u043b\u043e\u043c\u0441\u043a\u0438 \u0441\u0442\u0443\u0434\u0438\u0438 \u0437\u0430\u0432\u0440\u0448\u0438\u043b \u043d\u0430 \u0418\u043d\u0441\u0442\u0438\u0442\u0443\u0442\u043e\u0442 \u0437\u0430 \u0438\u0441\u0442\u043e\u0440\u0438\u0458\u0430 \u043f\u0440\u0438 \u0424\u0438\u043b\u043e\u0437\u043e\u0444\u0441\u043a\u0438\u043e\u0442 \u0444\u0430\u043a\u0443\u043b\u0442\u0435\u0442, \u043f\u0440\u0438 \u0448\u0442\u043e \u0458\u0430 \u043e\u0434\u0431\u0440\u0430\u043d\u0438\u043b \u043c\u0430\u0433\u0438\u0441\u0442\u0435\u0440\u0441\u043a\u0430\u0442\u0430 \u0442\u0435\u0437\u0430 \u201e\u0414\u0435\u0458\u043d\u043e\u0441\u0442\u0430 \u043d\u0430 \u0412\u041c\u0420\u041e \u0432\u043e \u0412\u0430\u0440\u0434\u0430\u0440\u0441\u043a\u0430 \u041c\u0430\u043a\u0435\u0434\u043e\u043d\u0438\u0458\u0430 1919-1934 \u0433.\u201c \u0412\u043e \u0414\u0440\u0436\u0430\u0432\u043d\u0438\u043e\u0442 \u0430\u0440\u0445\u0438\u0432 \u0437\u0430\u0441\u043d\u043e\u0432\u0430\u043b \u0440\u0430\u0431\u043e\u0442\u0435\u043d \u043e\u0434\u043d\u043e\u0441 \u0432\u043e 2008 \u0433\u043e\u0434\u0438\u043d\u0430 \u043f\u0440\u0438 \u0448\u0442\u043e \u043e\u0434 2010 \u0434\u043e [&hellip;]<\/p>","protected":false},"author":1,"featured_media":0,"parent":0,"menu_order":8,"comment_status":"closed","ping_status":"closed","template":"","meta":{"site-sidebar-layout":"no-sidebar","site-content-layout":"page-builder","ast-site-content-layout":"","site-content-style":"default","site-sidebar-style":"default","ast-global-header-display":"","ast-banner-title-visibility":"","ast-main-header-display":"","ast-hfb-above-header-display":"","ast-hfb-below-header-display":"","ast-hfb-mobile-header-display":"","site-post-title":"disabled","ast-breadcrumbs-content":"disabled","ast-featured-img":"disabled","footer-sml-layout":"","theme-transparent-header-meta":"disabled","adv-header-id-meta":"","stick-header-meta":"","header-above-stick-meta":"","header-main-stick-meta":"","header-below-stick-meta":"","astra-migrate-meta-layouts":"default","ast-page-background-enabled":"default","ast-page-background-meta":{"desktop":{"background-color":"","background-image":"","background-repeat":"repeat","background-position":"center center","background-size":"auto","background-attachment":"scroll","background-type":"","background-media":"","overlay-type":"","overlay-color":"","overlay-opacity":"","overlay-gradient":""},"tablet":{"background-color":"","background-image":"","background-repeat":"repeat","background-position":"center center","background-size":"auto","background-attachment":"scroll","background-type":"","background-media":"","overlay-type":"","overlay-color":"","overlay-opacity":"","overlay-gradient":""},"mobile":{"background-color":"","background-image":"","background-repeat":"repeat","background-position":"center center","background-size":"auto","background-attachment":"scroll","background-type":"","background-media":"","overlay-type":"","overlay-color":"","overlay-opacity":"","overlay-gradient":""}},"ast-content-background-meta":{"desktop":{"background-color":"var(--ast-global-color-5)","background-image":"","background-repeat":"repeat","background-position":"center center","background-size":"auto","background-attachment":"scroll","background-type":"","background-media":"","overlay-type":"","overlay-color":"","overlay-opacity":"","overlay-gradient":""},"tablet":{"background-color":"var(--ast-global-color-5)","background-image":"","background-repeat":"repeat","background-position":"center center","background-size":"auto","background-attachment":"scroll","background-type":"","background-media":"","overlay-type":"","overlay-color":"","overlay-opacity":"","overlay-gradient":""},"mobile":{"background-color":"var(--ast-global-color-5)","background-image":"","background-repeat":"repeat","background-position":"center center","background-size":"auto","background-attachment":"scroll","background-type":"","background-media":"","overlay-type":"","overlay-color":"","overlay-opacity":"","overlay-gradient":""}},"footnotes":""},"class_list":["post-42","page","type-page","status-publish","hentry"],"_links":{"self":[{"href":"https:\/\/arhiv.mk\/sq\/wp-json\/wp\/v2\/pages\/42","targetHints":{"allow":["GET"]}}],"collection":[{"href":"https:\/\/arhiv.mk\/sq\/wp-json\/wp\/v2\/pages"}],"about":[{"href":"https:\/\/arhiv.mk\/sq\/wp-json\/wp\/v2\/types\/page"}],"author":[{"embeddable":true,"href":"https:\/\/arhiv.mk\/sq\/wp-json\/wp\/v2\/users\/1"}],"replies":[{"embeddable":true,"href":"https:\/\/arhiv.mk\/sq\/wp-json\/wp\/v2\/comments?post=42"}],"version-history":[{"count":94,"href":"https:\/\/arhiv.mk\/sq\/wp-json\/wp\/v2\/pages\/42\/revisions"}],"predecessor-version":[{"id":12435,"href":"https:\/\/arhiv.mk\/sq\/wp-json\/wp\/v2\/pages\/42\/revisions\/12435"}],"wp:attachment":[{"href":"https:\/\/arhiv.mk\/sq\/wp-json\/wp\/v2\/media?parent=42"}],"curies":[{"name":"wp","href":"https:\/\/api.w.org\/{rel}","templated":true}]}}