{"id":4722,"date":"2021-03-28T06:30:40","date_gmt":"2021-03-28T06:30:40","guid":{"rendered":"https:\/\/arhiv.mk\/?page_id=4722"},"modified":"2023-05-12T14:07:00","modified_gmt":"2023-05-12T12:07:00","slug":"izlozbi","status":"publish","type":"page","link":"https:\/\/arhiv.mk\/sq\/izlozbi\/","title":{"rendered":"Izlozbi"},"content":{"rendered":"<div data-elementor-type=\"wp-page\" data-elementor-id=\"4722\" class=\"elementor elementor-4722\" data-elementor-post-type=\"page\">\n\t\t\t\t\t\t<section class=\"elementor-section elementor-top-section elementor-element elementor-element-51590577 elementor-section-boxed elementor-section-height-default elementor-section-height-default\" data-id=\"51590577\" data-element_type=\"section\">\n\t\t\t\t\t\t<div class=\"elementor-container elementor-column-gap-default\">\n\t\t\t\t\t<div class=\"elementor-column elementor-col-100 elementor-top-column elementor-element elementor-element-553e3d81\" data-id=\"553e3d81\" data-element_type=\"column\">\n\t\t\t<div class=\"elementor-widget-wrap elementor-element-populated\">\n\t\t\t\t\t\t<div class=\"elementor-element elementor-element-3ea3fa07 elementor-widget elementor-widget-text-editor\" data-id=\"3ea3fa07\" data-element_type=\"widget\" data-widget_type=\"text-editor.default\">\n\t\t\t\t<div class=\"elementor-widget-container\">\n\t\t\t\t\t\t\t\t\t<h1 style=\"text-align: center;\">EKSPOZITA<\/h1><h2 style=\"text-align: center;\">Prezantimi i materialit arkivor<\/h2><h5>ASHRMV - Nj\u00ebsia qendrore ka organizuar disa ekspozita arkivore:<\/h5><ul><li>Fotografi t\u00eb vjetra ballkanike,<\/li><li>Gruaja maqedonase n\u00eb Luft\u00ebn e Madhe 1914-1918,<\/li><li>150 Vjet nga lindja e Goce Dell\u00e7evit (1872-2022),<\/li><li>Grat\u00eb dhe Lufta e Madhe,<\/li><li>\u201c30 Vjet shtet i pavarur\u201d,<\/li><li>Arkivat - thesaret e kujtimeve,<\/li><li>Rus\u00ebt n\u00eb Shkup dhe n\u00eb pjes\u00ebn eVardarit t\u00eb Maqedonis\u00eb (1920 -1940),<\/li><li>Fytyrat e luft\u00ebs: Maqedonia dhe maqedonasit n\u00eb Luft\u00ebn e Madhe (1914 -1918),<\/li><li>Rus\u00ebt n\u00eb Maqedoni (1920 - 1940),<\/li><li>25 Vjet Republika e Pavarur e Maqedonis\u00eb,<\/li><li>Sh\u00ebnimi i Nj\u00ebqindvjetorit t\u00eb cop\u00ebtimit t\u00eb Maqedonis\u00eb dhe Luft\u00ebs s\u00eb Par\u00eb Bot\u00ebrore,<\/li><li>Maqedonia n\u00eb Luft\u00ebn e Par\u00eb Bot\u00ebrore,<\/li><li>Maqedonija nd\u00ebr sheku,<\/li><li>Maqedonija nga shekulli X deri m\u00eb sot,<\/li><li>Ilinden 1903-2003 - nj\u00ebqind vite shtet\u00ebsi maqedonsase<\/li><li>ASNOM - dokumente,<\/li><li>Goce Del\u00e7ev,<\/li><li>Ushtria Maqedonase 1941-1945,<\/li><li>Zhvillimi i iluminizmit n\u00eb Maqedoni,<\/li><li>Evrejte n\u00eb Maqedoni 1941-1945<\/li><li>30 vjet antarsim n\u00eb ON<\/li><li>Maqedonia kujton \u2013 kurr\u00eb t\u00eb mos harrohet!<\/li><li>\"Misionare e m\u00ebshir\u00ebs\" \u2013 Kujtimet p\u00ebr N\u00ebn\u00eb Terez\u00ebn p\u00ebr Arkivin Shtet\u00ebror<\/li><\/ul><p>Ekspozitat jan\u00eb treguar n\u00eb Republik\u00ebn e Maqedonis\u00eb s\u00eb Veriut dhe jasht\u00eb saj dhe kan\u00eb afirmuar pasurin\u00eb arkivore t\u00eb ASHRMV.<\/p><h5>\u0410SHRMV \u2013Nj\u00ebsia e Manastirit  \u2013 ekspozita me rastin e:<\/h5><ul><li>\u201eMementos\/ Kujtime\"<\/li><li>11 Tetor - Dita e Kryengritjes s\u00eb Maqedonis\u00eb,<\/li><li>4 N\u00ebntor - Dita e \u00e7lirimit t\u00eb Manastirit,<\/li><li>2 Gusht - Dita e Kryengritjes s\u00eb Ilindenit,<\/li><li>11 Mars - Dita e debimit t\u00eb Hebrenj\u00ebve,<\/li><li>9 Maj - Dita e fitores mbi Fashizmin,<\/li><li>Ekspozita e p\u00ebrhershme p\u00ebr krijimtarin\u00eb e v\u00ebllez\u00ebrve Manaki<\/li><\/ul><h5>\u0410SHRMV \u2013Nj\u00ebsia Veles:<\/h5><ul><li>\u201eT\u00eb bashkuar jemi m\u00eb t\u00eb fort\u00eb\"<\/li><li>\u201e Rajoni i Vardarit p\u00ebrmes dokumenteve t\u00eb ASHMRV \u201c,<\/li><li>Dokumente p\u00ebr shk\u00ebputjen partizane t\u00eb Velesit\u201d Dimitar Vlahov,<\/li><li>\"Jeta Revolucionare dhe Krijuese e Ko\u00e7o Racinit\u201c;<\/li><li>\u201e Jeta dhe vepra e Jordan H. K. - Xhinot \u201c;<\/li><li>\u201e Velesi n\u00eb shekullin e kaluar \u201cdhe<\/li><li>\u201e Velesi p\u00ebrmes dokumenteve dhe fotografijave \u201c<\/li><\/ul><h5>\u0410SHRMV \u2013Nj\u00ebsia e Kumanov\u00ebs:<\/h5><ul><li>Ekspozita e p\u00ebrhershme arkivore \u201cKumanova p\u00ebrmes dokumenteve dhe fotografive\u201d.<\/li><\/ul><h5>\u0410SHRMV \u2013Nj\u00ebsia e Ohrit:<\/h5><ul><li>\u201cDokumentet e r\u00ebnd\u00ebsishme p\u00ebr komunat n\u00ebn juridiksionin e Nj\u00ebsis\u00eb s\u00eb Ohrit\u201d,<\/li><li>\"Ekspozita e fotografis\u00eb\" 21 Marsi Dita e Pranver\u00ebs \"dhe\" 1 Prilli Dita e Shakave\",<\/li><li>\"Moto\u00e7ikleta nga e kaluara e Ohrit\",<\/li><li>\u201c7 N\u00ebntori \u2013 \u00c7lirimi i qytetit t\u00eb Ohrit\u201d,<\/li><li>\u201cFoto nga qyteti i Ohrit\u201d e autorit Gi Fulon<\/li><li>\"Ekspozit\u00eb dokumentare gazetareske p\u00ebr zhvillimin e institucioneve mediatike n\u00eb Oh\u00ebr\"<\/li><li>\u201cOhri p\u00ebrgjat  historis\u201d,<\/li><\/ul><h5>\u0410SHRMV\u2013Nj\u00ebsia e Shkupit:<\/h5><ul><li>\"Komuna e qytetit t\u00eb Shkupit\",<\/li><li>\u201e Reflektimi i T\u00ebrmetit t\u00eb Shkupit n\u00eb shtypin e huaj \u201c,<\/li><li>\u201e \u0422ituj dhe Jubilejte tan\u00eb \u201c;<\/li><li>\u201e Gjasht\u00ebdhjet\u00eb vjet t\u00eb Komun\u00ebs s\u00eb Kuqe t\u00eb Shkupit \u201c,<\/li><li>\u201e Tridhjet\u00eb e shtat\u00eb vjet jet\u00eb e lir\u00eb dhe krijuese \u201c,<\/li><li>\u201e Tridhjet\u00eb vjetori i ekzistenc\u00ebs s\u00eb Arkivit n\u00eb Shkup \u201c,<\/li><li>\u201e Tridhjet\u00eb vjet nga t\u00ebrmeti n\u00eb Shkupi \u201c,<\/li><li>\u201e N\u00eb Shkup t\u00eb lir\u00eb me dashuri\u201d vendosja e p\u00ebrher\u00ebshme n\u00eb nj\u00ebsin\u00eb.<\/li><\/ul><h5>\u0410SHRMV \u2013Nj\u00ebsia e Tetov\u00ebs:<\/h5><ul><li>\"Trash\u00ebgimia dokumentare e Arkivit t\u00eb Tetov\u00ebs\",<\/li><li>\u201e ASNOM\u201d 1944-1994, Sht\u00ebpia e Kultur\u00ebs n\u00eb Tetov\u00eb 1994,<\/li><\/ul><h5>\u0410SHRMV \u2013Nj\u00ebsia e Shtipit:<\/h5><ul><li>\"Trash\u00ebgimia dokumentare e Arkivit n\u00eb Shtip\",<\/li><\/ul><h5>\u0410SHRMV \u2013Nj\u00ebsia e Prilepit:<\/h5><ul><li>\u201cPersonazhi dhe vepra e Sllobodan Mihajlloskit\u201d,<\/li><\/ul><p><a role=\"button\" href=\"https:\/\/arhiv.mk\/sq\/izlozbi-makedonija-niz-vekovite\/\"><br \/>Maqedonia gjat\u00eb shekujve<br \/><\/a><br \/><a role=\"button\" href=\"https:\/\/arhiv.mk\/sq\/izlozbi-rusite-vo-makedonija\/\"><br \/>Rus\u00ebt n\u00eb Maqedoni (1920-1940)<br \/><\/a><br \/><a role=\"button\" href=\"https:\/\/arhiv.mk\/sq\/izlozbi-licata-na-vojnata\/\"><br \/>Fytyrat e luft\u00ebs (1914-1918)<br \/><\/a><br \/><a role=\"button\" href=\"https:\/\/arhiv.mk\/sq\/izlozbi-makedonska-kinematografija\/\" data-wplink-edit=\"true\"><br \/>Kinematografia maqedonase (1947 - 1991)<br \/><\/a><\/p>\t\t\t\t\t\t\t\t<\/div>\n\t\t\t\t<\/div>\n\t\t\t\t\t<\/div>\n\t\t<\/div>\n\t\t\t\t\t<\/div>\n\t\t<\/section>\n\t\t\t\t<\/div>","protected":false},"excerpt":{"rendered":"<p>\u0418\u0417\u041b\u041e\u0416\u0411\u0418 \u041f\u0440\u0435\u0437\u0435\u043d\u0442\u0430\u0446\u0438\u0458\u0430 \u043d\u0430 \u0430\u0440\u0445\u0438\u0432\u0441\u043a\u0438 \u043c\u0430\u0442\u0435\u0440\u0438\u0458\u0430\u043b \u0414\u0410\u0420\u0421\u041c \u2013 \u0426\u0435\u043d\u0442\u0440\u0430\u043b\u043d\u043e\u0442\u043e \u043e\u0434\u0434\u0435\u043b\u0435\u043d\u0438\u0435 \u0438\u043c\u0430 \u043e\u0440\u0433\u0430\u043d\u0438\u0437\u0438\u0440\u0430\u043d\u043e \u043f\u043e\u0432\u0435\u045c\u0435 \u0430\u0440\u0445\u0438\u0432\u0441\u043a\u0438 \u0438\u0437\u043b\u043e\u0436\u0431\u0438: \u0421\u0442\u0430\u0440\u0438 \u0431\u0430\u043b\u043a\u0430\u043d\u0441\u043a\u0438 \u0444\u043e\u0442\u043e\u0433\u0440\u0430\u0444\u0438\u0438, \u041c\u0430\u043a\u0435\u0434\u043e\u043d\u0441\u043a\u0430\u0442\u0430 \u0436\u0435\u043d\u0430 \u0432\u043e \u0413\u043e\u043b\u0435\u043c\u0430 \u0432\u043e\u0458\u043d\u0430 1914-1918, 150 \u0433\u043e\u0434\u0438\u043d\u0438 \u043e\u0434 \u0440\u0430\u0453\u0430\u045a\u0435\u0442\u043e \u043d\u0430 \u0413\u043e\u0446\u0435 \u0414\u0435\u043b\u0447\u0435\u0432 (1872-2022), \u0416\u0435\u043d\u0438\u0442\u0435 \u0438 \u0413\u043e\u043b\u0435\u043c\u0430\u0442\u0430 \u0432\u043e\u0458\u043d\u0430, \u201e30 \u0433\u043e\u0434\u0438\u043d\u0438 \u043d\u0435\u0437\u0430\u0432\u0438\u0441\u043d\u0430 \u0434\u0440\u0436\u0430\u0432\u0430\u201c, \u0410\u0440\u0445\u0438\u0432\u0438\u0442\u0435 &#8211; \u0440\u0438\u0437\u043d\u0438\u0446\u0438 \u043d\u0430 \u0441\u043f\u043e\u043c\u0435\u043d\u0438\u0442\u0435, \u0420\u0443\u0441\u0438\u0442\u0435 \u0432\u043e \u0421\u043a\u043e\u043f\u0458\u0435 \u0438 \u0432\u043e \u0412\u0430\u0440\u0434\u0430\u0440\u0441\u043a\u0438\u043e\u0442 \u0434\u0435\u043b \u043d\u0430 \u041c\u0430\u043a\u0435\u0434\u043e\u043d\u0438\u0458\u0430 (1920 -1940), [&hellip;]<\/p>","protected":false},"author":1,"featured_media":0,"parent":0,"menu_order":0,"comment_status":"closed","ping_status":"closed","template":"","meta":{"site-sidebar-layout":"no-sidebar","site-content-layout":"page-builder","ast-site-content-layout":"","site-content-style":"default","site-sidebar-style":"default","ast-global-header-display":"","ast-banner-title-visibility":"","ast-main-header-display":"","ast-hfb-above-header-display":"","ast-hfb-below-header-display":"","ast-hfb-mobile-header-display":"","site-post-title":"disabled","ast-breadcrumbs-content":"","ast-featured-img":"disabled","footer-sml-layout":"","theme-transparent-header-meta":"default","adv-header-id-meta":"","stick-header-meta":"","header-above-stick-meta":"","header-main-stick-meta":"","header-below-stick-meta":"","astra-migrate-meta-layouts":"default","ast-page-background-enabled":"default","ast-page-background-meta":{"desktop":{"background-color":"","background-image":"","background-repeat":"repeat","background-position":"center center","background-size":"auto","background-attachment":"scroll","background-type":"","background-media":"","overlay-type":"","overlay-color":"","overlay-opacity":"","overlay-gradient":""},"tablet":{"background-color":"","background-image":"","background-repeat":"repeat","background-position":"center center","background-size":"auto","background-attachment":"scroll","background-type":"","background-media":"","overlay-type":"","overlay-color":"","overlay-opacity":"","overlay-gradient":""},"mobile":{"background-color":"","background-image":"","background-repeat":"repeat","background-position":"center center","background-size":"auto","background-attachment":"scroll","background-type":"","background-media":"","overlay-type":"","overlay-color":"","overlay-opacity":"","overlay-gradient":""}},"ast-content-background-meta":{"desktop":{"background-color":"var(--ast-global-color-5)","background-image":"","background-repeat":"repeat","background-position":"center center","background-size":"auto","background-attachment":"scroll","background-type":"","background-media":"","overlay-type":"","overlay-color":"","overlay-opacity":"","overlay-gradient":""},"tablet":{"background-color":"var(--ast-global-color-5)","background-image":"","background-repeat":"repeat","background-position":"center center","background-size":"auto","background-attachment":"scroll","background-type":"","background-media":"","overlay-type":"","overlay-color":"","overlay-opacity":"","overlay-gradient":""},"mobile":{"background-color":"var(--ast-global-color-5)","background-image":"","background-repeat":"repeat","background-position":"center center","background-size":"auto","background-attachment":"scroll","background-type":"","background-media":"","overlay-type":"","overlay-color":"","overlay-opacity":"","overlay-gradient":""}},"footnotes":""},"class_list":["post-4722","page","type-page","status-publish","hentry"],"_links":{"self":[{"href":"https:\/\/arhiv.mk\/sq\/wp-json\/wp\/v2\/pages\/4722","targetHints":{"allow":["GET"]}}],"collection":[{"href":"https:\/\/arhiv.mk\/sq\/wp-json\/wp\/v2\/pages"}],"about":[{"href":"https:\/\/arhiv.mk\/sq\/wp-json\/wp\/v2\/types\/page"}],"author":[{"embeddable":true,"href":"https:\/\/arhiv.mk\/sq\/wp-json\/wp\/v2\/users\/1"}],"replies":[{"embeddable":true,"href":"https:\/\/arhiv.mk\/sq\/wp-json\/wp\/v2\/comments?post=4722"}],"version-history":[{"count":50,"href":"https:\/\/arhiv.mk\/sq\/wp-json\/wp\/v2\/pages\/4722\/revisions"}],"predecessor-version":[{"id":9473,"href":"https:\/\/arhiv.mk\/sq\/wp-json\/wp\/v2\/pages\/4722\/revisions\/9473"}],"wp:attachment":[{"href":"https:\/\/arhiv.mk\/sq\/wp-json\/wp\/v2\/media?parent=4722"}],"curies":[{"name":"wp","href":"https:\/\/api.w.org\/{rel}","templated":true}]}}