{"id":4854,"date":"2021-03-28T20:17:33","date_gmt":"2021-03-28T20:17:33","guid":{"rendered":"https:\/\/arhiv.mk\/?page_id=4854"},"modified":"2021-03-28T20:31:05","modified_gmt":"2021-03-28T20:31:05","slug":"politika-za-privatnost","status":"publish","type":"page","link":"https:\/\/arhiv.mk\/sq\/politika-za-privatnost\/","title":{"rendered":"Politika za Privatnost"},"content":{"rendered":"<div data-elementor-type=\"wp-page\" data-elementor-id=\"4854\" class=\"elementor elementor-4854\" data-elementor-post-type=\"page\">\n\t\t\t\t\t\t<section class=\"elementor-section elementor-top-section elementor-element elementor-element-521f1cb elementor-section-boxed elementor-section-height-default elementor-section-height-default\" data-id=\"521f1cb\" data-element_type=\"section\">\n\t\t\t\t\t\t<div class=\"elementor-container elementor-column-gap-default\">\n\t\t\t\t\t<div class=\"elementor-column elementor-col-100 elementor-top-column elementor-element elementor-element-783a90d\" data-id=\"783a90d\" data-element_type=\"column\">\n\t\t\t<div class=\"elementor-widget-wrap elementor-element-populated\">\n\t\t\t\t\t\t<div class=\"elementor-element elementor-element-c2cef7c elementor-widget elementor-widget-heading\" data-id=\"c2cef7c\" data-element_type=\"widget\" data-widget_type=\"heading.default\">\n\t\t\t\t<div class=\"elementor-widget-container\">\n\t\t\t\t\t<h1 class=\"elementor-heading-title elementor-size-default\">POLITIKA E PRIVAT\u00cbSIS\u00cb<\/h1>\t\t\t\t<\/div>\n\t\t\t\t<\/div>\n\t\t\t\t<div class=\"elementor-element elementor-element-d4fb236 elementor-widget elementor-widget-text-editor\" data-id=\"d4fb236\" data-element_type=\"widget\" data-widget_type=\"text-editor.default\">\n\t\t\t\t<div class=\"elementor-widget-container\">\n\t\t\t\t\t\t\t\t\t<p>Kjo politik\u00eb e privat\u00ebsis\u00eb ofron informacione t\u00eb p\u00ebrgjithshme n\u00eb lidhje me p\u00ebrpunimin e t\u00eb dh\u00ebnave personale kur vizitoni faqen e internetit t\u00eb Arkivave Shtet\u00ebror t\u00eb Republik\u00ebs s\u00eb Maqedonis\u00eb s\u00eb Veriut (n\u00eb tekstin e m\u00ebtejm\u00eb: ASHRMV) dhe \/ ose p\u00ebrdorni ndonj\u00eb nga sh\u00ebrbimet tona administrative p\u00ebrmes saj. Ne mbledhim vet\u00ebm ato t\u00eb dh\u00ebna personale q\u00eb jan\u00eb t\u00eb nevojshme p\u00ebr t\u00eb p\u00ebrmbushur detyrat dhe kompetencat tona ligjore..<\/p><p><b>T\u00eb dh\u00ebnat e kujt mbledhim: <\/b><\/p><ul><li class=\"translation-block\">Vizitor\u00ebt n\u00eb faqen ton\u00eb t\u00eb internetit www.arhiv.gov.mk. Ne zakonisht mbledhim t\u00eb dh\u00ebna navigimi q\u00eb p\u00ebrdoren p\u00ebr t\u00eb analizuar t\u00eb dh\u00ebnat nga vizitat n\u00eb faqen ton\u00eb t\u00eb internetit si dhe p\u00ebr t\u00eb ruajtur sigurin\u00eb e informacionit n\u00eb faqen ton\u00eb t\u00eb internetit.<\/li><li><b>\u00a0aplikant\u00ebt dhe personat e tjer\u00eb fizik\u00eb n\u00eb lidhje me paraqitjen e k\u00ebrkesave dhe sh\u00ebrbimeve t\u00eb ndryshme. <\/b><\/li><li><b>\u00a0personat t\u00eb cil\u00ebt, bazuar n\u00eb Ligjin p\u00ebr Mbrojtjen e t\u00eb Dh\u00ebnave Personale, paraqesin njoftime dhe k\u00ebrkesa n\u00eb ASHRMV. <\/b><\/li><li class=\"translation-block\">Personat q\u00eb k\u00ebrkojn\u00eb qasje n\u00eb informacionin publik bazuar n\u00eb Ligjin p\u00ebr Qasje t\u00eb Lir\u00eb n\u00eb Informacionin Publik. N\u00eb m\u00ebnyr\u00eb q\u00eb t\u00eb p\u00ebrpunojn\u00eb k\u00ebrkesat p\u00ebr qasje n\u00eb informacion, paraqit\u00ebsit e k\u00ebrkesave u k\u00ebrkohet t\u00eb paraqesin t\u00eb dh\u00ebna t\u00eb caktuara, bazuar n\u00eb Ligjin p\u00ebr Qasje t\u00eb Lir\u00eb n\u00eb Informacionin Publik.<\/li><li class=\"translation-block\">Pjes\u00ebmarr\u00ebsit n\u00eb trajnime, konferenca dhe ngjarje T\u00eb dh\u00ebna personale me q\u00ebllim t\u00eb kryerjes s\u00eb trajnimeve dhe ngjarjeve t\u00eb organizuara nga ASHRMV.<\/li><\/ul><p><b>Kategorit\u00eb e t\u00eb dh\u00ebnave q\u00eb do t\u00eb p\u00ebrpunohen: <\/b><\/p><p>T\u00eb dh\u00ebnat e navigacionit:<\/p><p>Kur vizitoni serverin ton\u00eb t\u00eb internetit, krijohet nj\u00eb server p\u00ebr secilin vizitor me t\u00eb dh\u00ebnat e m\u00ebposhtme:<\/p><ul><li>\u00a0Adresa e Protokollit tuaj t\u00eb Internetit (IP);<\/li><li>\u00a0koha dhe data e hyrjes n\u00eb web-faqen e internetit;<\/li><li>\u00a0Shteti (specifikuar p\u00ebrmes adres\u00ebs IP), Regjistrat e serverit fshihen automatikisht brenda 30 dit\u00ebsh, p\u00ebrve\u00e7 n\u00ebse rrethanat k\u00ebrkojn\u00eb nj\u00eb q\u00ebndrim m\u00eb t\u00eb gjat\u00eb, p\u00ebr shembull, p\u00ebr t\u00eb hetuar nj\u00eb virus ose sulm me q\u00ebllim t\u00eb keq. Ne t\u00eb gjitha aktivitetet n\u00eb web-faqen e internetit i b\u00ebjm intern, duke p\u00ebrfshir\u00eb regjistrat q\u00eb jan\u00eb krijuar dhe analiz\u00ebn e t\u00eb dh\u00ebnave q\u00eb transmetohen nga vizitat n\u00eb faqen ton\u00eb t\u00eb internetit;<\/li><li>\u00a0Fjal\u00ebt ky\u00e7e t\u00eb k\u00ebrkuara n\u00eb faqen ton\u00eb t\u00eb internetit.<\/li><\/ul><p>T\u00eb dh\u00ebnat q\u00eb p\u00ebrdoruesit paraqesin vullnetarisht:<\/p><p>T\u00eb dh\u00ebnat personale q\u00eb ne mbledhim nga vizita juaj n\u00eb faqen ton\u00eb t\u00eb internetit jan\u00eb ato q\u00eb ju paraqisni vullnetarisht p\u00ebr q\u00ebllime specifike, n\u00eb m\u00ebnyr\u00eb q\u00eb t\u00eb na mund\u00ebsoni t\u00eb ushtrojm\u00eb autoritetin ton\u00eb p\u00ebr t\u00eb l\u00ebshuar certifikata t\u00eb sh\u00ebrbimit dhe akte ligjore t\u00eb pron\u00ebs, p\u00ebr t\u00eb miratuar p\u00ebrdorimin dhe hulumtimin e materialit arkivor, p\u00ebr t\u00eb p\u00ebrmbushur kompetencat n\u00eb fush\u00ebn e zyr\u00ebs dhe pun\u00ebs arkivore, duke siguruar reagimet kthyse.<\/p><p>Ne mund t\u00eb mbledhim disa nga kategorit\u00eb e m\u00ebposhtme t\u00eb informacionit personal: emri, adresa, telefoni i kontaktit, faksi, emaili dhe n\u00ebnshkrimi. Raportet tona vjetore zakonisht ofrojn\u00eb statistika p\u00ebr numrin e k\u00ebrkesave t\u00eb marra dhe numrin e sh\u00ebrbimeve t\u00eb ofruara, n\u00eb nj\u00eb form\u00eb q\u00eb nuk tregon identitetin e dikujt.<\/p><p><b>Si i mbledhim t\u00eb dh\u00ebnat personale<\/b><\/p><p>Ne mbledhim t\u00eb dh\u00ebna personale p\u00ebrmes kanaleve t\u00eb ndryshme, t\u00eb p\u00ebrshkruara nga aktet e brendshme normative, duke p\u00ebrfshir\u00eb:<\/p><ul><li>\u00a0p\u00ebrmes p\u00ebrdorimit tuaj t\u00eb faqes son\u00eb t\u00eb internetit, p\u00ebrfshir\u00eb formularin p\u00ebr d\u00ebrgimin e nj\u00eb emaili n\u00eb zyr\u00ebn e regjistrit t\u00eb Arkivit Shtet\u00ebror n\u00eb adres\u00ebn vijuese: contact@arhiv.gov.mk, p\u00ebrkat\u00ebsisht adres\u00ebs tuaj t\u00eb post\u00ebs elektronike, nd\u00ebrsa fusha p\u00ebr emrin dhe mbiemrin \u00ebsht\u00eb opcionale. L\u00ebnia e k\u00ebtyre t\u00eb dh\u00ebnave \u00ebsht\u00eb ekskluzivisht me lejen e vizitorit n\u00eb faqen e internetit t\u00eb ASHRMV;<\/li><li>\u00a0duke d\u00ebrguar letra n\u00eb adresat zyrtare t\u00eb post\u00ebs elektronike t\u00eb punonj\u00ebsve n\u00eb Arkivin Shtet\u00ebror;<\/li><li>\u00a0duke paraqitur k\u00ebrkesa p\u00ebr l\u00ebshimin e nj\u00eb v\u00ebrtetimi p\u00ebr aktet juridike pron\u00ebsore;<\/li><li>\u00a0duke paraqitur k\u00ebrkesa p\u00ebr l\u00ebshimin e nj\u00eb \u00e7ertifikate t\u00eb p\u00ebrvoj\u00ebs s\u00eb pun\u00ebs;<\/li><li>\u00a0duke paraqitur nj\u00eb k\u00ebrkes\u00eb p\u00ebr p\u00ebrdorimin e materialit arkivor;<\/li><li>\u00a0duke paraqitur nj\u00eb k\u00ebrkes\u00eb p\u00ebr blerjen e botimeve arkivore;<\/li><li>\u00a0duke kryer mbik\u00ebqyrje dhe kontroll mbi mbajt\u00ebsit e arkivit dhe materialit dokumentar arkivor publik dhe privat dhe duke mbajtur sh\u00ebnime gjat\u00eb inspektimit dhe mbik\u00ebqyrjes profesionale t\u00eb mbajt\u00ebsve, n\u00eb p\u00ebrputhje me nenin 2, paragrafi 4 t\u00eb Ligjit p\u00ebr Mbrojtjen e t\u00eb Dh\u00ebnave Personale;<\/li><li>\u00a0p\u00ebrmes operacioneve financiare, gjat\u00eb lidhjes s\u00eb kontratave, kontratave t\u00eb s\u00eb drejt\u00ebs s\u00eb autorit, gjat\u00eb kryerjes s\u00eb prokurimeve publike;<\/li><li>\u00a0p\u00ebrmes post\u00ebs.<\/li><\/ul><p><b>Cilat jan\u00eb t\u00eb drejtat tuaja? <\/b><\/p><p>T\u00eb drejtat tuaja n\u00eb lidhje me p\u00ebrpunimin e t\u00eb dh\u00ebnave personale jan\u00eb:<\/p><ul><li>e drejta p\u00ebr tu informuar n\u00eb lidhje me p\u00ebrpunimin e t\u00eb dh\u00ebnave personale;<\/li><li>e drejta e qasjes n\u00eb t\u00eb dh\u00ebnat personale;<\/li><li>e drejta p\u00ebr korrigjim dhe fshirje t\u00eb t\u00eb dh\u00ebnave personale;<\/li><li>e drejta p\u00ebr t\u00eb kufizuar p\u00ebrpunimin e t\u00eb dh\u00ebnave personale;<\/li><li>e drejta p\u00ebr t\u00eb kund\u00ebrshtuar.<\/li><\/ul><p>P\u00ebr informacion shtes\u00eb dhe \/ ose ushtrimin e t\u00eb drejtave tuaja p\u00ebr mbrojtjen e t\u00eb dh\u00ebnave personale, mund t\u00eb kontaktoni zyrtarin ton\u00eb p\u00ebr mbrojtjen e t\u00eb dh\u00ebnave personale, Goran Manevski, n\u00eb e-mailin vijues: goran.manevski@arhiv.gov.<\/p><p><b>E drejta p\u00ebr t\u00eb paraqitur nj\u00eb k\u00ebrkes\u00eb n\u00eb Agjencin\u00eb p\u00ebr Mbrojtjen e t\u00eb Dh\u00ebnave Personale (AZLP) <\/b><\/p><p>N\u00ebse e konsideroni se m\u00ebnyra se si ASHRMV p\u00ebrpunon t\u00eb dh\u00ebnat tuaja personale dhe shkel dispozitat e Ligjit p\u00ebr Mbrojtjen e t\u00eb Dh\u00ebnave Personale, ju mund t\u00eb paraqisni nj\u00eb k\u00ebrkes\u00eb n\u00eb LPDP si nj\u00eb organ mbik\u00ebqyr\u00ebs, i cili do t\u00eb trajtohet n\u00eb t\u00eb nj\u00ebjt\u00ebn m\u00ebnyr\u00eb si \u00e7do k\u00ebrkes\u00eb tjet\u00ebr e paraqitur, sipas Nenit 97 t\u00eb Ligjit p\u00ebr Mbrojtjen e t\u00eb Dh\u00ebnave Personale.<\/p><p>K\u00ebrkesa mund t\u00eb dor\u00ebzohet p\u00ebrmes faqes s\u00eb internetit ose n\u00eb \u00e7far\u00ebdo m\u00ebnyre p\u00ebrmes informacionit kontakt t\u00eb botuar n\u00eb seksionin KONTAKT.<\/p><p><b>Ndryshimi i politik\u00ebs s\u00eb privat\u00ebsis\u00eb<\/b><\/p><p>Politika e privat\u00ebsis\u00eb do t\u00eb ndryshohet rregullisht n\u00eb p\u00ebrputhje me ndryshimet dhe aktivitetet tona.<\/p>\t\t\t\t\t\t\t\t<\/div>\n\t\t\t\t<\/div>\n\t\t\t\t\t<\/div>\n\t\t<\/div>\n\t\t\t\t\t<\/div>\n\t\t<\/section>\n\t\t\t\t<\/div>","protected":false},"excerpt":{"rendered":"<p>\u041f\u041e\u041b\u0418\u0422\u0418\u041a\u0410 \u041d\u0410 \u041f\u0420\u0418\u0412\u0410\u0422\u041d\u041e\u0421\u0422 \u041e\u0432\u0430\u0430 \u043f\u043e\u043b\u0438\u0442\u0438\u043a\u0430 \u043d\u0430 \u043f\u0440\u0438\u0432\u0430\u0442\u043d\u043e\u0441\u0442 \u0434\u0430\u0432\u0430 \u043e\u043f\u0448\u0442\u0438 \u0438\u043d\u0444\u043e\u0440\u043c\u0430\u0446\u0438\u0438 \u0437\u0430 \u043e\u0431\u0440\u0430\u0431\u043e\u0442\u043a\u0430\u0442\u0430 \u043d\u0430 \u043b\u0438\u0447\u043d\u0438 \u043f\u043e\u0434\u0430\u0442\u043e\u0446\u0438 \u043a\u043e\u0433\u0430 \u0458\u0430 \u043f\u043e\u0441\u0435\u0442\u0443\u0432\u0430\u0442\u0435 \u0438\u043d\u0442\u0435\u0440\u043d\u0435\u0442 \u0441\u0442\u0440\u0430\u043d\u0430\u0442\u0430 \u043d\u0430 \u0414\u0440\u0436\u0430\u0432\u043d\u0438\u043e\u0442 \u0430\u0440\u0445\u0438\u0432 \u043d\u0430 \u0420\u0435\u043f\u0443\u0431\u043b\u0438\u043a\u0430 \u0421\u0435\u0432\u0435\u0440\u043d\u0430 \u041c\u0430\u043a\u0435\u0434\u043e\u043d\u0438\u0458\u0430 (\u0432\u043e \u043d\u0430\u0442\u0430\u043c\u043e\u0448\u043d\u0438\u043e\u0442 \u0442\u0435\u043a\u0441\u0442: \u0414\u0410\u0420\u0421\u041c) \u0438\/\u0438\u043b\u0438 \u043a\u043e\u0440\u0438\u0441\u0442\u0438\u0442\u0435 \u043d\u0435\u043a\u043e\u0458\u0430 \u043e\u0434 \u043d\u0430\u0448\u0438\u0442\u0435 \u0430\u0434\u043c\u0438\u043d\u0438\u0441\u0442\u0440\u0430\u0442\u0438\u0432\u043d\u0438 \u0443\u0441\u043b\u0443\u0433\u0438 \u043f\u0440\u0435\u043a\u0443 \u0438\u0441\u0442\u0430\u0442\u0430. \u0413\u0438 \u0441\u043e\u0431\u0438\u0440\u0430\u043c\u0435 \u0441\u0430\u043c\u043e \u043e\u043d\u0438\u0435 \u043b\u0438\u0447\u043d\u0438 \u043f\u043e\u0434\u0430\u0442\u043e\u0446\u0438 \u043a\u043e\u0438 \u0441\u0435 \u043d\u0435\u043e\u043f\u0445\u043e\u0434\u043d\u0438 \u0434\u0430 \u0433\u0438 \u043e\u0441\u0442\u0432\u0430\u0440\u0438\u043c\u0435 \u043d\u0430\u0448\u0438\u0442\u0435 \u0437\u0430\u043a\u043e\u043d\u0441\u043a\u0438 \u0437\u0430\u0434\u0430\u0447\u0438 [&hellip;]<\/p>","protected":false},"author":2,"featured_media":0,"parent":0,"menu_order":0,"comment_status":"closed","ping_status":"closed","template":"","meta":{"site-sidebar-layout":"no-sidebar","site-content-layout":"page-builder","ast-site-content-layout":"","site-content-style":"default","site-sidebar-style":"default","ast-global-header-display":"","ast-banner-title-visibility":"","ast-main-header-display":"","ast-hfb-above-header-display":"","ast-hfb-below-header-display":"","ast-hfb-mobile-header-display":"","site-post-title":"disabled","ast-breadcrumbs-content":"","ast-featured-img":"disabled","footer-sml-layout":"","theme-transparent-header-meta":"default","adv-header-id-meta":"","stick-header-meta":"","header-above-stick-meta":"","header-main-stick-meta":"","header-below-stick-meta":"","astra-migrate-meta-layouts":"default","ast-page-background-enabled":"default","ast-page-background-meta":{"desktop":{"background-color":"","background-image":"","background-repeat":"repeat","background-position":"center center","background-size":"auto","background-attachment":"scroll","background-type":"","background-media":"","overlay-type":"","overlay-color":"","overlay-opacity":"","overlay-gradient":""},"tablet":{"background-color":"","background-image":"","background-repeat":"repeat","background-position":"center center","background-size":"auto","background-attachment":"scroll","background-type":"","background-media":"","overlay-type":"","overlay-color":"","overlay-opacity":"","overlay-gradient":""},"mobile":{"background-color":"","background-image":"","background-repeat":"repeat","background-position":"center center","background-size":"auto","background-attachment":"scroll","background-type":"","background-media":"","overlay-type":"","overlay-color":"","overlay-opacity":"","overlay-gradient":""}},"ast-content-background-meta":{"desktop":{"background-color":"var(--ast-global-color-5)","background-image":"","background-repeat":"repeat","background-position":"center center","background-size":"auto","background-attachment":"scroll","background-type":"","background-media":"","overlay-type":"","overlay-color":"","overlay-opacity":"","overlay-gradient":""},"tablet":{"background-color":"var(--ast-global-color-5)","background-image":"","background-repeat":"repeat","background-position":"center center","background-size":"auto","background-attachment":"scroll","background-type":"","background-media":"","overlay-type":"","overlay-color":"","overlay-opacity":"","overlay-gradient":""},"mobile":{"background-color":"var(--ast-global-color-5)","background-image":"","background-repeat":"repeat","background-position":"center center","background-size":"auto","background-attachment":"scroll","background-type":"","background-media":"","overlay-type":"","overlay-color":"","overlay-opacity":"","overlay-gradient":""}},"footnotes":""},"class_list":["post-4854","page","type-page","status-publish","hentry"],"_links":{"self":[{"href":"https:\/\/arhiv.mk\/sq\/wp-json\/wp\/v2\/pages\/4854","targetHints":{"allow":["GET"]}}],"collection":[{"href":"https:\/\/arhiv.mk\/sq\/wp-json\/wp\/v2\/pages"}],"about":[{"href":"https:\/\/arhiv.mk\/sq\/wp-json\/wp\/v2\/types\/page"}],"author":[{"embeddable":true,"href":"https:\/\/arhiv.mk\/sq\/wp-json\/wp\/v2\/users\/2"}],"replies":[{"embeddable":true,"href":"https:\/\/arhiv.mk\/sq\/wp-json\/wp\/v2\/comments?post=4854"}],"version-history":[{"count":7,"href":"https:\/\/arhiv.mk\/sq\/wp-json\/wp\/v2\/pages\/4854\/revisions"}],"predecessor-version":[{"id":4864,"href":"https:\/\/arhiv.mk\/sq\/wp-json\/wp\/v2\/pages\/4854\/revisions\/4864"}],"wp:attachment":[{"href":"https:\/\/arhiv.mk\/sq\/wp-json\/wp\/v2\/media?parent=4854"}],"curies":[{"name":"wp","href":"https:\/\/api.w.org\/{rel}","templated":true}]}}