{"id":4865,"date":"2021-03-28T20:37:04","date_gmt":"2021-03-28T20:37:04","guid":{"rendered":"https:\/\/arhiv.mk\/?page_id=4865"},"modified":"2023-09-20T12:13:38","modified_gmt":"2023-09-20T10:13:38","slug":"inspekciski-nadzor","status":"publish","type":"page","link":"https:\/\/arhiv.mk\/sq\/inspekciski-nadzor\/","title":{"rendered":"Inspekciski nadzor"},"content":{"rendered":"<div data-elementor-type=\"wp-page\" data-elementor-id=\"4865\" class=\"elementor elementor-4865\" data-elementor-post-type=\"page\">\n\t\t\t\t\t\t<section class=\"elementor-section elementor-top-section elementor-element elementor-element-9ea52c8 elementor-section-boxed elementor-section-height-default elementor-section-height-default\" data-id=\"9ea52c8\" data-element_type=\"section\">\n\t\t\t\t\t\t<div class=\"elementor-container elementor-column-gap-default\">\n\t\t\t\t\t<div class=\"elementor-column elementor-col-100 elementor-top-column elementor-element elementor-element-a7139d9\" data-id=\"a7139d9\" data-element_type=\"column\">\n\t\t\t<div class=\"elementor-widget-wrap elementor-element-populated\">\n\t\t\t\t\t\t<div class=\"elementor-element elementor-element-48dc48a elementor-widget elementor-widget-heading\" data-id=\"48dc48a\" data-element_type=\"widget\" data-widget_type=\"heading.default\">\n\t\t\t\t<div class=\"elementor-widget-container\">\n\t\t\t\t\t<h1 class=\"elementor-heading-title elementor-size-default\">MBIKQYRJE INSPEKTUESE<\/h1>\t\t\t\t<\/div>\n\t\t\t\t<\/div>\n\t\t\t\t<div class=\"elementor-element elementor-element-66874f4 elementor-widget elementor-widget-text-editor\" data-id=\"66874f4\" data-element_type=\"widget\" data-widget_type=\"text-editor.default\">\n\t\t\t\t<div class=\"elementor-widget-container\">\n\t\t\t\t\t\t\t\t\t<p>Mbikqyrja mbi zbatimin e dispozitave t\u00eb Ligjit p\u00ebr materialin arkivor kryhet nga Arkivi Shtet\u00ebror i Republik\u00ebs s\u00eb Maqedonis\u00eb s\u00eb Veriut, p\u00ebrmes Nj\u00ebsis\u00eb p\u00ebr mbikqyrje inspektuese q\u00eb vepron n\u00eb kuad\u00ebr t\u00eb Sektorit p\u00ebr Mbikqyrje Inspektuese dhe Mbrojtje t\u00eb Materialit Arkivor te poseduesit.<\/p><p><b>Nj\u00ebsia p\u00ebr mbikqyrje inspektuese<\/b> \u00ebsht\u00eb e detyruar p\u00ebr kryerje t\u00eb mbikqyrjes inspektuese ndaj pun\u00ebs arkivore t\u00eb mbajt\u00ebsve t\u00eb arkivit publik dhe materialit dokumentar dhe t\u00eb zyr\u00ebs dhe arkivave t\u00eb mbajt\u00ebsve t\u00eb arkivit privat dhe materialit dokumentar. Inspektor\u00ebt e materialit arkivor kan\u00eb licenca p\u00ebr t\u00eb kryer mbikqyrjen inspektuese t\u00eb l\u00ebshuar nga K\u00ebshilli i Inspektimit, dhe kryejn\u00eb mbikqyrje n\u00eb p\u00ebrputhje me Ligjin p\u00ebr Materialin Arkivor dhe Ligjin p\u00ebr Mbik\u00ebqyrje Inspektiuese, si dhe ligjet p\u00ebr procedur\u00ebn e p\u00ebrgjithshme administrative dhe procedurat kund\u00ebrvajt\u00ebse.<\/p><p>Gjat\u00eb mbikqyrjes inspektuese te poseduesit t\u00eb materialit arkivor publik p\u00ebrcaktohet n\u00ebse organet shtet\u00ebrore dhe institucionet publike respektojn\u00eb detyrimet e p\u00ebrcaktuara me ligje dhe akte n\u00ebnligjore p\u00ebr pun\u00ebn arkivore:<br \/><i> <\/i><\/p><ul><li><em>A jan\u00eb miratuar planet e shenjave arkivore me listat e materialit arkivor dhe dokumentar dhe a ka marr\u00eb p\u00eblqim nga Arkivi Shtet\u00ebror p\u00ebr aplikimin e tyre;<\/em><\/li><li><em>\u00a0A zgjidhet rregullisht materiali arkivor nga materiali dokumentar dhe a regjistrohet me nj\u00eb p\u00ebrshkrim dhe regjistrim t\u00eb paraqitur n\u00eb Arkivin e Shtetit;<\/em><\/li><li><em>\u00a0A kryhet ndarja dhe regjistrimi I materialit dokumentar,afatet e t\u00eb cileve u \u00ebsht\u00eb skaduar dhe n\u00ebse Arkivi i Shtetit ka marr\u00eb p\u00eblqimin p\u00ebr shkat\u00ebrrimin e materialit t\u00eb propozuar;<\/em><\/li><li><em>\u00a0A ruhet materiali arkivor dhe dokumentar n\u00eb form\u00ebn e tij origjinale dhe a b\u00ebhet mbrojtja nga d\u00ebmtimi, zhdukja ose shkat\u00ebrrimi;<\/em><\/li><li><em>\u00a0A dor\u00ebzohet materiali arkivor n\u00eb Arkivin Sht\u00ebror brenda afateve t\u00eb p\u00ebrcaktuara me ligj.<\/em><\/li><\/ul><p>Te poseduesit e materialit arkivor dhe dokumentar privat, inspektimi kryhet n\u00eb p\u00ebrputhje me nenin 32 t\u00eb Ligjit p\u00ebr material arkivor, sipas t\u00eb cilit mbajt\u00ebsit e materialit arkivor privat dhe materialit dokumentar, jan\u00eb t\u00eb detyruar t\u00eb mbajn\u00eb sh\u00ebnimet themelore ose t\u00eb tyre t\u00eb materialit arkivor dhe dokumentar, t\u00eb b\u00ebjn\u00eb nj\u00eb plan t\u00eb materialit arkivor. n\u00ebnshkruan me nj\u00eb list\u00eb t\u00eb materialit arkivor dhe dokumentar, p\u00ebr t\u00eb b\u00ebr\u00eb nj\u00eb p\u00ebrzgjedhje aktuale t\u00eb arkivit nga materiali dokumentar, dhe p\u00ebr t\u00eb mbajtur materialin arkivor p\u00ebrgjithmon\u00eb, n\u00eb p\u00ebrputhje me k\u00ebt\u00eb ligj, dhe mbajt\u00ebsit e nj\u00eb privati materiali arkivor q\u00eb ka deri n\u00eb 49 punonj\u00ebs \u00ebsht\u00eb i detyruar t\u00eb sjell\u00eb planin e shenjave arkivore me list\u00ebn e materialit arkivor dhe dokumentar, n\u00ebse kan\u00eb materiale arkivore dhe ta ruajn\u00eb p\u00ebrher\u00eb materialin arkivor.<\/p><p>Mbikqyrja Inspektuese ka kryesisht nj\u00eb funksion parandalues, dhe masat e inspektimit dhe sanksionet shqiptohen vet\u00ebm kur funksioni parandalues nuk mund t\u00eb arrij\u00eb q\u00ebllimin e mbikqyrjes. Sipas Ligjit p\u00ebr Materialin Arkivor, nj\u00eb nga kompetencat themelore t\u00eb Arkivit Shtet\u00ebror \u00ebsht\u00eb t\u00eb siguroj\u00eb mbrojtje t\u00eb materialit arkivor publik n\u00eb pron\u00ebsi t\u00eb Republik\u00ebs s\u00eb Maqedonis\u00eb s\u00eb Veriut dhe t\u00eb siguroj ruajtje t\u00eb p\u00ebrhershme brenda afateve t\u00eb p\u00ebrcaktuara me ligj. Prandaj, gjat\u00eb mbik\u00ebqyrjes inspektuese, inspektor\u00ebt nga Arkivi i Shtetit i kushtojn\u00eb v\u00ebmendje t\u00eb ve\u00e7ant\u00eb kushteve n\u00eb t\u00eb cilat poseduesit mbajn\u00eb dhe mbrojn\u00eb dokumentet, t\u00eb cilat sipas Planit me list\u00ebn e materialit arkivor dhe dokumentar, p\u00ebrcaktohen si material arkivor dhe t\u00eb cilat pas 20 viteve nga krijimi I tyre do t\u00eb dor\u00ebzohet p\u00ebr ruajtje t\u00eb p\u00ebrhershme n\u00eb Arkivin Shtet\u00ebror t\u00eb Republik\u00ebs s\u00eb Maqedonis\u00eb s\u00eb Veriut.<\/p>\t\t\t\t\t\t\t\t<\/div>\n\t\t\t\t<\/div>\n\t\t\t\t\t<\/div>\n\t\t<\/div>\n\t\t\t\t\t<\/div>\n\t\t<\/section>\n\t\t\t\t<section class=\"elementor-section elementor-top-section elementor-element elementor-element-1260040 elementor-section-boxed elementor-section-height-default elementor-section-height-default\" data-id=\"1260040\" data-element_type=\"section\">\n\t\t\t\t\t\t<div class=\"elementor-container elementor-column-gap-default\">\n\t\t\t\t\t<div class=\"elementor-column elementor-col-33 elementor-top-column elementor-element elementor-element-109a591\" data-id=\"109a591\" data-element_type=\"column\">\n\t\t\t<div class=\"elementor-widget-wrap elementor-element-populated\">\n\t\t\t\t\t\t<div class=\"elementor-element elementor-element-fdcb984 elementor-align-justify elementor-invisible elementor-widget elementor-widget-button\" data-id=\"fdcb984\" data-element_type=\"widget\" data-settings=\"{&quot;_animation&quot;:&quot;slideInLeft&quot;,&quot;_animation_mobile&quot;:&quot;none&quot;}\" data-widget_type=\"button.default\">\n\t\t\t\t<div class=\"elementor-widget-container\">\n\t\t\t\t\t\t\t\t\t<div class=\"elementor-button-wrapper\">\n\t\t\t\t\t<a class=\"elementor-button elementor-button-link elementor-size-sm\" href=\"https:\/\/arhiv.mk\/sq\/programi-i-planovi\/\">\n\t\t\t\t\t\t<span class=\"elementor-button-content-wrapper\">\n\t\t\t\t\t\t\t\t\t<span class=\"elementor-button-text\"> Programe DHE PLANE <\/span>\n\t\t\t\t\t<\/span>\n\t\t\t\t\t<\/a>\n\t\t\t\t<\/div>\n\t\t\t\t\t\t\t\t<\/div>\n\t\t\t\t<\/div>\n\t\t\t\t\t<\/div>\n\t\t<\/div>\n\t\t\t\t<div class=\"elementor-column elementor-col-33 elementor-top-column elementor-element elementor-element-63029ba\" data-id=\"63029ba\" data-element_type=\"column\">\n\t\t\t<div class=\"elementor-widget-wrap elementor-element-populated\">\n\t\t\t\t\t\t<div class=\"elementor-element elementor-element-79cc4d6 elementor-align-justify elementor-invisible elementor-widget elementor-widget-button\" data-id=\"79cc4d6\" data-element_type=\"widget\" data-settings=\"{&quot;_animation&quot;:&quot;fadeIn&quot;,&quot;_animation_mobile&quot;:&quot;none&quot;}\" data-widget_type=\"button.default\">\n\t\t\t\t<div class=\"elementor-widget-container\">\n\t\t\t\t\t\t\t\t\t<div class=\"elementor-button-wrapper\">\n\t\t\t\t\t<a class=\"elementor-button elementor-button-link elementor-size-sm\" href=\"https:\/\/arhiv.mk\/sq\/izvestai\/\">\n\t\t\t\t\t\t<span class=\"elementor-button-content-wrapper\">\n\t\t\t\t\t\t\t\t\t<span class=\"elementor-button-text\"> Raporte <\/span>\n\t\t\t\t\t<\/span>\n\t\t\t\t\t<\/a>\n\t\t\t\t<\/div>\n\t\t\t\t\t\t\t\t<\/div>\n\t\t\t\t<\/div>\n\t\t\t\t\t<\/div>\n\t\t<\/div>\n\t\t\t\t<div class=\"elementor-column elementor-col-33 elementor-top-column elementor-element elementor-element-66591cc\" data-id=\"66591cc\" data-element_type=\"column\">\n\t\t\t<div class=\"elementor-widget-wrap elementor-element-populated\">\n\t\t\t\t\t\t<div class=\"elementor-element elementor-element-801f7d1 elementor-align-justify elementor-invisible elementor-widget elementor-widget-button\" data-id=\"801f7d1\" data-element_type=\"widget\" data-settings=\"{&quot;_animation&quot;:&quot;slideInRight&quot;,&quot;_animation_mobile&quot;:&quot;none&quot;}\" data-widget_type=\"button.default\">\n\t\t\t\t<div class=\"elementor-widget-container\">\n\t\t\t\t\t\t\t\t\t<div class=\"elementor-button-wrapper\">\n\t\t\t\t\t<a class=\"elementor-button elementor-button-link elementor-size-sm\" href=\"https:\/\/arhiv.mk\/wp-content\/uploads\/2021\/03\/insp_cpp.pdf\" target=\"_blank\">\n\t\t\t\t\t\t<span class=\"elementor-button-content-wrapper\">\n\t\t\t\t\t\t\t\t\t<span class=\"elementor-button-text\">Pyetje m\u00eb shpesh t\u00eb parashtruara <\/span>\n\t\t\t\t\t<\/span>\n\t\t\t\t\t<\/a>\n\t\t\t\t<\/div>\n\t\t\t\t\t\t\t\t<\/div>\n\t\t\t\t<\/div>\n\t\t\t\t\t<\/div>\n\t\t<\/div>\n\t\t\t\t\t<\/div>\n\t\t<\/section>\n\t\t\t\t<section class=\"elementor-section elementor-top-section elementor-element elementor-element-1cb77c1 elementor-section-boxed elementor-section-height-default elementor-section-height-default\" data-id=\"1cb77c1\" data-element_type=\"section\">\n\t\t\t\t\t\t<div class=\"elementor-container elementor-column-gap-default\">\n\t\t\t\t\t<div class=\"elementor-column elementor-col-33 elementor-top-column elementor-element elementor-element-cf00394\" data-id=\"cf00394\" data-element_type=\"column\">\n\t\t\t<div class=\"elementor-widget-wrap elementor-element-populated\">\n\t\t\t\t\t\t<div class=\"elementor-element elementor-element-b798742 elementor-align-justify elementor-invisible elementor-widget elementor-widget-button\" data-id=\"b798742\" data-element_type=\"widget\" data-settings=\"{&quot;_animation&quot;:&quot;slideInLeft&quot;,&quot;_animation_mobile&quot;:&quot;none&quot;}\" data-widget_type=\"button.default\">\n\t\t\t\t<div class=\"elementor-widget-container\">\n\t\t\t\t\t\t\t\t\t<div class=\"elementor-button-wrapper\">\n\t\t\t\t\t<a class=\"elementor-button elementor-button-link elementor-size-sm\" href=\"https:\/\/arhiv.mk\/sq\/listi-za-proverki\/\">\n\t\t\t\t\t\t<span class=\"elementor-button-content-wrapper\">\n\t\t\t\t\t\t\t\t\t<span class=\"elementor-button-text\"> LISTA KONTROLLUESE <\/span>\n\t\t\t\t\t<\/span>\n\t\t\t\t\t<\/a>\n\t\t\t\t<\/div>\n\t\t\t\t\t\t\t\t<\/div>\n\t\t\t\t<\/div>\n\t\t\t\t\t<\/div>\n\t\t<\/div>\n\t\t\t\t<div class=\"elementor-column elementor-col-33 elementor-top-column elementor-element elementor-element-37886e5\" data-id=\"37886e5\" data-element_type=\"column\">\n\t\t\t<div class=\"elementor-widget-wrap elementor-element-populated\">\n\t\t\t\t\t\t<div class=\"elementor-element elementor-element-db68640 elementor-align-justify elementor-invisible elementor-widget elementor-widget-button\" data-id=\"db68640\" data-element_type=\"widget\" data-settings=\"{&quot;_animation&quot;:&quot;fadeIn&quot;,&quot;_animation_mobile&quot;:&quot;none&quot;}\" data-widget_type=\"button.default\">\n\t\t\t\t<div class=\"elementor-widget-container\">\n\t\t\t\t\t\t\t\t\t<div class=\"elementor-button-wrapper\">\n\t\t\t\t\t<a class=\"elementor-button elementor-button-link elementor-size-sm\" href=\"https:\/\/arhiv.mk\/wp-content\/uploads\/2021\/07\/\u041c\u0435\u0442\u043e\u0434\u043e\u043b\u043e\u0433\u0438\u0458\u0430-\u0437\u0430-\u043f\u0440\u043e\u0446\u0435\u043d\u043a\u0430-\u043d\u0430-\u0440\u0438\u0437\u0438\u043a-\u043f\u0440\u0438-\u043f\u043b\u0430\u043d\u0438\u0440\u0430\u045a\u0435-\u043d\u0430-\u0438\u043d\u0441\u043f\u0435\u043a\u0446\u0438\u0441\u043a\u0438-\u043d\u0430\u0434\u0437\u043e\u0440.pdf\">\n\t\t\t\t\t\t<span class=\"elementor-button-content-wrapper\">\n\t\t\t\t\t\t\t\t\t<span class=\"elementor-button-text\">Metodologjia p\u00ebr vler\u00ebsimin e rrezikut mbi planifikimin e inspektimit mbikqyr\u00ebs<\/span>\n\t\t\t\t\t<\/span>\n\t\t\t\t\t<\/a>\n\t\t\t\t<\/div>\n\t\t\t\t\t\t\t\t<\/div>\n\t\t\t\t<\/div>\n\t\t\t\t\t<\/div>\n\t\t<\/div>\n\t\t\t\t<div class=\"elementor-column elementor-col-33 elementor-top-column elementor-element elementor-element-9462c02\" data-id=\"9462c02\" data-element_type=\"column\">\n\t\t\t<div class=\"elementor-widget-wrap elementor-element-populated\">\n\t\t\t\t\t\t<div class=\"elementor-element elementor-element-43a7552 elementor-align-justify elementor-invisible elementor-widget elementor-widget-button\" data-id=\"43a7552\" data-element_type=\"widget\" data-settings=\"{&quot;_animation&quot;:&quot;slideInRight&quot;,&quot;_animation_mobile&quot;:&quot;none&quot;}\" data-widget_type=\"button.default\">\n\t\t\t\t<div class=\"elementor-widget-container\">\n\t\t\t\t\t\t\t\t\t<div class=\"elementor-button-wrapper\">\n\t\t\t\t\t<a class=\"elementor-button elementor-button-link elementor-size-sm\" href=\"https:\/\/arhiv.mk\/sq\/inspektori-kontakti\/\">\n\t\t\t\t\t\t<span class=\"elementor-button-content-wrapper\">\n\t\t\t\t\t\t\t\t\t<span class=\"elementor-button-text\"> \u0418\u043d\u0441\u043f\u0435\u043a\u0442\u043e\u0440\u0438 <\/span>\n\t\t\t\t\t<\/span>\n\t\t\t\t\t<\/a>\n\t\t\t\t<\/div>\n\t\t\t\t\t\t\t\t<\/div>\n\t\t\t\t<\/div>\n\t\t\t\t\t<\/div>\n\t\t<\/div>\n\t\t\t\t\t<\/div>\n\t\t<\/section>\n\t\t\t\t<\/div>","protected":false},"excerpt":{"rendered":"<p>\u0418\u041d\u0421\u041f\u0415\u041a\u0426\u0418\u0421\u041a\u0418 \u041d\u0410\u0414\u0417\u041e\u0420 \u041d\u0430\u0434\u0437\u043e\u0440 \u043d\u0430\u0434 \u0441\u043f\u0440\u043e\u0432\u0435\u0434\u0443\u0432\u0430\u045a\u0435\u0442\u043e \u043d\u0430 \u043e\u0434\u0440\u0435\u0434\u0431\u0438\u0442\u0435 \u043e\u0434 \u0417\u0430\u043a\u043e\u043d\u043e\u0442 \u0437\u0430 \u0430\u0440\u0445\u0438\u0432\u0441\u043a\u0438 \u043c\u0430\u0442\u0435\u0440\u0438\u0458\u0430\u043b \u0432\u0440\u0448\u0438 \u0414\u0440\u0436\u0430\u0432\u043d\u0438\u043e\u0442 \u0430\u0440\u0445\u0438\u0432 \u043d\u0430 \u0420\u0435\u043f\u0443\u0431\u043b\u0438\u043a\u0430 \u041c\u0430\u043a\u0435\u0434\u043e\u043d\u0438\u0458\u0430, \u043f\u0440\u0435\u043a\u0443 \u041e\u0434\u0434\u0435\u043b\u0435\u043d\u0438\u0435\u0442\u043e \u0437\u0430 \u0438\u043d\u0441\u043f\u0435\u043a\u0446\u0438\u0441\u043a\u0438 \u043d\u0430\u0434\u0437\u043e\u0440 \u043a\u043e\u0435 \u0444\u0443\u043d\u043a\u0446\u0438\u043e\u043d\u0438\u0440\u0430 \u0432\u043e \u0440\u0430\u043c\u043a\u0438\u0442\u0435 \u043d\u0430 \u0421\u0435\u043a\u0442\u043e\u0440\u043e\u0442 \u0437\u0430 \u0438\u043d\u0441\u043f\u0435\u043a\u0446\u0438\u0441\u043a\u0438 \u043d\u0430\u0434\u0437\u043e\u0440 \u0438 \u0437\u0430\u0448\u0442\u0438\u0442\u0430 \u043d\u0430 \u0430\u0440\u0445\u0438\u0432\u0441\u043a\u0438\u043e\u0442 \u043c\u0430\u0442\u0435\u0440\u0438\u0458\u0430\u043b \u043a\u0430\u0458 \u0438\u043c\u0430\u0442\u0435\u043b\u0438\u0442\u0435. \u041e\u0434\u0434\u0435\u043b\u0435\u043d\u0438\u0435\u0442\u043e \u0437\u0430 \u0438\u043d\u0441\u043f\u0435\u043a\u0446\u0438\u0441\u043a\u0438 \u043d\u0430\u0434\u0437\u043e\u0440 \u0435 \u0437\u0430\u0434\u043e\u043b\u0436\u0435\u043d\u043e \u0434\u0430 \u0432\u0440\u0448\u0438 \u0438\u043d\u0441\u043f\u0435\u043a\u0446\u0438\u0441\u043a\u0438 \u043d\u0430\u0434\u0437\u043e\u0440 \u0432\u0440\u0437 \u0430\u0440\u0445\u0438\u0432\u0441\u043a\u043e\u0442\u043e \u0440\u0430\u0431\u043e\u0442\u0435\u045a\u0435 \u043a\u0430\u0458 \u0438\u043c\u0430\u0442\u0435\u043b\u0438\u0442\u0435 \u043d\u0430 [&hellip;]<\/p>","protected":false},"author":2,"featured_media":0,"parent":0,"menu_order":0,"comment_status":"closed","ping_status":"closed","template":"","meta":{"site-sidebar-layout":"no-sidebar","site-content-layout":"page-builder","ast-site-content-layout":"","site-content-style":"default","site-sidebar-style":"default","ast-global-header-display":"","ast-banner-title-visibility":"","ast-main-header-display":"","ast-hfb-above-header-display":"","ast-hfb-below-header-display":"","ast-hfb-mobile-header-display":"","site-post-title":"disabled","ast-breadcrumbs-content":"","ast-featured-img":"disabled","footer-sml-layout":"","theme-transparent-header-meta":"default","adv-header-id-meta":"","stick-header-meta":"","header-above-stick-meta":"","header-main-stick-meta":"","header-below-stick-meta":"","astra-migrate-meta-layouts":"default","ast-page-background-enabled":"default","ast-page-background-meta":{"desktop":{"background-color":"","background-image":"","background-repeat":"repeat","background-position":"center center","background-size":"auto","background-attachment":"scroll","background-type":"","background-media":"","overlay-type":"","overlay-color":"","overlay-opacity":"","overlay-gradient":""},"tablet":{"background-color":"","background-image":"","background-repeat":"repeat","background-position":"center center","background-size":"auto","background-attachment":"scroll","background-type":"","background-media":"","overlay-type":"","overlay-color":"","overlay-opacity":"","overlay-gradient":""},"mobile":{"background-color":"","background-image":"","background-repeat":"repeat","background-position":"center center","background-size":"auto","background-attachment":"scroll","background-type":"","background-media":"","overlay-type":"","overlay-color":"","overlay-opacity":"","overlay-gradient":""}},"ast-content-background-meta":{"desktop":{"background-color":"var(--ast-global-color-5)","background-image":"","background-repeat":"repeat","background-position":"center center","background-size":"auto","background-attachment":"scroll","background-type":"","background-media":"","overlay-type":"","overlay-color":"","overlay-opacity":"","overlay-gradient":""},"tablet":{"background-color":"var(--ast-global-color-5)","background-image":"","background-repeat":"repeat","background-position":"center center","background-size":"auto","background-attachment":"scroll","background-type":"","background-media":"","overlay-type":"","overlay-color":"","overlay-opacity":"","overlay-gradient":""},"mobile":{"background-color":"var(--ast-global-color-5)","background-image":"","background-repeat":"repeat","background-position":"center center","background-size":"auto","background-attachment":"scroll","background-type":"","background-media":"","overlay-type":"","overlay-color":"","overlay-opacity":"","overlay-gradient":""}},"footnotes":""},"class_list":["post-4865","page","type-page","status-publish","hentry"],"_links":{"self":[{"href":"https:\/\/arhiv.mk\/sq\/wp-json\/wp\/v2\/pages\/4865","targetHints":{"allow":["GET"]}}],"collection":[{"href":"https:\/\/arhiv.mk\/sq\/wp-json\/wp\/v2\/pages"}],"about":[{"href":"https:\/\/arhiv.mk\/sq\/wp-json\/wp\/v2\/types\/page"}],"author":[{"embeddable":true,"href":"https:\/\/arhiv.mk\/sq\/wp-json\/wp\/v2\/users\/2"}],"replies":[{"embeddable":true,"href":"https:\/\/arhiv.mk\/sq\/wp-json\/wp\/v2\/comments?post=4865"}],"version-history":[{"count":38,"href":"https:\/\/arhiv.mk\/sq\/wp-json\/wp\/v2\/pages\/4865\/revisions"}],"predecessor-version":[{"id":9829,"href":"https:\/\/arhiv.mk\/sq\/wp-json\/wp\/v2\/pages\/4865\/revisions\/9829"}],"wp:attachment":[{"href":"https:\/\/arhiv.mk\/sq\/wp-json\/wp\/v2\/media?parent=4865"}],"curies":[{"name":"wp","href":"https:\/\/api.w.org\/{rel}","templated":true}]}}