{"id":4870,"date":"2021-03-28T20:45:30","date_gmt":"2021-03-28T20:45:30","guid":{"rendered":"https:\/\/arhiv.mk\/?page_id=4870"},"modified":"2024-12-10T15:04:48","modified_gmt":"2024-12-10T14:04:48","slug":"programi-i-planovi","status":"publish","type":"page","link":"https:\/\/arhiv.mk\/sq\/programi-i-planovi\/","title":{"rendered":"Programi i Planovi"},"content":{"rendered":"<div data-elementor-type=\"wp-page\" data-elementor-id=\"4870\" class=\"elementor elementor-4870\" data-elementor-post-type=\"page\">\n\t\t\t\t\t\t<section class=\"elementor-section elementor-top-section elementor-element elementor-element-68b2c3b elementor-section-height-min-height elementor-section-items-top elementor-section-boxed elementor-section-height-default\" data-id=\"68b2c3b\" data-element_type=\"section\">\n\t\t\t\t\t\t<div class=\"elementor-container elementor-column-gap-default\">\n\t\t\t\t\t<div class=\"elementor-column elementor-col-100 elementor-top-column elementor-element elementor-element-e15e4bd\" data-id=\"e15e4bd\" data-element_type=\"column\">\n\t\t\t<div class=\"elementor-widget-wrap elementor-element-populated\">\n\t\t\t\t\t\t<div class=\"elementor-element elementor-element-5c31c32 elementor-widget elementor-widget-heading\" data-id=\"5c31c32\" data-element_type=\"widget\" data-widget_type=\"heading.default\">\n\t\t\t\t<div class=\"elementor-widget-container\">\n\t\t\t\t\t<h1 class=\"elementor-heading-title elementor-size-default\">Programe<\/h1>\t\t\t\t<\/div>\n\t\t\t\t<\/div>\n\t\t\t\t<div class=\"elementor-element elementor-element-9156242 elementor-widget elementor-widget-heading\" data-id=\"9156242\" data-element_type=\"widget\" data-widget_type=\"heading.default\">\n\t\t\t\t<div class=\"elementor-widget-container\">\n\t\t\t\t\t<h2 class=\"elementor-heading-title elementor-size-default\">Shkarko: <\/h2>\t\t\t\t<\/div>\n\t\t\t\t<\/div>\n\t\t\t\t<div class=\"elementor-element elementor-element-807356f elementor-widget elementor-widget-text-editor\" data-id=\"807356f\" data-element_type=\"widget\" data-widget_type=\"text-editor.default\">\n\t\t\t\t<div class=\"elementor-widget-container\">\n\t\t\t\t\t\t\t\t\t<ul><li><a href=\"https:\/\/arhiv.mk\/wp-content\/uploads\/2024\/12\/\u0413\u043e\u0434\u0438\u0448\u0435\u043d-\u043f\u043b\u0430\u043d-\u0437\u0430-\u0440\u0430\u0431\u043e\u0442\u0430-\u043d\u0430-\u041e\u0434\u0434.-\u0437\u0430-\u0438\u043d\u0441\u043f\u0435\u043a\u0446\u0438\u0441\u043a\u0438-\u043d\u0430\u0434\u0437\u043e\u0440-2025.pdf\">Plani vjetor p\u00ebr pune n\u00eb Nj\u00ebsin\u00eb p\u00ebr mbikqyrje inspektoriale p\u00ebr vitin 2025<\/a><\/li><li><a href=\"https:\/\/arhiv.mk\/wp-content\/uploads\/2023\/12\/\u0413\u043e\u0434\u0438\u0448\u0435\u043d-\u043f\u043b\u0430\u043d-2024-\u0441\u043a\u0435\u043d.pdf\">Plani vjetor p\u00ebr pune n\u00eb Nj\u00ebsin\u00eb p\u00ebr mbikqyrje inspektoriale p\u00ebr vitin 2024<\/a><\/li><li><a href=\"https:\/\/arhiv.mk\/wp-content\/uploads\/2022\/12\/\u0413\u043e\u0434\u0438\u0448\u0435\u043d-\u043f\u043b\u0430\u043d-2023.pdf\">Plani vjetor p\u00ebr pune n\u00eb Nj\u00ebsin\u00eb p\u00ebr mbikqyrje inspektoriale p\u00ebr vitin 2023<\/a><\/li><li><a href=\"https:\/\/arhiv.mk\/wp-content\/uploads\/2021\/12\/\u0413\u043e\u0434\u0438\u0448\u0435\u043d-\u043f\u043b\u0430\u043d-\u0437\u0430-\u0440\u0430\u0431\u043e\u0442\u0430-\u0437\u0430-2022-\u0444\u0438\u043d\u0430\u043b\u0435\u043d.pdf\">Plani vjetor p\u00ebr pune n\u00eb Nj\u00ebsin\u00eb p\u00ebr mbikqyrje inspektoriale per vitin 2022<\/a><\/li><li><a class=\"ico_pdf16\" href=\"https:\/\/arhiv.mk\/wp-content\/uploads\/2021\/03\/Godisen-plan-Inspekcija-2021.pdf\" target=\"_blank\" rel=\"noopener\">Plani vjetor i pun\u00ebs s\u00eb Nj\u00ebsis\u00eb p\u00ebr mbikqyrje inspektoriale p\u00ebr vitin 2021<\/a><\/li><li><a class=\"ico_pdf16\" href=\"https:\/\/arhiv.mk\/wp-content\/uploads\/2021\/03\/Inspektori-2021.xlsx\" target=\"_blank\" rel=\"noopener\">Tabela e planit vjetor p\u00ebr mbikqyrje inspektoriale p\u00ebr vitin 2021<\/a><\/li><li><a class=\"ico_pdf16\" href=\"https:\/\/arhiv.mk\/wp-content\/uploads\/2021\/03\/GodisenPlan2020Insp.pdf\" target=\"_blank\" rel=\"noopener\">Plani vjetor i pun\u00ebs s\u00eb Nj\u00ebsis\u00eb p\u00ebr mbikqyrje inspektoriale p\u00ebr vitin 2020<\/a><\/li><li><a class=\"ico_pdf16\" href=\"https:\/\/arhiv.mk\/wp-content\/uploads\/2021\/03\/Programa2020Inspekcija.pdf\" target=\"_blank\" rel=\"noopener\">Programi i pun\u00ebs nga Nj\u00ebsia e mbikqyrjes inspektoriale n\u00eb vitin 2020<\/a><\/li><li><a class=\"ico_pdf16\" href=\"https:\/\/arhiv.mk\/wp-content\/uploads\/2021\/03\/ProgramaInsp2109.pdf\" target=\"_blank\" rel=\"noopener\">Programi i pun\u00ebs nga Nj\u00ebsia e mbikqyrjes inspektoriale n\u00eb vitin 2019<\/a><\/li><li><a class=\"ico_pdf16\" href=\"https:\/\/arhiv.mk\/wp-content\/uploads\/2021\/03\/ProgramaInsp2018.pdf\" target=\"_blank\" rel=\"noopener\">Programi i pun\u00ebs nga Nj\u00ebsia e mbikqyrjes inspektoriale n\u00eb vitin 2018<\/a><\/li><li><a class=\"ico_pdf16\" href=\"https:\/\/arhiv.mk\/wp-content\/uploads\/2021\/03\/ProgramaInsp2017.pdf\" target=\"_blank\" rel=\"noopener\">Programi i pun\u00ebs nga Nj\u00ebsia e mbikqyrjes inspektoriale n\u00eb vitin 2017<\/a><\/li><li><a class=\"ico_pdf16\" href=\"https:\/\/arhiv.mk\/wp-content\/uploads\/2021\/03\/ProgramaInsp2016.pdf\" target=\"_blank\" rel=\"noopener\">Programi i pun\u00ebs nga Nj\u00ebsia e mbikqyrjes inspektoriale n\u00eb vitin 2016<\/a><\/li><li><a class=\"ico_pdf16\" href=\"https:\/\/arhiv.mk\/wp-content\/uploads\/2021\/03\/ProgramaInsp2015.pdf\" target=\"_blank\" rel=\"noopener\">Programi i pun\u00ebs nga Nj\u00ebsia e mbikqyrjes inspektoriale n\u00eb vitin 2015<\/a><\/li><\/ul>\t\t\t\t\t\t\t\t<\/div>\n\t\t\t\t<\/div>\n\t\t\t\t\t<\/div>\n\t\t<\/div>\n\t\t\t\t\t<\/div>\n\t\t<\/section>\n\t\t\t\t<\/div>","protected":false},"excerpt":{"rendered":"<p>\u0413\u043e\u0434\u0438\u0448\u043d\u0438 \u043f\u043b\u0430\u043d\u043e\u0432\u0438 \u0437\u0430 \u0440\u0430\u0431\u043e\u0442\u0430 \u041f\u0440\u0435\u0432\u0437\u0435\u043c\u0435\u0442\u0435: \u0413\u043e\u0434\u0438\u0448\u0435\u043d \u043f\u043b\u0430\u043d \u0437\u0430 \u0440\u0430\u0431\u043e\u0442\u0430 \u043d\u0430 \u041e\u0434\u0434\u0435\u043b\u0435\u043d\u0438\u0435\u0442\u043e \u0437\u0430 \u0438\u043d\u0441\u043f\u0435\u043a\u0446\u0438\u0441\u043a\u0438 \u043d\u0430\u0434\u0437\u043e\u0440 \u0437\u0430 2025 \u0433\u043e\u0434\u0438\u043d\u0430 \u0413\u043e\u0434\u0438\u0448\u0435\u043d \u043f\u043b\u0430\u043d \u0437\u0430 \u0440\u0430\u0431\u043e\u0442\u0430 \u043d\u0430 \u041e\u0434\u0434\u0435\u043b\u0435\u043d\u0438\u0435\u0442\u043e \u0437\u0430 \u0438\u043d\u0441\u043f\u0435\u043a\u0446\u0438\u0441\u043a\u0438 \u043d\u0430\u0434\u0437\u043e\u0440 \u0437\u0430 2024 \u0433\u043e\u0434\u0438\u043d\u0430 \u0413\u043e\u0434\u0438\u0448\u0435\u043d \u043f\u043b\u0430\u043d \u0437\u0430 \u0440\u0430\u0431\u043e\u0442\u0430 \u043d\u0430 \u041e\u0434\u0434\u0435\u043b\u0435\u043d\u0438\u0435\u0442\u043e \u0437\u0430 \u0438\u043d\u0441\u043f\u0435\u043a\u0446\u0438\u0441\u043a\u0438 \u043d\u0430\u0434\u0437\u043e\u0440 \u0437\u0430 2023 \u0433\u043e\u0434\u0438\u043d\u0430 \u0413\u043e\u0434\u0438\u0448\u0435\u043d \u043f\u043b\u0430\u043d \u0437\u0430 \u0440\u0430\u0431\u043e\u0442\u0430 \u043d\u0430 \u041e\u0434\u0434\u0435\u043b\u0435\u043d\u0438\u0435\u0442\u043e \u0437\u0430 \u0438\u043d\u0441\u043f\u0435\u043a\u0446\u0438\u0441\u043a\u0438 \u043d\u0430\u0434\u0437\u043e\u0440 \u0437\u0430 2022 \u0433\u043e\u0434\u0438\u043d\u0430 \u0413\u043e\u0434\u0438\u0448\u0435\u043d \u043f\u043b\u0430\u043d [&hellip;]<\/p>","protected":false},"author":2,"featured_media":0,"parent":0,"menu_order":0,"comment_status":"closed","ping_status":"closed","template":"","meta":{"site-sidebar-layout":"no-sidebar","site-content-layout":"page-builder","ast-site-content-layout":"","site-content-style":"default","site-sidebar-style":"default","ast-global-header-display":"","ast-banner-title-visibility":"","ast-main-header-display":"","ast-hfb-above-header-display":"","ast-hfb-below-header-display":"","ast-hfb-mobile-header-display":"","site-post-title":"disabled","ast-breadcrumbs-content":"","ast-featured-img":"disabled","footer-sml-layout":"","theme-transparent-header-meta":"default","adv-header-id-meta":"","stick-header-meta":"","header-above-stick-meta":"","header-main-stick-meta":"","header-below-stick-meta":"","astra-migrate-meta-layouts":"default","ast-page-background-enabled":"default","ast-page-background-meta":{"desktop":{"background-color":"","background-image":"","background-repeat":"repeat","background-position":"center center","background-size":"auto","background-attachment":"scroll","background-type":"","background-media":"","overlay-type":"","overlay-color":"","overlay-opacity":"","overlay-gradient":""},"tablet":{"background-color":"","background-image":"","background-repeat":"repeat","background-position":"center center","background-size":"auto","background-attachment":"scroll","background-type":"","background-media":"","overlay-type":"","overlay-color":"","overlay-opacity":"","overlay-gradient":""},"mobile":{"background-color":"","background-image":"","background-repeat":"repeat","background-position":"center center","background-size":"auto","background-attachment":"scroll","background-type":"","background-media":"","overlay-type":"","overlay-color":"","overlay-opacity":"","overlay-gradient":""}},"ast-content-background-meta":{"desktop":{"background-color":"var(--ast-global-color-5)","background-image":"","background-repeat":"repeat","background-position":"center center","background-size":"auto","background-attachment":"scroll","background-type":"","background-media":"","overlay-type":"","overlay-color":"","overlay-opacity":"","overlay-gradient":""},"tablet":{"background-color":"var(--ast-global-color-5)","background-image":"","background-repeat":"repeat","background-position":"center center","background-size":"auto","background-attachment":"scroll","background-type":"","background-media":"","overlay-type":"","overlay-color":"","overlay-opacity":"","overlay-gradient":""},"mobile":{"background-color":"var(--ast-global-color-5)","background-image":"","background-repeat":"repeat","background-position":"center center","background-size":"auto","background-attachment":"scroll","background-type":"","background-media":"","overlay-type":"","overlay-color":"","overlay-opacity":"","overlay-gradient":""}},"footnotes":""},"class_list":["post-4870","page","type-page","status-publish","hentry"],"_links":{"self":[{"href":"https:\/\/arhiv.mk\/sq\/wp-json\/wp\/v2\/pages\/4870","targetHints":{"allow":["GET"]}}],"collection":[{"href":"https:\/\/arhiv.mk\/sq\/wp-json\/wp\/v2\/pages"}],"about":[{"href":"https:\/\/arhiv.mk\/sq\/wp-json\/wp\/v2\/types\/page"}],"author":[{"embeddable":true,"href":"https:\/\/arhiv.mk\/sq\/wp-json\/wp\/v2\/users\/2"}],"replies":[{"embeddable":true,"href":"https:\/\/arhiv.mk\/sq\/wp-json\/wp\/v2\/comments?post=4870"}],"version-history":[{"count":40,"href":"https:\/\/arhiv.mk\/sq\/wp-json\/wp\/v2\/pages\/4870\/revisions"}],"predecessor-version":[{"id":11276,"href":"https:\/\/arhiv.mk\/sq\/wp-json\/wp\/v2\/pages\/4870\/revisions\/11276"}],"wp:attachment":[{"href":"https:\/\/arhiv.mk\/sq\/wp-json\/wp\/v2\/media?parent=4870"}],"curies":[{"name":"wp","href":"https:\/\/api.w.org\/{rel}","templated":true}]}}