{"id":4908,"date":"2021-03-28T21:07:12","date_gmt":"2021-03-28T21:07:12","guid":{"rendered":"https:\/\/arhiv.mk\/?page_id=4908"},"modified":"2026-03-12T14:02:14","modified_gmt":"2026-03-12T13:02:14","slug":"izvestai","status":"publish","type":"page","link":"https:\/\/arhiv.mk\/sq\/izvestai\/","title":{"rendered":"Izvestai"},"content":{"rendered":"<div data-elementor-type=\"wp-page\" data-elementor-id=\"4908\" class=\"elementor elementor-4908\" data-elementor-post-type=\"page\">\n\t\t\t\t\t\t<section class=\"elementor-section elementor-top-section elementor-element elementor-element-2634111 elementor-section-boxed elementor-section-height-default elementor-section-height-default\" data-id=\"2634111\" data-element_type=\"section\">\n\t\t\t\t\t\t<div class=\"elementor-container elementor-column-gap-default\">\n\t\t\t\t\t<div class=\"elementor-column elementor-col-100 elementor-top-column elementor-element elementor-element-42dc6c9\" data-id=\"42dc6c9\" data-element_type=\"column\">\n\t\t\t<div class=\"elementor-widget-wrap elementor-element-populated\">\n\t\t\t\t\t\t<div class=\"elementor-element elementor-element-a726815 elementor-widget elementor-widget-heading\" data-id=\"a726815\" data-element_type=\"widget\" data-widget_type=\"heading.default\">\n\t\t\t\t<div class=\"elementor-widget-container\">\n\t\t\t\t\t<h1 class=\"elementor-heading-title elementor-size-default\">Raporte<\/h1>\t\t\t\t<\/div>\n\t\t\t\t<\/div>\n\t\t\t\t<div class=\"elementor-element elementor-element-d186373 elementor-widget elementor-widget-heading\" data-id=\"d186373\" data-element_type=\"widget\" data-widget_type=\"heading.default\">\n\t\t\t\t<div class=\"elementor-widget-container\">\n\t\t\t\t\t<h2 class=\"elementor-heading-title elementor-size-default\">Shkarko:<\/h2>\t\t\t\t<\/div>\n\t\t\t\t<\/div>\n\t\t\t\t<div class=\"elementor-element elementor-element-ac002f8 elementor-widget elementor-widget-text-editor\" data-id=\"ac002f8\" data-element_type=\"widget\" data-widget_type=\"text-editor.default\">\n\t\t\t\t<div class=\"elementor-widget-container\">\n\t\t\t\t\t\t\t\t\t<ul><li><a href=\"https:\/\/arhiv.mk\/wp-content\/uploads\/2026\/03\/Godisen-izvestaj-2026-inspkecija.pdf\">\u0418\u0437\u0432\u0435\u0448\u0442\u0430\u0458 \u0437\u0430 \u0440\u0430\u0431\u043e\u0442\u0430 \u043d\u0430 \u041e\u0434\u0434\u0435\u043b\u0435\u043d\u0438\u0435\u0442\u043e \u0437\u0430 \u0438\u043d\u0441\u043f\u0435\u043a\u0446\u0438\u0441\u043a\u0438 \u043d\u0430\u0434\u0437\u043e\u0440 \u0437\u0430 \u043f\u0435\u0440\u0438\u043e\u0434 01.01-31.12.2025 \u0433\u043e\u0434\u0438\u043d\u0430<\/a><\/li><li><a href=\"https:\/\/arhiv.mk\/wp-content\/uploads\/2025\/03\/\u0428\u0435\u0441\u0442\u043c\u0435\u0441\u0435\u0447\u0435\u043d-\u0438\u0437\u0432\u0435\u0448\u0442\u0430\u0458-\u0437\u0430-\u0440\u0430\u0431\u043e\u0442\u0430-01.07-31.12.2024.pdf\">\u0418\u0437\u0432\u0435\u0448\u0442\u0430\u0458 \u0437\u0430 \u0440\u0430\u0431\u043e\u0442\u0430 \u043d\u0430 \u041e\u0434\u0434\u0435\u043b\u0435\u043d\u0438\u0435\u0442\u043e \u0437\u0430 \u0438\u043d\u0441\u043f\u0435\u043a\u0446\u0438\u0441\u043a\u0438 \u043d\u0430\u0434\u0437\u043e\u0440 \u0437\u0430 \u043f\u0435\u0440\u0438\u043e\u0434 01.07-31.12.2024 \u0433\u043e\u0434\u0438\u043d\u0430<\/a><\/li><li><a href=\"https:\/\/arhiv.mk\/wp-content\/uploads\/2024\/09\/\u0428\u0435\u0441\u0442\u043c\u0435\u0441\u0435\u0447\u0435\u043d-\u0438\u0437\u0432\u0435\u0448\u0442\u0430\u0458-\u0458\u0430\u043d\u0443\u0430\u0440\u0438-\u0458\u0443\u043d\u0438-2024.\u0441\u043a\u0435\u043d.pdf\">\u0418\u0437\u0432\u0435\u0448\u0442\u0430\u0458 \u0437\u0430 \u0440\u0430\u0431\u043e\u0442\u0430 \u043d\u0430 \u041e\u0434\u0434\u0435\u043b\u0435\u043d\u0438\u0435\u0442\u043e \u0437\u0430 \u0438\u043d\u0441\u043f\u0435\u043a\u0446\u0438\u0441\u043a\u0438 \u043d\u0430\u0434\u0437\u043e\u0440 \u0437\u0430 \u043f\u0435\u0440\u0438\u043e\u0434 01.01-30.06.2024 \u0433\u043e\u0434\u0438\u043d\u0430<\/a><\/li><li><a href=\"https:\/\/arhiv.mk\/wp-content\/uploads\/2024\/03\/\u0428\u0435\u0441\u0442\u043c\u0435\u0441\u0435\u0447\u0435\u043d-\u0438\u0437\u0432\u0435\u0448\u0442\u0430\u0458-\u0437\u0430-\u043f\u0435\u0440\u0438\u043e\u0434-\u043e\u0434-01.07-31.12.2023-\u0433.-1.pdf\">\u0418\u0437\u0432\u0435\u0448\u0442\u0430\u0458 \u0437\u0430 \u0440\u0430\u0431\u043e\u0442\u0430 \u043d\u0430 \u041e\u0434\u0434\u0435\u043b\u0435\u043d\u0438\u0435\u0442\u043e \u0437\u0430 \u0438\u043d\u0441\u043f\u0435\u043a\u0446\u0438\u0441\u043a\u0438 \u043d\u0430\u0434\u0437\u043e\u0440 \u0437\u0430 \u043f\u0435\u0440\u0438\u043e\u0434 01.07-31.12.2023 \u0433\u043e\u0434\u0438\u043d\u0430<\/a><\/li><li><a href=\"https:\/\/arhiv.mk\/wp-content\/uploads\/2023\/09\/\u0418\u0437\u0432\u0435\u0448\u0442\u0430\u0458-\u0437\u0430-\u0440\u0430\u0431\u043e\u0442\u0430-\u043d\u0430-\u041e\u0434\u0434\u0435\u043b\u0435\u043d\u0438\u0435\u0442\u043e-\u0437\u0430-\u0438\u043d\u0441\u043f\u0435\u043a\u0446\u0438\u0441\u043a\u0438-\u043d\u0430\u0434\u0437\u043e\u0440-01.01-30.06.2023-\u0433\u043e\u0434-1.pdf\">\u0418\u0437\u0432\u0435\u0448\u0442\u0430\u0458 \u0437\u0430 \u0440\u0430\u0431\u043e\u0442\u0430 \u043d\u0430 \u041e\u0434\u0434\u0435\u043b\u0435\u043d\u0438\u0435\u0442\u043e \u0437\u0430 \u0438\u043d\u0441\u043f\u0435\u043a\u0446\u0438\u0441\u043a\u0438 \u043d\u0430\u0434\u0437\u043e\u0440 \u0437\u0430 \u043f\u0435\u0440\u0438\u043e\u0434 01.01-30.06.2023 \u0433\u043e\u0434\u0438\u043d\u0430<\/a><\/li><li><a href=\"https:\/\/arhiv.mk\/wp-content\/uploads\/2023\/02\/\u0428\u0435\u0441\u0442\u043c\u0435\u0441\u0435\u0447\u0435\u043d-\u0438\u0437\u0432\u0435\u0448\u0442\u0430\u0458-\u0437\u0430-\u043f\u0435\u0440\u0438\u043e\u0434-\u043e\u0434-01.07-31.12.2022-\u0433..pdf\">Raporti vjetor i pun\u00ebs s\u00eb Nj\u00ebsis\u00eb p\u00ebr mbikqyrje inspektoriale p\u00ebr periudhen 01.07-31.12.2022<\/a><\/li><li><a href=\"https:\/\/arhiv.mk\/wp-content\/uploads\/2022\/08\/\u0418\u0437\u0432\u0435\u0448\u0442\u0430\u0458-\u0437\u0430-\u0440\u0430\u0431\u043e\u0442\u0430-\u043d\u0430-\u041e\u0434\u0434\u0435\u043b\u0435\u043d\u0438\u0435\u0442\u043e-\u0437\u0430-\u0438\u043d\u0441\u043f\u0435\u043a\u0446\u0438\u0441\u043a\u0438-\u043d\u0430\u0434\u0437\u043e\u0440-\u0437\u0430-\u043f\u0435\u0440\u0438\u043e\u0434-01.01-30.06.2022.pdf\">Raporti vjetor i pun\u00ebs s\u00eb Nj\u00ebsis\u00eb p\u00ebr mbikqyrje inspektoriale p\u00ebr periudhen 01.01-30.06.2022<\/a><\/li><li><a href=\"https:\/\/arhiv.mk\/wp-content\/uploads\/2022\/02\/\u0428\u0435\u0441\u0442\u043c\u0435\u0441\u0435\u0447\u0435\u043d-\u0438\u0437\u0432\u0435\u0448\u0442\u0430\u0458-\u0437\u0430-\u0440\u0430\u0431\u043e\u0442\u0430\u0442\u0430-\u043d\u0430-\u041e\u0434\u0434\u0435\u043b\u0435\u043d\u0438\u0435\u0442\u043e-\u0437\u0430-\u0438\u043d\u0441\u043f\u0435\u043a\u0446\u0438\u0441\u043a\u0438-\u043d\u0430\u0434\u0437\u043e\u0440-\u0437\u0430-\u043f\u0435\u0440\u0438\u043e\u0434-\u043e\u0434-01.07-31.12.2021-\u0441\u043a\u0435\u043d.pdf\">Raporti vjetor i pun\u00ebs s\u00eb Nj\u00ebsis\u00eb p\u00ebr mbikqyrje inspektoriale 01.07.-31.12.2021<\/a><\/li><li><a href=\"https:\/\/arhiv.mk\/wp-content\/uploads\/2022\/02\/\u0428\u0435\u0441\u0442\u043c\u0435\u0441\u0435\u0447\u0435\u043d-\u0438\u0437\u0432\u0435\u0448\u0442\u0430\u0458-\u0437\u0430-\u0440\u0430\u0431\u043e\u0442\u0430\u0442\u0430-\u043d\u0430-\u041e\u0434\u0434\u0435\u043b\u0435\u043d\u0438\u0435\u0442\u043e-\u0437\u0430-\u0438\u043d\u0441\u043f\u0435\u043a\u0446\u0438\u0441\u043a\u0438-\u043d\u0430\u0434\u0437\u043e\u0440-\u0437\u0430-\u043f\u0435\u0440\u0438\u043e\u0434-\u043e\u0434-01.07-31.12.2021-\u0441\u043a\u0435\u043d.pdf\">Raporti vjetor i pun\u00ebs s\u00eb Nj\u00ebsis\u00eb p\u00ebr mbikqyrje inspektoriale 01.07.-31.12.2021<\/a><\/li><li><a href=\"https:\/\/arhiv.mk\/wp-content\/uploads\/2021\/12\/\u0418\u0437\u0432\u0435\u0448\u0442\u0430\u0458-\u0437\u0430-\u0440\u0430\u0431\u043e\u0442\u0430-\u043d\u0430-\u041e\u0434\u0434\u0435\u043b\u0435\u043d\u0438\u0435\u0442\u043e-\u0437\u0430-\u0438\u043d\u0441\u043f\u0435\u043a\u0446\u0438\u0441\u043a\u0438-\u043d\u0430\u0434\u0437\u043e\u0440-\u0437\u0430-\u043f\u0435\u0440\u0438\u043e\u0434-01.01.-30.06.2021-\u0433\u043e\u0434\u0438\u043d\u0430.pdf\">Raporti vjetor i pun\u00ebs s\u00eb Nj\u00ebsis\u00eb p\u00ebr mbikqyrje inspektoriale 01.01.-30.06.2021<\/a><\/li><li><a class=\"ico_pdf16\" href=\"https:\/\/www.arhiv.gov.mk\/materijali\/IzvestajInspekcija.7-12.2020.pdf\" target=\"_blank\" rel=\"noopener\">Raporti vjetor i pun\u00ebs s\u00eb Nj\u00ebsis\u00eb p\u00ebr mbikqyrje inspektoriale p\u00ebr periudh\u00ebn 01.07.-31.12.2020<\/a><\/li><li><a class=\"ico_pdf16\" href=\"https:\/\/www.arhiv.gov.mk\/materijali\/Izvestaj1-6.2020Inspekcija.pdf\" target=\"_blank\" rel=\"noopener\">Raporti vjetor i pun\u00ebs s\u00eb Nj\u00ebsis\u00eb p\u00ebr mbikqyrje inspektoriale p\u00ebr periudh\u00ebn 01.01.-30.06.2020<\/a><\/li><\/ul><ul><li><a class=\"ico_pdf16\" href=\"https:\/\/www.arhiv.gov.mk\/materijali\/GodisenIzvestaj2019Insp.pdf\" target=\"_blank\" rel=\"noopener\">Raporti vjetor i pun\u00ebs s\u00eb Nj\u00ebsis\u00eb p\u00ebr mbikqyrje inspektoriale n\u00eb vitin 2019<\/a><\/li><li><a class=\"ico_pdf16\" href=\"https:\/\/www.arhiv.gov.mk\/materijali\/IzvestajInsp2018.pdf\" target=\"_blank\" rel=\"noopener\">Raporti vjetor i pun\u00ebs s\u00eb Nj\u00ebsis\u00eb p\u00ebr mbikqyrje inspektoriale n\u00eb vitin 2018<\/a><\/li><li><a class=\"ico_pdf16\" href=\"https:\/\/www.arhiv.gov.mk\/materijali\/IzvestajInsp2017.pdf\" target=\"_blank\" rel=\"noopener\">Raporti vjetor i pun\u00ebs s\u00eb Nj\u00ebsis\u00eb p\u00ebr mbikqyrje inspektoriale n\u00eb vitin 2017<\/a><\/li><li><a class=\"ico_pdf16\" href=\"https:\/\/www.arhiv.gov.mk\/materijali\/IzvestajInsp2016.pdf\" target=\"_blank\" rel=\"noopener\">Raporti vjetor i pun\u00ebs s\u00eb Nj\u00ebsis\u00eb p\u00ebr mbikqyrje inspektoriale n\u00eb vitin 2016<\/a><\/li><li><a class=\"ico_pdf16\" href=\"https:\/\/www.arhiv.gov.mk\/materijali\/IzvestajInsp2015.pdf\" target=\"_blank\" rel=\"noopener\">Raporti vjetor i pun\u00ebs s\u00eb Nj\u00ebsis\u00eb p\u00ebr mbikqyrje inspektoriale n\u00eb vitin 2015<\/a><\/li><li><a class=\"ico_pdf16\" href=\"https:\/\/www.arhiv.gov.mk\/materijali\/IzvestajInsp2014.pdf\" target=\"_blank\" rel=\"noopener\">Raporti vjetor i pun\u00ebs s\u00eb Nj\u00ebsis\u00eb p\u00ebr mbikqyrje inspektoriale n\u00eb vitin 2014<\/a><\/li><\/ul><ul><li><a class=\"ico_pdf16\" href=\"https:\/\/www.arhiv.gov.mk\/materijali\/IzvestajInsp 7-12.2020.xlsx\" target=\"_blank\" rel=\"noopener\">Raporti statistikor i inspektimeve n\u00eb ASHRMV p\u00ebr periudh\u00ebn 01.07.-31.12.2020<\/a><\/li><li><a class=\"ico_pdf16\" href=\"https:\/\/www.arhiv.gov.mk\/materijali\/Kumulativen1-6.2020-Insp.xlsx\" target=\"_blank\" rel=\"noopener\">Raporti statistikor i inspektimeve n\u00eb ASHRMV p\u00ebr periudh\u00ebn 01.01.-30.06.2020<\/a><\/li><li><a class=\"ico_pdf16\" href=\"https:\/\/www.arhiv.gov.mk\/materijali\/KumulativenIzvestaj2019.xls\" target=\"_blank\" rel=\"noopener\">Raporti statistikor p\u00ebr mbikqyrjet inspektuese n\u00eb ASHRMV p\u00ebr vitin 2019<\/a><\/li><li><a class=\"ico_pdf16\" href=\"https:\/\/www.arhiv.gov.mk\/materijali\/StatIzvInsp2018.xlsx\" target=\"_blank\" rel=\"noopener\">Raporti statistikor p\u00ebr mbikqyrjet inspektuese n\u00eb ASHRMV p\u00ebr vitin 2018<\/a><\/li><li><a class=\"ico_pdf16\" href=\"https:\/\/www.arhiv.gov.mk\/materijali\/StatIzvInsp2017jan-jun.xlsx\" target=\"_blank\" rel=\"noopener\">Raporti statistikor p\u00ebr mbikqyrje inspektuese n\u00eb ASHRMV p\u00ebr vitin 2017 (janar- qershor)<\/a><\/li><li><a class=\"ico_pdf16\" href=\"https:\/\/www.arhiv.gov.mk\/materijali\/StatIzvInsp2017.xlsx\" target=\"_blank\" rel=\"noopener\">Raporti statistikor p\u00ebr mbikqyrje inspektuese n\u00eb ASHRMV p\u00ebr vitin 2017 (qershor- dhjetor)<\/a><\/li><li><a class=\"ico_pdf16\" href=\"https:\/\/www.arhiv.gov.mk\/materijali\/StatIzvInsp2016.xlsx\" target=\"_blank\" rel=\"noopener\">Raporti statistikor p\u00ebr mbikqyrje inspektuese n\u00eb ASHRMV p\u00ebr vitin 2016<\/a><\/li><li><a class=\"ico_pdf16\" href=\"https:\/\/www.arhiv.gov.mk\/materijali\/StatIzvInsp2015.xlsx\" target=\"_blank\" rel=\"noopener\">Raporti statistikor p\u00ebr mbikqyrje inspektuese n\u00eb ASHRMV p\u00ebr vitin 2015<\/a><\/li><li><a class=\"ico_pdf16\" href=\"https:\/\/www.arhiv.gov.mk\/materijali\/StatIzvInsp2014.xlsx\" target=\"_blank\" rel=\"noopener\">Raporti statistikor p\u00ebr mbikqyrje inspektuese n\u00eb ASHRMV p\u00ebr vitin 2014<\/a><\/li><\/ul>\t\t\t\t\t\t\t\t<\/div>\n\t\t\t\t<\/div>\n\t\t\t\t\t<\/div>\n\t\t<\/div>\n\t\t\t\t\t<\/div>\n\t\t<\/section>\n\t\t\t\t<\/div>","protected":false},"excerpt":{"rendered":"<p>\u0418\u0437\u0432\u0435\u0448\u0442\u0430\u0438 \u041f\u0440\u0435\u0432\u0437\u0435\u043c\u0435\u0442\u0435: \u0418\u0437\u0432\u0435\u0448\u0442\u0430\u0458 \u0437\u0430 \u0440\u0430\u0431\u043e\u0442\u0430 \u043d\u0430 \u041e\u0434\u0434\u0435\u043b\u0435\u043d\u0438\u0435\u0442\u043e \u0437\u0430 \u0438\u043d\u0441\u043f\u0435\u043a\u0446\u0438\u0441\u043a\u0438 \u043d\u0430\u0434\u0437\u043e\u0440 \u0437\u0430 \u043f\u0435\u0440\u0438\u043e\u0434 01.01-31.12.2025 \u0433\u043e\u0434\u0438\u043d\u0430 \u0418\u0437\u0432\u0435\u0448\u0442\u0430\u0458 \u0437\u0430 \u0440\u0430\u0431\u043e\u0442\u0430 \u043d\u0430 \u041e\u0434\u0434\u0435\u043b\u0435\u043d\u0438\u0435\u0442\u043e \u0437\u0430 \u0438\u043d\u0441\u043f\u0435\u043a\u0446\u0438\u0441\u043a\u0438 \u043d\u0430\u0434\u0437\u043e\u0440 \u0437\u0430 \u043f\u0435\u0440\u0438\u043e\u0434 01.07-31.12.2024 \u0433\u043e\u0434\u0438\u043d\u0430 \u0418\u0437\u0432\u0435\u0448\u0442\u0430\u0458 \u0437\u0430 \u0440\u0430\u0431\u043e\u0442\u0430 \u043d\u0430 \u041e\u0434\u0434\u0435\u043b\u0435\u043d\u0438\u0435\u0442\u043e \u0437\u0430 \u0438\u043d\u0441\u043f\u0435\u043a\u0446\u0438\u0441\u043a\u0438 \u043d\u0430\u0434\u0437\u043e\u0440 \u0437\u0430 \u043f\u0435\u0440\u0438\u043e\u0434 01.01-30.06.2024 \u0433\u043e\u0434\u0438\u043d\u0430 \u0418\u0437\u0432\u0435\u0448\u0442\u0430\u0458 \u0437\u0430 \u0440\u0430\u0431\u043e\u0442\u0430 \u043d\u0430 \u041e\u0434\u0434\u0435\u043b\u0435\u043d\u0438\u0435\u0442\u043e \u0437\u0430 \u0438\u043d\u0441\u043f\u0435\u043a\u0446\u0438\u0441\u043a\u0438 \u043d\u0430\u0434\u0437\u043e\u0440 \u0437\u0430 \u043f\u0435\u0440\u0438\u043e\u0434 01.07-31.12.2023 \u0433\u043e\u0434\u0438\u043d\u0430 \u0418\u0437\u0432\u0435\u0448\u0442\u0430\u0458 \u0437\u0430 \u0440\u0430\u0431\u043e\u0442\u0430 \u043d\u0430 \u041e\u0434\u0434\u0435\u043b\u0435\u043d\u0438\u0435\u0442\u043e [&hellip;]<\/p>","protected":false},"author":2,"featured_media":0,"parent":0,"menu_order":0,"comment_status":"closed","ping_status":"closed","template":"","meta":{"site-sidebar-layout":"no-sidebar","site-content-layout":"page-builder","ast-site-content-layout":"","site-content-style":"default","site-sidebar-style":"default","ast-global-header-display":"","ast-banner-title-visibility":"","ast-main-header-display":"","ast-hfb-above-header-display":"","ast-hfb-below-header-display":"","ast-hfb-mobile-header-display":"","site-post-title":"disabled","ast-breadcrumbs-content":"","ast-featured-img":"disabled","footer-sml-layout":"","theme-transparent-header-meta":"default","adv-header-id-meta":"","stick-header-meta":"","header-above-stick-meta":"","header-main-stick-meta":"","header-below-stick-meta":"","astra-migrate-meta-layouts":"default","ast-page-background-enabled":"default","ast-page-background-meta":{"desktop":{"background-color":"","background-image":"","background-repeat":"repeat","background-position":"center center","background-size":"auto","background-attachment":"scroll","background-type":"","background-media":"","overlay-type":"","overlay-color":"","overlay-opacity":"","overlay-gradient":""},"tablet":{"background-color":"","background-image":"","background-repeat":"repeat","background-position":"center center","background-size":"auto","background-attachment":"scroll","background-type":"","background-media":"","overlay-type":"","overlay-color":"","overlay-opacity":"","overlay-gradient":""},"mobile":{"background-color":"","background-image":"","background-repeat":"repeat","background-position":"center center","background-size":"auto","background-attachment":"scroll","background-type":"","background-media":"","overlay-type":"","overlay-color":"","overlay-opacity":"","overlay-gradient":""}},"ast-content-background-meta":{"desktop":{"background-color":"var(--ast-global-color-5)","background-image":"","background-repeat":"repeat","background-position":"center center","background-size":"auto","background-attachment":"scroll","background-type":"","background-media":"","overlay-type":"","overlay-color":"","overlay-opacity":"","overlay-gradient":""},"tablet":{"background-color":"var(--ast-global-color-5)","background-image":"","background-repeat":"repeat","background-position":"center center","background-size":"auto","background-attachment":"scroll","background-type":"","background-media":"","overlay-type":"","overlay-color":"","overlay-opacity":"","overlay-gradient":""},"mobile":{"background-color":"var(--ast-global-color-5)","background-image":"","background-repeat":"repeat","background-position":"center center","background-size":"auto","background-attachment":"scroll","background-type":"","background-media":"","overlay-type":"","overlay-color":"","overlay-opacity":"","overlay-gradient":""}},"footnotes":""},"class_list":["post-4908","page","type-page","status-publish","hentry"],"_links":{"self":[{"href":"https:\/\/arhiv.mk\/sq\/wp-json\/wp\/v2\/pages\/4908","targetHints":{"allow":["GET"]}}],"collection":[{"href":"https:\/\/arhiv.mk\/sq\/wp-json\/wp\/v2\/pages"}],"about":[{"href":"https:\/\/arhiv.mk\/sq\/wp-json\/wp\/v2\/types\/page"}],"author":[{"embeddable":true,"href":"https:\/\/arhiv.mk\/sq\/wp-json\/wp\/v2\/users\/2"}],"replies":[{"embeddable":true,"href":"https:\/\/arhiv.mk\/sq\/wp-json\/wp\/v2\/comments?post=4908"}],"version-history":[{"count":53,"href":"https:\/\/arhiv.mk\/sq\/wp-json\/wp\/v2\/pages\/4908\/revisions"}],"predecessor-version":[{"id":12439,"href":"https:\/\/arhiv.mk\/sq\/wp-json\/wp\/v2\/pages\/4908\/revisions\/12439"}],"wp:attachment":[{"href":"https:\/\/arhiv.mk\/sq\/wp-json\/wp\/v2\/media?parent=4908"}],"curies":[{"name":"wp","href":"https:\/\/api.w.org\/{rel}","templated":true}]}}