{"id":5048,"date":"2021-03-29T16:42:57","date_gmt":"2021-03-29T16:42:57","guid":{"rendered":"https:\/\/arhiv.mk\/?page_id=5048"},"modified":"2026-01-13T10:31:19","modified_gmt":"2026-01-13T09:31:19","slug":"kontakti","status":"publish","type":"page","link":"https:\/\/arhiv.mk\/sq\/kontakti\/","title":{"rendered":"Kontakti"},"content":{"rendered":"<div data-elementor-type=\"wp-page\" data-elementor-id=\"5048\" class=\"elementor elementor-5048\" data-elementor-post-type=\"page\">\n\t\t\t\t\t\t<section class=\"elementor-section elementor-top-section elementor-element elementor-element-6406c16 elementor-section-boxed elementor-section-height-default elementor-section-height-default\" data-id=\"6406c16\" data-element_type=\"section\">\n\t\t\t\t\t\t<div class=\"elementor-container elementor-column-gap-default\">\n\t\t\t\t\t<div class=\"elementor-column elementor-col-100 elementor-top-column elementor-element elementor-element-489b78c\" data-id=\"489b78c\" data-element_type=\"column\">\n\t\t\t<div class=\"elementor-widget-wrap elementor-element-populated\">\n\t\t\t\t\t\t<div class=\"elementor-element elementor-element-b201cfa elementor-widget elementor-widget-text-editor\" data-id=\"b201cfa\" data-element_type=\"widget\" data-widget_type=\"text-editor.default\">\n\t\t\t\t<div class=\"elementor-widget-container\">\n\t\t\t\t\t\t\t\t\t<h4><span style=\"text-decoration: underline;\">ARKIVI SHTET\u00cbROR I REPUBLIK\u00cbS S\u00cb MAQEDONIS\u00cb S\u00cb VERIUT<\/span><\/h4><p>Kej Dimitar Vllahov nr. 19, 1000 Shkup<\/p><p>tel.: +389 2 3237 211<\/p><p>Regjistri \/ Arkivi: <a href=\"mailto:contact@arhiv.gov.mk\">e-mail: contact@arhiv.gov.mk<\/a><\/p><h6>\u00a0<\/h6><h6>U.D. DREJTOR<\/h6><p><strong>M-r Dimitar Bogeski<\/strong><br \/>t\u0435l.: 02\/3237-211<\/p><p>mail: <a href=\"mailto:dimitar.bogeski@arhiv.gov.mk\">dimitar.bogeski@arhiv.gov.mk<\/a><\/p><h6>Sekretari teknik:<\/h6><p><strong>Suzana Stojkovska<\/strong><\/p><p>t\u0435l.: 070\/378135<\/p><p>t\u0435l.: 02\/3237-211<\/p><p>mail: <a href=\"mailto:suzana.stojkovska@arhiv.gov.mk\">suzana.stojkovska@arhiv.gov.mk<\/a><\/p><h6>\u00a0<\/h6><h6>U.D. Z\u00cbVEND\u00cbS DREJTOR<\/h6><p>Tel:\u00a0<\/p><p>mail:\u00a0<\/p><h6>Sekretari teknik:<\/h6><p>tel: 02 \/ 3116-571<\/p><p>mail:\u00a0<\/p><h6>\u00a0<\/h6><h6><span style=\"text-decoration: underline;\">K\u00cbSHILLTAR SHTET\u00cbROR P\u00cbR \u00c7\u00cbSHTJE JURIDIKE<\/span><\/h6><p><strong>M-r Sasho Jankullovski<\/strong><\/p><p>tel: 076\/485225<\/p><p>mail: <a href=\"mailto:saso.jankulovski@arhiv.gov.mk\">saso.jankulovski@arhiv.gov.mk<\/a><\/p><h6><span style=\"text-decoration: underline;\">K\u00cbSHILLTAR SHTET\u00cbROR P\u00cbR MBROJTJE T\u00cb MATERIALIT ARKIVOR<\/span><\/h6><p><strong>M-r Emilija Rop<\/strong><\/p><p>tel.: 311-5734 lokale 156<\/p><p>mail: <a href=\"mailto:emilija.rop@arhiv.gov.mk\">emilija.rop@arhiv.gov.mk<\/a><\/p><h6><span style=\"text-decoration: underline;\">U.D. K\u00cbSHILLTAR SHTET\u00cbROR P\u00cbR RREGULLIM DHE P\u00cbRPUNIM T\u00cb MATERIALIT ARKIVOR<\/span><\/h6><p>Tel:\u00a0<\/p><p>mail:<\/p><h6>Informata n\u00eb lidhje me shfryt\u00ebzimin e materialit arkivor:<\/h6><p><strong>M-r Irfete Ibraimi<\/strong><\/p><p>tel: 076\/485180<\/p><p>mail: <a href=\"mailto:irfete.ibraimi@arhiv.gov.mk\">irfete.ibraimi@arhiv.gov.mk<\/a><\/p><h6>Shitja e botimeve t\u00eb publikuara nga Arkivi Shtet\u00ebror:<\/h6><p><strong>M-r Ebru Feta<\/strong><\/p><p>Tel:\u00a0<\/p><p>mail: <a href=\"mailto:ebru.feta@arhiv.gov.mk\">ebru.feta@arhiv.gov.mk<\/a><\/p><h6>Biblioteka profesionale e Arkivit Shtet\u00ebror:<\/h6><h6>Hulumtimi i materialit n\u00eb bibliotek\u00eb \u2013 libra, monografi, revista, gazeta dhe revista zyrtare<\/h6><p><strong>Lemka Ramadanova<\/strong><\/p><p>Tel:<\/p><p>mail: <a href=\"mailto:lemka.ramadanova@arhiv.gov.mk\" target=\"_blank\" rel=\"nofollow noopener noreferrer\">lemka.ramadanova@arhiv.gov.mk<\/a><\/p><h6>\u00a0<\/h6><h6><span style=\"text-decoration: underline;\">NJ\u00cbSIA P\u00cbR MENAXHIMIN E BURIMEVE NJER\u00cbZORE<\/span><\/h6><h6>\u00a0Udh\u00ebheq\u00ebs i Nj\u00ebsis\u00eb p\u00ebr menaximin e burimeve njer\u00ebzore<\/h6><p><strong>\u041d\u0438\u043a\u043e\u043b\u0430 \u0421\u0430\u0432\u0438\u045c\u00a0<\/strong><\/p><p>Tel:<\/p><p>mail:\u00a0<\/p><h6>\u00a0<\/h6><h6 style=\"text-transform: uppercase;\"><span style=\"text-decoration: underline;\">NJ\u00cbSIA P\u00cbR PROKURIM PUBLIK<\/span><\/h6><h6>\u00a0Udheheq\u00ebs i Nj\u00ebsis\u00eb p\u00ebr prokurim publik:<\/h6><p><strong>Zvonko Dimoski<\/strong><\/p><p>tel: 076\/446849<\/p><p>mail: <a href=\"mailto:zvonko.dimoski@arhiv.gov.mk\">zvonko.dimoski@arhiv.gov.mk<\/a><\/p><h6>\u00a0<\/h6><h6 style=\"text-align: center;\"><span style=\"text-decoration: underline;\">SEKTORI P\u00cbR PUN\u00cb T\u00cb P\u00cbRGJITHSHME<\/span><\/h6><h6>Ndihm\u00ebs Udh\u00ebheq\u00ebs i Sektorit p\u00ebr pun\u00eb t\u00eb p\u00ebrgjithshme<\/h6><p><strong>Bojana Kunoska<\/strong><\/p><p>Tel:<\/p><p>mail: <a href=\"mailto:bojana.kunoska@arhiv.gov.mk\">bojana.kunoska@arhiv.gov.mk<\/a><\/p><h6>Udh\u00ebheq\u00ebs i Nj\u00ebsis\u00eb p\u00ebr \u00e7\u00ebshtje profesionale - administrative dhe ligjore normative<\/h6><p><strong>Marin Dukovski<\/strong><\/p><p>Tel:\u00a0<\/p><p>mail:\u00a0<\/p><h6><span style=\"text-decoration: underline;\">\u00a0NJ\u00cbSIA P\u00cbR P\u00cbRKTHIM DHE LEKTORIM<\/span><\/h6><h6>Udh\u00ebheq\u00ebs p\u00ebr p\u00ebrkthim dhe lektorim:\u00a0<\/h6><p><strong>M-r Irfete Ibraimi<\/strong><\/p><p>tel: 076\/485180<\/p><p>mail: <a href=\"mailto:irfete.ibraimi@arhiv.gov.mk\">irfete.ibraimi@arhiv.gov.mk<\/a><\/p><h6>\u00a0<\/h6><h6><span style=\"text-decoration: underline;\">SEKTORI P\u00cbR \u00c7\u00cbSHTJE FINANCIARE<\/span><\/h6><h6>U.D. Udh\u00ebheq\u00ebs Sektori p\u00ebr \u00e7\u00ebshtje financiare:<\/h6><p>Tel:\u00a0<\/p><p>mail:\u00a0<\/p><h6><span style=\"text-decoration: underline;\">NJ\u00cbSIA P\u00cbR KOORDINIM DHE EVIDENTIM T\u00cb BUXHETIT<\/span><\/h6><h6>U.D. Udh\u00ebheq\u00ebs i Nj\u00ebsis\u00eb p\u00ebr koordinim dhe evidentim t\u00eb buxhetit:<\/h6><p>Tel:\u00a0<\/p><p>mail:\u00a0<\/p><h6 style=\"column-span: all; padding: 1rem;\"><span style=\"text-decoration: underline;\">NJ\u00cbSIA P\u00cbR KONTABILITET DHE PAGESA\u00a0<\/span><\/h6><h6>U.D. Udh\u00ebheq\u00ebs i Nj\u00ebsis\u00eb p\u00ebr kontabilitet dhe pagesa:<\/h6><p>Tel:\u00a0<\/p><p>mail:\u00a0<\/p><h6>\u00a0<\/h6><h6 style=\"column-span: all; padding: 1rem;\"><span style=\"text-decoration: underline;\">SEKTORI P\u00cbR RREGULLIMIN DHE P\u00cbRPUNIMIN E MATERIALIT ARKIVOR<\/span><\/h6><h6>\u0420\u0430\u043a\u043e\u0432\u043e\u0434\u0438\u0442\u0435\u043b \u043d\u0430 \u0421\u0435\u043a\u0442\u043e\u0440\u043e\u0442<br \/>p\u00ebr rregullimin dhe p\u00ebrpunimin e materialit arkivor:<\/h6><p><strong>Doc.dr. Adnan Sherif<\/strong><\/p><p>Tel:\u00a0<\/p><p>mail:\u00a0<\/p><h6>\u041f\u043e\u043c\u043e\u0448\u043d\u0438\u043a \u0440\u0430\u043a\u043e\u0432\u043e\u0434\u0438\u0442\u0435\u043b \u043d\u0430 \u0421\u0435\u043a\u0442\u043e\u0440\u043e\u0442<br \/>p\u00ebr rregullimin dhe p\u00ebrpunimin e materialit arkivor:<\/h6><p><b>Lili Savatiq<\/b><\/p><p>Tel:\u00a0<\/p><p>mail:\u00a0<\/p><h6>U.D. Udh\u00ebheq\u00ebs i Nj\u00ebsis\u00eb p\u00ebr\nrregullimin dhe p\u00ebrpunimin e materialit arkivor - periudha e re:<\/h6><p><strong>Isamudin Mustafa<\/strong><\/p><p>Tel:<\/p><p>mail: <a href=\"mailto:isamudin.mustafa@arhiv.gov.mk\">isamudin.mustafa@arhiv.gov.mk<\/a><\/p><h6>Udh\u00ebheq\u00ebs i Nj\u00ebsis\u00eb p\u00ebr rregullimin dhe p\u00ebrpunimin e materialit arkivor - periudha e vjet\u00ebr:<\/h6><p><strong>pezullim i p\u00ebrkohsh\u00ebm<\/strong><\/p><p>Tel:\u00a0<\/p><p>mail:<\/p><h6>U.D. Udh\u00ebheq\u00ebs i Nj\u00ebsis\u00eb p\u00ebr\nrregullimin dhe p\u00ebrpunimin e materialit arkivor - periudha Osmane:<\/h6><p><strong>pezullim i p\u00ebrkohsh\u00ebm<\/strong><\/p><p>Tel:\u00a0<\/p><p>mail:\u00a0<\/p><h6>\u0420\u0430\u043a\u043e\u0432\u043e\u0434\u0438\u0442\u0435\u043b \u043d\u0430 \u041e\u0434\u0434\u0435\u043b\u0435\u043d\u0438\u0435 \u0437\u0430 \u0441\u0440\u0435\u0434\u0443\u0432\u0430\u045a\u0435 \u0438 \u043e\u0431\u0440\u0430\u0431\u043e\u0442\u043a\u0430 \u043d\u0430 \u0430\u0440\u0445\u0438\u0432\u0441\u043a\u0438 \u043c\u0430\u0442\u0435\u0440\u0438\u0458\u0430\u043b \u2013 \u0441\u0442\u0430\u0440 \u0438 \u043d\u043e\u0432 \u043f\u0435\u0440\u0438\u043e\u0434 \u2013 \u0411\u0438\u0442\u043e\u043b\u0430:<\/h6><p><strong>Goce Stojanovski<\/strong><\/p><p>tel. 047 \/ 239-491, faks. 047 \/ 241-740<\/p><p>tel.: 078\/280199<\/p><p>mail: <a href=\"mailto:goce.stojanovski@arhiv.gov.mk\">goce.stojanovski@arhiv.gov.mk<\/a><\/p><p>adresa: bul. &quot;Prvi Maj&quot; nr. 55, 7000 Manastir<\/p><h6>U.D. Udh\u00ebheq\u00ebs i Nj\u00ebsis\u00eb p\u00ebr\nrregullimin dhe p\u00ebrpunimin e materialit arkivor - periudha e vjet\u00ebr dhe e re - Veles:<\/h6><p>Tel:\u00a0<\/p><p>mail:\u00a0<\/p><p>\u0430\u0434\u0440\u0435\u0441\u0430:<\/p><h6>Udh\u00ebheq\u00ebs i Nj\u00ebsis\u00eb p\u00ebr\nrregullimin dhe p\u00ebrpunimin e materialit arkivor - periudha e vjet\u00ebr dhe e re - Kumanov\u00eb:<\/h6><p><strong>M-r Vullnet Iseni<\/strong><\/p><p>tel: 076\/445878<\/p><p>tel. 031\/420 464<\/p><p>mail: <a href=\"mailto:vullnet.iseni@arhiv.gov.mk\">vullnet.iseni@arhiv.gov.mk<\/a><\/p><p>adresa: bul. \"Brigada III Godit\u00ebse Maqedonase\" nr. 20, 1300 Kumanov\u00eb<\/p><h6>U.D. Udh\u00ebheq\u00ebs i Nj\u00ebsis\u00eb p\u00ebr\nrregullimin dhe p\u00ebrpunimin e materialit arkivor - periudha e vjet\u00ebr dhe e re - Oh\u00ebr<\/h6><p>\u00a0<\/p><p>Tel:\u00a0<\/p><p>mail:\u00a0<\/p><p>\u0430\u0434\u0440\u0435\u0441\u0430:\u00a0<\/p><h6>U.D. Udh\u00ebheq\u00ebs i Nj\u00ebsis\u00eb p\u00ebr\nrregullimin dhe p\u00ebrpunimin e materialit arkivor -periudha e vjet\u00ebr dhe e re - Prilep:<\/h6><p><strong>Filip Risteski\u00a0<\/strong><\/p><p>tel. 048 \/ 424-192, faks. 048 \/ 424-334<\/p><p>\u0442\u0435\u043b. 075\/639770<\/p><p>mail: <a href=\"mailto:filip.risteski@arhiv.gov.mk\">filip.risteski@arhiv.gov.mk<\/a><\/p><p>adresa: rr. &quot;Aleksandri i Madh&quot; nr. 134, 7500 Prilep<\/p><h6>Udh\u00ebheq\u00ebs i Nj\u00ebsis\u00eb p\u00ebr rregullimin dhe p\u00ebrpunimin e materialit arkivor - periudha e vjet\u00ebr dhe e re - Shkup:<\/h6><p><strong>Tatjana Aleksovska- Sapunxhioska<\/strong><\/p><p>tel.\/fax: 02 \/ 3076-461, 3076-462, 3076-463<\/p><p>tel: 076\/485245<\/p><p>mail: <a href=\"mailto:tatjana.aleksovska-sapundzioska@arhiv.gov.mk\">tatjana.aleksovska-sapundzioska@arhiv.gov.mk<\/a><\/p><p>adresa: rr. &quot;Moska&quot; nr. 1, 1000 Shkup<\/p><h6>Udh\u00ebheq\u00ebs i Nj\u00ebsis\u00eb p\u00ebr\nrregullimin dhe p\u00ebrpunimin e materialit arkivor - periudha e vjet\u00ebr dhe e re - Strumic\u00eb:<\/h6><p><strong>Goran Kolevski<\/strong><\/p><p>\u0442\u0435\u043b.: 034\/322-083<\/p><p>tel: 076\/485285<\/p><p>mail: <a href=\"mailto:goran.kolevski@arhiv.gov.mk\">goran.kolevski@arhiv.gov.mk<\/a><\/p><p>adresa: rr. \"27 Mars\" nr. 2, 2400 Strumic\u00eb<\/p><h6>\u00a0Udh\u00ebheq\u00ebs i Nj\u00ebsis\u00eb p\u00ebr\nrregullimin dhe p\u00ebrpunimin e materialit arkivor - periudha e vjet\u00ebr dhe e re - Tetov\u00eb:<\/h6><p><strong>M-r Klimentina Ivanovska<\/strong><\/p><p>\u0442\u0435\u043b.: 044\/332-209<\/p><p>tel: 076\/485352<\/p><p>mail: <a href=\"mailto:klimentina.ivanovska@arhiv.gov.mk\">klimentina.ivanovska@arhiv.gov.mk<\/a><\/p><p>adresa: rr. &quot;Cvetan Dimov&quot; nr. 1, 1200 Tetov\u00eb<\/p><h6>U.D. Udh\u00ebheq\u00ebs i Nj\u00ebsis\u00eb p\u00ebr\nrregullimin dhe p\u00ebrpunimin e materialit arkivor - periudha e vjet\u00ebr dhe e re - Shtip:<\/h6><p><strong>Zoran<\/strong> <strong>Min<\/strong><strong>ov<\/strong><\/p><p>tel. 032 \/ 391-337<\/p><p>mail: <a href=\"mailto:mario.parizov@arhiv.gov.mk\">zoran.minov@arhiv.gov.mk<\/a><\/p><p>adresa: rr. \"Sane Georgiev\" nr.35, 2000 Shtip<\/p><h6>\u00a0<\/h6><h6 style=\"column-span: all; padding: 1rem;\"><span style=\"text-decoration: underline;\">SEKTORI I MBIKQYRJES P\u00cbR INSPEKTIM, MBIKQYRJE PROFESIONALE DHE NDIHM\u00cb TEK POSEDUESIT<\/span><\/h6><h6>U.D. Ndihm\u00ebs udh\u00ebheq\u00ebs i Sektorit p\u00ebr\nmbikqyrje inspektimi, mbikqyrje profesionale dhe ndihm\u00eb tek poseduesit:<\/h6><p>\u00a0<\/p><p>Tel:\u00a0<\/p><p>mail:\u00a0<\/p><h6>U.D. Ndihm\u00ebs udh\u00ebheq\u00ebs i Sektorit p\u00ebr mbikqyrje inspektimi, mbikqyrje profesionale dhe ndihm\u00eb tek poseduesit:<\/h6><p>Tel:\u00a0\u00a0<\/p><p>mail:\u00a0<\/p><h6>U.D. Udh\u00ebheq\u00ebs i Nj\u00ebsis\u00eb p\u00ebr mbikqyrje inspektimi:<\/h6><p>\u00a0<\/p><p>Tel:\u00a0<\/p><p>mail:\u00a0<\/p><h6>U.D. Udh\u00ebheq\u00ebs i Nj\u00ebsis\u00eb p\u00ebr mbikqyrje profesionale dhe ndihm\u00eb profesionale tek poseduesit:<\/h6><p>\u00a0<\/p><p>Tel:\u00a0<\/p><p>mail:<\/p><h6>\u00a0<\/h6><h6 style=\"column-span: all; padding: 1rem;\"><span style=\"text-decoration: underline;\">SEKTORI P\u00cbR MBROJTJE T\u00cb MATERIALIT ARKIVOR N\u00cb ARKIVIN SHTET\u00cbROR<\/span><\/h6><h6>U.D. Udh\u00ebheq\u00ebs i Sektorit p\u00ebr\nmbrojtje t\u00eb materialit arkivor n\u00eb Arkivin shtet\u00ebror:<\/h6><p>\u00a0<\/p><p>Tel:\u00a0<\/p><p>mail:\u00a0<\/p><h6>Ndihm\u00ebs udh\u00ebheq\u00ebs i Sektorit p\u00ebr\nmbrojtje t\u00eb materialit arkivor n\u00eb Arkivin \nshtet\u00ebror:<\/h6><p><strong>Doc. dr. Branislav Svetozareviq<\/strong><\/p><p>tel: 075\/442479<\/p><p>mail: <a href=\"mailto:branislav.svetozarevic@arhiv.gov.mk\">branislav.svetozarevic@arhiv.gov.mk<\/a><\/p><h6>U.D. Udh\u00ebheq\u00ebs i Nj\u00ebsis\u00eb p\u00ebr evidentim dhe mbrojtje t\u00eb materialit arkivor n\u00eb Depon e Arkivit shtet\u00ebror<\/h6><p>\u00a0<\/p><p>Tel:\u00a0<\/p><p>mail:\u00a0<\/p><h6>U.D. Udh\u00ebheq\u00ebs i Nj\u00ebsis\u00eb p\u00ebr konservimin dhe restaurimin e materialit arkivor:<\/h6><p>\u00a0<\/p><p>Tel:\u00a0<\/p><p>mail:\u00a0<\/p><h6>\u00a0<\/h6><h6 style=\"column-span: all; padding: 1rem;\"><span style=\"text-decoration: underline;\">SEKTORI P\u00cbR HULUMTIM, BASHK\u00cbPUNIM ND\u00cbRKOMB\u00cbTAR DHE VENDOR SI DHE PUBLIKIM T\u00cb MATERIALEVE ARKIVORE<\/span><\/h6><h6>Udh\u00ebheq\u00ebs i Sektorit p\u00ebr\nhulumtim, bashk\u00ebpunim nd\u00ebrkomb\u00ebtar dhe vendor si dhe publikim t\u00eb materialeve arkivore:<\/h6><p><strong>Svetlana Usprcova<\/strong><\/p><p>tel: 02 3115 783, lokale - 140<\/p><p>mail: <a href=\"mailto:svetlana.usprcova@arhiv.gov.mk\">svetlana.usprcova@arhiv.gov.mk<\/a><\/p><h6>Ndihm\u00ebs udh\u00ebheq\u00ebs i Sektorit p\u00ebr hulumtim, bashk\u00ebpunim nd\u00ebrkomb\u00ebtar dhe vendor si dhe publikim t\u00eb materialeve arkivore:<\/h6><p><strong>M-r Lupka Andov<\/strong><\/p><p><span style=\"font-size: 16px;\">tel.: 311-5734 lokale -121<\/span><\/p><p>mail: <a href=\"mailto:ljupka.andov@arhiv.gov.mk\">ljupka.andov@arhiv.gov.mk<\/a><\/p><h6>Udh\u00ebheq\u00ebs i Nj\u00ebsis\u00eb p\u00ebr hulumtim, bashk\u00ebpunim nd\u00ebrkomb\u00ebtar dhe vendor:<\/h6><p><strong>M-r Marjan Gijovski<\/strong><\/p><p>tel.: 311-5734 lokale -121<\/p><p>mail: <a href=\"mailto:marjan.gijovski@arhiv.gov.mk\">marjan.gijovski@arhiv.gov.mk<\/a><\/p><h6>Udh\u00ebheq\u00ebs i Nj\u00ebsis\u00eb p\u00ebr botime t\u00eb materialeve arkivore:<\/h6><p><strong>dr. Jasmina Damjanovska<\/strong><\/p><p>tel.: 071\/317268<\/p><p>mail: <a href=\"mailto:jasmina.damjanovska@arhiv.gov.mk\">jasmina.damjanovska@arhiv.gov.mk<\/a><\/p><h6>\u00a0<\/h6><h6 style=\"column-span: all; padding: 1rem;\"><span style=\"text-decoration: underline;\">SEKTORI P\u00cbR TEKNOLOGJIN\u00cb INFORMATIKE DHE DIGJITALIZIMIN E MATERIALIT ARKIVOR<\/span><\/h6><h6>Udh\u00ebheq\u00ebs i Sektorit p\u00ebr\nteknologjin\u00eb informatike dhe digjitalizimin e materialit arkivor:<\/h6><p><strong>&#8211;<\/strong><\/p><p>Tel:\u00a0<\/p><p>mail:\u00a0<\/p><h6>U.D. Udh\u00ebheq\u00ebs i Nj\u00ebsis\u00eb p\u00ebr Teknologji Informative<\/h6><p>\u00a0<\/p><p>Tel:\u00a0<\/p><p>mail:<\/p><h6>\u00a0<\/h6><h6>Personi i autorizuar p\u00ebr nd\u00ebrmjet\u00ebsim n\u00eb lidhje me informatat t\u00eb karakterit publik:<\/h6><p><strong>Voislav Cvetkovski<\/strong><\/p><p>tel: 075\/485345<\/p><p>mail: <a href=\"mailto:voislav.cvetkovski@arhiv.gov.mk\">voislav.cvetkovski@arhiv.gov.mk<\/a><\/p><h6>Personi i autorizuar p\u00ebr komunikim me qytetar\u00ebt me aft\u00ebsi t\u00eb kufizuara, me q\u00ebllim p\u00ebr t\u00eb i\u2019u ndihmuar:<\/h6><p><strong>Marin Dukovski<\/strong><\/p><p>tel: 076\/485210<\/p><p>mail: <a href=\"mailto:marin.dukovski@arhiv.gov.mk\">marin.dukovski@arhiv.gov.mk<\/a><\/p><h6>Personi i autorizuar p\u00ebr mbrojtje p\u00ebr raportim t\u00eb brendsh\u00ebm:<\/h6><p>\u00a0<\/p><p>Tel:\u00a0<\/p><p>mail:\u00a0<\/p><h6>Oficer p\u00ebr mbrojtjen e t\u00eb dh\u00ebnave personale:<\/h6><p><strong>Dejan Sakipovski\u00a0<\/strong><\/p><p>\u0442\u0435\u043b.: 071\/357789<\/p><p>mail: <a href=\"mailto:dejan.sakipovski@arhiv.gov.mk\">dejan.sakipovski@arhiv.gov.mk<\/a><\/p><h6>Komisioni p\u00ebr blerjen e materialeve arkivore dhe dokumentare n\u00eb Arkivin shtet\u00ebror t\u00eb Republik\u00ebs s\u00eb Maqedonis\u00eb s\u00eb Veriut:<\/h6><p><strong>dr. Branislav Svetozareviq, kryetar i Komisionit<\/strong><\/p><p>tel: 075\/442479<\/p><p>mail: <a href=\"mailto:branislav.svetozarevic@arhiv.gov.mk\">branislav.svetozarevic@arhiv.gov.mk<\/a><\/p><h6>Rregullore p\u00ebr verifikimin e rregullave n\u00eb pajtim me Nenin 24 t\u00eb\nLigjit p\u00ebr Lobim n\u00eb Arkivin shtet\u00ebror:<\/h6><p><strong>Bojana Kunoska, ndihm\u00ebs udh\u00ebheq\u00ebs i Sektorit p\u00ebr pun\u00eb t\u00eb p\u00ebrgjithshme\u00a0<\/strong><\/p><p>Tel: 076\/446846<\/p><p>mail: <a href=\"\/sq\/bojana.kunoska@arhiv.gov.mk\/\">bojana.kunoska@arhiv.gov.mk<\/a><\/p><h6>Personat e em\u00ebruar si nd\u00ebrmjet\u00ebsues n\u00eb kuptim t\u00eb Ligjit p\u00ebr mbrojtjen nga ngacmimet n\u00eb vendin e pun\u00ebs n\u00eb Arkivin shtet\u00ebror:<\/h6><p><b>Adnan Osmani<\/b><\/p><p>Tel:\u00a0<\/p><p>mail: \u00a0<a href=\"mailto:adnan.osmani@arhiv.gov.mk\">adnan.osmani@arhiv.gov.mk<\/a><\/p><p><strong>Isamudin Mustafa<\/strong><\/p><p>Tel:\u00a0<\/p><p>mail: <a href=\"\/sq\/isamudin.mustafa@arhiv.gov.mk\/\">isamudin.mustafa@arhiv.gov.mk<\/a><\/p><p><strong>Bojana Kunoska<\/strong><\/p><p>mail: <a href=\"\/sq\/bojana.kunoska@arhiv.gov.mk\/\">bojana.kunoska@arhiv.gov.mk<\/a><\/p><p><strong>M-r Emilija Rop<\/strong><\/p><p>Tel:\u00a0<\/p><p>mail: <a href=\"mailto:emilija.rop@arhiv.gov.mk\">emilija.rop@arhiv.gov.mk<\/a><\/p><p><strong>Marin Dukovski<\/strong><\/p><p>Tel:\u00a0<\/p><p>mail: <a href=\"mailto:marin.dukovski@arhiv.gov.mk\">marin.dukovski@arhiv.gov.mk<\/a><\/p><h6>Kordinator p\u00ebr menaxhimin e rreziqeve  n\u00eb Arkivin Shtet\u00ebror<\/h6><p><strong>Dejan Sakipovski\u00a0<\/strong><\/p><p>\u0442\u0435\u043b.: 071\/357789<\/p><p>mail: <a href=\"mailto:dejan.sakipovski@arhiv.gov.mk\">dejan.sakipovski@arhiv.gov.mk<\/a><\/p><h6>Personi i autorizuar p\u00ebr evidentimin  e dhuratave  t\u00eb marra n\u00eb Arkivin Shtet\u00ebror t\u00eb Republik\u00ebs s\u00eb Maqedonis\u00eb s\u00eb Veriut:\u00a0<\/h6><p><strong>M-r Ebru Feta<\/strong><\/p><p>Tel:\u00a0<\/p><p>mail: <a href=\"mailto:ebru.feta@arhiv.gov.mk\">ebru.feta@arhiv.gov.mk<\/a><\/p><h6>Oficer p\u00ebr mbrojtje t\u00eb informatave t\u00eb klasifikuara\u00a0<\/h6><p><strong>Vlado Tanushevski\u00a0<\/strong><\/p><p>Tel:\u00a0<\/p><p>mail: <a href=\"mailto:vlado.tanushevski@arhiv.gov.mk\" target=\"_blank\" rel=\"nofollow noopener noreferrer\">vlado.tanushevski@arhiv.gov.mk<\/a><\/p><h6>Person zyrtar p\u00ebr integritet n\u00eb Arkivin Shtet\u00ebror\u00a0<\/h6><p><strong>Elena Trajkoska<\/strong><\/p><p>Tel:\u00a0<\/p><p><span style=\"font-size: 16px;\">mail:<\/span> <a style=\"font-size: 16px; background-color: #ffffff;\" href=\"mailto:elena.trajkoska@arhiv.gov.mk\">elena.trajkoska@arhiv.gov.mk<\/a><\/p><p><strong>Marija Dimeska<\/strong><\/p><p>Tel:\u00a0<\/p><p>mail: <a href=\"mailto:marija.dimeska@arhiv.gov.mk\" shape=\"rect\">marija.dimeska@arhiv.gov.mk<\/a><\/p><h6>\u0415\u0442\u0438\u0447\u043a\u0438 \u043a\u043e\u043c\u0438\u0442\u0435\u0442 \u0432\u043e \u0414\u0440\u0436\u0430\u0432\u043d\u0438\u043e\u0442 \u0430\u0440\u0445\u0438\u0432:\u00a0<\/h6><p><b>M-r Marjan Gijovski <\/b>- administrator p\u00ebr etik<\/p><p>tel.: 311-5734 lokale -121<\/p><p>mail: <a href=\"mailto:marjan.gijovski@arhiv.gov.mk\">marjan.gijovski@arhiv.gov.mk<\/a><\/p><p><strong>Ike Krstovska <\/strong>- an\u00ebtar<\/p><p>Tel:\u00a0<\/p><p>mail: <a href=\"mailto:ike.krstovska@arhiv.gov.mk\">ike.krstovska@arhiv.gov.mk<\/a><\/p><p><strong>Nazmije Kurtish <\/strong>- an\u00ebtar<\/p><p>Tel:\u00a0<\/p><p>mail: <a href=\"mailto:nazmije.kurtish@arhiv.gov.mk\">nazmije.kurtish@arhiv.gov.mk<\/a><\/p><p><strong>Darin Gjur\u00e7inov <\/strong>- an\u00ebtar\u00a0<\/p><p>Tel:\u00a0<\/p><p>mail: <a href=\"mailto:darin.gjurchinov@arhiv.gov.mk\">darin.gjurchinov@arhiv.gov.mk<\/a><\/p>\t\t\t\t\t\t\t\t<\/div>\n\t\t\t\t<\/div>\n\t\t\t\t\t<\/div>\n\t\t<\/div>\n\t\t\t\t\t<\/div>\n\t\t<\/section>\n\t\t\t\t<\/div>","protected":false},"excerpt":{"rendered":"<p>\u0414\u0420\u0416\u0410\u0412\u0415\u041d \u0410\u0420\u0425\u0418\u0412 \u041d\u0410 \u0420\u0415\u041f\u0423\u0411\u041b\u0418\u041a\u0410 \u0421\u0415\u0412\u0415\u0420\u041d\u0410 \u041c\u0410\u041a\u0415\u0414\u041e\u041d\u0418\u0408\u0410 \u041a\u0435\u0458 \u0414\u0438\u043c\u0438\u0442\u0430\u0440 \u0412\u043b\u0430\u0445\u043e\u0432 \u0431\u0440. 19, 1000 \u0421\u043a\u043e\u043f\u0458\u0435 \u0442\u0435\u043b.: +389 2 3237 211 \u041f\u0438\u0441\u0430\u0440\u043d\u0438\u0446\u0430\/\u0410\u0440\u0445\u0438\u0432\u0430: contact@arhiv.gov.mk \u00a0 \u0432.\u0434. \u0414\u0418\u0420\u0415\u041a\u0422\u041e\u0420: \u043c-\u0440 \u0414\u0438\u043c\u0438\u0442\u0430\u0440 \u0411\u043e\u0433\u0435\u0441\u043a\u0438\u0442\u0435\u043b.: 02\/3237-211 mail: dimitar.bogeski@arhiv.gov.mk \u0422\u0435\u0445\u043d\u0438\u0447\u043a\u0438 \u0441\u0435\u043a\u0440\u0435\u0442\u0430\u0440: \u0421\u0443\u0437\u0430\u043d\u0430 \u0421\u0442\u043e\u0458\u043a\u043e\u0432\u0441\u043a\u0430 \u0442\u0435\u043b.: 070\/378135 \u0442\u0435\u043b.: 02\/3237-211 mail: suzana.stojkovska@arhiv.gov.mk \u00a0 \u0432.\u0434. \u0417\u0410\u041c\u0415\u041d\u0418\u041a \u0414\u0418\u0420\u0415\u041a\u0422\u041e\u0420: \u0442\u0435\u043b.:\u00a0 mail:\u00a0 \u0422\u0435\u0445\u043d\u0438\u0447\u043a\u0438 \u0441\u0435\u043a\u0440\u0435\u0442\u0430\u0440: \u0442\u0435\u043b.: 02\/3116-571 mail:\u00a0 \u00a0 \u0414\u0420\u0416\u0410\u0412\u0415\u041d \u0421\u041e\u0412\u0415\u0422\u041d\u0418\u041a \u0417\u0410 \u041f\u0420\u0410\u0412\u041d\u0418 [&hellip;]<\/p>","protected":false},"author":1,"featured_media":0,"parent":0,"menu_order":0,"comment_status":"closed","ping_status":"closed","template":"","meta":{"site-sidebar-layout":"no-sidebar","site-content-layout":"page-builder","ast-site-content-layout":"","site-content-style":"default","site-sidebar-style":"default","ast-global-header-display":"","ast-banner-title-visibility":"","ast-main-header-display":"","ast-hfb-above-header-display":"","ast-hfb-below-header-display":"","ast-hfb-mobile-header-display":"","site-post-title":"disabled","ast-breadcrumbs-content":"","ast-featured-img":"disabled","footer-sml-layout":"","theme-transparent-header-meta":"default","adv-header-id-meta":"","stick-header-meta":"","header-above-stick-meta":"","header-main-stick-meta":"","header-below-stick-meta":"","astra-migrate-meta-layouts":"default","ast-page-background-enabled":"default","ast-page-background-meta":{"desktop":{"background-color":"","background-image":"","background-repeat":"repeat","background-position":"center center","background-size":"auto","background-attachment":"scroll","background-type":"","background-media":"","overlay-type":"","overlay-color":"","overlay-opacity":"","overlay-gradient":""},"tablet":{"background-color":"","background-image":"","background-repeat":"repeat","background-position":"center center","background-size":"auto","background-attachment":"scroll","background-type":"","background-media":"","overlay-type":"","overlay-color":"","overlay-opacity":"","overlay-gradient":""},"mobile":{"background-color":"","background-image":"","background-repeat":"repeat","background-position":"center center","background-size":"auto","background-attachment":"scroll","background-type":"","background-media":"","overlay-type":"","overlay-color":"","overlay-opacity":"","overlay-gradient":""}},"ast-content-background-meta":{"desktop":{"background-color":"var(--ast-global-color-5)","background-image":"","background-repeat":"repeat","background-position":"center center","background-size":"auto","background-attachment":"scroll","background-type":"","background-media":"","overlay-type":"","overlay-color":"","overlay-opacity":"","overlay-gradient":""},"tablet":{"background-color":"var(--ast-global-color-5)","background-image":"","background-repeat":"repeat","background-position":"center center","background-size":"auto","background-attachment":"scroll","background-type":"","background-media":"","overlay-type":"","overlay-color":"","overlay-opacity":"","overlay-gradient":""},"mobile":{"background-color":"var(--ast-global-color-5)","background-image":"","background-repeat":"repeat","background-position":"center center","background-size":"auto","background-attachment":"scroll","background-type":"","background-media":"","overlay-type":"","overlay-color":"","overlay-opacity":"","overlay-gradient":""}},"footnotes":""},"class_list":["post-5048","page","type-page","status-publish","hentry"],"_links":{"self":[{"href":"https:\/\/arhiv.mk\/sq\/wp-json\/wp\/v2\/pages\/5048","targetHints":{"allow":["GET"]}}],"collection":[{"href":"https:\/\/arhiv.mk\/sq\/wp-json\/wp\/v2\/pages"}],"about":[{"href":"https:\/\/arhiv.mk\/sq\/wp-json\/wp\/v2\/types\/page"}],"author":[{"embeddable":true,"href":"https:\/\/arhiv.mk\/sq\/wp-json\/wp\/v2\/users\/1"}],"replies":[{"embeddable":true,"href":"https:\/\/arhiv.mk\/sq\/wp-json\/wp\/v2\/comments?post=5048"}],"version-history":[{"count":252,"href":"https:\/\/arhiv.mk\/sq\/wp-json\/wp\/v2\/pages\/5048\/revisions"}],"predecessor-version":[{"id":12267,"href":"https:\/\/arhiv.mk\/sq\/wp-json\/wp\/v2\/pages\/5048\/revisions\/12267"}],"wp:attachment":[{"href":"https:\/\/arhiv.mk\/sq\/wp-json\/wp\/v2\/media?parent=5048"}],"curies":[{"name":"wp","href":"https:\/\/api.w.org\/{rel}","templated":true}]}}