{"id":5569,"date":"2021-05-07T04:52:33","date_gmt":"2021-05-07T04:52:33","guid":{"rendered":"https:\/\/arhiv.mk\/?page_id=5569"},"modified":"2021-05-07T04:57:04","modified_gmt":"2021-05-07T04:57:04","slug":"kolacinja","status":"publish","type":"page","link":"https:\/\/arhiv.mk\/sq\/kolacinja\/","title":{"rendered":"Kolacinja"},"content":{"rendered":"<div data-elementor-type=\"wp-page\" data-elementor-id=\"5569\" class=\"elementor elementor-5569\" data-elementor-post-type=\"page\">\n\t\t\t\t\t\t<section class=\"elementor-section elementor-top-section elementor-element elementor-element-aca8550 elementor-section-boxed elementor-section-height-default elementor-section-height-default\" data-id=\"aca8550\" data-element_type=\"section\">\n\t\t\t\t\t\t<div class=\"elementor-container elementor-column-gap-default\">\n\t\t\t\t\t<div class=\"elementor-column elementor-col-100 elementor-top-column elementor-element elementor-element-68e110c\" data-id=\"68e110c\" data-element_type=\"column\">\n\t\t\t<div class=\"elementor-widget-wrap elementor-element-populated\">\n\t\t\t\t\t\t<div class=\"elementor-element elementor-element-1d4908d elementor-widget elementor-widget-text-editor\" data-id=\"1d4908d\" data-element_type=\"widget\" data-widget_type=\"text-editor.default\">\n\t\t\t\t<div class=\"elementor-widget-container\">\n\t\t\t\t\t\t\t\t\t<h1>POLITIKA P\u00cbR P\u00cbRDORIMIN E COOKIES<\/h1><h3>\u00c7ka jan\u00eb cookies?<\/h3><p>Cookies jan\u00eb skedar\u00eb t\u00eb vegj\u00ebl me tekst q\u00eb ruhen n\u00eb kompjuterin ose telefonin tuaj celular nga faqet e internetit q\u00eb vizitoni. K\u00ebto skedar\u00eb teksti mund t\u00eb lexohen nga faqet e internetit q\u00eb vizitoni dhe ndihmojn\u00eb n\u00eb indentifikimin tuaj kur rihapni faqen n\u00eb internet. K\u00ebto skedar\u00eb teksti mund t\u00eb jen\u00eb \u2018t\u00eb p\u00ebrhersh\u00ebm\u2019\u2019 ose \u2018t\u00eb p\u00ebrkohsh\u00ebm\u2019\u2019.  Cookies t\u00eb p\u00ebrhershme mbeten n\u00eb kompjuterin tuaj edhe kur e fikni shfletuesin ( dilni prej linje), nd\u00ebrsa ato t\u00eb p\u00ebrkohshmet fshihen sapo t\u00eb mbyllni shfletuesin. Cookis p\u00ebrdoren p\u00ebr nj\u00eb larmi q\u00ebllimesh, t\u00eb  tilla si p\u00ebr t\u00eb krijuar aktivitet dhe preferencat tuaja ( p\u00ebrfshirjet, preferencat gjuh\u00ebsore, madh\u00ebsia e shkronjave, ose m\u00ebnyra se si shfaqet faqja juaj) p\u00ebr t\u00eb siguruar p\u00ebrmbajtje t\u00eb personalizuar n\u00eb faqen e internetit dhe p\u00ebr t\u00eb shfaqur historin\u00eb e saj t\u00eb navigimit.<\/p><h3>P\u00ebrse p\u00ebrdorim cookies?<\/h3><p>N\u00eb k\u00ebt\u00eb web faqe p\u00ebrdorim cookies p\u00ebr arsyet e meposhtme:<\/p><ul><li>P\u00ebr funksionimin teknik t\u00eb web faqes;<\/li><li>P\u00ebr mbledhjen e t\u00eb dh\u00ebnave statistikore dhe anonime;<\/li><li>P\u00ebr t\u00eb mos harruar preferencat tuaja p\u00ebr m\u00ebnyr\u00ebn se si shfaqet faqja( preferencat p\u00ebr parametrat e ekranit), t\u00eb tilla si kontrasti i ngjyr\u00ebs ose madh\u00ebsia e fondit;<\/li><li>P\u00ebr t\u2019ju kujtuar \/ p\u00ebrkujtuar, n\u00ebse jeni apo jo dakord me p\u00ebrdorimin ton\u00eb t\u00eb cookies n\u00eb k\u00ebt\u00eb faqe n\u00eb internet.<\/li><\/ul><p>Kur vizitoni faqen ton\u00eb t\u00eb internetit, ne mund t\u00eb mbledhim disa t\u00eb dh\u00ebna nga k\u00ebrkimi juaj, t\u00eb tilla si IP adresa, cil\u00ebn p\u00ebrmbajtje t\u00eb web faqes s\u00eb Ministris\u00eb s\u00eb financave q\u00eb keni vizituar, kur e keni vizituar at\u00eb dhe nga cila web faqe jeni ridrejtuar.<\/p><p>Kur vizitoni faqen ton\u00eb t\u00eb internetit, ne p\u00ebrdorim nj\u00eb sh\u00ebrbim t\u00eb pal\u00ebs s\u00eb tret\u00eb Google Analytics p\u00ebr t\u00eb mbledhuar informacione stanadrte t\u00eb hyrjes dhe detaje t\u00eb sjelljes s\u00eb vizitor\u00ebve , por n\u00eb nj\u00eb m\u00ebnyr\u00eb q\u00eb askush t\u00eb mos indentifikohet, dhe as Google nuk t\u00eb lejohet t\u00eb zbuloj\u00eb identitetin e atyre q\u00eb kan\u00eb vizituar faqen ton\u00eb t\u00eb internetit.<\/p><h3>Cfar\u00eb lloji t\u00eb cookies p\u00ebrdorim?<\/h3><p>P\u00ebrdorim cookies t\u00eb p\u00ebrher\u00ebshme, t\u00eb cilat mbajn\u00eb mend k\u00ebrkimin\/ sesionin kur p\u00ebrdoruesi e mbyll k\u00ebrkuesin p\u00ebr t\u00eb ruajtur statusin e p\u00ebrdoruesit.<\/p><h3>Mund ti fshini ose ti kontrolloni cookies?<\/h3><p>Informacionet n\u00eb lidhje me cookies, nuk p\u00ebrdoren p\u00ebr identifikimin tuaj personal. Pranimi i k\u00ebtyre cookies nuk \u00ebsht\u00eb i nevojsh\u00ebm p\u00ebr funksionimin e faqes n\u00eb internet, por ato do t\u2019ju ofrojn\u00eb nj\u00eb p\u00ebrvoj\u00eb m\u00eb t\u00eb mire k\u00ebrkimi. \nN\u00ebse d\u00ebshironi k\u00ebto cookies mund ti fshini ose bllokoni, por n\u00ebse e b\u00ebni at\u00eb disa karakteristika t\u00eb k\u00ebsaj web faqeje nuk do t\u00eb punojn\u00eb ashtu si duhet.<\/p><p>Mund ti fshini t\u00eb gjitha cookies t\u00eb cilat gjinden n\u00eb kompjuterin tuaj dhe mund t\u00eb vendosni shumic\u00ebn e shfletuesve p\u00ebr ti parandaluar ato. N\u00ebse e b\u00ebni k\u00ebt\u00eb, mund t\u2019ju duhet t\u00eb rregulloni manualisht preferencat tuaja sa her\u00eb q\u00eb vizitoni nj\u00eb faqe n\u00eb internet, dhe disa sh\u00ebrbime mund t\u00eb mos funskionojn\u00eb.<\/p>\t\t\t\t\t\t\t\t<\/div>\n\t\t\t\t<\/div>\n\t\t\t\t\t<\/div>\n\t\t<\/div>\n\t\t\t\t\t<\/div>\n\t\t<\/section>\n\t\t\t\t<\/div>","protected":false},"excerpt":{"rendered":"<p>\u041f\u041e\u041b\u0418\u0422\u0418\u041a\u0410 \u0417\u0410 \u041a\u041e\u0420\u0418\u0421\u0422\u0415\u040a\u0415 \u041d\u0410 \u041a\u041e\u041b\u0410\u0427\u0418\u040a\u0410 (COOKIES) \u0428\u0442\u043e \u0441\u0435 \u043a\u043e\u043b\u0430\u0447\u0438\u045a\u0430\u0442\u0430 (cookies)? \u041a\u043e\u043b\u0430\u0447\u0438\u045a\u0430\u0442\u0430 (cookies) \u0441\u0435 \u043c\u0430\u043b\u0438 \u0442\u0435\u043a\u0441\u0442\u0443\u0430\u043b\u043d\u0438 \u0434\u0430\u0442\u043e\u0442\u0435\u043a\u0438, \u043a\u043e\u0438 \u0441\u0435 \u0441\u043c\u0435\u0441\u0442\u0443\u0432\u0430\u0430\u0442 \u0432\u043e \u0412\u0430\u0448\u0438\u043e\u0442 \u043a\u043e\u043c\u043f\u0458\u0443\u0442\u0435\u0440 \u0438\u043b\u0438 \u043c\u043e\u0431\u0438\u043b\u0435\u043d \u0442\u0435\u043b\u0435\u0444\u043e\u043d \u043e\u0434 \u0441\u0442\u0440\u0430\u043d\u0430 \u043d\u0430 \u0432\u0435\u0431 \u0441\u0442\u0440\u0430\u043d\u0438\u0446\u0438\u0442\u0435 \u043a\u043e\u0438 \u0433\u0438 \u043f\u043e\u0441\u0435\u0442\u0443\u0432\u0430\u0442\u0435. \u041e\u0432\u0438\u0435 \u0442\u0435\u043a\u0441\u0442\u0443\u0430\u043b\u043d\u0438 \u0434\u0430\u0442\u043e\u0442\u0435\u043a\u0438 \u043c\u043e\u0436\u0430\u0442 \u0434\u0430 \u0431\u0438\u0434\u0430\u0442 \u043f\u0440\u043e\u0447\u0438\u0442\u0430\u043d\u0438 \u043e\u0434 \u0441\u0442\u0440\u0430\u043d\u0430 \u043d\u0430 \u0432\u0435\u0431 \u0441\u0442\u0440\u0430\u043d\u0438\u0446\u0438\u0442\u0435 \u043a\u043e\u0438 \u0433\u0438 \u043f\u043e\u0441\u0435\u0442\u0443\u0432\u0430\u0442\u0435 \u0438 \u0434\u0430 \u043f\u043e\u043c\u043e\u0433\u043d\u0430\u0442 \u0432\u043e \u0412\u0430\u0448\u0430\u0442\u0430 \u0438\u0434\u0435\u043d\u0442\u0438\u0444\u0438\u043a\u0430\u0446\u0438\u0458\u0430 \u043a\u043e\u0433\u0430 [&hellip;]<\/p>","protected":false},"author":1,"featured_media":0,"parent":0,"menu_order":0,"comment_status":"closed","ping_status":"closed","template":"","meta":{"site-sidebar-layout":"no-sidebar","site-content-layout":"page-builder","ast-site-content-layout":"","site-content-style":"default","site-sidebar-style":"default","ast-global-header-display":"","ast-banner-title-visibility":"","ast-main-header-display":"","ast-hfb-above-header-display":"","ast-hfb-below-header-display":"","ast-hfb-mobile-header-display":"","site-post-title":"disabled","ast-breadcrumbs-content":"","ast-featured-img":"disabled","footer-sml-layout":"","theme-transparent-header-meta":"default","adv-header-id-meta":"","stick-header-meta":"","header-above-stick-meta":"","header-main-stick-meta":"","header-below-stick-meta":"","astra-migrate-meta-layouts":"default","ast-page-background-enabled":"default","ast-page-background-meta":{"desktop":{"background-color":"","background-image":"","background-repeat":"repeat","background-position":"center center","background-size":"auto","background-attachment":"scroll","background-type":"","background-media":"","overlay-type":"","overlay-color":"","overlay-opacity":"","overlay-gradient":""},"tablet":{"background-color":"","background-image":"","background-repeat":"repeat","background-position":"center center","background-size":"auto","background-attachment":"scroll","background-type":"","background-media":"","overlay-type":"","overlay-color":"","overlay-opacity":"","overlay-gradient":""},"mobile":{"background-color":"","background-image":"","background-repeat":"repeat","background-position":"center center","background-size":"auto","background-attachment":"scroll","background-type":"","background-media":"","overlay-type":"","overlay-color":"","overlay-opacity":"","overlay-gradient":""}},"ast-content-background-meta":{"desktop":{"background-color":"var(--ast-global-color-5)","background-image":"","background-repeat":"repeat","background-position":"center center","background-size":"auto","background-attachment":"scroll","background-type":"","background-media":"","overlay-type":"","overlay-color":"","overlay-opacity":"","overlay-gradient":""},"tablet":{"background-color":"var(--ast-global-color-5)","background-image":"","background-repeat":"repeat","background-position":"center center","background-size":"auto","background-attachment":"scroll","background-type":"","background-media":"","overlay-type":"","overlay-color":"","overlay-opacity":"","overlay-gradient":""},"mobile":{"background-color":"var(--ast-global-color-5)","background-image":"","background-repeat":"repeat","background-position":"center center","background-size":"auto","background-attachment":"scroll","background-type":"","background-media":"","overlay-type":"","overlay-color":"","overlay-opacity":"","overlay-gradient":""}},"footnotes":""},"class_list":["post-5569","page","type-page","status-publish","hentry"],"_links":{"self":[{"href":"https:\/\/arhiv.mk\/sq\/wp-json\/wp\/v2\/pages\/5569","targetHints":{"allow":["GET"]}}],"collection":[{"href":"https:\/\/arhiv.mk\/sq\/wp-json\/wp\/v2\/pages"}],"about":[{"href":"https:\/\/arhiv.mk\/sq\/wp-json\/wp\/v2\/types\/page"}],"author":[{"embeddable":true,"href":"https:\/\/arhiv.mk\/sq\/wp-json\/wp\/v2\/users\/1"}],"replies":[{"embeddable":true,"href":"https:\/\/arhiv.mk\/sq\/wp-json\/wp\/v2\/comments?post=5569"}],"version-history":[{"count":4,"href":"https:\/\/arhiv.mk\/sq\/wp-json\/wp\/v2\/pages\/5569\/revisions"}],"predecessor-version":[{"id":5573,"href":"https:\/\/arhiv.mk\/sq\/wp-json\/wp\/v2\/pages\/5569\/revisions\/5573"}],"wp:attachment":[{"href":"https:\/\/arhiv.mk\/sq\/wp-json\/wp\/v2\/media?parent=5569"}],"curies":[{"name":"wp","href":"https:\/\/api.w.org\/{rel}","templated":true}]}}