{"id":8368,"date":"2022-10-11T06:41:18","date_gmt":"2022-10-11T04:41:18","guid":{"rendered":"https:\/\/arhiv.mk\/?page_id=8368"},"modified":"2022-11-12T09:57:07","modified_gmt":"2022-11-12T08:57:07","slug":"time-stands-still","status":"publish","type":"page","link":"https:\/\/arhiv.mk\/sq\/time-stands-still\/","title":{"rendered":"Time Stands Still"},"content":{"rendered":"<div data-elementor-type=\"wp-page\" data-elementor-id=\"8368\" class=\"elementor elementor-8368\" data-elementor-post-type=\"page\">\n\t\t\t\t\t\t<section class=\"elementor-section elementor-top-section elementor-element elementor-element-37949ca elementor-section-boxed elementor-section-height-default elementor-section-height-default\" data-id=\"37949ca\" data-element_type=\"section\">\n\t\t\t\t\t\t<div class=\"elementor-container elementor-column-gap-default\">\n\t\t\t\t\t<div class=\"elementor-column elementor-col-100 elementor-top-column elementor-element elementor-element-e2ff579\" data-id=\"e2ff579\" data-element_type=\"column\">\n\t\t\t<div class=\"elementor-widget-wrap elementor-element-populated\">\n\t\t\t\t\t\t<div class=\"elementor-element elementor-element-1405967 elementor-widget elementor-widget-heading\" data-id=\"1405967\" data-element_type=\"widget\" data-widget_type=\"heading.default\">\n\t\t\t\t<div class=\"elementor-widget-container\">\n\t\t\t\t\t<h1 class=\"elementor-heading-title elementor-size-default\"><br>TIME STANDS STILL\n<\/h1>\t\t\t\t<\/div>\n\t\t\t\t<\/div>\n\t\t\t\t<div class=\"elementor-element elementor-element-8b888dc elementor-widget elementor-widget-heading\" data-id=\"8b888dc\" data-element_type=\"widget\" data-widget_type=\"heading.default\">\n\t\t\t\t<div class=\"elementor-widget-container\">\n\t\t\t\t\t<h2 class=\"elementor-heading-title elementor-size-default\">PRESERVING THE MANAKI BROTHERS\u2019 PHOTOGRAPHIC LEGACY<\/h2>\t\t\t\t<\/div>\n\t\t\t\t<\/div>\n\t\t\t\t<div class=\"elementor-element elementor-element-1103ac8 elementor-widget elementor-widget-text-editor\" data-id=\"1103ac8\" data-element_type=\"widget\" data-widget_type=\"text-editor.default\">\n\t\t\t\t<div class=\"elementor-widget-container\">\n\t\t\t\t\t\t\t\t\t<p><strong>\u00a0 \u00a0 \u00a0 \u00a0 \u00a0 \u00a0 \u00a0 \u00a0 \u00a0 \u00a0 \u00a0 \u00a0 \u00a0 \u00a0 \u00a0 \u00a0 \u00a0 \u00a0 \u00a0 \u00a0 \u00a0\u00a0<img decoding=\"async\" class=\"alignnone wp-image-8425\" src=\"https:\/\/arhiv.mk\/wp-content\/uploads\/2022\/10\/british-library-logo-e1667986796933-150x300.jpg\" alt=\"\" width=\"93\" height=\"186\" srcset=\"https:\/\/arhiv.mk\/wp-content\/uploads\/2022\/10\/british-library-logo-e1667986796933-150x300.jpg 150w, https:\/\/arhiv.mk\/wp-content\/uploads\/2022\/10\/british-library-logo-e1667986796933-6x12.jpg 6w, https:\/\/arhiv.mk\/wp-content\/uploads\/2022\/10\/british-library-logo-e1667986796933.jpg 512w\" sizes=\"(max-width: 93px) 100vw, 93px\" \/>\u00a0 \u00a0<img decoding=\"async\" class=\"alignnone size-medium wp-image-8426\" src=\"https:\/\/arhiv.mk\/wp-content\/uploads\/2022\/10\/arcadia-logo-1-300x67.png\" alt=\"\" width=\"300\" height=\"67\" srcset=\"https:\/\/arhiv.mk\/wp-content\/uploads\/2022\/10\/arcadia-logo-1-300x67.png 300w, https:\/\/arhiv.mk\/wp-content\/uploads\/2022\/10\/arcadia-logo-1-16x4.png 16w, https:\/\/arhiv.mk\/wp-content\/uploads\/2022\/10\/arcadia-logo-1.png 365w\" sizes=\"(max-width: 300px) 100vw, 300px\" \/>\u00a0 \u00a0<img decoding=\"async\" class=\"alignnone size-medium wp-image-8427\" src=\"https:\/\/arhiv.mk\/wp-content\/uploads\/2022\/10\/Mn5zL_VMzXJW4fpMO2w-300x87.png\" alt=\"\" width=\"300\" height=\"87\" srcset=\"https:\/\/arhiv.mk\/wp-content\/uploads\/2022\/10\/Mn5zL_VMzXJW4fpMO2w-300x87.png 300w, https:\/\/arhiv.mk\/wp-content\/uploads\/2022\/10\/Mn5zL_VMzXJW4fpMO2w-16x5.png 16w, https:\/\/arhiv.mk\/wp-content\/uploads\/2022\/10\/Mn5zL_VMzXJW4fpMO2w.png 692w\" sizes=\"(max-width: 300px) 100vw, 300px\" \/><\/strong><\/p><p><strong>Mir\u00eb se vini,<\/strong><br \/>Projekti \" Time stands still: preserving the Manaki brothers\u2019 photographic legacy \" kryhet n\u00eb kuad\u00ebr t\u00eb \" Endangered Archives Programe \", administruar nga Biblioteka Britanike dhe mb\u00ebshtetet nga \"Arkadia\" - nj\u00eb fond bamir\u00ebs i Lisbet  Rausing dhe Piter Baldvin.<\/p><p>N\u00eb 24 muajt e ardhsh\u00ebm, nj\u00eb ekip dhjet\u00eb an\u00ebtar\u00ebsh i udh\u00ebhequr nga Goce Stojanovski, udh\u00ebheq\u00ebs i projektit dhe udh\u00ebheq\u00ebs i Nj\u00ebsis\u00eb ASHRMV - Manastir, do t\u00eb punoj\u00eb n\u00eb digjitalizimin e plot\u00eb t\u00eb trash\u00ebgimis\u00eb s\u00eb Milton dhe Janaki Manaki.<\/p><p>Link nga nj\u00ebsia e dedikuar p\u00ebr projektin: <a href=\"https:\/\/eap.bl.uk\/project\/EAP1470\" target=\"_blank\" rel=\"noopener\">Time stands still: preserving the Manaki brothers&#8217; photographic legacy | Endangered Archives Programme (bl.uk)<\/a><br \/>Link nga nj\u00eb blog kushtuar projektit: <a href=\"https:\/\/blogs.bl.uk\/endangeredarchives\/2022\/08\/the-marvels-of-the-manaki-brothers.html\" target=\"_blank\" rel=\"nofollow noopener noreferrer\">Endangered archives blog: The Marvels of the Manaki Brothers<\/a><\/p><h3 style=\"text-align: center;\">LAJME<\/h3>\t\t\t\t\t\t\t\t<\/div>\n\t\t\t\t<\/div>\n\t\t\t\t<div class=\"elementor-element elementor-element-630ffb3 elementor-hidden-tablet elementor-hidden-phone elementor-grid-2 elementor-grid-tablet-2 elementor-grid-mobile-1 elementor-widget elementor-widget-portfolio\" data-id=\"630ffb3\" data-element_type=\"widget\" data-settings=\"{&quot;row_gap&quot;:{&quot;unit&quot;:&quot;px&quot;,&quot;size&quot;:8,&quot;sizes&quot;:[]},&quot;columns&quot;:&quot;2&quot;,&quot;columns_tablet&quot;:&quot;2&quot;,&quot;columns_mobile&quot;:&quot;1&quot;,&quot;item_ratio&quot;:{&quot;unit&quot;:&quot;px&quot;,&quot;size&quot;:0.66000000000000003108624468950438313186168670654296875,&quot;sizes&quot;:[]},&quot;item_gap&quot;:{&quot;unit&quot;:&quot;px&quot;,&quot;size&quot;:&quot;&quot;,&quot;sizes&quot;:[]}}\" data-widget_type=\"portfolio.default\">\n\t\t\t\t<div class=\"elementor-widget-container\">\n\t\t\t\t\t\t\t<div class=\"elementor-portfolio elementor-grid elementor-posts-container\">\n\t\t\t\t<article class=\"elementor-portfolio-item elementor-post  post-9024 post type-post status-publish format-standard has-post-thumbnail hentry category-time\">\n\t\t\t<a class=\"elementor-post__thumbnail__link\" href=\"https:\/\/arhiv.mk\/sq\/2023\/02\/06\/%d0%b3%d1%80%d0%b8%d0%b3%d0%be%d1%80-%d0%bf%d1%80%d0%bb%d0%b8%d1%87%d0%b5%d0%b2-%d1%81%d0%b8%d0%bd%d0%be%d0%bd%d0%b8%d0%bc-%d0%b7%d0%b0-%d0%bc%d0%b0%d0%ba%d0%b5%d0%b4%d0%be%d0%bd%d1%81%d0%ba%d0%b0\/\">\n\t\t\t\t<div class=\"elementor-portfolio-item__img elementor-post__thumbnail\">\n\t\t\t<img loading=\"lazy\" decoding=\"async\" width=\"189\" height=\"300\" src=\"https:\/\/arhiv.mk\/wp-content\/uploads\/2023\/02\/izlozbam0010-copy-189x300.jpg\" class=\"attachment-medium size-medium wp-image-9025\" alt=\"\" srcset=\"https:\/\/arhiv.mk\/wp-content\/uploads\/2023\/02\/izlozbam0010-copy-189x300.jpg 189w, https:\/\/arhiv.mk\/wp-content\/uploads\/2023\/02\/izlozbam0010-copy-646x1024.jpg 646w, https:\/\/arhiv.mk\/wp-content\/uploads\/2023\/02\/izlozbam0010-copy-768x1217.jpg 768w, https:\/\/arhiv.mk\/wp-content\/uploads\/2023\/02\/izlozbam0010-copy-969x1536.jpg 969w, https:\/\/arhiv.mk\/wp-content\/uploads\/2023\/02\/izlozbam0010-copy-1292x2048.jpg 1292w, https:\/\/arhiv.mk\/wp-content\/uploads\/2023\/02\/izlozbam0010-copy-8x12.jpg 8w, https:\/\/arhiv.mk\/wp-content\/uploads\/2023\/02\/izlozbam0010-copy.jpg 1545w\" sizes=\"(max-width: 189px) 100vw, 189px\">\t\t<\/div>\n\t\t\t\t<div class=\"elementor-portfolio-item__overlay\">\n\t\t\t\t<h3 class=\"elementor-portfolio-item__title\">\n\t\t<strong>Gligor Prli\u00e7ev - sinonim i ringjalljes kulturore maqedonase<\/strong>\t\t<\/h3>\n\t\t\t\t<\/div>\n\t\t\t\t<\/a>\n\t\t<\/article>\n\t\t\t\t<article class=\"elementor-portfolio-item elementor-post  post-8671 post type-post status-publish format-standard has-post-thumbnail hentry category-time\">\n\t\t\t<a class=\"elementor-post__thumbnail__link\" href=\"https:\/\/arhiv.mk\/sq\/2022\/11\/12\/%d1%80%d0%b5%d0%b0%d0%bb%d0%b8%d0%b7%d0%b8%d1%80%d0%b0%d0%bd%d0%b8-%d0%be%d0%b1%d1%83%d0%ba%d0%b8-%d0%b7%d0%b0-%d0%bf%d0%be%d1%82%d1%80%d0%b5%d0%b1%d0%b8%d1%82%d0%b5-%d0%bd%d0%b0-%d0%bf%d1%80%d0%be\/\">\n\t\t\t\t<div class=\"elementor-portfolio-item__img elementor-post__thumbnail\">\n\t\t\t<img loading=\"lazy\" decoding=\"async\" width=\"300\" height=\"225\" src=\"https:\/\/arhiv.mk\/wp-content\/uploads\/2022\/11\/ObukaManaki_7-300x225.webp\" class=\"attachment-medium size-medium wp-image-8679\" alt=\"\" srcset=\"https:\/\/arhiv.mk\/wp-content\/uploads\/2022\/11\/ObukaManaki_7-300x225.webp 300w, https:\/\/arhiv.mk\/wp-content\/uploads\/2022\/11\/ObukaManaki_7-1024x768.webp 1024w, https:\/\/arhiv.mk\/wp-content\/uploads\/2022\/11\/ObukaManaki_7-768x576.webp 768w, https:\/\/arhiv.mk\/wp-content\/uploads\/2022\/11\/ObukaManaki_7-16x12.webp 16w, https:\/\/arhiv.mk\/wp-content\/uploads\/2022\/11\/ObukaManaki_7.webp 1200w\" sizes=\"(max-width: 300px) 100vw, 300px\">\t\t<\/div>\n\t\t\t\t<div class=\"elementor-portfolio-item__overlay\">\n\t\t\t\t<h3 class=\"elementor-portfolio-item__title\">\n\t\tTRAJNIME T\u00cb REALIZUARA P\u00cbR NEVOJAT E PROJEKTIT \"TIME STANDS STILL\"\t\t<\/h3>\n\t\t\t\t<\/div>\n\t\t\t\t<\/a>\n\t\t<\/article>\n\t\t\t\t<\/div>\n\t\t\t\t\t\t<\/div>\n\t\t\t\t<\/div>\n\t\t\t\t\t<\/div>\n\t\t<\/div>\n\t\t\t\t\t<\/div>\n\t\t<\/section>\n\t\t\t\t<\/div>","protected":false},"excerpt":{"rendered":"<p>TIME STANDS STILL PRESERVING THE MANAKI BROTHERS\u2019 PHOTOGRAPHIC LEGACY \u00a0 \u00a0 \u00a0 \u00a0 \u00a0 \u00a0 \u00a0 \u00a0 \u00a0 \u00a0 \u00a0 \u00a0 \u00a0 \u00a0 \u00a0 \u00a0 \u00a0 \u00a0 \u00a0 \u00a0 \u00a0\u00a0\u00a0 \u00a0\u00a0 \u00a0 \u0414\u043e\u0431\u0440\u0435\u0434\u043e\u0458\u0434\u043e\u0432\u0442\u0435,\u041f\u0440\u043e\u0435\u043a\u0442\u043e\u0442 \u201eTime stands still: preserving the Manaki brothers\u2019 photographic legacy\u201c \u0441\u0435 \u0438\u0437\u0432\u0435\u0434\u0443\u0432\u0430 \u0432\u043e \u0440\u0430\u043c\u043a\u0438\u0442\u0435 \u043d\u0430 \u201eEndangered Archives Programe\u201c, \u0430\u0434\u043c\u0438\u043d\u0438\u0441\u0442\u0440\u0438\u0440\u0430\u043d\u0430 \u043e\u0434 \u0411\u0440\u0438\u0442\u0430\u043d\u0441\u043a\u0430\u0442\u0430 \u0431\u0438\u0431\u043b\u0438\u043e\u0442\u0435\u043a\u0430, \u0430 [&hellip;]<\/p>","protected":false},"author":1,"featured_media":0,"parent":0,"menu_order":0,"comment_status":"closed","ping_status":"closed","template":"","meta":{"site-sidebar-layout":"no-sidebar","site-content-layout":"page-builder","ast-site-content-layout":"","site-content-style":"default","site-sidebar-style":"default","ast-global-header-display":"","ast-banner-title-visibility":"","ast-main-header-display":"","ast-hfb-above-header-display":"","ast-hfb-below-header-display":"","ast-hfb-mobile-header-display":"","site-post-title":"disabled","ast-breadcrumbs-content":"","ast-featured-img":"disabled","footer-sml-layout":"","theme-transparent-header-meta":"default","adv-header-id-meta":"","stick-header-meta":"","header-above-stick-meta":"","header-main-stick-meta":"","header-below-stick-meta":"","astra-migrate-meta-layouts":"default","ast-page-background-enabled":"default","ast-page-background-meta":{"desktop":{"background-color":"","background-image":"","background-repeat":"repeat","background-position":"center center","background-size":"auto","background-attachment":"scroll","background-type":"","background-media":"","overlay-type":"","overlay-color":"","overlay-opacity":"","overlay-gradient":""},"tablet":{"background-color":"","background-image":"","background-repeat":"repeat","background-position":"center center","background-size":"auto","background-attachment":"scroll","background-type":"","background-media":"","overlay-type":"","overlay-color":"","overlay-opacity":"","overlay-gradient":""},"mobile":{"background-color":"","background-image":"","background-repeat":"repeat","background-position":"center center","background-size":"auto","background-attachment":"scroll","background-type":"","background-media":"","overlay-type":"","overlay-color":"","overlay-opacity":"","overlay-gradient":""}},"ast-content-background-meta":{"desktop":{"background-color":"var(--ast-global-color-5)","background-image":"","background-repeat":"repeat","background-position":"center center","background-size":"auto","background-attachment":"scroll","background-type":"","background-media":"","overlay-type":"","overlay-color":"","overlay-opacity":"","overlay-gradient":""},"tablet":{"background-color":"var(--ast-global-color-5)","background-image":"","background-repeat":"repeat","background-position":"center center","background-size":"auto","background-attachment":"scroll","background-type":"","background-media":"","overlay-type":"","overlay-color":"","overlay-opacity":"","overlay-gradient":""},"mobile":{"background-color":"var(--ast-global-color-5)","background-image":"","background-repeat":"repeat","background-position":"center center","background-size":"auto","background-attachment":"scroll","background-type":"","background-media":"","overlay-type":"","overlay-color":"","overlay-opacity":"","overlay-gradient":""}},"footnotes":""},"class_list":["post-8368","page","type-page","status-publish","hentry"],"_links":{"self":[{"href":"https:\/\/arhiv.mk\/sq\/wp-json\/wp\/v2\/pages\/8368","targetHints":{"allow":["GET"]}}],"collection":[{"href":"https:\/\/arhiv.mk\/sq\/wp-json\/wp\/v2\/pages"}],"about":[{"href":"https:\/\/arhiv.mk\/sq\/wp-json\/wp\/v2\/types\/page"}],"author":[{"embeddable":true,"href":"https:\/\/arhiv.mk\/sq\/wp-json\/wp\/v2\/users\/1"}],"replies":[{"embeddable":true,"href":"https:\/\/arhiv.mk\/sq\/wp-json\/wp\/v2\/comments?post=8368"}],"version-history":[{"count":34,"href":"https:\/\/arhiv.mk\/sq\/wp-json\/wp\/v2\/pages\/8368\/revisions"}],"predecessor-version":[{"id":8708,"href":"https:\/\/arhiv.mk\/sq\/wp-json\/wp\/v2\/pages\/8368\/revisions\/8708"}],"wp:attachment":[{"href":"https:\/\/arhiv.mk\/sq\/wp-json\/wp\/v2\/media?parent=8368"}],"curies":[{"name":"wp","href":"https:\/\/api.w.org\/{rel}","templated":true}]}}