{"id":8519,"date":"2022-10-21T10:28:37","date_gmt":"2022-10-21T08:28:37","guid":{"rendered":"https:\/\/arhiv.mk\/?page_id=8519"},"modified":"2022-10-21T10:30:16","modified_gmt":"2022-10-21T08:30:16","slug":"izlozbi-150-%d0%b3%d0%be%d0%b4%d0%b8%d0%bd%d0%b8-%d0%be%d0%b4-%d1%80%d0%b0%d1%93%d0%b0%d1%9a%d0%b5%d1%82%d0%be-%d0%bd%d0%b0-%d0%b3%d0%be%d1%86%d0%b5-%d0%b4%d0%b5%d0%bb%d1%87%d0%b5%d0%b2-1872","status":"publish","type":"page","link":"https:\/\/arhiv.mk\/sq\/izlozbi-150-%d0%b3%d0%be%d0%b4%d0%b8%d0%bd%d0%b8-%d0%be%d0%b4-%d1%80%d0%b0%d1%93%d0%b0%d1%9a%d0%b5%d1%82%d0%be-%d0%bd%d0%b0-%d0%b3%d0%be%d1%86%d0%b5-%d0%b4%d0%b5%d0%bb%d1%87%d0%b5%d0%b2-1872\/","title":{"rendered":"Izlozbi &#8211;  150 \u0413\u041e\u0414\u0418\u041d\u0418 \u041e\u0414 \u0420\u0410\u0403\u0410\u040a\u0415\u0422\u041e \u041d\u0410 \u0413\u041e\u0426\u0415 \u0414\u0415\u041b\u0427\u0415\u0412 (1872 \u2013 2022)"},"content":{"rendered":"<div data-elementor-type=\"wp-page\" data-elementor-id=\"8519\" class=\"elementor elementor-8519\" data-elementor-post-type=\"page\">\n\t\t\t\t\t\t<section class=\"elementor-section elementor-top-section elementor-element elementor-element-29b5bde elementor-section-boxed elementor-section-height-default elementor-section-height-default\" data-id=\"29b5bde\" data-element_type=\"section\">\n\t\t\t\t\t\t<div class=\"elementor-container elementor-column-gap-default\">\n\t\t\t\t\t<div class=\"elementor-column elementor-col-100 elementor-top-column elementor-element elementor-element-fe162ab\" data-id=\"fe162ab\" data-element_type=\"column\">\n\t\t\t<div class=\"elementor-widget-wrap elementor-element-populated\">\n\t\t\t\t\t\t<div class=\"elementor-element elementor-element-e5a8082 elementor-widget elementor-widget-heading\" data-id=\"e5a8082\" data-element_type=\"widget\" data-widget_type=\"heading.default\">\n\t\t\t\t<div class=\"elementor-widget-container\">\n\t\t\t\t\t<h1 class=\"elementor-heading-title elementor-size-default\">Kinematografia maqedonase (1947 - 1991)<\/h1>\t\t\t\t<\/div>\n\t\t\t\t<\/div>\n\t\t\t\t<div class=\"elementor-element elementor-element-8c115b6 elementor-widget elementor-widget-text-editor\" data-id=\"8c115b6\" data-element_type=\"widget\" data-widget_type=\"text-editor.default\">\n\t\t\t\t<div class=\"elementor-widget-container\">\n\t\t\t\t\t\t\t\t\t<p>Pas Luft\u00ebs s\u00eb Dyt\u00eb Bot\u00ebrore, n\u00eb Maqedoni ndodh\u00ebn ndryshime t\u00eb m\u00ebdha politike dhe ekonomike. Ajo gjithashtu reflekton mbi kultur\u00ebn - mbi krijimin, q\u00ebllimin dhe perceptimin e saj nga audienca. Filmi \u00ebsht\u00eb nj\u00eb nga prioritetet e Qeveris\u00eb s\u00eb re dhe paraqet nj\u00eb mjet t\u00eb p\u00ebrshtatsh\u00ebm p\u00ebr vendosjen dhe pranimin e rendit t\u00eb ri shoq\u00ebror. Krijohen institucione dhe organe q\u00eb rregullojn\u00eb dhe organizojn\u00eb prodhimin, shfaqjen dhe shp\u00ebrndarjen e filmave. Po krijohet nj\u00eb kinematografi e re, vendase, maqedonase, duke formuar dhe edukuar nj\u00eb audienc\u00eb t\u00eb re. Nj\u00eb publik q\u00eb do t\u00eb jet\u00eb n\u00eb gjendje t\u00eb lexoj\u00eb dhe kuptoj\u00eb estetik\u00ebn, narrativ\u00ebn dhe kodet e asaj kinematografie t\u00eb re.<\/p><p>K\u00ebshtu, n\u00eb Republik\u00ebn e sapoformuar (Popullore\/Socialiste) t\u00eb Maqedonis\u00eb po krijohet nj\u00eb kinematografi e re, e institucionalizuar autoktone, e cila, meq\u00eb ra fjala, la gjurm\u00eb t\u00eb shkruara edhe n\u00eb Arkivin Shtet\u00ebror, t\u00eb cil\u00ebn e shohim p\u00ebrmes fondeve t\u00eb ruajtura si: \u201c Komisioni p\u00ebr kinematografi pran\u00eb Qeveris\u00eb s\u00eb RPM-s\u00eb, \"Shoqata e autor\u00ebve dhe bashk\u00ebpun\u00ebtor\u00ebve t\u00eb pavarur t\u00eb filmit t\u00eb Maqedonis\u00eb - Film Studio - Shkup 1968\/1975\", fondi \"Kinematografia e qytetit\", fondi \"Sekretariati republikan p\u00ebr kultur\u00eb n\u00eb RS Maqedoni\", fondi \"Komiteti Qendror i Bashkimit t\u00eb Komunist\u00ebve t\u00eb Maqedonis\u00eb\" dhe shum\u00eb t\u00eb tjer\u00eb.<\/p><p>T\u00eb gjith\u00eb ata gjet\u00ebn vendin e tyre n\u00eb ekspozit\u00ebn \u201cKinematografia maqedonase (1947-1991), e cila praktikisht \u00ebsht\u00eb nj\u00eb tregim i shkurt\u00ebr p\u00ebr zhvillimin e kinematografis\u00eb maqedonase deri n\u00eb vitin 1991 dhe \u00ebsht\u00eb p\u00ebrgatitur n\u00eb bashk\u00ebpunim me Kinematek\u00ebn e Republik\u00ebs s\u00eb Maqedonis\u00eb s\u00eb Veriut, ku \u00ebsht\u00eb vendosur si ekspozit\u00eb e p\u00ebrhershme.<\/p>\t\t\t\t\t\t\t\t<\/div>\n\t\t\t\t<\/div>\n\t\t\t\t<div class=\"elementor-element elementor-element-1699f0b elementor-widget elementor-widget-gallery\" data-id=\"1699f0b\" data-element_type=\"widget\" data-settings=\"{&quot;lazyload&quot;:&quot;yes&quot;,&quot;gallery_layout&quot;:&quot;grid&quot;,&quot;columns&quot;:4,&quot;columns_tablet&quot;:2,&quot;columns_mobile&quot;:1,&quot;gap&quot;:{&quot;unit&quot;:&quot;px&quot;,&quot;size&quot;:10,&quot;sizes&quot;:[]},&quot;gap_tablet&quot;:{&quot;unit&quot;:&quot;px&quot;,&quot;size&quot;:10,&quot;sizes&quot;:[]},&quot;gap_mobile&quot;:{&quot;unit&quot;:&quot;px&quot;,&quot;size&quot;:10,&quot;sizes&quot;:[]},&quot;link_to&quot;:&quot;file&quot;,&quot;aspect_ratio&quot;:&quot;3:2&quot;,&quot;overlay_background&quot;:&quot;yes&quot;,&quot;content_hover_animation&quot;:&quot;fade-in&quot;}\" data-widget_type=\"gallery.default\">\n\t\t\t\t<div class=\"elementor-widget-container\">\n\t\t\t\t\t\t\t<div class=\"elementor-gallery__container\">\n\t\t\t\t\t\t\t<a class=\"e-gallery-item elementor-gallery-item elementor-animated-content\" href=\"https:\/\/arhiv.mk\/wp-content\/uploads\/2021\/05\/pano_MK-kinematografija_text.jpg\" data-elementor-open-lightbox=\"yes\" data-elementor-lightbox-slideshow=\"1699f0b\" data-elementor-lightbox-title=\"pano_MK kinematografija_text\" data-e-action-hash=\"#elementor-action%3Aaction%3Dlightbox%26settings%3DeyJpZCI6NTc3MCwidXJsIjoiaHR0cHM6XC9cL2FyaGl2Lm1rXC93cC1jb250ZW50XC91cGxvYWRzXC8yMDIxXC8wNVwvcGFub19NSy1raW5lbWF0b2dyYWZpamFfdGV4dC5qcGciLCJzbGlkZXNob3ciOiIxNjk5ZjBiIn0%3D\">\n\t\t\t\t\t<div class=\"e-gallery-image elementor-gallery-item__image\" data-thumbnail=\"https:\/\/arhiv.mk\/wp-content\/uploads\/2021\/05\/pano_MK-kinematografija_text-768x1076.jpg\" data-width=\"768\" data-height=\"1076\" aria-label=\"Kinematografia maqedonase (1947 - 1991)\" role=\"img\" ><\/div>\n\t\t\t\t\t\t\t\t\t\t\t<div class=\"elementor-gallery-item__overlay\"><\/div>\n\t\t\t\t\t\t\t\t\t\t\t\t\t\t<\/a>\n\t\t\t\t\t\t\t<a class=\"e-gallery-item elementor-gallery-item elementor-animated-content\" href=\"https:\/\/arhiv.mk\/wp-content\/uploads\/2021\/05\/\u043f\u0430\u043d\u043e-\u0432\u0430\u0440\u0434\u0430\u0440-\u0444\u0438\u043b\u043c.jpg\" data-elementor-open-lightbox=\"yes\" data-elementor-lightbox-slideshow=\"1699f0b\" data-elementor-lightbox-title=\"\u043f\u0430\u043d\u043e \u0432\u0430\u0440\u0434\u0430\u0440 \u0444\u0438\u043b\u043c\" data-e-action-hash=\"#elementor-action%3Aaction%3Dlightbox%26settings%3DeyJpZCI6NTc3MSwidXJsIjoiaHR0cHM6XC9cL2FyaGl2Lm1rXC93cC1jb250ZW50XC91cGxvYWRzXC8yMDIxXC8wNVwvXHUwNDNmXHUwNDMwXHUwNDNkXHUwNDNlLVx1MDQzMlx1MDQzMFx1MDQ0MFx1MDQzNFx1MDQzMFx1MDQ0MC1cdTA0NDRcdTA0MzhcdTA0M2JcdTA0M2MuanBnIiwic2xpZGVzaG93IjoiMTY5OWYwYiJ9\">\n\t\t\t\t\t<div class=\"e-gallery-image elementor-gallery-item__image\" data-thumbnail=\"https:\/\/arhiv.mk\/wp-content\/uploads\/2021\/05\/\u043f\u0430\u043d\u043e-\u0432\u0430\u0440\u0434\u0430\u0440-\u0444\u0438\u043b\u043c-768x1077.jpg\" data-width=\"768\" data-height=\"1077\" aria-label=\"Kinematografia maqedonase (1947 - 1991)\" role=\"img\" ><\/div>\n\t\t\t\t\t\t\t\t\t\t\t<div class=\"elementor-gallery-item__overlay\"><\/div>\n\t\t\t\t\t\t\t\t\t\t\t\t\t\t<\/a>\n\t\t\t\t\t\t\t<a class=\"e-gallery-item elementor-gallery-item elementor-animated-content\" href=\"https:\/\/arhiv.mk\/wp-content\/uploads\/2021\/05\/\u043f\u0430\u043d\u043e-\u0432\u04441.jpg\" data-elementor-open-lightbox=\"yes\" data-elementor-lightbox-slideshow=\"1699f0b\" data-elementor-lightbox-title=\"\u043f\u0430\u043d\u043e \u0432\u04441\" data-e-action-hash=\"#elementor-action%3Aaction%3Dlightbox%26settings%3DeyJpZCI6NTc3MiwidXJsIjoiaHR0cHM6XC9cL2FyaGl2Lm1rXC93cC1jb250ZW50XC91cGxvYWRzXC8yMDIxXC8wNVwvXHUwNDNmXHUwNDMwXHUwNDNkXHUwNDNlLVx1MDQzMlx1MDQ0NDEuanBnIiwic2xpZGVzaG93IjoiMTY5OWYwYiJ9\">\n\t\t\t\t\t<div class=\"e-gallery-image elementor-gallery-item__image\" data-thumbnail=\"https:\/\/arhiv.mk\/wp-content\/uploads\/2021\/05\/\u043f\u0430\u043d\u043e-\u0432\u04441-768x1077.jpg\" data-width=\"768\" data-height=\"1077\" aria-label=\"Kinematografia maqedonase (1947 - 1991)\" role=\"img\" ><\/div>\n\t\t\t\t\t\t\t\t\t\t\t<div class=\"elementor-gallery-item__overlay\"><\/div>\n\t\t\t\t\t\t\t\t\t\t\t\t\t\t<\/a>\n\t\t\t\t\t\t\t<a class=\"e-gallery-item elementor-gallery-item elementor-animated-content\" href=\"https:\/\/arhiv.mk\/wp-content\/uploads\/2021\/05\/\u043f\u0430\u043d\u043e-\u0432\u04442.jpg\" data-elementor-open-lightbox=\"yes\" data-elementor-lightbox-slideshow=\"1699f0b\" data-elementor-lightbox-title=\"\u043f\u0430\u043d\u043e \u0432\u04442\" data-e-action-hash=\"#elementor-action%3Aaction%3Dlightbox%26settings%3DeyJpZCI6NTc3MywidXJsIjoiaHR0cHM6XC9cL2FyaGl2Lm1rXC93cC1jb250ZW50XC91cGxvYWRzXC8yMDIxXC8wNVwvXHUwNDNmXHUwNDMwXHUwNDNkXHUwNDNlLVx1MDQzMlx1MDQ0NDIuanBnIiwic2xpZGVzaG93IjoiMTY5OWYwYiJ9\">\n\t\t\t\t\t<div class=\"e-gallery-image elementor-gallery-item__image\" data-thumbnail=\"https:\/\/arhiv.mk\/wp-content\/uploads\/2021\/05\/\u043f\u0430\u043d\u043e-\u0432\u04442-768x1077.jpg\" data-width=\"768\" data-height=\"1077\" aria-label=\"Kinematografia maqedonase (1947 - 1991)\" role=\"img\" ><\/div>\n\t\t\t\t\t\t\t\t\t\t\t<div class=\"elementor-gallery-item__overlay\"><\/div>\n\t\t\t\t\t\t\t\t\t\t\t\t\t\t<\/a>\n\t\t\t\t\t\t\t<a class=\"e-gallery-item elementor-gallery-item elementor-animated-content\" href=\"https:\/\/arhiv.mk\/wp-content\/uploads\/2021\/05\/\u043f\u0430\u043d\u043e-\u0432\u04443.jpg\" data-elementor-open-lightbox=\"yes\" data-elementor-lightbox-slideshow=\"1699f0b\" data-elementor-lightbox-title=\"\u043f\u0430\u043d\u043e \u0432\u04443\" data-e-action-hash=\"#elementor-action%3Aaction%3Dlightbox%26settings%3DeyJpZCI6NTc3NCwidXJsIjoiaHR0cHM6XC9cL2FyaGl2Lm1rXC93cC1jb250ZW50XC91cGxvYWRzXC8yMDIxXC8wNVwvXHUwNDNmXHUwNDMwXHUwNDNkXHUwNDNlLVx1MDQzMlx1MDQ0NDMuanBnIiwic2xpZGVzaG93IjoiMTY5OWYwYiJ9\">\n\t\t\t\t\t<div class=\"e-gallery-image elementor-gallery-item__image\" data-thumbnail=\"https:\/\/arhiv.mk\/wp-content\/uploads\/2021\/05\/\u043f\u0430\u043d\u043e-\u0432\u04443-768x1077.jpg\" data-width=\"768\" data-height=\"1077\" aria-label=\"Kinematografia maqedonase (1947 - 1991)\" role=\"img\" ><\/div>\n\t\t\t\t\t\t\t\t\t\t\t<div class=\"elementor-gallery-item__overlay\"><\/div>\n\t\t\t\t\t\t\t\t\t\t\t\t\t\t<\/a>\n\t\t\t\t\t\t\t<a class=\"e-gallery-item elementor-gallery-item elementor-animated-content\" href=\"https:\/\/arhiv.mk\/wp-content\/uploads\/2021\/05\/\u043f\u0430\u043d\u043e-\u0432\u04444.jpg\" data-elementor-open-lightbox=\"yes\" data-elementor-lightbox-slideshow=\"1699f0b\" data-elementor-lightbox-title=\"\u043f\u0430\u043d\u043e \u0432\u04444\" data-e-action-hash=\"#elementor-action%3Aaction%3Dlightbox%26settings%3DeyJpZCI6NTc3NSwidXJsIjoiaHR0cHM6XC9cL2FyaGl2Lm1rXC93cC1jb250ZW50XC91cGxvYWRzXC8yMDIxXC8wNVwvXHUwNDNmXHUwNDMwXHUwNDNkXHUwNDNlLVx1MDQzMlx1MDQ0NDQuanBnIiwic2xpZGVzaG93IjoiMTY5OWYwYiJ9\">\n\t\t\t\t\t<div class=\"e-gallery-image elementor-gallery-item__image\" data-thumbnail=\"https:\/\/arhiv.mk\/wp-content\/uploads\/2021\/05\/\u043f\u0430\u043d\u043e-\u0432\u04444-768x1077.jpg\" data-width=\"768\" data-height=\"1077\" aria-label=\"Kinematografia maqedonase (1947 - 1991)\" role=\"img\" ><\/div>\n\t\t\t\t\t\t\t\t\t\t\t<div class=\"elementor-gallery-item__overlay\"><\/div>\n\t\t\t\t\t\t\t\t\t\t\t\t\t\t<\/a>\n\t\t\t\t\t\t\t<a class=\"e-gallery-item elementor-gallery-item elementor-animated-content\" href=\"https:\/\/arhiv.mk\/wp-content\/uploads\/2021\/05\/\u043f\u0430\u043d\u043e-\u0432\u04445.jpg\" data-elementor-open-lightbox=\"yes\" data-elementor-lightbox-slideshow=\"1699f0b\" data-elementor-lightbox-title=\"\u043f\u0430\u043d\u043e \u0432\u04445\" data-e-action-hash=\"#elementor-action%3Aaction%3Dlightbox%26settings%3DeyJpZCI6NTc3NiwidXJsIjoiaHR0cHM6XC9cL2FyaGl2Lm1rXC93cC1jb250ZW50XC91cGxvYWRzXC8yMDIxXC8wNVwvXHUwNDNmXHUwNDMwXHUwNDNkXHUwNDNlLVx1MDQzMlx1MDQ0NDUuanBnIiwic2xpZGVzaG93IjoiMTY5OWYwYiJ9\">\n\t\t\t\t\t<div class=\"e-gallery-image elementor-gallery-item__image\" data-thumbnail=\"https:\/\/arhiv.mk\/wp-content\/uploads\/2021\/05\/\u043f\u0430\u043d\u043e-\u0432\u04445-768x1077.jpg\" data-width=\"768\" data-height=\"1077\" aria-label=\"Kinematografia maqedonase (1947 - 1991)\" role=\"img\" ><\/div>\n\t\t\t\t\t\t\t\t\t\t\t<div class=\"elementor-gallery-item__overlay\"><\/div>\n\t\t\t\t\t\t\t\t\t\t\t\t\t\t<\/a>\n\t\t\t\t\t\t\t<a class=\"e-gallery-item elementor-gallery-item elementor-animated-content\" href=\"https:\/\/arhiv.mk\/wp-content\/uploads\/2021\/05\/\u043f\u0430\u043d\u043e-\u0434\u043e\u043a.-\u0444\u0438\u043b\u043c-1.jpg\" data-elementor-open-lightbox=\"yes\" data-elementor-lightbox-slideshow=\"1699f0b\" data-elementor-lightbox-title=\"\u043f\u0430\u043d\u043e \u0434\u043e\u043a. \u0444\u0438\u043b\u043c 1\" data-e-action-hash=\"#elementor-action%3Aaction%3Dlightbox%26settings%3DeyJpZCI6NTc3NywidXJsIjoiaHR0cHM6XC9cL2FyaGl2Lm1rXC93cC1jb250ZW50XC91cGxvYWRzXC8yMDIxXC8wNVwvXHUwNDNmXHUwNDMwXHUwNDNkXHUwNDNlLVx1MDQzNFx1MDQzZVx1MDQzYS4tXHUwNDQ0XHUwNDM4XHUwNDNiXHUwNDNjLTEuanBnIiwic2xpZGVzaG93IjoiMTY5OWYwYiJ9\">\n\t\t\t\t\t<div class=\"e-gallery-image elementor-gallery-item__image\" data-thumbnail=\"https:\/\/arhiv.mk\/wp-content\/uploads\/2021\/05\/\u043f\u0430\u043d\u043e-\u0434\u043e\u043a.-\u0444\u0438\u043b\u043c-1-768x1077.jpg\" data-width=\"768\" data-height=\"1077\" aria-label=\"Kinematografia maqedonase (1947 - 1991)\" role=\"img\" ><\/div>\n\t\t\t\t\t\t\t\t\t\t\t<div class=\"elementor-gallery-item__overlay\"><\/div>\n\t\t\t\t\t\t\t\t\t\t\t\t\t\t<\/a>\n\t\t\t\t\t\t\t<a class=\"e-gallery-item elementor-gallery-item elementor-animated-content\" href=\"https:\/\/arhiv.mk\/wp-content\/uploads\/2021\/05\/\u043f\u0430\u043d\u043e-\u0434\u043e\u043a.-\u0444\u0438\u043b\u043c-2.jpg\" data-elementor-open-lightbox=\"yes\" data-elementor-lightbox-slideshow=\"1699f0b\" data-elementor-lightbox-title=\"\u043f\u0430\u043d\u043e \u0434\u043e\u043a. \u0444\u0438\u043b\u043c 2\" data-e-action-hash=\"#elementor-action%3Aaction%3Dlightbox%26settings%3DeyJpZCI6NTc3OCwidXJsIjoiaHR0cHM6XC9cL2FyaGl2Lm1rXC93cC1jb250ZW50XC91cGxvYWRzXC8yMDIxXC8wNVwvXHUwNDNmXHUwNDMwXHUwNDNkXHUwNDNlLVx1MDQzNFx1MDQzZVx1MDQzYS4tXHUwNDQ0XHUwNDM4XHUwNDNiXHUwNDNjLTIuanBnIiwic2xpZGVzaG93IjoiMTY5OWYwYiJ9\">\n\t\t\t\t\t<div class=\"e-gallery-image elementor-gallery-item__image\" data-thumbnail=\"https:\/\/arhiv.mk\/wp-content\/uploads\/2021\/05\/\u043f\u0430\u043d\u043e-\u0434\u043e\u043a.-\u0444\u0438\u043b\u043c-2-768x1077.jpg\" data-width=\"768\" data-height=\"1077\" aria-label=\"Kinematografia maqedonase (1947 - 1991)\" role=\"img\" ><\/div>\n\t\t\t\t\t\t\t\t\t\t\t<div class=\"elementor-gallery-item__overlay\"><\/div>\n\t\t\t\t\t\t\t\t\t\t\t\t\t\t<\/a>\n\t\t\t\t\t\t\t<a class=\"e-gallery-item elementor-gallery-item elementor-animated-content\" href=\"https:\/\/arhiv.mk\/wp-content\/uploads\/2021\/05\/\u043f\u0430\u043d\u043e-\u043a\u0438\u043d\u0435\u043c\u0430\u0442\u043e\u0433\u0440\u0430\u0444\u0438\u0458\u0430.jpg\" data-elementor-open-lightbox=\"yes\" data-elementor-lightbox-slideshow=\"1699f0b\" data-elementor-lightbox-title=\"\u043f\u0430\u043d\u043e \u043a\u0438\u043d\u0435\u043c\u0430\u0442\u043e\u0433\u0440\u0430\u0444\u0438\u0458\u0430\" data-e-action-hash=\"#elementor-action%3Aaction%3Dlightbox%26settings%3DeyJpZCI6NTc3OSwidXJsIjoiaHR0cHM6XC9cL2FyaGl2Lm1rXC93cC1jb250ZW50XC91cGxvYWRzXC8yMDIxXC8wNVwvXHUwNDNmXHUwNDMwXHUwNDNkXHUwNDNlLVx1MDQzYVx1MDQzOFx1MDQzZFx1MDQzNVx1MDQzY1x1MDQzMFx1MDQ0Mlx1MDQzZVx1MDQzM1x1MDQ0MFx1MDQzMFx1MDQ0NFx1MDQzOFx1MDQ1OFx1MDQzMC5qcGciLCJzbGlkZXNob3ciOiIxNjk5ZjBiIn0%3D\">\n\t\t\t\t\t<div class=\"e-gallery-image elementor-gallery-item__image\" data-thumbnail=\"https:\/\/arhiv.mk\/wp-content\/uploads\/2021\/05\/\u043f\u0430\u043d\u043e-\u043a\u0438\u043d\u0435\u043c\u0430\u0442\u043e\u0433\u0440\u0430\u0444\u0438\u0458\u0430-768x1077.jpg\" data-width=\"768\" data-height=\"1077\" aria-label=\"Kinematografia maqedonase (1947 - 1991)\" role=\"img\" ><\/div>\n\t\t\t\t\t\t\t\t\t\t\t<div class=\"elementor-gallery-item__overlay\"><\/div>\n\t\t\t\t\t\t\t\t\t\t\t\t\t\t<\/a>\n\t\t\t\t\t\t\t<a class=\"e-gallery-item elementor-gallery-item elementor-animated-content\" href=\"https:\/\/arhiv.mk\/wp-content\/uploads\/2021\/05\/\u043f\u0430\u043d\u043e-\u0444\u0438\u043b\u043c-\u0444\u0438\u043b\u043c\u0441\u043a\u043e.jpg\" data-elementor-open-lightbox=\"yes\" data-elementor-lightbox-slideshow=\"1699f0b\" data-elementor-lightbox-title=\"\u043f\u0430\u043d\u043e \u0444\u0438\u043b\u043c \u0444\u0438\u043b\u043c\u0441\u043a\u043e\" data-e-action-hash=\"#elementor-action%3Aaction%3Dlightbox%26settings%3DeyJpZCI6NTc4MCwidXJsIjoiaHR0cHM6XC9cL2FyaGl2Lm1rXC93cC1jb250ZW50XC91cGxvYWRzXC8yMDIxXC8wNVwvXHUwNDNmXHUwNDMwXHUwNDNkXHUwNDNlLVx1MDQ0NFx1MDQzOFx1MDQzYlx1MDQzYy1cdTA0NDRcdTA0MzhcdTA0M2JcdTA0M2NcdTA0NDFcdTA0M2FcdTA0M2UuanBnIiwic2xpZGVzaG93IjoiMTY5OWYwYiJ9\">\n\t\t\t\t\t<div class=\"e-gallery-image elementor-gallery-item__image\" data-thumbnail=\"https:\/\/arhiv.mk\/wp-content\/uploads\/2021\/05\/\u043f\u0430\u043d\u043e-\u0444\u0438\u043b\u043c-\u0444\u0438\u043b\u043c\u0441\u043a\u043e-768x1077.jpg\" data-width=\"768\" data-height=\"1077\" aria-label=\"Kinematografia maqedonase (1947 - 1991)\" role=\"img\" ><\/div>\n\t\t\t\t\t\t\t\t\t\t\t<div class=\"elementor-gallery-item__overlay\"><\/div>\n\t\t\t\t\t\t\t\t\t\t\t\t\t\t<\/a>\n\t\t\t\t\t\t\t<a class=\"e-gallery-item elementor-gallery-item elementor-animated-content\" href=\"https:\/\/arhiv.mk\/wp-content\/uploads\/2021\/05\/\u043f\u0430\u043d\u043e-\u0444\u0438\u043b\u043c\u0441\u043a\u043e-\u0441\u0442\u0443\u0434\u0438\u043e.jpg\" data-elementor-open-lightbox=\"yes\" data-elementor-lightbox-slideshow=\"1699f0b\" data-elementor-lightbox-title=\"\u043f\u0430\u043d\u043e \u0444\u0438\u043b\u043c\u0441\u043a\u043e \u0441\u0442\u0443\u0434\u0438\u043e\" data-e-action-hash=\"#elementor-action%3Aaction%3Dlightbox%26settings%3DeyJpZCI6NTc4MSwidXJsIjoiaHR0cHM6XC9cL2FyaGl2Lm1rXC93cC1jb250ZW50XC91cGxvYWRzXC8yMDIxXC8wNVwvXHUwNDNmXHUwNDMwXHUwNDNkXHUwNDNlLVx1MDQ0NFx1MDQzOFx1MDQzYlx1MDQzY1x1MDQ0MVx1MDQzYVx1MDQzZS1cdTA0NDFcdTA0NDJcdTA0NDNcdTA0MzRcdTA0MzhcdTA0M2UuanBnIiwic2xpZGVzaG93IjoiMTY5OWYwYiJ9\">\n\t\t\t\t\t<div class=\"e-gallery-image elementor-gallery-item__image\" data-thumbnail=\"https:\/\/arhiv.mk\/wp-content\/uploads\/2021\/05\/\u043f\u0430\u043d\u043e-\u0444\u0438\u043b\u043c\u0441\u043a\u043e-\u0441\u0442\u0443\u0434\u0438\u043e-768x1077.jpg\" data-width=\"768\" data-height=\"1077\" aria-label=\"Kinematografia maqedonase (1947 - 1991)\" role=\"img\" ><\/div>\n\t\t\t\t\t\t\t\t\t\t\t<div class=\"elementor-gallery-item__overlay\"><\/div>\n\t\t\t\t\t\t\t\t\t\t\t\t\t\t<\/a>\n\t\t\t\t\t\t\t<a class=\"e-gallery-item elementor-gallery-item elementor-animated-content\" href=\"https:\/\/arhiv.mk\/wp-content\/uploads\/2021\/05\/\u043f\u0430\u043d\u043e-\u0444\u0438\u043b\u043c\u0441\u043a\u043e.jpg\" data-elementor-open-lightbox=\"yes\" data-elementor-lightbox-slideshow=\"1699f0b\" data-elementor-lightbox-title=\"\u043f\u0430\u043d\u043e \u0444\u0438\u043b\u043c\u0441\u043a\u043e\" data-e-action-hash=\"#elementor-action%3Aaction%3Dlightbox%26settings%3DeyJpZCI6NTc4MiwidXJsIjoiaHR0cHM6XC9cL2FyaGl2Lm1rXC93cC1jb250ZW50XC91cGxvYWRzXC8yMDIxXC8wNVwvXHUwNDNmXHUwNDMwXHUwNDNkXHUwNDNlLVx1MDQ0NFx1MDQzOFx1MDQzYlx1MDQzY1x1MDQ0MVx1MDQzYVx1MDQzZS5qcGciLCJzbGlkZXNob3ciOiIxNjk5ZjBiIn0%3D\">\n\t\t\t\t\t<div class=\"e-gallery-image elementor-gallery-item__image\" data-thumbnail=\"https:\/\/arhiv.mk\/wp-content\/uploads\/2021\/05\/\u043f\u0430\u043d\u043e-\u0444\u0438\u043b\u043c\u0441\u043a\u043e-768x1077.jpg\" data-width=\"768\" data-height=\"1077\" aria-label=\"Kinematografia maqedonase (1947 - 1991)\" role=\"img\" ><\/div>\n\t\t\t\t\t\t\t\t\t\t\t<div class=\"elementor-gallery-item__overlay\"><\/div>\n\t\t\t\t\t\t\t\t\t\t\t\t\t\t<\/a>\n\t\t\t\t\t<\/div>\n\t\t\t\t\t<\/div>\n\t\t\t\t<\/div>\n\t\t\t\t\t<\/div>\n\t\t<\/div>\n\t\t\t\t\t<\/div>\n\t\t<\/section>\n\t\t\t\t<\/div>","protected":false},"excerpt":{"rendered":"<p>\u041c\u0430\u043a\u0435\u0434\u043e\u043d\u0441\u043a\u0430\u0442\u0430 \u043a\u0438\u043d\u0435\u043c\u0430\u0442\u043e\u0433\u0440\u0430\u0444\u0438\u0458\u0430 (1947 \u2013 1991) \u041f\u043e \u0412\u0442\u043e\u0440\u0430\u0442\u0430 \u0441\u0432\u0435\u0442\u0441\u043a\u0430 \u0432\u043e\u0458\u043d\u0430, \u043d\u0430\u0441\u0442\u0430\u043d\u0443\u0432\u0430\u0430\u0442 \u0433\u043e\u043b\u0435\u043c\u0438 \u043f\u043e\u043b\u0438\u0442\u0438\u0447\u043a\u043e-\u0435\u043a\u043e\u043d\u043e\u043c\u0441\u043a\u0438 \u043f\u0440\u043e\u043c\u0435\u043d\u0438 \u0432\u043e \u041c\u0430\u043a\u0435\u0434\u043e\u043d\u0438\u0458\u0430. \u0422\u043e\u0430 \u0441\u0435 \u043e\u0434\u0440\u0430\u0437\u0443\u0432\u0430 \u0438 \u043d\u0430 \u043a\u0443\u043b\u0442\u0443\u0440\u0430\u0442\u0430 \u2013 \u043d\u0430 \u043d\u0435\u0458\u0437\u0438\u043d\u043e\u0442\u043e \u0441\u043e\u0437\u0434\u0430\u0432\u0430\u045a\u0435, \u043d\u0430\u043c\u0435\u043d\u0430 \u0438 \u0432\u043e\u0441\u043f\u0440\u0438\u0435\u043c\u0430\u045a\u0435 \u043e\u0434 \u0441\u0442\u0440\u0430\u043d\u0430 \u043d\u0430 \u043f\u0443\u0431\u043b\u0438\u043a\u0430\u0442\u0430. \u0424\u0438\u043b\u043c\u043e\u0442 \u0435 \u0435\u0434\u0435\u043d \u043e\u0434 \u043f\u0440\u0438\u043e\u0440\u0438\u0442\u0435\u0442\u0438\u0442\u0435 \u043d\u0430 \u043d\u043e\u0432\u0430\u0442\u0430 \u0412\u043b\u0430\u0434\u0430 \u0438 \u043f\u0440\u0435\u0442\u0441\u0442\u0430\u0432\u0443\u0432\u0430 \u043f\u043e\u0433\u043e\u0434\u043d\u0430 \u0430\u043b\u0430\u0442\u043a\u0430 \u0437\u0430 \u0432\u043e\u0441\u043f\u043e\u0441\u0442\u0430\u0432\u0443\u0432\u0430\u045a\u0435 \u0438 \u043f\u0440\u0438\u0444\u0430\u045c\u0430\u045a\u0435 \u043d\u0430 \u043d\u043e\u0432\u0438\u043e\u0442 \u043e\u043f\u0448\u0442\u0435\u0441\u0442\u0432\u0435\u043d \u043f\u043e\u0440\u0435\u0434\u043e\u043a. \u0421\u0435 \u0441\u043e\u0437\u0434\u0430\u0432\u0430\u0430\u0442 \u0438\u043d\u0441\u0442\u0438\u0442\u0443\u0446\u0438\u0438 [&hellip;]<\/p>","protected":false},"author":9,"featured_media":0,"parent":0,"menu_order":0,"comment_status":"closed","ping_status":"closed","template":"","meta":{"site-sidebar-layout":"no-sidebar","site-content-layout":"page-builder","ast-site-content-layout":"","site-content-style":"default","site-sidebar-style":"default","ast-global-header-display":"","ast-banner-title-visibility":"","ast-main-header-display":"","ast-hfb-above-header-display":"","ast-hfb-below-header-display":"","ast-hfb-mobile-header-display":"","site-post-title":"disabled","ast-breadcrumbs-content":"","ast-featured-img":"disabled","footer-sml-layout":"","theme-transparent-header-meta":"default","adv-header-id-meta":"","stick-header-meta":"","header-above-stick-meta":"","header-main-stick-meta":"","header-below-stick-meta":"","astra-migrate-meta-layouts":"default","ast-page-background-enabled":"default","ast-page-background-meta":{"desktop":{"background-color":"","background-image":"","background-repeat":"repeat","background-position":"center center","background-size":"auto","background-attachment":"scroll","background-type":"","background-media":"","overlay-type":"","overlay-color":"","overlay-opacity":"","overlay-gradient":""},"tablet":{"background-color":"","background-image":"","background-repeat":"repeat","background-position":"center center","background-size":"auto","background-attachment":"scroll","background-type":"","background-media":"","overlay-type":"","overlay-color":"","overlay-opacity":"","overlay-gradient":""},"mobile":{"background-color":"","background-image":"","background-repeat":"repeat","background-position":"center center","background-size":"auto","background-attachment":"scroll","background-type":"","background-media":"","overlay-type":"","overlay-color":"","overlay-opacity":"","overlay-gradient":""}},"ast-content-background-meta":{"desktop":{"background-color":"var(--ast-global-color-5)","background-image":"","background-repeat":"repeat","background-position":"center center","background-size":"auto","background-attachment":"scroll","background-type":"","background-media":"","overlay-type":"","overlay-color":"","overlay-opacity":"","overlay-gradient":""},"tablet":{"background-color":"var(--ast-global-color-5)","background-image":"","background-repeat":"repeat","background-position":"center center","background-size":"auto","background-attachment":"scroll","background-type":"","background-media":"","overlay-type":"","overlay-color":"","overlay-opacity":"","overlay-gradient":""},"mobile":{"background-color":"var(--ast-global-color-5)","background-image":"","background-repeat":"repeat","background-position":"center center","background-size":"auto","background-attachment":"scroll","background-type":"","background-media":"","overlay-type":"","overlay-color":"","overlay-opacity":"","overlay-gradient":""}},"footnotes":""},"class_list":["post-8519","page","type-page","status-publish","hentry"],"_links":{"self":[{"href":"https:\/\/arhiv.mk\/sq\/wp-json\/wp\/v2\/pages\/8519","targetHints":{"allow":["GET"]}}],"collection":[{"href":"https:\/\/arhiv.mk\/sq\/wp-json\/wp\/v2\/pages"}],"about":[{"href":"https:\/\/arhiv.mk\/sq\/wp-json\/wp\/v2\/types\/page"}],"author":[{"embeddable":true,"href":"https:\/\/arhiv.mk\/sq\/wp-json\/wp\/v2\/users\/9"}],"replies":[{"embeddable":true,"href":"https:\/\/arhiv.mk\/sq\/wp-json\/wp\/v2\/comments?post=8519"}],"version-history":[{"count":1,"href":"https:\/\/arhiv.mk\/sq\/wp-json\/wp\/v2\/pages\/8519\/revisions"}],"predecessor-version":[{"id":8520,"href":"https:\/\/arhiv.mk\/sq\/wp-json\/wp\/v2\/pages\/8519\/revisions\/8520"}],"wp:attachment":[{"href":"https:\/\/arhiv.mk\/sq\/wp-json\/wp\/v2\/media?parent=8519"}],"curies":[{"name":"wp","href":"https:\/\/api.w.org\/{rel}","templated":true}]}}